{"id":2891,"date":"2021-03-11T08:11:28","date_gmt":"2021-03-11T06:11:28","guid":{"rendered":"https:\/\/vapepro.co.uk\/?page_id=2891"},"modified":"2022-06-29T16:49:12","modified_gmt":"2022-06-29T14:49:12","slug":"terms-and-conditions-2","status":"publish","type":"page","link":"http:\/\/vapepro.eu\/switzerland\/terms-and-conditions-2\/","title":{"rendered":"Terms and conditions"},"content":{"rendered":"\t\t<div data-elementor-type=\"wp-page\" data-elementor-id=\"2891\" class=\"elementor elementor-2891\">\n\t\t\t\t\t\t\t\t\t<section class=\"elementor-section elementor-top-section elementor-element elementor-element-50586c9 elementor-section-boxed elementor-section-height-default elementor-section-height-default\" data-id=\"50586c9\" data-element_type=\"section\" data-settings=\"{&quot;background_background&quot;:&quot;classic&quot;}\">\n\t\t\t\t\t\t<div class=\"elementor-container elementor-column-gap-default\">\n\t\t\t\t\t<div class=\"elementor-column elementor-col-100 elementor-top-column elementor-element elementor-element-27f31c5\" data-id=\"27f31c5\" data-element_type=\"column\">\n\t\t\t<div class=\"elementor-widget-wrap elementor-element-populated\">\n\t\t\t\t\t\t\t\t<div class=\"elementor-element elementor-element-44a4f23 elementor-widget elementor-widget-heading\" data-id=\"44a4f23\" data-element_type=\"widget\" data-widget_type=\"heading.default\">\n\t\t\t\t<div class=\"elementor-widget-container\">\n\t\t\t<h2 class=\"elementor-heading-title elementor-size-default\">Gesch\u00e4ftsbedingungen<\/h2>\t\t<\/div>\n\t\t\t\t<\/div>\n\t\t\t\t\t<\/div>\n\t\t<\/div>\n\t\t\t\t\t\t\t<\/div>\n\t\t<\/section>\n\t\t\t\t<section class=\"elementor-section elementor-top-section elementor-element elementor-element-2faa49a elementor-section-boxed elementor-section-height-default elementor-section-height-default\" data-id=\"2faa49a\" data-element_type=\"section\" data-settings=\"{&quot;background_background&quot;:&quot;classic&quot;}\">\n\t\t\t\t\t\t<div class=\"elementor-container elementor-column-gap-default\">\n\t\t\t\t\t<div class=\"elementor-column elementor-col-100 elementor-top-column elementor-element elementor-element-b6a39be\" data-id=\"b6a39be\" data-element_type=\"column\">\n\t\t\t<div class=\"elementor-widget-wrap elementor-element-populated\">\n\t\t\t\t\t\t\t\t<div class=\"elementor-element elementor-element-211cd77 elementor-widget elementor-widget-text-editor\" data-id=\"211cd77\" data-element_type=\"widget\" data-widget_type=\"text-editor.default\">\n\t\t\t\t<div class=\"elementor-widget-container\">\n\t\t\t\t\t\t\t<p>Regeln und Bedingungen<\/p><p>AUFMERKSAMKEIT! Bitte lesen Sie die Nutzungsbedingungen sorgf\u00e4ltig durch, bevor Sie diese Website nutzen. Wenn Sie diese Website nutzen, wird davon ausgegangen, dass Sie diese Bedingungen akzeptieren und ihnen zustimmen. Wenn Sie diese Bedingungen nicht akzeptieren, verwenden Sie diese Website nicht!<\/p><p>ALLGEMEINE NUTZUNGSBEDINGUNGEN www.vapepro.bg<\/p><p>THEMA<\/p><p>Dieses Dokument stellt die allgemeinen Bedingungen oder Nutzungsbedingungen von www.vapepro.cz dar, die die Regeln f\u00fcr die Nutzung von vapepro.cz regeln<\/p><p>INFORMATIONEN ZUM PLATTFORMMANAGER www.vapepro.bg<\/p><p>2.1. \u201eTreydon bg\u201c Ltd. ist ein Unternehmen mit Hauptsitz in Sofia, zhk. Gorublyane, Samokovsko Shosse Boulevard 23. als UIC 205933493<\/p><p>2.2. Tradeon bg OOD verwaltet die Website www.vapepro.cz (abgek\u00fcrzt als \u201ePlattform\u201c). Die Firma \u201eTreidon bg\u201c Ltd.\u00a0wird unter \u201eVapepro\u201c abgek\u00fcrzt.<\/p><p>2.3. Sie k\u00f6nnen Vapepro unter der aufgef\u00fchrten Telefonnummer +359 888 118 040 kontaktieren, indem Sie das Formular HIER ausf\u00fcllen oder per E-Mail an office@vapepro.bg. Weitere Informationen zu Kontakten auf der Plattform finden Sie im Abschnitt \u201eKontakte\u201c.<\/p><p>DEFINITION<\/p><p>3.1. Benutzer &#8211; &#8220;Benutzer&#8221; ist eine qualifizierte nat\u00fcrliche Person \u00fcber 18 Jahren oder eine juristische Person, die diese Allgemeinen Gesch\u00e4ftsbedingungen akzeptiert hat.<\/p><p>3.2. Plattform &#8211; eine Website, die auf der Website www.vapepro.bg und ihren Subdomains gehostet wird.<\/p><p>3.3. Antrag &#8211; ein elektronisches Dokument, das eine Form der Kommunikation zwischen Vapepro und dem Benutzer darstellt.<\/p><p>3.4. Vorgesetzter &#8211; ist eine von Vapepro autorisierte Person, Bestellungen von externen Einzelhandelsgesch\u00e4ften und Vertriebslagern anzunehmen.<\/p><p>3.5. Inhalt<\/p><p>alle Informationen auf der Plattform, die \u00fcber eine Internetverbindung und die Verwendung eines mit dem Internet verbundenen Ger\u00e4ts zug\u00e4nglich sind;<\/p><p>den Inhalt einer Nachricht von einem Vapepro-Benutzer, die auf elektronischem Wege und \/ oder mit anderen verf\u00fcgbaren Kommunikationsmitteln gesendet wird;<br \/>alle Informationen, die in irgendeiner Weise von einem Mitarbeiter \/ Mitarbeiter von Vapepro und dem Benutzer auf elektronischem oder anderem Wege f\u00fcr die Fern\u00fcbertragung bereitgestellt werden;<br \/>Plattforminformationen, die Produktkatalogartikelspezifikationen beschreiben.<\/p><p>andere in der Plattform beschriebene Daten.<\/p><p>3.6. Kommerzielle Kommunikation &#8211; jede Art von Nachricht, die \u00fcber elektronische Kommunikationskan\u00e4le (wie E-Mail, SMS, mobile Ger\u00e4te \/ Web-Push usw.) gesendet wird und allgemeine und thematische Informationen sowie andere kommerzielle Kommunikation wie Markt- und Verbraucherumfragen enth\u00e4lt.<\/p><p>3.7. Spezifikationen \u2013 alle Merkmale und\/oder Beschreibungen von Artikeln auf der Plattform, wie in ihrer Beschreibung angegeben.<\/p><p>3.8. Antwort &#8211; schriftliche Informationen, die an den Benutzer weitergegeben werden, der die Frage gestellt hat. Die Antwort ist eine Erkl\u00e4rung, die ein Benutzer einem anderen Benutzer innerhalb des Dialogs bereitstellt.<\/p><p>ALLGEMEINE BEDINGUNGEN<\/p><p>4.1. Die Allgemeinen Gesch\u00e4ftsbedingungen von Vapepro sind f\u00fcr alle Nutzer der Plattform verbindlich.<\/p><p>4.2. Jegliche Nutzung der Plattform bedeutet, dass Sie (a) die allgemeinen Nutzungsbedingungen sorgf\u00e4ltig gelesen haben und (b) sich damit einverstanden erkl\u00e4ren, diese bedingungslos einzuhalten.<\/p><p>4.3. Vapepro beh\u00e4lt sich das Recht vor, die Allgemeinen Gesch\u00e4ftsbedingungen der Plattform regelm\u00e4\u00dfig zu aktualisieren und zu erg\u00e4nzen, um \u00c4nderungen der Funktionsweise der Website und der Bedingungen oder \u00c4nderungen der gesetzlichen Anforderungen widerzuspiegeln. Ab dem Zeitpunkt der Ver\u00f6ffentlichung des Dokuments auf der Plattform k\u00f6nnen Benutzer widersprechen. Im Falle einer solchen \u00c4nderung werden wir eine ge\u00e4nderte Version des Dokuments auf der Plattform ver\u00f6ffentlichen, daher bitten wir Sie, den Inhalt dieses Dokuments regelm\u00e4\u00dfig zu \u00fcberpr\u00fcfen.<\/p><p>4.4. Sollte sich eine der Bestimmungen dieser Allgemeinen Nutzungsbedingungen der Plattform als unwirksam oder unanwendbar erweisen, gleich aus welchem \u200b\u200bGrund, so hat dies nicht die Unwirksamkeit oder Unanwendbarkeit der \u00fcbrigen Bestimmungen zur Folge.<\/p><p>4.5. Vapepro bem\u00fcht sich, die Genauigkeit der auf der Plattform pr\u00e4sentierten Informationen aufrechtzuerhalten. Aufgrund m\u00f6glicher technischer Fehler oder Auslassungen in diesen Informationen weist Vapepro jedoch darauf hin, dass die Bilder der Artikel illustrativ und informativ sind und die Artikel von der Plattform, die im Ladennetz vertrieben werden, von den Bildern abweichen k\u00f6nnen.<\/p><p>4.6. Die Plattform kann Links zu anderen Websites enthalten. Vapepro ist weder f\u00fcr die Datenschutzpraktiken von Websites, die es nicht verwaltet, noch f\u00fcr andere darin enthaltene Informationen verantwortlich.<\/p><p>4.7. Aufgrund der Besonderheiten der ausgestellten Artikel ist die Plattform nicht f\u00fcr den Direktverkauf im Sinne eines Online-Shops bestimmt und dient als Produktkatalog, dessen Hauptzweck darin besteht, Benutzer mit Artikelspezifikationen vertraut zu machen, sowie M\u00f6glichkeiten zum direkten Verkauf anzubieten Kommunikation zwischen Vapepro und Verbrauchern.<\/p><p>4.8. Der Inhalt der Plattform ist auf Personen \u00fcber 18 Jahre beschr\u00e4nkt und Vapepro verpflichtet sich, jeden neuen Benutzer, der die Plattform betritt, zu informieren.<\/p><p>4.9. Vertragsbeziehungen im Zusammenhang mit dem Vertrieb oder der Bewerbung von auf der Plattform angezeigten Produkten mit Personen unter 18 Jahren sind in keiner Form m\u00f6glich.<\/p><p>4.10. Der Kunde hat das Recht, Meinungen zu den auf der Plattform pr\u00e4sentierten Artikeln zu ver\u00f6ffentlichen. Beitr\u00e4ge oder Nachrichten, die obsz\u00f6ne W\u00f6rter oder ein unangemessenes W\u00f6rterbuch enthalten, werden von der Plattform entfernt oder ignoriert.<\/p><p>4.11. Die Kommunikation mit Vapepro kann \u00fcber eine direkte Verbindung oder \u00fcber die auf der Plattform im Abschnitt \u201eKontakt\u201c aufgef\u00fchrten Adressen erfolgen.<\/p><p>4.12. Alle auf der Plattform ver\u00f6ffentlichten Bilder werden ausschlie\u00dflich verwendet, um eine Vorstellung von der Art der pr\u00e4sentierten Artikel zu bekommen, nicht um sie genau darzustellen. Dementsprechend stimmen einige Bilder auf der Plattform m\u00f6glicherweise nicht vollst\u00e4ndig mit dem Erscheinungsbild des Artikels \u00fcberein oder erwecken einen falschen Eindruck. Vapepro ist f\u00fcr solche Unregelm\u00e4\u00dfigkeiten nicht verantwortlich.<\/p><p>GEISTIGES UND GEWERBLICHES EIGENTUM<\/p><p>5.1. Der im Abschnitt Definitionen definierte Inhalt, einschlie\u00dflich, aber nicht beschr\u00e4nkt auf Logos, Grafiken oder Inschriften, Handelssymbole, dynamische Symbole, Texte und \/ oder Multimedia-Inhalte der Plattform, ist das ausschlie\u00dfliche Eigentum von Vapepro.<\/p><p>5.2. Vapepro besitzt und beh\u00e4lt alle geistigen Eigentumsrechte in irgendeiner Weise im Zusammenhang mit der Plattform, unabh\u00e4ngig davon, ob es sich um eigene oder durch vertragliche Lizenzen oder auf andere rechtm\u00e4\u00dfige Weise erworbene Rechte handelt.<\/p><p>5.3. Der Benutzer darf den Inhalt nur f\u00fcr pers\u00f6nliche, nicht kommerzielle Zwecke und nur in F\u00e4llen kopieren, \u00fcbertragen und \/ oder verwenden, in denen dies nicht im Widerspruch zu den Bestimmungen dieses Kapitels dieses Dokuments steht.<\/p><p>5.4. Der Nutzer ist nur dann berechtigt, den Inhalt f\u00fcr gewerbliche Zwecke zu nutzen, wenn er hierf\u00fcr die schriftliche Zustimmung von Vapepro erhalten hat und nur einen Teil des Inhalts, Art und Umfang seiner Nutzung sowie innerhalb der daf\u00fcr vorgesehenen Fristen Zustimmung liegt vor. Jede sp\u00e4tere oder andere Verwendung des Inhalts wird als Versto\u00df gegen diese Vereinbarung zwischen Vapepro und dem Benutzer und als Versto\u00df gegen die geistigen Eigentumsrechte von Vapepro angesehen, die das Recht hat, eine Haftung gegen\u00fcber dem Benutzer geltend zu machen.<\/p><p>5.5. Die blo\u00dfe Zusendung an den Nutzer oder der Verweis auf die Inhalte oder Teile davon durch Vapepro stellt keine Zustimmung von Vapepro dar, dem Nutzer zu gestatten, die Inhalte oder Teile davon f\u00fcr eigene Zwecke au\u00dferhalb seiner pers\u00f6nlichen Bed\u00fcrfnisse zu nutzen, gleichg\u00fcltig mit welchen Mitteln. Kommunikation, die von Vapepro verwendet wird.<\/p><p>5.6. Jegliche Nutzung des Inhalts f\u00fcr andere als die ausdr\u00fccklich in diesen Gesch\u00e4ftsbedingungen oder in einer anderen ausdr\u00fccklichen schriftlichen Zustimmung von Vapepro gew\u00e4hrten Zwecke ist untersagt.<\/p><p>VERANTWORTUNG<\/p><p>6.1 Die Plattform haftet nicht f\u00fcr Sch\u00e4den, die dem Nutzer infolge h\u00f6herer Gewalt oder au\u00dferhalb der Kontrolle des Verk\u00e4ufers entstehen.<\/p><p>VERARBEITUNG PERSONENBEZOGENER DATEN UND VERWENDUNG VON COOKIES<\/p><p>Bitte lesen Sie die Datenschutzrichtlinie, die Teil dieses Dokuments ist, und Sie k\u00f6nnen sie hier einsehen.<\/p><p>ANWENDBARES RECHT \u2013 GERICHTSSTAND<\/p><p>Diese Vereinbarung unterliegt bulgarischem Recht. Durch die Annahme dieser Allgemeinen Gesch\u00e4ftsbedingungen versteht und stimmt der Kunde zu, dass Vapepro alle seine Rechte und Pflichten aus dem Dokument auf ein anderes Unternehmen oder einen Dritten \u00fcbertragen kann, der Teil der Vapepro-Unternehmensgruppe ist. Alle Streitigkeiten, die zwischen Vapepro und dem Benutzer entstehen, werden einvernehmlich beigelegt oder, falls dies nicht m\u00f6glich ist, werden die Streitigkeiten vor den zust\u00e4ndigen bulgarischen Gerichten beigelegt.<\/p><p>INFORMATIONEN ZUM RECYCLING<\/p><p>25.1 Die auf der Plattform angezeigten Artikel werden mit einem Lithium-Ionen-Akku betrieben. Wenn es nicht getrennt gesammelt wird, hat es negative Auswirkungen auf die Umwelt und die menschliche Gesundheit.<\/p><p>25.2. Das Symbol der durchgestrichenen M\u00fclltonne weist darauf hin, dass die elektrischen Ger\u00e4te, auf denen sie sich befinden, getrennt gesammelt werden m\u00fcssen.<\/p>\t\t\t\t\t\t<\/div>\n\t\t\t\t<\/div>\n\t\t\t\t\t<\/div>\n\t\t<\/div>\n\t\t\t\t\t\t\t<\/div>\n\t\t<\/section>\n\t\t\t\t\t\t\t<\/div>\n\t\t","protected":false},"excerpt":{"rendered":"<p>Gesch\u00e4ftsbedingungen Regeln und Bedingungen AUFMERKSAMKEIT! Bitte lesen Sie die Nutzungsbedingungen sorgf\u00e4ltig durch, bevor Sie diese Website nutzen. Wenn Sie diese Website nutzen, wird davon ausgegangen, dass Sie diese Bedingungen akzeptieren und ihnen zustimmen. Wenn Sie diese Bedingungen nicht akzeptieren, verwenden Sie diese Website nicht! ALLGEMEINE NUTZUNGSBEDINGUNGEN www.vapepro.bg THEMA Dieses Dokument stellt die allgemeinen Bedingungen oder [&hellip;]<\/p>\n","protected":false},"author":1,"featured_media":0,"parent":0,"menu_order":0,"comment_status":"closed","ping_status":"closed","template":"","meta":{"footnotes":""},"class_list":["post-2891","page","type-page","status-publish","hentry"],"yoast_head":"<!-- This site is optimized with the Yoast SEO plugin v18.9 - https:\/\/yoast.com\/wordpress\/plugins\/seo\/ -->\n<title>Terms and conditions - Vapepro<\/title>\n<meta name=\"description\" content=\"Read more about Terms and conditions from Vapepro - disposable vapes\" \/>\n<meta name=\"robots\" content=\"index, follow, max-snippet:-1, max-image-preview:large, max-video-preview:-1\" \/>\n<link rel=\"canonical\" href=\"http:\/\/vapepro.eu\/switzerland\/terms-and-conditions-2\/\" \/>\n<meta property=\"og:locale\" content=\"en_US\" \/>\n<meta property=\"og:type\" content=\"article\" \/>\n<meta property=\"og:title\" content=\"Terms and conditions - Vapepro\" \/>\n<meta property=\"og:description\" content=\"Read more about Terms and conditions from Vapepro - disposable vapes\" \/>\n<meta property=\"og:url\" content=\"http:\/\/vapepro.eu\/switzerland\/terms-and-conditions-2\/\" \/>\n<meta property=\"og:site_name\" content=\"Vapepro\" \/>\n<meta property=\"article:publisher\" content=\"https:\/\/www.facebook.com\/vapeproofficial\" \/>\n<meta property=\"article:modified_time\" content=\"2022-06-29T14:49:12+00:00\" \/>\n<meta property=\"og:image\" content=\"http:\/\/vapepro.eu\/switzerland\/wp-content\/uploads\/2021\/02\/VAPEPRO-LOGO-COLORS-SOCIAL-04-removebg-preview-1.png\" \/>\n\t<meta property=\"og:image:width\" content=\"500\" \/>\n\t<meta property=\"og:image:height\" content=\"500\" \/>\n\t<meta property=\"og:image:type\" content=\"image\/png\" \/>\n<meta name=\"twitter:card\" content=\"summary_large_image\" \/>\n<meta name=\"twitter:label1\" content=\"Est. reading time\" \/>\n\t<meta name=\"twitter:data1\" content=\"6 minutes\" \/>\n<script type=\"application\/ld+json\" class=\"yoast-schema-graph\">{\"@context\":\"https:\/\/schema.org\",\"@graph\":[{\"@type\":\"Organization\",\"@id\":\"https:\/\/vapepro.eu\/switzerland\/#organization\",\"name\":\"Vapepro\",\"url\":\"https:\/\/vapepro.eu\/switzerland\/\",\"sameAs\":[\"https:\/\/www.instagram.com\/vapeproofficial\/\",\"https:\/\/www.youtube.com\/channel\/UCKJ733xAz3eO6VqQdH_50iA?guided_help_flow=3\",\"https:\/\/www.facebook.com\/vapeproofficial\"],\"logo\":{\"@type\":\"ImageObject\",\"inLanguage\":\"en-US\",\"@id\":\"https:\/\/vapepro.eu\/switzerland\/#\/schema\/logo\/image\/\",\"url\":\"http:\/\/vapepro.eu\/switzerland\/wp-content\/uploads\/2021\/02\/VAPEPRO-LOGO-COLORS-SOCIAL-04-removebg-preview-1.png\",\"contentUrl\":\"http:\/\/vapepro.eu\/switzerland\/wp-content\/uploads\/2021\/02\/VAPEPRO-LOGO-COLORS-SOCIAL-04-removebg-preview-1.png\",\"width\":500,\"height\":500,\"caption\":\"Vapepro\"},\"image\":{\"@id\":\"https:\/\/vapepro.eu\/switzerland\/#\/schema\/logo\/image\/\"}},{\"@type\":\"WebSite\",\"@id\":\"https:\/\/vapepro.eu\/switzerland\/#website\",\"url\":\"https:\/\/vapepro.eu\/switzerland\/\",\"name\":\"Vapepro\",\"description\":\"\u0423\u0431\u0438\u0435\u0446\u044a\u0442 \u043d\u0430 \u0446\u0438\u0433\u0430\u0440\u0438\",\"publisher\":{\"@id\":\"https:\/\/vapepro.eu\/switzerland\/#organization\"},\"potentialAction\":[{\"@type\":\"SearchAction\",\"target\":{\"@type\":\"EntryPoint\",\"urlTemplate\":\"https:\/\/vapepro.eu\/switzerland\/?s={search_term_string}\"},\"query-input\":\"required name=search_term_string\"}],\"inLanguage\":\"en-US\"},{\"@type\":\"WebPage\",\"@id\":\"http:\/\/vapepro.eu\/switzerland\/terms-and-conditions-2\/#webpage\",\"url\":\"http:\/\/vapepro.eu\/switzerland\/terms-and-conditions-2\/\",\"name\":\"Terms and conditions - Vapepro\",\"isPartOf\":{\"@id\":\"https:\/\/vapepro.eu\/switzerland\/#website\"},\"datePublished\":\"2021-03-11T06:11:28+00:00\",\"dateModified\":\"2022-06-29T14:49:12+00:00\",\"description\":\"Read more about Terms and conditions from Vapepro - disposable vapes\",\"breadcrumb\":{\"@id\":\"http:\/\/vapepro.eu\/switzerland\/terms-and-conditions-2\/#breadcrumb\"},\"inLanguage\":\"en-US\",\"potentialAction\":[{\"@type\":\"ReadAction\",\"target\":[\"http:\/\/vapepro.eu\/switzerland\/terms-and-conditions-2\/\"]}]},{\"@type\":\"BreadcrumbList\",\"@id\":\"http:\/\/vapepro.eu\/switzerland\/terms-and-conditions-2\/#breadcrumb\",\"itemListElement\":[{\"@type\":\"ListItem\",\"position\":1,\"name\":\"Home\",\"item\":\"https:\/\/vapepro.eu\/switzerland\/\"},{\"@type\":\"ListItem\",\"position\":2,\"name\":\"Terms and conditions\"}]}]}<\/script>\n<!-- \/ Yoast SEO plugin. -->","yoast_head_json":{"title":"Terms and conditions - Vapepro","description":"Read more about Terms and conditions from Vapepro - disposable vapes","robots":{"index":"index","follow":"follow","max-snippet":"max-snippet:-1","max-image-preview":"max-image-preview:large","max-video-preview":"max-video-preview:-1"},"canonical":"http:\/\/vapepro.eu\/switzerland\/terms-and-conditions-2\/","og_locale":"en_US","og_type":"article","og_title":"Terms and conditions - Vapepro","og_description":"Read more about Terms and conditions from Vapepro - disposable vapes","og_url":"http:\/\/vapepro.eu\/switzerland\/terms-and-conditions-2\/","og_site_name":"Vapepro","article_publisher":"https:\/\/www.facebook.com\/vapeproofficial","article_modified_time":"2022-06-29T14:49:12+00:00","og_image":[{"width":500,"height":500,"url":"http:\/\/vapepro.eu\/switzerland\/wp-content\/uploads\/2021\/02\/VAPEPRO-LOGO-COLORS-SOCIAL-04-removebg-preview-1.png","type":"image\/png"}],"twitter_card":"summary_large_image","twitter_misc":{"Est. reading time":"6 minutes"},"schema":{"@context":"https:\/\/schema.org","@graph":[{"@type":"Organization","@id":"https:\/\/vapepro.eu\/switzerland\/#organization","name":"Vapepro","url":"https:\/\/vapepro.eu\/switzerland\/","sameAs":["https:\/\/www.instagram.com\/vapeproofficial\/","https:\/\/www.youtube.com\/channel\/UCKJ733xAz3eO6VqQdH_50iA?guided_help_flow=3","https:\/\/www.facebook.com\/vapeproofficial"],"logo":{"@type":"ImageObject","inLanguage":"en-US","@id":"https:\/\/vapepro.eu\/switzerland\/#\/schema\/logo\/image\/","url":"http:\/\/vapepro.eu\/switzerland\/wp-content\/uploads\/2021\/02\/VAPEPRO-LOGO-COLORS-SOCIAL-04-removebg-preview-1.png","contentUrl":"http:\/\/vapepro.eu\/switzerland\/wp-content\/uploads\/2021\/02\/VAPEPRO-LOGO-COLORS-SOCIAL-04-removebg-preview-1.png","width":500,"height":500,"caption":"Vapepro"},"image":{"@id":"https:\/\/vapepro.eu\/switzerland\/#\/schema\/logo\/image\/"}},{"@type":"WebSite","@id":"https:\/\/vapepro.eu\/switzerland\/#website","url":"https:\/\/vapepro.eu\/switzerland\/","name":"Vapepro","description":"\u0423\u0431\u0438\u0435\u0446\u044a\u0442 \u043d\u0430 \u0446\u0438\u0433\u0430\u0440\u0438","publisher":{"@id":"https:\/\/vapepro.eu\/switzerland\/#organization"},"potentialAction":[{"@type":"SearchAction","target":{"@type":"EntryPoint","urlTemplate":"https:\/\/vapepro.eu\/switzerland\/?s={search_term_string}"},"query-input":"required name=search_term_string"}],"inLanguage":"en-US"},{"@type":"WebPage","@id":"http:\/\/vapepro.eu\/switzerland\/terms-and-conditions-2\/#webpage","url":"http:\/\/vapepro.eu\/switzerland\/terms-and-conditions-2\/","name":"Terms and conditions - Vapepro","isPartOf":{"@id":"https:\/\/vapepro.eu\/switzerland\/#website"},"datePublished":"2021-03-11T06:11:28+00:00","dateModified":"2022-06-29T14:49:12+00:00","description":"Read more about Terms and conditions from Vapepro - disposable vapes","breadcrumb":{"@id":"http:\/\/vapepro.eu\/switzerland\/terms-and-conditions-2\/#breadcrumb"},"inLanguage":"en-US","potentialAction":[{"@type":"ReadAction","target":["http:\/\/vapepro.eu\/switzerland\/terms-and-conditions-2\/"]}]},{"@type":"BreadcrumbList","@id":"http:\/\/vapepro.eu\/switzerland\/terms-and-conditions-2\/#breadcrumb","itemListElement":[{"@type":"ListItem","position":1,"name":"Home","item":"https:\/\/vapepro.eu\/switzerland\/"},{"@type":"ListItem","position":2,"name":"Terms and conditions"}]}]}},"_links":{"self":[{"href":"http:\/\/vapepro.eu\/switzerland\/wp-json\/wp\/v2\/pages\/2891","targetHints":{"allow":["GET"]}}],"collection":[{"href":"http:\/\/vapepro.eu\/switzerland\/wp-json\/wp\/v2\/pages"}],"about":[{"href":"http:\/\/vapepro.eu\/switzerland\/wp-json\/wp\/v2\/types\/page"}],"author":[{"embeddable":true,"href":"http:\/\/vapepro.eu\/switzerland\/wp-json\/wp\/v2\/users\/1"}],"replies":[{"embeddable":true,"href":"http:\/\/vapepro.eu\/switzerland\/wp-json\/wp\/v2\/comments?post=2891"}],"version-history":[{"count":45,"href":"http:\/\/vapepro.eu\/switzerland\/wp-json\/wp\/v2\/pages\/2891\/revisions"}],"predecessor-version":[{"id":6911,"href":"http:\/\/vapepro.eu\/switzerland\/wp-json\/wp\/v2\/pages\/2891\/revisions\/6911"}],"wp:attachment":[{"href":"http:\/\/vapepro.eu\/switzerland\/wp-json\/wp\/v2\/media?parent=2891"}],"curies":[{"name":"wp","href":"https:\/\/api.w.org\/{rel}","templated":true}]}}