{"id":664,"date":"2021-02-04T12:58:17","date_gmt":"2021-02-04T10:58:17","guid":{"rendered":"http:\/\/vapepro.eu\/angola\/for-traders\/"},"modified":"2022-06-26T16:59:38","modified_gmt":"2022-06-26T14:59:38","slug":"for-traders","status":"publish","type":"page","link":"https:\/\/vapepro.eu\/angola\/for-traders\/","title":{"rendered":"For traders"},"content":{"rendered":"\t\t<div data-elementor-type=\"wp-page\" data-elementor-id=\"664\" class=\"elementor elementor-664\" data-elementor-settings=\"[]\">\n\t\t\t\t\t\t\t<div class=\"elementor-section-wrap\">\n\t\t\t\t\t\t\t<section class=\"elementor-section elementor-top-section elementor-element elementor-element-aef4835 elementor-section-boxed elementor-section-height-default elementor-section-height-default\" data-id=\"aef4835\" data-element_type=\"section\" data-settings=\"{&quot;background_background&quot;:&quot;classic&quot;}\">\n\t\t\t\t\t\t<div class=\"elementor-container elementor-column-gap-default\">\n\t\t\t\t\t<div class=\"elementor-column elementor-col-100 elementor-top-column elementor-element elementor-element-b8fbaaf\" data-id=\"b8fbaaf\" data-element_type=\"column\">\n\t\t\t<div class=\"elementor-widget-wrap elementor-element-populated\">\n\t\t\t\t\t\t\t\t<div class=\"elementor-element elementor-element-49732eb elementor-widget elementor-widget-heading\" data-id=\"49732eb\" data-element_type=\"widget\" data-widget_type=\"heading.default\">\n\t\t\t\t<div class=\"elementor-widget-container\">\n\t\t\t<h1 class=\"elementor-heading-title elementor-size-default\">Distribuidores<\/h1>\t\t<\/div>\n\t\t\t\t<\/div>\n\t\t\t\t<section class=\"elementor-section elementor-inner-section elementor-element elementor-element-5701774 elementor-section-boxed elementor-section-height-default elementor-section-height-default\" data-id=\"5701774\" data-element_type=\"section\">\n\t\t\t\t\t\t<div class=\"elementor-container elementor-column-gap-default\">\n\t\t\t\t\t<div class=\"elementor-column elementor-col-33 elementor-inner-column elementor-element elementor-element-1332c81\" data-id=\"1332c81\" data-element_type=\"column\">\n\t\t\t<div class=\"elementor-widget-wrap\">\n\t\t\t\t\t\t\t\t\t<\/div>\n\t\t<\/div>\n\t\t\t\t<div class=\"elementor-column elementor-col-33 elementor-inner-column elementor-element elementor-element-bbe943f\" data-id=\"bbe943f\" data-element_type=\"column\">\n\t\t\t<div class=\"elementor-widget-wrap elementor-element-populated\">\n\t\t\t\t\t\t\t\t<div class=\"elementor-element elementor-element-b8421e2 elementor-widget elementor-widget-text-editor\" data-id=\"b8421e2\" data-element_type=\"widget\" data-widget_type=\"text-editor.default\">\n\t\t\t\t<div class=\"elementor-widget-container\">\n\t\t\t\t\t\t\t<p>Voc\u00ea pode ligar para +359 885 548 040 para mais informa\u00e7\u00f5es.<br \/>Insira seus dados e entraremos em contato.<br \/>Estamos ansiosos para nos juntarmos \u00e0 fam\u00edlia vencedora da Vapepro.<br \/>\u00c9 hora de ficar \u00e0 frente de todos!<\/p>\t\t\t\t\t\t<\/div>\n\t\t\t\t<\/div>\n\t\t\t\t<div class=\"elementor-element elementor-element-cd2ac99 elementor-button-align-stretch elementor-widget elementor-widget-form\" data-id=\"cd2ac99\" data-element_type=\"widget\" data-settings=\"{&quot;step_next_label&quot;:&quot;Next&quot;,&quot;step_previous_label&quot;:&quot;Previous&quot;,&quot;button_width&quot;:&quot;100&quot;,&quot;step_type&quot;:&quot;number_text&quot;,&quot;step_icon_shape&quot;:&quot;circle&quot;}\" data-widget_type=\"form.default\">\n\t\t\t\t<div class=\"elementor-widget-container\">\n\t\t\t\t\t<form class=\"elementor-form\" method=\"post\" name=\"New Form\">\n\t\t\t<input type=\"hidden\" name=\"post_id\" value=\"664\"\/>\n\t\t\t<input type=\"hidden\" name=\"form_id\" value=\"cd2ac99\"\/>\n\n\t\t\t\n\t\t\t<div class=\"elementor-form-fields-wrapper elementor-labels-above\">\n\t\t\t\t\t\t\t\t<div class=\"elementor-field-type-text elementor-field-group elementor-column elementor-field-group-name elementor-col-100 elementor-field-required\">\n\t\t\t\t\t<input size=\"1\" type=\"text\" name=\"form_fields[name]\" id=\"form-field-name\" class=\"elementor-field elementor-size-sm  elementor-field-textual\" placeholder=\"Nom\" required=\"required\" aria-required=\"true\">\t\t\t\t<\/div>\n\t\t\t\t\t\t\t\t<div class=\"elementor-field-type-email elementor-field-group elementor-column elementor-field-group-email elementor-col-50 elementor-field-required\">\n\t\t\t\t\t<input size=\"1\" type=\"email\" name=\"form_fields[email]\" id=\"form-field-email\" class=\"elementor-field elementor-size-sm  elementor-field-textual\" placeholder=\"E-mail\" required=\"required\" aria-required=\"true\">\t\t\t\t<\/div>\n\t\t\t\t\t\t\t\t<div class=\"elementor-field-type-email elementor-field-group elementor-column elementor-field-group-field_30bc099 elementor-col-50\">\n\t\t\t\t\t<input size=\"1\" type=\"email\" name=\"form_fields[field_30bc099]\" id=\"form-field-field_30bc099\" class=\"elementor-field elementor-size-sm  elementor-field-textual\" placeholder=\"Telefone\">\t\t\t\t<\/div>\n\t\t\t\t\t\t\t\t<div class=\"elementor-field-type-select elementor-field-group elementor-column elementor-field-group-field_0a4ffa1 elementor-col-100\">\n\t\t\t\t\t<label for=\"form-field-field_0a4ffa1\" class=\"elementor-field-label\">Tipo de site do comerciante<\/label>\t\t<div class=\"elementor-field elementor-select-wrapper \">\n\t\t\t<select name=\"form_fields[field_0a4ffa1]\" id=\"form-field-field_0a4ffa1\" class=\"elementor-field-textual elementor-size-sm\">\n\t\t\t\t<option value=\"Magasin\">Magasin<\/option><option value=\"Caf\u00e9\">Caf\u00e9<\/option><option value=\"Restaurant\">Restaurant<\/option><option value=\"Barres\">Barres<\/option><option value=\"Station-essence\">Station-essence<\/option><option value=\"Salon de beaut\u00e9\">Salon de beaut\u00e9<\/option><option value=\"H\u00f4tels\">H\u00f4tels<\/option><option value=\"Autre\">Autre<\/option><option value=\"\"><\/option>\t\t\t<\/select>\n\t\t<\/div>\n\t\t\t\t\t\t<\/div>\n\t\t\t\t\t\t\t\t<div class=\"elementor-field-type-text elementor-field-group elementor-column elementor-field-group-message elementor-col-100 elementor-field-required\">\n\t\t\t\t\t<input size=\"1\" type=\"text\" name=\"form_fields[message]\" id=\"form-field-message\" class=\"elementor-field elementor-size-sm  elementor-field-textual\" placeholder=\"Endere\u00e7o\" required=\"required\" aria-required=\"true\">\t\t\t\t<\/div>\n\t\t\t\t\t\t\t\t<div class=\"elementor-field-type-textarea elementor-field-group elementor-column elementor-field-group-field_405e24c elementor-col-100\">\n\t\t\t\t\t<textarea class=\"elementor-field-textual elementor-field  elementor-size-sm\" name=\"form_fields[field_405e24c]\" id=\"form-field-field_405e24c\" rows=\"4\" placeholder=\"Mensagem\"><\/textarea>\t\t\t\t<\/div>\n\t\t\t\t\t\t\t\t<div class=\"elementor-field-group elementor-column elementor-field-type-submit elementor-col-100 e-form__buttons\">\n\t\t\t\t\t<button type=\"submit\" class=\"elementor-button elementor-size-sm\">\n\t\t\t\t\t\t<span >\n\t\t\t\t\t\t\t\t\t\t\t\t\t\t\t<span class=\" elementor-button-icon\">\n\t\t\t\t\t\t\t\t\t\t\t\t\t\t\t\t\t\t\t\t\t\t\t\t\t\t<\/span>\n\t\t\t\t\t\t\t\t\t\t\t\t\t\t\t\t\t\t\t\t\t\t<span class=\"elementor-button-text\">Mandar<\/span>\n\t\t\t\t\t\t\t\t\t\t\t\t\t<\/span>\n\t\t\t\t\t<\/button>\n\t\t\t\t<\/div>\n\t\t\t<\/div>\n\t\t<\/form>\n\t\t\t\t<\/div>\n\t\t\t\t<\/div>\n\t\t\t\t\t<\/div>\n\t\t<\/div>\n\t\t\t\t<div class=\"elementor-column elementor-col-33 elementor-inner-column elementor-element elementor-element-0f3aeef\" data-id=\"0f3aeef\" data-element_type=\"column\">\n\t\t\t<div class=\"elementor-widget-wrap\">\n\t\t\t\t\t\t\t\t\t<\/div>\n\t\t<\/div>\n\t\t\t\t\t\t\t<\/div>\n\t\t<\/section>\n\t\t\t\t\t<\/div>\n\t\t<\/div>\n\t\t\t\t\t\t\t<\/div>\n\t\t<\/section>\n\t\t\t\t\t\t<\/div>\n\t\t\t\t\t<\/div>\n\t\t","protected":false},"excerpt":{"rendered":"<p>Distribuidores Voc\u00ea pode ligar para +359 885 548 040 para mais informa\u00e7\u00f5es.Insira seus dados e entraremos em contato.Estamos ansiosos para nos juntarmos \u00e0 fam\u00edlia vencedora da Vapepro.\u00c9 hora de ficar \u00e0 frente de todos!<\/p>\n","protected":false},"author":1,"featured_media":0,"parent":0,"menu_order":0,"comment_status":"closed","ping_status":"closed","template":"","meta":{"footnotes":""},"class_list":["post-664","page","type-page","status-publish","hentry"],"yoast_head":"<!-- This site is optimized with the Yoast SEO plugin v17.0 - https:\/\/yoast.com\/wordpress\/plugins\/seo\/ -->\n<title>For traders - Vapepro<\/title>\n<meta name=\"description\" content=\"\u041f\u0440\u043e\u0447\u0435\u0442\u0435\u0442\u0435 \u043f\u043e\u0432\u0435\u0447\u0435 \u0437\u0430 For traders \u043e\u0442 Vapepro - \u0435\u043b\u0435\u043a\u0442\u0440\u043e\u043d\u043d\u0438 \u043d\u0430\u0440\u0433\u0438\u043b\u0435\u0442\u0430\" \/>\n<meta name=\"robots\" content=\"index, follow, max-snippet:-1, max-image-preview:large, max-video-preview:-1\" \/>\n<link rel=\"canonical\" href=\"https:\/\/vapepro.eu\/angola\/for-traders\/\" \/>\n<meta property=\"og:locale\" content=\"en_US\" \/>\n<meta property=\"og:type\" content=\"article\" \/>\n<meta property=\"og:title\" content=\"For traders - Vapepro\" \/>\n<meta property=\"og:description\" content=\"\u041f\u0440\u043e\u0447\u0435\u0442\u0435\u0442\u0435 \u043f\u043e\u0432\u0435\u0447\u0435 \u0437\u0430 For traders \u043e\u0442 Vapepro - \u0435\u043b\u0435\u043a\u0442\u0440\u043e\u043d\u043d\u0438 \u043d\u0430\u0440\u0433\u0438\u043b\u0435\u0442\u0430\" \/>\n<meta property=\"og:url\" content=\"https:\/\/vapepro.eu\/angola\/for-traders\/\" \/>\n<meta property=\"og:site_name\" content=\"Vapepro\" \/>\n<meta property=\"article:publisher\" content=\"https:\/\/www.facebook.com\/vapeproofficial\" \/>\n<meta property=\"article:modified_time\" content=\"2022-06-26T14:59:38+00:00\" \/>\n<meta property=\"og:image\" content=\"https:\/\/vapepro.eu\/angola\/wp-content\/uploads\/2021\/02\/VAPEPRO-LOGO-COLORS-SOCIAL-04-removebg-preview-1.png\" \/>\n\t<meta property=\"og:image:width\" content=\"500\" \/>\n\t<meta property=\"og:image:height\" content=\"500\" \/>\n<meta name=\"twitter:card\" content=\"summary_large_image\" \/>\n<meta name=\"twitter:label1\" content=\"Est. reading time\" \/>\n\t<meta name=\"twitter:data1\" content=\"1 minute\" \/>\n<script type=\"application\/ld+json\" class=\"yoast-schema-graph\">{\"@context\":\"https:\/\/schema.org\",\"@graph\":[{\"@type\":\"Organization\",\"@id\":\"https:\/\/vapepro.eu\/angola\/#organization\",\"name\":\"Vapepro\",\"url\":\"https:\/\/vapepro.eu\/angola\/\",\"sameAs\":[\"https:\/\/www.facebook.com\/vapeproofficial\",\"https:\/\/www.instagram.com\/vapeproofficial\/\",\"https:\/\/www.youtube.com\/channel\/UCKJ733xAz3eO6VqQdH_50iA?guided_help_flow=3\"],\"logo\":{\"@type\":\"ImageObject\",\"@id\":\"https:\/\/vapepro.eu\/angola\/#logo\",\"inLanguage\":\"en-US\",\"url\":\"http:\/\/vapepro.eu\/angola\/wp-content\/uploads\/2021\/02\/VAPEPRO-LOGO-COLORS-SOCIAL-04-removebg-preview-1.png\",\"contentUrl\":\"http:\/\/vapepro.eu\/angola\/wp-content\/uploads\/2021\/02\/VAPEPRO-LOGO-COLORS-SOCIAL-04-removebg-preview-1.png\",\"width\":500,\"height\":500,\"caption\":\"Vapepro\"},\"image\":{\"@id\":\"https:\/\/vapepro.eu\/angola\/#logo\"}},{\"@type\":\"WebSite\",\"@id\":\"https:\/\/vapepro.eu\/angola\/#website\",\"url\":\"https:\/\/vapepro.eu\/angola\/\",\"name\":\"Vapepro\",\"description\":\"\\u0423\\u0431\\u0438\\u0435\\u0446\\u044a\\u0442 \\u043d\\u0430 \\u0446\\u0438\\u0433\\u0430\\u0440\\u0438\",\"publisher\":{\"@id\":\"https:\/\/vapepro.eu\/angola\/#organization\"},\"potentialAction\":[{\"@type\":\"SearchAction\",\"target\":{\"@type\":\"EntryPoint\",\"urlTemplate\":\"https:\/\/vapepro.eu\/angola\/?s={search_term_string}\"},\"query-input\":\"required name=search_term_string\"}],\"inLanguage\":\"en-US\"},{\"@type\":\"WebPage\",\"@id\":\"https:\/\/vapepro.eu\/angola\/for-traders\/#webpage\",\"url\":\"https:\/\/vapepro.eu\/angola\/for-traders\/\",\"name\":\"For traders - Vapepro\",\"isPartOf\":{\"@id\":\"https:\/\/vapepro.eu\/angola\/#website\"},\"datePublished\":\"2021-02-04T10:58:17+00:00\",\"dateModified\":\"2022-06-26T14:59:38+00:00\",\"description\":\"\\u041f\\u0440\\u043e\\u0447\\u0435\\u0442\\u0435\\u0442\\u0435 \\u043f\\u043e\\u0432\\u0435\\u0447\\u0435 \\u0437\\u0430 For traders \\u043e\\u0442 Vapepro - \\u0435\\u043b\\u0435\\u043a\\u0442\\u0440\\u043e\\u043d\\u043d\\u0438 \\u043d\\u0430\\u0440\\u0433\\u0438\\u043b\\u0435\\u0442\\u0430\",\"breadcrumb\":{\"@id\":\"https:\/\/vapepro.eu\/angola\/for-traders\/#breadcrumb\"},\"inLanguage\":\"en-US\",\"potentialAction\":[{\"@type\":\"ReadAction\",\"target\":[\"https:\/\/vapepro.eu\/angola\/for-traders\/\"]}]},{\"@type\":\"BreadcrumbList\",\"@id\":\"https:\/\/vapepro.eu\/angola\/for-traders\/#breadcrumb\",\"itemListElement\":[{\"@type\":\"ListItem\",\"position\":1,\"name\":\"\\u041d\\u0430\\u0447\\u0430\\u043b\\u043e\",\"item\":\"https:\/\/vapepro.eu\/angola\/\"},{\"@type\":\"ListItem\",\"position\":2,\"name\":\"For traders\"}]}]}<\/script>\n<!-- \/ Yoast SEO plugin. -->","yoast_head_json":{"title":"For traders - Vapepro","description":"\u041f\u0440\u043e\u0447\u0435\u0442\u0435\u0442\u0435 \u043f\u043e\u0432\u0435\u0447\u0435 \u0437\u0430 For traders \u043e\u0442 Vapepro - \u0435\u043b\u0435\u043a\u0442\u0440\u043e\u043d\u043d\u0438 \u043d\u0430\u0440\u0433\u0438\u043b\u0435\u0442\u0430","robots":{"index":"index","follow":"follow","max-snippet":"max-snippet:-1","max-image-preview":"max-image-preview:large","max-video-preview":"max-video-preview:-1"},"canonical":"https:\/\/vapepro.eu\/angola\/for-traders\/","og_locale":"en_US","og_type":"article","og_title":"For traders - Vapepro","og_description":"\u041f\u0440\u043e\u0447\u0435\u0442\u0435\u0442\u0435 \u043f\u043e\u0432\u0435\u0447\u0435 \u0437\u0430 For traders \u043e\u0442 Vapepro - \u0435\u043b\u0435\u043a\u0442\u0440\u043e\u043d\u043d\u0438 \u043d\u0430\u0440\u0433\u0438\u043b\u0435\u0442\u0430","og_url":"https:\/\/vapepro.eu\/angola\/for-traders\/","og_site_name":"Vapepro","article_publisher":"https:\/\/www.facebook.com\/vapeproofficial","article_modified_time":"2022-06-26T14:59:38+00:00","og_image":[{"width":500,"height":500,"url":"https:\/\/vapepro.eu\/angola\/wp-content\/uploads\/2021\/02\/VAPEPRO-LOGO-COLORS-SOCIAL-04-removebg-preview-1.png","path":"\/home\/maskprob\/vapepro.eu\/angola\/wp-content\/uploads\/2021\/02\/VAPEPRO-LOGO-COLORS-SOCIAL-04-removebg-preview-1.png","size":"full","id":30,"alt":"vapepro - \u043b\u043e\u0433\u043e","pixels":250000,"type":"image\/png"}],"twitter_card":"summary_large_image","twitter_misc":{"Est. reading time":"1 minute"},"schema":{"@context":"https:\/\/schema.org","@graph":[{"@type":"Organization","@id":"https:\/\/vapepro.eu\/angola\/#organization","name":"Vapepro","url":"https:\/\/vapepro.eu\/angola\/","sameAs":["https:\/\/www.facebook.com\/vapeproofficial","https:\/\/www.instagram.com\/vapeproofficial\/","https:\/\/www.youtube.com\/channel\/UCKJ733xAz3eO6VqQdH_50iA?guided_help_flow=3"],"logo":{"@type":"ImageObject","@id":"https:\/\/vapepro.eu\/angola\/#logo","inLanguage":"en-US","url":"http:\/\/vapepro.eu\/angola\/wp-content\/uploads\/2021\/02\/VAPEPRO-LOGO-COLORS-SOCIAL-04-removebg-preview-1.png","contentUrl":"http:\/\/vapepro.eu\/angola\/wp-content\/uploads\/2021\/02\/VAPEPRO-LOGO-COLORS-SOCIAL-04-removebg-preview-1.png","width":500,"height":500,"caption":"Vapepro"},"image":{"@id":"https:\/\/vapepro.eu\/angola\/#logo"}},{"@type":"WebSite","@id":"https:\/\/vapepro.eu\/angola\/#website","url":"https:\/\/vapepro.eu\/angola\/","name":"Vapepro","description":"\u0423\u0431\u0438\u0435\u0446\u044a\u0442 \u043d\u0430 \u0446\u0438\u0433\u0430\u0440\u0438","publisher":{"@id":"https:\/\/vapepro.eu\/angola\/#organization"},"potentialAction":[{"@type":"SearchAction","target":{"@type":"EntryPoint","urlTemplate":"https:\/\/vapepro.eu\/angola\/?s={search_term_string}"},"query-input":"required name=search_term_string"}],"inLanguage":"en-US"},{"@type":"WebPage","@id":"https:\/\/vapepro.eu\/angola\/for-traders\/#webpage","url":"https:\/\/vapepro.eu\/angola\/for-traders\/","name":"For traders - Vapepro","isPartOf":{"@id":"https:\/\/vapepro.eu\/angola\/#website"},"datePublished":"2021-02-04T10:58:17+00:00","dateModified":"2022-06-26T14:59:38+00:00","description":"\u041f\u0440\u043e\u0447\u0435\u0442\u0435\u0442\u0435 \u043f\u043e\u0432\u0435\u0447\u0435 \u0437\u0430 For traders \u043e\u0442 Vapepro - \u0435\u043b\u0435\u043a\u0442\u0440\u043e\u043d\u043d\u0438 \u043d\u0430\u0440\u0433\u0438\u043b\u0435\u0442\u0430","breadcrumb":{"@id":"https:\/\/vapepro.eu\/angola\/for-traders\/#breadcrumb"},"inLanguage":"en-US","potentialAction":[{"@type":"ReadAction","target":["https:\/\/vapepro.eu\/angola\/for-traders\/"]}]},{"@type":"BreadcrumbList","@id":"https:\/\/vapepro.eu\/angola\/for-traders\/#breadcrumb","itemListElement":[{"@type":"ListItem","position":1,"name":"\u041d\u0430\u0447\u0430\u043b\u043e","item":"https:\/\/vapepro.eu\/angola\/"},{"@type":"ListItem","position":2,"name":"For traders"}]}]}},"_links":{"self":[{"href":"https:\/\/vapepro.eu\/angola\/wp-json\/wp\/v2\/pages\/664","targetHints":{"allow":["GET"]}}],"collection":[{"href":"https:\/\/vapepro.eu\/angola\/wp-json\/wp\/v2\/pages"}],"about":[{"href":"https:\/\/vapepro.eu\/angola\/wp-json\/wp\/v2\/types\/page"}],"author":[{"embeddable":true,"href":"https:\/\/vapepro.eu\/angola\/wp-json\/wp\/v2\/users\/1"}],"replies":[{"embeddable":true,"href":"https:\/\/vapepro.eu\/angola\/wp-json\/wp\/v2\/comments?post=664"}],"version-history":[{"count":18,"href":"https:\/\/vapepro.eu\/angola\/wp-json\/wp\/v2\/pages\/664\/revisions"}],"predecessor-version":[{"id":6402,"href":"https:\/\/vapepro.eu\/angola\/wp-json\/wp\/v2\/pages\/664\/revisions\/6402"}],"wp:attachment":[{"href":"https:\/\/vapepro.eu\/angola\/wp-json\/wp\/v2\/media?parent=664"}],"curies":[{"name":"wp","href":"https:\/\/api.w.org\/{rel}","templated":true}]}}