{"id":17,"date":"2021-02-01T13:37:14","date_gmt":"2021-02-01T11:37:14","guid":{"rendered":"https:\/\/vapepro.eu\/ba\/?page_id=17"},"modified":"2022-02-26T02:50:51","modified_gmt":"2022-02-26T00:50:51","slug":"traders","status":"publish","type":"page","link":"https:\/\/vapepro.eu\/ba\/bs\/traders\/","title":{"rendered":"Suradnja"},"content":{"rendered":"<div data-elementor-type=\"wp-page\" data-elementor-id=\"17\" class=\"elementor elementor-17\" data-elementor-settings=\"[]\">\n\t\t\t\t\t\t\t<div class=\"elementor-section-wrap\">\n\t\t\t\t\t\t\t<section class=\"elementor-section elementor-top-section elementor-element elementor-element-14cc637 elementor-section-boxed elementor-section-height-default elementor-section-height-default\" data-id=\"14cc637\" data-element_type=\"section\" data-settings=\"{&quot;background_background&quot;:&quot;classic&quot;}\">\n\t\t\t\t\t\t<div class=\"elementor-container elementor-column-gap-default\">\n\t\t\t\t\t<div class=\"elementor-column elementor-col-100 elementor-top-column elementor-element elementor-element-d53f4da\" data-id=\"d53f4da\" data-element_type=\"column\">\n\t\t\t<div class=\"elementor-widget-wrap elementor-element-populated\">\n\t\t\t\t\t\t\t\t<section class=\"elementor-section elementor-inner-section elementor-element elementor-element-43c3090 elementor-section-boxed elementor-section-height-default elementor-section-height-default\" data-id=\"43c3090\" data-element_type=\"section\">\n\t\t\t\t\t\t<div class=\"elementor-container elementor-column-gap-default\">\n\t\t\t\t\t<div class=\"elementor-column elementor-col-100 elementor-inner-column elementor-element elementor-element-dbb641a\" data-id=\"dbb641a\" data-element_type=\"column\">\n\t\t\t<div class=\"elementor-widget-wrap elementor-element-populated\">\n\t\t\t\t\t\t\t\t<div class=\"elementor-element elementor-element-cd6d6cf elementor-widget elementor-widget-text-editor\" data-id=\"cd6d6cf\" data-element_type=\"widget\" data-widget_type=\"text-editor.default\">\n\t\t\t\t<div class=\"elementor-widget-container\">\n\t\t\t\t\t\t\t<p><span style=\"color: #ffcc00;\">Unesite svoje podatke i mi \u0107emo Vas kontaktirati<\/span><\/p><div class=\"elementor-element elementor-element-a496a64 elementor-widget elementor-widget-text-editor\" data-id=\"a496a64\" data-element_type=\"widget\" data-widget_type=\"text-editor.default\"><div class=\"elementor-widget-container\"><p class=\" translation-block\">Radujemo se \u0161to \u0107ete se pridru\u017eiti na\u0161oj Vapepro obitelji.<\/p><\/div><\/div><div class=\"elementor-element elementor-element-2ff4137 elementor-widget elementor-widget-shortcode\" data-id=\"2ff4137\" data-element_type=\"widget\" data-widget_type=\"shortcode.default\"><div class=\"elementor-widget-container\"><div class=\"elementor-shortcode\"><div id=\"wpcf7-f791-p664-o1\" class=\"wpcf7\" dir=\"ltr\" lang=\"bg-BG\" role=\"form\"><div class=\"screen-reader-response\"><p role=\"status\" aria-live=\"polite\" aria-atomic=\"true\">\u00a0<\/p><\/div><form class=\"wpcf7-form init\" action=\"https:\/\/vapepro.bg\/for-traders\/?lang=en#wpcf7-f791-p664-o1\" method=\"post\" novalidate=\"novalidate\" data-status=\"init\" data-trp-original-action=\"https:\/\/vapepro.bg\/for-traders\/?lang=en#wpcf7-f791-p664-o1\"><input type=\"hidden\" name=\"trp-form-language\" value=\"bs\"\/><\/form><\/div><\/div><\/div><\/div>\t\t\t\t\t\t<\/div>\n\t\t\t\t<\/div>\n\t\t\t\t<div class=\"elementor-element elementor-element-2ff4137 elementor-widget elementor-widget-shortcode\" data-id=\"2ff4137\" data-element_type=\"widget\" data-widget_type=\"shortcode.default\">\n\t\t\t\t<div class=\"elementor-widget-container\">\n\t\t\t\t\t<div class=\"elementor-shortcode\"><div role=\"form\" class=\"wpcf7\" id=\"wpcf7-f496-o1\" lang=\"bg-BG\" dir=\"ltr\">\n<div class=\"screen-reader-response\"><p role=\"status\" aria-live=\"polite\" aria-atomic=\"true\"><\/p> <ul><\/ul><\/div>\n<form action=\"\/ba\/bs\/wp-json\/wp\/v2\/pages\/17#wpcf7-f496-o1\" method=\"post\" class=\"wpcf7-form init\" novalidate=\"novalidate\" data-status=\"init\" data-trp-original-action=\"\/ba\/bs\/wp-json\/wp\/v2\/pages\/17#wpcf7-f496-o1\">\n<div style=\"display: none;\">\n<input type=\"hidden\" name=\"_wpcf7\" value=\"496\" \/>\n<input type=\"hidden\" name=\"_wpcf7_version\" value=\"5.5.6\" \/>\n<input type=\"hidden\" name=\"_wpcf7_locale\" value=\"bg_BG\" \/>\n<input type=\"hidden\" name=\"_wpcf7_unit_tag\" value=\"wpcf7-f496-o1\" \/>\n<input type=\"hidden\" name=\"_wpcf7_container_post\" value=\"0\" \/>\n<input type=\"hidden\" name=\"_wpcf7_posted_data_hash\" value=\"\" \/>\n<input type=\"hidden\" name=\"_wpcf7cf_hidden_group_fields\" value=\"\" \/>\n<input type=\"hidden\" name=\"_wpcf7cf_hidden_groups\" value=\"\" \/>\n<input type=\"hidden\" name=\"_wpcf7cf_visible_groups\" value=\"\" \/>\n<input type=\"hidden\" name=\"_wpcf7cf_repeaters\" value=\"[]\" \/>\n<input type=\"hidden\" name=\"_wpcf7cf_steps\" value=\"{}\" \/>\n<input type=\"hidden\" name=\"_wpcf7cf_options\" value=\"{&quot;form_id&quot;:496,&quot;conditions&quot;:[{&quot;and_rules&quot;:[{&quot;if_field&quot;:&quot;menu-423&quot;,&quot;operator&quot;:&quot;equals&quot;,&quot;if_value&quot;:&quot;\\u0414\\u0440\\u0443\\u0433\\u043e&quot;}]}],&quot;settings&quot;:{&quot;animation&quot;:&quot;yes&quot;,&quot;animation_intime&quot;:200,&quot;animation_outtime&quot;:200,&quot;conditions_ui&quot;:&quot;normal&quot;,&quot;notice_dismissed&quot;:false}}\" \/>\n<\/div>\n<p><label> Ime<br \/>\n    <span class=\"wpcf7-form-control-wrap your-name\"><input type=\"text\" name=\"your-name\" value=\"\" size=\"40\" class=\"wpcf7-form-control wpcf7-text wpcf7-validates-as-required\" aria-required=\"true\" aria-invalid=\"false\" \/><\/span> <\/label><\/p>\n<p><label> E-mail<br \/>\n    <span class=\"wpcf7-form-control-wrap your-email\"><input type=\"email\" name=\"your-email\" value=\"\" size=\"40\" class=\"wpcf7-form-control wpcf7-text wpcf7-email wpcf7-validates-as-required wpcf7-validates-as-email\" aria-required=\"true\" aria-invalid=\"false\" \/><\/span> <\/label><\/p>\n<p><label> Telefonski broj<br \/>\n    <span class=\"wpcf7-form-control-wrap tel-175\"><input type=\"tel\" name=\"tel-175\" value=\"\" size=\"40\" class=\"wpcf7-form-control wpcf7-text wpcf7-tel wpcf7-validates-as-tel\" aria-invalid=\"false\" \/><\/span><\/label><\/p>\n<p><label> Vrsta komercijalne mre\u017ee<br \/>\n    <span class=\"wpcf7-form-control-wrap menu-423\"><select name=\"menu-423\" class=\"wpcf7-form-control wpcf7-select wpcf7-validates-as-required\" aria-required=\"true\" aria-invalid=\"false\"><option value=\"Shop\">Trgovina<\/option><option value=\"Coffee Shop\">Kafi\u0107<\/option><option value=\"Restaurant\">Restoran<\/option><option value=\"Bar\">Bar<\/option><option value=\"Disco Club\">Disko klub<\/option><option value=\"Gas station\">Benzinske crpke<\/option><option value=\"Hotels\">Hoteli<\/option><option value=\"Other\">Ostalo<\/option><\/select><\/span><\/label><\/p>\n<p><label> Adresa<br \/>\n    <span class=\"wpcf7-form-control-wrap your-address\"><input type=\"text\" name=\"your-address\" value=\"\" size=\"40\" class=\"wpcf7-form-control wpcf7-text wpcf7-validates-as-required\" aria-required=\"true\" aria-invalid=\"false\" \/><\/span> <\/label><\/p>\n<p><label> Poruka<br \/>\n    <span class=\"wpcf7-form-control-wrap your-message\"><textarea name=\"your-message\" cols=\"40\" rows=\"10\" class=\"wpcf7-form-control wpcf7-textarea\" aria-invalid=\"false\"><\/textarea><\/span> <\/label><\/p>\n<p><input type=\"submit\" value=\"Poslati\" class=\"wpcf7-form-control has-spinner wpcf7-submit\" \/><\/p>\n<div class=\"wpcf7-response-output\" aria-hidden=\"true\"><\/div><input type=\"hidden\" name=\"trp-form-language\" value=\"bs\"\/><\/form><\/div><\/div>\n\t\t\t\t<\/div>\n\t\t\t\t<\/div>\n\t\t\t\t\t<\/div>\n\t\t<\/div>\n\t\t\t\t\t\t\t<\/div>\n\t\t<\/section>\n\t\t\t\t\t<\/div>\n\t\t<\/div>\n\t\t\t\t\t\t\t<\/div>\n\t\t<\/section>\n\t\t\t\t\t\t<\/div>\n\t\t\t\t\t<\/div>","protected":false},"excerpt":{"rendered":"<p>Enter your contact details and we will contact you. We look forward to joining Vapepro\u2019s winning family.Now is the time to get ahead of everyone! \u00a0<\/p>","protected":false},"author":1,"featured_media":0,"parent":0,"menu_order":0,"comment_status":"closed","ping_status":"closed","template":"","meta":{"footnotes":""},"class_list":["post-17","page","type-page","status-publish","hentry"],"yoast_head":"<!-- This site is optimized with the Yoast SEO plugin v18.2 - https:\/\/yoast.com\/wordpress\/plugins\/seo\/ -->\n<title>Distributors - Vapepro<\/title>\n<meta name=\"description\" content=\"\u041f\u0440\u043e\u0447\u0435\u0442\u0435\u0442\u0435 \u043f\u043e\u0432\u0435\u0447\u0435 \u0437\u0430 Distributors \u043e\u0442 Vapepro - \u0435\u043b\u0435\u043a\u0442\u0440\u043e\u043d\u043d\u0438 \u043d\u0430\u0440\u0433\u0438\u043b\u0435\u0442\u0430\" \/>\n<meta name=\"robots\" content=\"index, follow, max-snippet:-1, max-image-preview:large, max-video-preview:-1\" \/>\n<link rel=\"canonical\" href=\"https:\/\/vapepro.eu\/ba\/bs\/traders\/\" \/>\n<meta property=\"og:locale\" content=\"bs_BA\" \/>\n<meta property=\"og:type\" content=\"article\" \/>\n<meta property=\"og:title\" content=\"Distributors - Vapepro\" \/>\n<meta property=\"og:description\" content=\"\u041f\u0440\u043e\u0447\u0435\u0442\u0435\u0442\u0435 \u043f\u043e\u0432\u0435\u0447\u0435 \u0437\u0430 Distributors \u043e\u0442 Vapepro - \u0435\u043b\u0435\u043a\u0442\u0440\u043e\u043d\u043d\u0438 \u043d\u0430\u0440\u0433\u0438\u043b\u0435\u0442\u0430\" \/>\n<meta property=\"og:url\" content=\"https:\/\/vapepro.eu\/ba\/bs\/traders\/\" \/>\n<meta property=\"og:site_name\" content=\"Vapepro\" \/>\n<meta property=\"article:publisher\" content=\"https:\/\/www.facebook.com\/vapeproofficial\" \/>\n<meta property=\"article:modified_time\" content=\"2022-02-26T00:50:51+00:00\" \/>\n<meta property=\"og:image\" content=\"https:\/\/vapepro.eu\/ba\/wp-content\/uploads\/2021\/02\/VAPEPRO-LOGO-COLORS-SOCIAL-04-removebg-preview-1.png\" \/>\n\t<meta property=\"og:image:width\" content=\"500\" \/>\n\t<meta property=\"og:image:height\" content=\"500\" \/>\n\t<meta property=\"og:image:type\" content=\"image\/png\" \/>\n<meta name=\"twitter:card\" content=\"summary_large_image\" \/>\n<meta name=\"twitter:label1\" content=\"Est. reading time\" \/>\n\t<meta name=\"twitter:data1\" content=\"1 minuta\" \/>\n<script type=\"application\/ld+json\" class=\"yoast-schema-graph\">{\"@context\":\"https:\/\/schema.org\",\"@graph\":[{\"@type\":\"Organization\",\"@id\":\"https:\/\/vapepro.eu\/ba\/cs\/#organization\",\"name\":\"Vapepro\",\"url\":\"https:\/\/vapepro.eu\/ba\/cs\/\",\"sameAs\":[\"https:\/\/www.facebook.com\/vapeproofficial\",\"https:\/\/www.instagram.com\/vapeproofficial\/\",\"https:\/\/www.youtube.com\/channel\/UCKJ733xAz3eO6VqQdH_50iA?guided_help_flow=3\"],\"logo\":{\"@type\":\"ImageObject\",\"@id\":\"https:\/\/vapepro.eu\/ba\/cs\/#logo\",\"inLanguage\":\"bs-BA\",\"url\":\"https:\/\/vapepro.eu\/ba\/wp-content\/uploads\/2021\/02\/VAPEPRO-LOGO-COLORS-SOCIAL-04-removebg-preview-1.png\",\"contentUrl\":\"https:\/\/vapepro.eu\/ba\/wp-content\/uploads\/2021\/02\/VAPEPRO-LOGO-COLORS-SOCIAL-04-removebg-preview-1.png\",\"width\":500,\"height\":500,\"caption\":\"Vapepro\"},\"image\":{\"@id\":\"https:\/\/vapepro.eu\/ba\/cs\/#logo\"}},{\"@type\":\"WebSite\",\"@id\":\"https:\/\/vapepro.eu\/ba\/cs\/#website\",\"url\":\"https:\/\/vapepro.eu\/ba\/cs\/\",\"name\":\"Vapepro\",\"description\":\"\u0423\u0431\u0438\u0435\u0446\u044a\u0442 \u043d\u0430 \u0446\u0438\u0433\u0430\u0440\u0438\",\"publisher\":{\"@id\":\"https:\/\/vapepro.eu\/ba\/cs\/#organization\"},\"potentialAction\":[{\"@type\":\"SearchAction\",\"target\":{\"@type\":\"EntryPoint\",\"urlTemplate\":\"https:\/\/vapepro.eu\/ba\/cs\/?s={search_term_string}\"},\"query-input\":\"required name=search_term_string\"}],\"inLanguage\":\"bs-BA\"},{\"@type\":\"WebPage\",\"@id\":\"https:\/\/vapepro.eu\/ba\/traders\/#webpage\",\"url\":\"https:\/\/vapepro.eu\/ba\/traders\/\",\"name\":\"Distributors - Vapepro\",\"isPartOf\":{\"@id\":\"https:\/\/vapepro.eu\/ba\/cs\/#website\"},\"datePublished\":\"2021-02-01T11:37:14+00:00\",\"dateModified\":\"2022-02-26T00:50:51+00:00\",\"description\":\"\u041f\u0440\u043e\u0447\u0435\u0442\u0435\u0442\u0435 \u043f\u043e\u0432\u0435\u0447\u0435 \u0437\u0430 Distributors \u043e\u0442 Vapepro - \u0435\u043b\u0435\u043a\u0442\u0440\u043e\u043d\u043d\u0438 \u043d\u0430\u0440\u0433\u0438\u043b\u0435\u0442\u0430\",\"breadcrumb\":{\"@id\":\"https:\/\/vapepro.eu\/ba\/traders\/#breadcrumb\"},\"inLanguage\":\"bs-BA\",\"potentialAction\":[{\"@type\":\"ReadAction\",\"target\":[\"https:\/\/vapepro.eu\/ba\/traders\/\"]}]},{\"@type\":\"BreadcrumbList\",\"@id\":\"https:\/\/vapepro.eu\/ba\/traders\/#breadcrumb\",\"itemListElement\":[{\"@type\":\"ListItem\",\"position\":1,\"name\":\"\u041d\u0430\u0447\u0430\u043b\u043e\",\"item\":\"https:\/\/vapepro.eu\/ba\/\"},{\"@type\":\"ListItem\",\"position\":2,\"name\":\"Distributors\"}]}]}<\/script>\n<!-- \/ Yoast SEO plugin. -->","yoast_head_json":{"title":"Distributors - Vapepro","description":"\u041f\u0440\u043e\u0447\u0435\u0442\u0435\u0442\u0435 \u043f\u043e\u0432\u0435\u0447\u0435 \u0437\u0430 Distributors \u043e\u0442 Vapepro - \u0435\u043b\u0435\u043a\u0442\u0440\u043e\u043d\u043d\u0438 \u043d\u0430\u0440\u0433\u0438\u043b\u0435\u0442\u0430","robots":{"index":"index","follow":"follow","max-snippet":"max-snippet:-1","max-image-preview":"max-image-preview:large","max-video-preview":"max-video-preview:-1"},"canonical":"https:\/\/vapepro.eu\/ba\/bs\/traders\/","og_locale":"bs_BA","og_type":"article","og_title":"Distributors - Vapepro","og_description":"\u041f\u0440\u043e\u0447\u0435\u0442\u0435\u0442\u0435 \u043f\u043e\u0432\u0435\u0447\u0435 \u0437\u0430 Distributors \u043e\u0442 Vapepro - \u0435\u043b\u0435\u043a\u0442\u0440\u043e\u043d\u043d\u0438 \u043d\u0430\u0440\u0433\u0438\u043b\u0435\u0442\u0430","og_url":"https:\/\/vapepro.eu\/ba\/bs\/traders\/","og_site_name":"Vapepro","article_publisher":"https:\/\/www.facebook.com\/vapeproofficial","article_modified_time":"2022-02-26T00:50:51+00:00","og_image":[{"width":500,"height":500,"url":"https:\/\/vapepro.eu\/ba\/wp-content\/uploads\/2021\/02\/VAPEPRO-LOGO-COLORS-SOCIAL-04-removebg-preview-1.png","type":"image\/png"}],"twitter_card":"summary_large_image","twitter_misc":{"Est. reading time":"1 minuta"},"schema":{"@context":"https:\/\/schema.org","@graph":[{"@type":"Organization","@id":"https:\/\/vapepro.eu\/ba\/cs\/#organization","name":"Vapepro","url":"https:\/\/vapepro.eu\/ba\/cs\/","sameAs":["https:\/\/www.facebook.com\/vapeproofficial","https:\/\/www.instagram.com\/vapeproofficial\/","https:\/\/www.youtube.com\/channel\/UCKJ733xAz3eO6VqQdH_50iA?guided_help_flow=3"],"logo":{"@type":"ImageObject","@id":"https:\/\/vapepro.eu\/ba\/cs\/#logo","inLanguage":"bs-BA","url":"https:\/\/vapepro.eu\/ba\/wp-content\/uploads\/2021\/02\/VAPEPRO-LOGO-COLORS-SOCIAL-04-removebg-preview-1.png","contentUrl":"https:\/\/vapepro.eu\/ba\/wp-content\/uploads\/2021\/02\/VAPEPRO-LOGO-COLORS-SOCIAL-04-removebg-preview-1.png","width":500,"height":500,"caption":"Vapepro"},"image":{"@id":"https:\/\/vapepro.eu\/ba\/cs\/#logo"}},{"@type":"WebSite","@id":"https:\/\/vapepro.eu\/ba\/cs\/#website","url":"https:\/\/vapepro.eu\/ba\/cs\/","name":"Vapepro","description":"\u0423\u0431\u0438\u0435\u0446\u044a\u0442 \u043d\u0430 \u0446\u0438\u0433\u0430\u0440\u0438","publisher":{"@id":"https:\/\/vapepro.eu\/ba\/cs\/#organization"},"potentialAction":[{"@type":"SearchAction","target":{"@type":"EntryPoint","urlTemplate":"https:\/\/vapepro.eu\/ba\/cs\/?s={search_term_string}"},"query-input":"required name=search_term_string"}],"inLanguage":"bs-BA"},{"@type":"WebPage","@id":"https:\/\/vapepro.eu\/ba\/traders\/#webpage","url":"https:\/\/vapepro.eu\/ba\/traders\/","name":"Distributors - Vapepro","isPartOf":{"@id":"https:\/\/vapepro.eu\/ba\/cs\/#website"},"datePublished":"2021-02-01T11:37:14+00:00","dateModified":"2022-02-26T00:50:51+00:00","description":"\u041f\u0440\u043e\u0447\u0435\u0442\u0435\u0442\u0435 \u043f\u043e\u0432\u0435\u0447\u0435 \u0437\u0430 Distributors \u043e\u0442 Vapepro - \u0435\u043b\u0435\u043a\u0442\u0440\u043e\u043d\u043d\u0438 \u043d\u0430\u0440\u0433\u0438\u043b\u0435\u0442\u0430","breadcrumb":{"@id":"https:\/\/vapepro.eu\/ba\/traders\/#breadcrumb"},"inLanguage":"bs-BA","potentialAction":[{"@type":"ReadAction","target":["https:\/\/vapepro.eu\/ba\/traders\/"]}]},{"@type":"BreadcrumbList","@id":"https:\/\/vapepro.eu\/ba\/traders\/#breadcrumb","itemListElement":[{"@type":"ListItem","position":1,"name":"\u041d\u0430\u0447\u0430\u043b\u043e","item":"https:\/\/vapepro.eu\/ba\/"},{"@type":"ListItem","position":2,"name":"Distributors"}]}]}},"_links":{"self":[{"href":"https:\/\/vapepro.eu\/ba\/bs\/wp-json\/wp\/v2\/pages\/17","targetHints":{"allow":["GET"]}}],"collection":[{"href":"https:\/\/vapepro.eu\/ba\/bs\/wp-json\/wp\/v2\/pages"}],"about":[{"href":"https:\/\/vapepro.eu\/ba\/bs\/wp-json\/wp\/v2\/types\/page"}],"author":[{"embeddable":true,"href":"https:\/\/vapepro.eu\/ba\/bs\/wp-json\/wp\/v2\/users\/1"}],"replies":[{"embeddable":true,"href":"https:\/\/vapepro.eu\/ba\/bs\/wp-json\/wp\/v2\/comments?post=17"}],"version-history":[{"count":3,"href":"https:\/\/vapepro.eu\/ba\/bs\/wp-json\/wp\/v2\/pages\/17\/revisions"}],"predecessor-version":[{"id":6575,"href":"https:\/\/vapepro.eu\/ba\/bs\/wp-json\/wp\/v2\/pages\/17\/revisions\/6575"}],"wp:attachment":[{"href":"https:\/\/vapepro.eu\/ba\/bs\/wp-json\/wp\/v2\/media?parent=17"}],"curies":[{"name":"wp","href":"https:\/\/api.w.org\/{rel}","templated":true}]}}