{"id":758,"date":"2021-02-02T09:13:10","date_gmt":"2021-02-04T13:35:17","guid":{"rendered":"https:\/\/vapepro.eu\/congo\/produkt\/tropical-mango-5\/"},"modified":"2022-06-27T10:30:19","modified_gmt":"2022-06-27T08:30:19","slug":"tropical-mango-5-2","status":"publish","type":"product","link":"https:\/\/vapepro.eu\/congo\/produkt\/tropical-mango-5-2\/","title":{"rendered":"Tropical Mango #5"},"content":{"rendered":"","protected":false},"excerpt":{"rendered":"<p>Si vous voulez une exp\u00e9rience de mangue exotique, Vapepro Tropical Mango est une combinaison de notes sucr\u00e9es et juteuses captivantes qui vous transporteront sous les tropiques. Tentez vos papilles et savourez chaque bouch\u00e9e.<\/p>\n","protected":false},"featured_media":6279,"comment_status":"open","ping_status":"closed","template":"","meta":[],"product_cat":[59],"product_tag":[],"class_list":["post-758","product","type-product","status-publish","has-post-thumbnail","hentry","product_cat-nicotine-en"],"yoast_head":"<!-- This site is optimized with the Yoast SEO plugin v17.0 - https:\/\/yoast.com\/wordpress\/plugins\/seo\/ -->\n<title>Tropical Mango #5 - Vapepro<\/title>\n<meta name=\"description\" content=\"\u0418\u0437\u0431\u0435\u0440\u0435\u0442\u0435 Tropical Mango #5 . \u0420\u0430\u0437\u0433\u043b\u0435\u0434\u0430\u0439\u0442\u0435 \u0438 \u043e\u0441\u0442\u0430\u043d\u0430\u043b\u0438\u0442\u0435 \u043f\u0440\u043e\u0434\u0443\u043a\u0442\u0438 \u043e\u0442 \u043a\u0430\u0442\u0435\u0433\u043e\u0440\u0438\u044f\u0442\u0430\" \/>\n<meta name=\"robots\" content=\"index, follow, max-snippet:-1, max-image-preview:large, max-video-preview:-1\" \/>\n<link rel=\"canonical\" href=\"https:\/\/vapepro.eu\/congo\/produkt\/tropical-mango-5-2\/\" \/>\n<meta property=\"og:locale\" content=\"en_US\" \/>\n<meta property=\"og:type\" content=\"article\" \/>\n<meta property=\"og:title\" content=\"Tropical Mango #5 - Vapepro\" \/>\n<meta property=\"og:description\" content=\"\u0418\u0437\u0431\u0435\u0440\u0435\u0442\u0435 Tropical Mango #5 . \u0420\u0430\u0437\u0433\u043b\u0435\u0434\u0430\u0439\u0442\u0435 \u0438 \u043e\u0441\u0442\u0430\u043d\u0430\u043b\u0438\u0442\u0435 \u043f\u0440\u043e\u0434\u0443\u043a\u0442\u0438 \u043e\u0442 \u043a\u0430\u0442\u0435\u0433\u043e\u0440\u0438\u044f\u0442\u0430\" \/>\n<meta property=\"og:url\" content=\"https:\/\/vapepro.eu\/congo\/produkt\/tropical-mango-5-2\/\" \/>\n<meta property=\"og:site_name\" content=\"Vapepro\" \/>\n<meta property=\"article:publisher\" content=\"https:\/\/www.facebook.com\/vapeproofficial\" \/>\n<meta property=\"article:modified_time\" content=\"2022-06-27T08:30:19+00:00\" \/>\n<meta property=\"og:image\" content=\"https:\/\/vapepro.eu\/congo\/wp-content\/uploads\/2022\/03\/05-MANGO-F-TRANS-EN.png\" \/>\n\t<meta property=\"og:image:width\" content=\"894\" \/>\n\t<meta property=\"og:image:height\" content=\"1024\" \/>\n<meta name=\"twitter:card\" content=\"summary_large_image\" \/>\n<script type=\"application\/ld+json\" class=\"yoast-schema-graph\">{\"@context\":\"https:\/\/schema.org\",\"@graph\":[{\"@type\":\"Organization\",\"@id\":\"https:\/\/vapepro.eu\/congo\/#organization\",\"name\":\"Vapepro\",\"url\":\"https:\/\/vapepro.eu\/congo\/\",\"sameAs\":[\"https:\/\/www.facebook.com\/vapeproofficial\",\"https:\/\/www.instagram.com\/vapeproofficial\/\",\"https:\/\/www.youtube.com\/channel\/UCKJ733xAz3eO6VqQdH_50iA?guided_help_flow=3\"],\"logo\":{\"@type\":\"ImageObject\",\"@id\":\"https:\/\/vapepro.eu\/congo\/#logo\",\"inLanguage\":\"en-US\",\"url\":\"https:\/\/vapepro.eu\/congo\/wp-content\/uploads\/2021\/02\/VAPEPRO-LOGO-COLORS-SOCIAL-04-removebg-preview-1.png\",\"contentUrl\":\"https:\/\/vapepro.eu\/congo\/wp-content\/uploads\/2021\/02\/VAPEPRO-LOGO-COLORS-SOCIAL-04-removebg-preview-1.png\",\"width\":500,\"height\":500,\"caption\":\"Vapepro\"},\"image\":{\"@id\":\"https:\/\/vapepro.eu\/congo\/#logo\"}},{\"@type\":\"WebSite\",\"@id\":\"https:\/\/vapepro.eu\/congo\/#website\",\"url\":\"https:\/\/vapepro.eu\/congo\/\",\"name\":\"Vapepro\",\"description\":\"\\u0423\\u0431\\u0438\\u0435\\u0446\\u044a\\u0442 \\u043d\\u0430 \\u0446\\u0438\\u0433\\u0430\\u0440\\u0438\",\"publisher\":{\"@id\":\"https:\/\/vapepro.eu\/congo\/#organization\"},\"potentialAction\":[{\"@type\":\"SearchAction\",\"target\":{\"@type\":\"EntryPoint\",\"urlTemplate\":\"https:\/\/vapepro.eu\/congo\/?s={search_term_string}\"},\"query-input\":\"required name=search_term_string\"}],\"inLanguage\":\"en-US\"},{\"@type\":\"ImageObject\",\"@id\":\"https:\/\/vapepro.eu\/congo\/produkt\/tropical-mango-5-2\/#primaryimage\",\"inLanguage\":\"en-US\",\"url\":\"https:\/\/vapepro.eu\/congo\/wp-content\/uploads\/2022\/03\/05-MANGO-F-TRANS-EN.png\",\"contentUrl\":\"https:\/\/vapepro.eu\/congo\/wp-content\/uploads\/2022\/03\/05-MANGO-F-TRANS-EN.png\",\"width\":894,\"height\":1024},{\"@type\":\"WebPage\",\"@id\":\"https:\/\/vapepro.eu\/congo\/produkt\/tropical-mango-5-2\/#webpage\",\"url\":\"https:\/\/vapepro.eu\/congo\/produkt\/tropical-mango-5-2\/\",\"name\":\"Tropical Mango #5 - Vapepro\",\"isPartOf\":{\"@id\":\"https:\/\/vapepro.eu\/congo\/#website\"},\"primaryImageOfPage\":{\"@id\":\"https:\/\/vapepro.eu\/congo\/produkt\/tropical-mango-5-2\/#primaryimage\"},\"datePublished\":\"2021-02-04T13:35:17+00:00\",\"dateModified\":\"2022-06-27T08:30:19+00:00\",\"description\":\"\\u0418\\u0437\\u0431\\u0435\\u0440\\u0435\\u0442\\u0435 Tropical Mango #5 . \\u0420\\u0430\\u0437\\u0433\\u043b\\u0435\\u0434\\u0430\\u0439\\u0442\\u0435 \\u0438 \\u043e\\u0441\\u0442\\u0430\\u043d\\u0430\\u043b\\u0438\\u0442\\u0435 \\u043f\\u0440\\u043e\\u0434\\u0443\\u043a\\u0442\\u0438 \\u043e\\u0442 \\u043a\\u0430\\u0442\\u0435\\u0433\\u043e\\u0440\\u0438\\u044f\\u0442\\u0430\",\"breadcrumb\":{\"@id\":\"https:\/\/vapepro.eu\/congo\/produkt\/tropical-mango-5-2\/#breadcrumb\"},\"inLanguage\":\"en-US\",\"potentialAction\":[{\"@type\":\"ReadAction\",\"target\":[\"https:\/\/vapepro.eu\/congo\/produkt\/tropical-mango-5-2\/\"]}]},{\"@type\":\"BreadcrumbList\",\"@id\":\"https:\/\/vapepro.eu\/congo\/produkt\/tropical-mango-5-2\/#breadcrumb\",\"itemListElement\":[{\"@type\":\"ListItem\",\"position\":1,\"name\":\"\\u041d\\u0430\\u0447\\u0430\\u043b\\u043e\",\"item\":\"https:\/\/vapepro.eu\/congo\/\"},{\"@type\":\"ListItem\",\"position\":2,\"name\":\"Boutique\",\"item\":\"https:\/\/vapepro.eu\/congo\/boutique\/\"},{\"@type\":\"ListItem\",\"position\":3,\"name\":\"Tropical Mango #5\"}]}]}<\/script>\n<!-- \/ Yoast SEO plugin. -->","yoast_head_json":{"title":"Tropical Mango #5 - Vapepro","description":"\u0418\u0437\u0431\u0435\u0440\u0435\u0442\u0435 Tropical Mango #5 . \u0420\u0430\u0437\u0433\u043b\u0435\u0434\u0430\u0439\u0442\u0435 \u0438 \u043e\u0441\u0442\u0430\u043d\u0430\u043b\u0438\u0442\u0435 \u043f\u0440\u043e\u0434\u0443\u043a\u0442\u0438 \u043e\u0442 \u043a\u0430\u0442\u0435\u0433\u043e\u0440\u0438\u044f\u0442\u0430","robots":{"index":"index","follow":"follow","max-snippet":"max-snippet:-1","max-image-preview":"max-image-preview:large","max-video-preview":"max-video-preview:-1"},"canonical":"https:\/\/vapepro.eu\/congo\/produkt\/tropical-mango-5-2\/","og_locale":"en_US","og_type":"article","og_title":"Tropical Mango #5 - Vapepro","og_description":"\u0418\u0437\u0431\u0435\u0440\u0435\u0442\u0435 Tropical Mango #5 . \u0420\u0430\u0437\u0433\u043b\u0435\u0434\u0430\u0439\u0442\u0435 \u0438 \u043e\u0441\u0442\u0430\u043d\u0430\u043b\u0438\u0442\u0435 \u043f\u0440\u043e\u0434\u0443\u043a\u0442\u0438 \u043e\u0442 \u043a\u0430\u0442\u0435\u0433\u043e\u0440\u0438\u044f\u0442\u0430","og_url":"https:\/\/vapepro.eu\/congo\/produkt\/tropical-mango-5-2\/","og_site_name":"Vapepro","article_publisher":"https:\/\/www.facebook.com\/vapeproofficial","article_modified_time":"2022-06-27T08:30:19+00:00","og_image":[{"width":894,"height":1024,"url":"https:\/\/vapepro.eu\/congo\/wp-content\/uploads\/2022\/03\/05-MANGO-F-TRANS-EN.png","path":"\/home\/maskprob\/vapepro.eu\/congo\/wp-content\/uploads\/2022\/03\/05-MANGO-F-TRANS-EN.png","size":"full","id":6279,"alt":"","pixels":915456,"type":"image\/png"}],"twitter_card":"summary_large_image","schema":{"@context":"https:\/\/schema.org","@graph":[{"@type":"Organization","@id":"https:\/\/vapepro.eu\/congo\/#organization","name":"Vapepro","url":"https:\/\/vapepro.eu\/congo\/","sameAs":["https:\/\/www.facebook.com\/vapeproofficial","https:\/\/www.instagram.com\/vapeproofficial\/","https:\/\/www.youtube.com\/channel\/UCKJ733xAz3eO6VqQdH_50iA?guided_help_flow=3"],"logo":{"@type":"ImageObject","@id":"https:\/\/vapepro.eu\/congo\/#logo","inLanguage":"en-US","url":"https:\/\/vapepro.eu\/congo\/wp-content\/uploads\/2021\/02\/VAPEPRO-LOGO-COLORS-SOCIAL-04-removebg-preview-1.png","contentUrl":"https:\/\/vapepro.eu\/congo\/wp-content\/uploads\/2021\/02\/VAPEPRO-LOGO-COLORS-SOCIAL-04-removebg-preview-1.png","width":500,"height":500,"caption":"Vapepro"},"image":{"@id":"https:\/\/vapepro.eu\/congo\/#logo"}},{"@type":"WebSite","@id":"https:\/\/vapepro.eu\/congo\/#website","url":"https:\/\/vapepro.eu\/congo\/","name":"Vapepro","description":"\u0423\u0431\u0438\u0435\u0446\u044a\u0442 \u043d\u0430 \u0446\u0438\u0433\u0430\u0440\u0438","publisher":{"@id":"https:\/\/vapepro.eu\/congo\/#organization"},"potentialAction":[{"@type":"SearchAction","target":{"@type":"EntryPoint","urlTemplate":"https:\/\/vapepro.eu\/congo\/?s={search_term_string}"},"query-input":"required name=search_term_string"}],"inLanguage":"en-US"},{"@type":"ImageObject","@id":"https:\/\/vapepro.eu\/congo\/produkt\/tropical-mango-5-2\/#primaryimage","inLanguage":"en-US","url":"https:\/\/vapepro.eu\/congo\/wp-content\/uploads\/2022\/03\/05-MANGO-F-TRANS-EN.png","contentUrl":"https:\/\/vapepro.eu\/congo\/wp-content\/uploads\/2022\/03\/05-MANGO-F-TRANS-EN.png","width":894,"height":1024},{"@type":"WebPage","@id":"https:\/\/vapepro.eu\/congo\/produkt\/tropical-mango-5-2\/#webpage","url":"https:\/\/vapepro.eu\/congo\/produkt\/tropical-mango-5-2\/","name":"Tropical Mango #5 - Vapepro","isPartOf":{"@id":"https:\/\/vapepro.eu\/congo\/#website"},"primaryImageOfPage":{"@id":"https:\/\/vapepro.eu\/congo\/produkt\/tropical-mango-5-2\/#primaryimage"},"datePublished":"2021-02-04T13:35:17+00:00","dateModified":"2022-06-27T08:30:19+00:00","description":"\u0418\u0437\u0431\u0435\u0440\u0435\u0442\u0435 Tropical Mango #5 . \u0420\u0430\u0437\u0433\u043b\u0435\u0434\u0430\u0439\u0442\u0435 \u0438 \u043e\u0441\u0442\u0430\u043d\u0430\u043b\u0438\u0442\u0435 \u043f\u0440\u043e\u0434\u0443\u043a\u0442\u0438 \u043e\u0442 \u043a\u0430\u0442\u0435\u0433\u043e\u0440\u0438\u044f\u0442\u0430","breadcrumb":{"@id":"https:\/\/vapepro.eu\/congo\/produkt\/tropical-mango-5-2\/#breadcrumb"},"inLanguage":"en-US","potentialAction":[{"@type":"ReadAction","target":["https:\/\/vapepro.eu\/congo\/produkt\/tropical-mango-5-2\/"]}]},{"@type":"BreadcrumbList","@id":"https:\/\/vapepro.eu\/congo\/produkt\/tropical-mango-5-2\/#breadcrumb","itemListElement":[{"@type":"ListItem","position":1,"name":"\u041d\u0430\u0447\u0430\u043b\u043e","item":"https:\/\/vapepro.eu\/congo\/"},{"@type":"ListItem","position":2,"name":"Boutique","item":"https:\/\/vapepro.eu\/congo\/boutique\/"},{"@type":"ListItem","position":3,"name":"Tropical Mango #5"}]}]}},"_links":{"self":[{"href":"https:\/\/vapepro.eu\/congo\/wp-json\/wp\/v2\/product\/758","targetHints":{"allow":["GET"]}}],"collection":[{"href":"https:\/\/vapepro.eu\/congo\/wp-json\/wp\/v2\/product"}],"about":[{"href":"https:\/\/vapepro.eu\/congo\/wp-json\/wp\/v2\/types\/product"}],"replies":[{"embeddable":true,"href":"https:\/\/vapepro.eu\/congo\/wp-json\/wp\/v2\/comments?post=758"}],"wp:featuredmedia":[{"embeddable":true,"href":"https:\/\/vapepro.eu\/congo\/wp-json\/wp\/v2\/media\/6279"}],"wp:attachment":[{"href":"https:\/\/vapepro.eu\/congo\/wp-json\/wp\/v2\/media?parent=758"}],"wp:term":[{"taxonomy":"product_cat","embeddable":true,"href":"https:\/\/vapepro.eu\/congo\/wp-json\/wp\/v2\/product_cat?post=758"},{"taxonomy":"product_tag","embeddable":true,"href":"https:\/\/vapepro.eu\/congo\/wp-json\/wp\/v2\/product_tag?post=758"}],"curies":[{"name":"wp","href":"https:\/\/api.w.org\/{rel}","templated":true}]}}