{"id":6064,"date":"2021-06-10T07:29:52","date_gmt":"2021-06-15T11:46:42","guid":{"rendered":"https:\/\/vapepro.eu\/cr\/produkt\/naughty-cherry-14\/"},"modified":"2022-03-07T12:35:29","modified_gmt":"2022-03-07T10:35:29","slug":"naughty-cherry-14-2","status":"publish","type":"product","link":"https:\/\/vapepro.eu\/cr\/hr\/produkt\/naughty-cherry-14-2\/","title":{"rendered":"Naughty Cherry #14"},"content":{"rendered":"","protected":false},"excerpt":{"rendered":"<p>U\u017eivajte u bogatom i ljetnom okusu tre\u0161nje, koji \u0107e zadovoljiti Va\u0161e nepce.<br \/>\nOsvje\u017eavaju\u0107e, so\u010dno i zavodljivo \u2013 Vapepro Naughty Cherry pru\u017eiti \u0107e Vam beskrajno, nesta\u0161no iskustvo.<\/p>","protected":false},"featured_media":6534,"comment_status":"open","ping_status":"closed","template":"","meta":[],"product_cat":[61],"product_tag":[],"class_list":["post-6064","product","type-product","status-publish","has-post-thumbnail","hentry","product_cat-nicotine-free-en-2"],"yoast_head":"<!-- This site is optimized with the Yoast SEO plugin v18.2 - https:\/\/yoast.com\/wordpress\/plugins\/seo\/ -->\n<title>Naughty Cherry #14 - Vapepro<\/title>\n<meta name=\"description\" content=\"\u0418\u0437\u0431\u0435\u0440\u0435\u0442\u0435 Naughty Cherry #14 . \u0420\u0430\u0437\u0433\u043b\u0435\u0434\u0430\u0439\u0442\u0435 \u0438 \u043e\u0441\u0442\u0430\u043d\u0430\u043b\u0438\u0442\u0435 \u043f\u0440\u043e\u0434\u0443\u043a\u0442\u0438 \u043e\u0442 \u043a\u0430\u0442\u0435\u0433\u043e\u0440\u0438\u044f\u0442\u0430\" \/>\n<meta name=\"robots\" content=\"index, follow, max-snippet:-1, max-image-preview:large, max-video-preview:-1\" \/>\n<link rel=\"canonical\" href=\"https:\/\/vapepro.eu\/cr\/hr\/produkt\/naughty-cherry-14-2\/\" \/>\n<meta property=\"og:locale\" content=\"hr_HR\" \/>\n<meta property=\"og:type\" content=\"article\" \/>\n<meta property=\"og:title\" content=\"Naughty Cherry #14 - Vapepro\" \/>\n<meta property=\"og:description\" content=\"\u0418\u0437\u0431\u0435\u0440\u0435\u0442\u0435 Naughty Cherry #14 . \u0420\u0430\u0437\u0433\u043b\u0435\u0434\u0430\u0439\u0442\u0435 \u0438 \u043e\u0441\u0442\u0430\u043d\u0430\u043b\u0438\u0442\u0435 \u043f\u0440\u043e\u0434\u0443\u043a\u0442\u0438 \u043e\u0442 \u043a\u0430\u0442\u0435\u0433\u043e\u0440\u0438\u044f\u0442\u0430\" \/>\n<meta property=\"og:url\" content=\"https:\/\/vapepro.eu\/cr\/hr\/produkt\/naughty-cherry-14-2\/\" \/>\n<meta property=\"og:site_name\" content=\"Vapepro\" \/>\n<meta property=\"article:publisher\" content=\"https:\/\/www.facebook.com\/vapeproofficial\" \/>\n<meta property=\"article:modified_time\" content=\"2022-03-07T10:35:29+00:00\" \/>\n<meta property=\"og:image\" content=\"https:\/\/vapepro.eu\/cr\/wp-content\/uploads\/2022\/02\/14-CHERRY-SEXY-F-TRANS-EN.png\" \/>\n\t<meta property=\"og:image:width\" content=\"894\" \/>\n\t<meta property=\"og:image:height\" content=\"1024\" \/>\n\t<meta property=\"og:image:type\" content=\"image\/png\" \/>\n<meta name=\"twitter:card\" content=\"summary_large_image\" \/>\n<script type=\"application\/ld+json\" class=\"yoast-schema-graph\">{\"@context\":\"https:\/\/schema.org\",\"@graph\":[{\"@type\":\"Organization\",\"@id\":\"https:\/\/vapepro.eu\/cr\/cs\/#organization\",\"name\":\"Vapepro\",\"url\":\"https:\/\/vapepro.eu\/cr\/cs\/\",\"sameAs\":[\"https:\/\/www.facebook.com\/vapeproofficial\",\"https:\/\/www.instagram.com\/vapeproofficial\/\",\"https:\/\/www.youtube.com\/channel\/UCKJ733xAz3eO6VqQdH_50iA?guided_help_flow=3\"],\"logo\":{\"@type\":\"ImageObject\",\"@id\":\"https:\/\/vapepro.eu\/cr\/cs\/#logo\",\"inLanguage\":\"hr\",\"url\":\"https:\/\/vapepro.eu\/cr\/wp-content\/uploads\/2021\/02\/VAPEPRO-LOGO-COLORS-SOCIAL-04-removebg-preview-1.png\",\"contentUrl\":\"https:\/\/vapepro.eu\/cr\/wp-content\/uploads\/2021\/02\/VAPEPRO-LOGO-COLORS-SOCIAL-04-removebg-preview-1.png\",\"width\":500,\"height\":500,\"caption\":\"Vapepro\"},\"image\":{\"@id\":\"https:\/\/vapepro.eu\/cr\/cs\/#logo\"}},{\"@type\":\"WebSite\",\"@id\":\"https:\/\/vapepro.eu\/cr\/cs\/#website\",\"url\":\"https:\/\/vapepro.eu\/cr\/cs\/\",\"name\":\"Vapepro\",\"description\":\"\u0423\u0431\u0438\u0435\u0446\u044a\u0442 \u043d\u0430 \u0446\u0438\u0433\u0430\u0440\u0438\",\"publisher\":{\"@id\":\"https:\/\/vapepro.eu\/cr\/cs\/#organization\"},\"potentialAction\":[{\"@type\":\"SearchAction\",\"target\":{\"@type\":\"EntryPoint\",\"urlTemplate\":\"https:\/\/vapepro.eu\/cr\/cs\/?s={search_term_string}\"},\"query-input\":\"required name=search_term_string\"}],\"inLanguage\":\"hr\"},{\"@type\":\"ImageObject\",\"@id\":\"https:\/\/vapepro.eu\/cr\/produkt\/naughty-cherry-14-2\/#primaryimage\",\"inLanguage\":\"hr\",\"url\":\"https:\/\/vapepro.eu\/cr\/wp-content\/uploads\/2022\/02\/14-CHERRY-SEXY-F-TRANS-EN.png\",\"contentUrl\":\"https:\/\/vapepro.eu\/cr\/wp-content\/uploads\/2022\/02\/14-CHERRY-SEXY-F-TRANS-EN.png\",\"width\":894,\"height\":1024},{\"@type\":\"WebPage\",\"@id\":\"https:\/\/vapepro.eu\/cr\/produkt\/naughty-cherry-14-2\/#webpage\",\"url\":\"https:\/\/vapepro.eu\/cr\/produkt\/naughty-cherry-14-2\/\",\"name\":\"Naughty Cherry #14 - Vapepro\",\"isPartOf\":{\"@id\":\"https:\/\/vapepro.eu\/cr\/cs\/#website\"},\"primaryImageOfPage\":{\"@id\":\"https:\/\/vapepro.eu\/cr\/produkt\/naughty-cherry-14-2\/#primaryimage\"},\"datePublished\":\"2021-06-15T11:46:42+00:00\",\"dateModified\":\"2022-03-07T10:35:29+00:00\",\"description\":\"\u0418\u0437\u0431\u0435\u0440\u0435\u0442\u0435 Naughty Cherry #14 . \u0420\u0430\u0437\u0433\u043b\u0435\u0434\u0430\u0439\u0442\u0435 \u0438 \u043e\u0441\u0442\u0430\u043d\u0430\u043b\u0438\u0442\u0435 \u043f\u0440\u043e\u0434\u0443\u043a\u0442\u0438 \u043e\u0442 \u043a\u0430\u0442\u0435\u0433\u043e\u0440\u0438\u044f\u0442\u0430\",\"breadcrumb\":{\"@id\":\"https:\/\/vapepro.eu\/cr\/produkt\/naughty-cherry-14-2\/#breadcrumb\"},\"inLanguage\":\"hr\",\"potentialAction\":[{\"@type\":\"ReadAction\",\"target\":[\"https:\/\/vapepro.eu\/cr\/produkt\/naughty-cherry-14-2\/\"]}]},{\"@type\":\"BreadcrumbList\",\"@id\":\"https:\/\/vapepro.eu\/cr\/produkt\/naughty-cherry-14-2\/#breadcrumb\",\"itemListElement\":[{\"@type\":\"ListItem\",\"position\":1,\"name\":\"\u041d\u0430\u0447\u0430\u043b\u043e\",\"item\":\"https:\/\/vapepro.eu\/cr\/\"},{\"@type\":\"ListItem\",\"position\":2,\"name\":\"Shop\",\"item\":\"https:\/\/vapepro.eu\/cr\/shop\/\"},{\"@type\":\"ListItem\",\"position\":3,\"name\":\"Naughty Cherry #14\"}]}]}<\/script>\n<!-- \/ Yoast SEO plugin. -->","yoast_head_json":{"title":"Naughty Cherry #14 - Vapepro","description":"\u0418\u0437\u0431\u0435\u0440\u0435\u0442\u0435 Naughty Cherry #14 . \u0420\u0430\u0437\u0433\u043b\u0435\u0434\u0430\u0439\u0442\u0435 \u0438 \u043e\u0441\u0442\u0430\u043d\u0430\u043b\u0438\u0442\u0435 \u043f\u0440\u043e\u0434\u0443\u043a\u0442\u0438 \u043e\u0442 \u043a\u0430\u0442\u0435\u0433\u043e\u0440\u0438\u044f\u0442\u0430","robots":{"index":"index","follow":"follow","max-snippet":"max-snippet:-1","max-image-preview":"max-image-preview:large","max-video-preview":"max-video-preview:-1"},"canonical":"https:\/\/vapepro.eu\/cr\/hr\/produkt\/naughty-cherry-14-2\/","og_locale":"hr_HR","og_type":"article","og_title":"Naughty Cherry #14 - Vapepro","og_description":"\u0418\u0437\u0431\u0435\u0440\u0435\u0442\u0435 Naughty Cherry #14 . \u0420\u0430\u0437\u0433\u043b\u0435\u0434\u0430\u0439\u0442\u0435 \u0438 \u043e\u0441\u0442\u0430\u043d\u0430\u043b\u0438\u0442\u0435 \u043f\u0440\u043e\u0434\u0443\u043a\u0442\u0438 \u043e\u0442 \u043a\u0430\u0442\u0435\u0433\u043e\u0440\u0438\u044f\u0442\u0430","og_url":"https:\/\/vapepro.eu\/cr\/hr\/produkt\/naughty-cherry-14-2\/","og_site_name":"Vapepro","article_publisher":"https:\/\/www.facebook.com\/vapeproofficial","article_modified_time":"2022-03-07T10:35:29+00:00","og_image":[{"width":894,"height":1024,"url":"https:\/\/vapepro.eu\/cr\/wp-content\/uploads\/2022\/02\/14-CHERRY-SEXY-F-TRANS-EN.png","type":"image\/png"}],"twitter_card":"summary_large_image","schema":{"@context":"https:\/\/schema.org","@graph":[{"@type":"Organization","@id":"https:\/\/vapepro.eu\/cr\/cs\/#organization","name":"Vapepro","url":"https:\/\/vapepro.eu\/cr\/cs\/","sameAs":["https:\/\/www.facebook.com\/vapeproofficial","https:\/\/www.instagram.com\/vapeproofficial\/","https:\/\/www.youtube.com\/channel\/UCKJ733xAz3eO6VqQdH_50iA?guided_help_flow=3"],"logo":{"@type":"ImageObject","@id":"https:\/\/vapepro.eu\/cr\/cs\/#logo","inLanguage":"hr","url":"https:\/\/vapepro.eu\/cr\/wp-content\/uploads\/2021\/02\/VAPEPRO-LOGO-COLORS-SOCIAL-04-removebg-preview-1.png","contentUrl":"https:\/\/vapepro.eu\/cr\/wp-content\/uploads\/2021\/02\/VAPEPRO-LOGO-COLORS-SOCIAL-04-removebg-preview-1.png","width":500,"height":500,"caption":"Vapepro"},"image":{"@id":"https:\/\/vapepro.eu\/cr\/cs\/#logo"}},{"@type":"WebSite","@id":"https:\/\/vapepro.eu\/cr\/cs\/#website","url":"https:\/\/vapepro.eu\/cr\/cs\/","name":"Vapepro","description":"\u0423\u0431\u0438\u0435\u0446\u044a\u0442 \u043d\u0430 \u0446\u0438\u0433\u0430\u0440\u0438","publisher":{"@id":"https:\/\/vapepro.eu\/cr\/cs\/#organization"},"potentialAction":[{"@type":"SearchAction","target":{"@type":"EntryPoint","urlTemplate":"https:\/\/vapepro.eu\/cr\/cs\/?s={search_term_string}"},"query-input":"required name=search_term_string"}],"inLanguage":"hr"},{"@type":"ImageObject","@id":"https:\/\/vapepro.eu\/cr\/produkt\/naughty-cherry-14-2\/#primaryimage","inLanguage":"hr","url":"https:\/\/vapepro.eu\/cr\/wp-content\/uploads\/2022\/02\/14-CHERRY-SEXY-F-TRANS-EN.png","contentUrl":"https:\/\/vapepro.eu\/cr\/wp-content\/uploads\/2022\/02\/14-CHERRY-SEXY-F-TRANS-EN.png","width":894,"height":1024},{"@type":"WebPage","@id":"https:\/\/vapepro.eu\/cr\/produkt\/naughty-cherry-14-2\/#webpage","url":"https:\/\/vapepro.eu\/cr\/produkt\/naughty-cherry-14-2\/","name":"Naughty Cherry #14 - Vapepro","isPartOf":{"@id":"https:\/\/vapepro.eu\/cr\/cs\/#website"},"primaryImageOfPage":{"@id":"https:\/\/vapepro.eu\/cr\/produkt\/naughty-cherry-14-2\/#primaryimage"},"datePublished":"2021-06-15T11:46:42+00:00","dateModified":"2022-03-07T10:35:29+00:00","description":"\u0418\u0437\u0431\u0435\u0440\u0435\u0442\u0435 Naughty Cherry #14 . \u0420\u0430\u0437\u0433\u043b\u0435\u0434\u0430\u0439\u0442\u0435 \u0438 \u043e\u0441\u0442\u0430\u043d\u0430\u043b\u0438\u0442\u0435 \u043f\u0440\u043e\u0434\u0443\u043a\u0442\u0438 \u043e\u0442 \u043a\u0430\u0442\u0435\u0433\u043e\u0440\u0438\u044f\u0442\u0430","breadcrumb":{"@id":"https:\/\/vapepro.eu\/cr\/produkt\/naughty-cherry-14-2\/#breadcrumb"},"inLanguage":"hr","potentialAction":[{"@type":"ReadAction","target":["https:\/\/vapepro.eu\/cr\/produkt\/naughty-cherry-14-2\/"]}]},{"@type":"BreadcrumbList","@id":"https:\/\/vapepro.eu\/cr\/produkt\/naughty-cherry-14-2\/#breadcrumb","itemListElement":[{"@type":"ListItem","position":1,"name":"\u041d\u0430\u0447\u0430\u043b\u043e","item":"https:\/\/vapepro.eu\/cr\/"},{"@type":"ListItem","position":2,"name":"Shop","item":"https:\/\/vapepro.eu\/cr\/shop\/"},{"@type":"ListItem","position":3,"name":"Naughty Cherry #14"}]}]}},"_links":{"self":[{"href":"https:\/\/vapepro.eu\/cr\/hr\/wp-json\/wp\/v2\/product\/6064","targetHints":{"allow":["GET"]}}],"collection":[{"href":"https:\/\/vapepro.eu\/cr\/hr\/wp-json\/wp\/v2\/product"}],"about":[{"href":"https:\/\/vapepro.eu\/cr\/hr\/wp-json\/wp\/v2\/types\/product"}],"replies":[{"embeddable":true,"href":"https:\/\/vapepro.eu\/cr\/hr\/wp-json\/wp\/v2\/comments?post=6064"}],"wp:featuredmedia":[{"embeddable":true,"href":"https:\/\/vapepro.eu\/cr\/hr\/wp-json\/wp\/v2\/media\/6534"}],"wp:attachment":[{"href":"https:\/\/vapepro.eu\/cr\/hr\/wp-json\/wp\/v2\/media?parent=6064"}],"wp:term":[{"taxonomy":"product_cat","embeddable":true,"href":"https:\/\/vapepro.eu\/cr\/hr\/wp-json\/wp\/v2\/product_cat?post=6064"},{"taxonomy":"product_tag","embeddable":true,"href":"https:\/\/vapepro.eu\/cr\/hr\/wp-json\/wp\/v2\/product_tag?post=6064"}],"curies":[{"name":"wp","href":"https:\/\/api.w.org\/{rel}","templated":true}]}}