{"id":681,"date":"2021-02-04T13:12:51","date_gmt":"2021-02-04T11:12:51","guid":{"rendered":"https:\/\/vapepro.eu\/latvia\/cookie-policy\/"},"modified":"2022-07-28T11:09:25","modified_gmt":"2022-07-28T09:09:25","slug":"cookie-policy","status":"publish","type":"page","link":"https:\/\/vapepro.eu\/latvia\/cookie-policy\/","title":{"rendered":"Cookie policy"},"content":{"rendered":"\t\t<div data-elementor-type=\"wp-page\" data-elementor-id=\"681\" class=\"elementor elementor-681\" data-elementor-settings=\"[]\">\n\t\t\t\t\t\t\t<div class=\"elementor-section-wrap\">\n\t\t\t\t\t\t\t<section class=\"elementor-section elementor-top-section elementor-element elementor-element-cb09916 elementor-section-boxed elementor-section-height-default elementor-section-height-default\" data-id=\"cb09916\" data-element_type=\"section\" data-settings=\"{&quot;background_background&quot;:&quot;classic&quot;}\">\n\t\t\t\t\t\t<div class=\"elementor-container elementor-column-gap-default\">\n\t\t\t\t\t<div class=\"elementor-column elementor-col-100 elementor-top-column elementor-element elementor-element-32571c0\" data-id=\"32571c0\" data-element_type=\"column\">\n\t\t\t<div class=\"elementor-widget-wrap elementor-element-populated\">\n\t\t\t\t\t\t\t\t<div class=\"elementor-element elementor-element-c2cf1e5 elementor-widget elementor-widget-heading\" data-id=\"c2cf1e5\" data-element_type=\"widget\" data-widget_type=\"heading.default\">\n\t\t\t\t<div class=\"elementor-widget-container\">\n\t\t\t<h2 class=\"elementor-heading-title elementor-size-default\">S\u012bkdat\u0146u politika<\/h2>\t\t<\/div>\n\t\t\t\t<\/div>\n\t\t\t\t\t<\/div>\n\t\t<\/div>\n\t\t\t\t\t\t\t<\/div>\n\t\t<\/section>\n\t\t\t\t<section class=\"elementor-section elementor-top-section elementor-element elementor-element-d1d623e elementor-section-boxed elementor-section-height-default elementor-section-height-default\" data-id=\"d1d623e\" data-element_type=\"section\" data-settings=\"{&quot;background_background&quot;:&quot;classic&quot;}\">\n\t\t\t\t\t\t<div class=\"elementor-container elementor-column-gap-default\">\n\t\t\t\t\t<div class=\"elementor-column elementor-col-100 elementor-top-column elementor-element elementor-element-5294ba3\" data-id=\"5294ba3\" data-element_type=\"column\">\n\t\t\t<div class=\"elementor-widget-wrap elementor-element-populated\">\n\t\t\t\t\t\t\t\t<div class=\"elementor-element elementor-element-5b5a8fb elementor-widget elementor-widget-text-editor\" data-id=\"5b5a8fb\" data-element_type=\"widget\" data-widget_type=\"text-editor.default\">\n\t\t\t\t<div class=\"elementor-widget-container\">\n\t\t\t\t\t\t\t<p>M\u0113s sav\u0101s vietn\u0113s izmantojam s\u012bkfailus vai l\u012bdz\u012bgus r\u012bkus, lai uzlabotu to veiktsp\u0113ju un j\u016bsu pieredzi. \u0160aj\u0101 politik\u0101 ir paskaidrots, k\u0101 m\u0113s to dar\u0101m.<\/p><p>Kas ir s\u012bkdatnes?<\/p><p>S\u012bkfaili ir nelieli teksta faili, ko vietne var saglab\u0101t j\u016bsu dator\u0101 vai mobilaj\u0101 ier\u012bc\u0113, kad apmekl\u0113jat lapu vai vietni. S\u012bkdatne pal\u012bdz\u0113s vietnei vai cit\u0101m vietn\u0113m atpaz\u012bt j\u016bsu ier\u012bci n\u0101kamaj\u0101 reiz\u0113, kad to apmekl\u0113siet. T\u012bmek\u013ca b\u0101ksign\u0101li vai citi l\u012bdz\u012bgi faili var dar\u012bt to pa\u0161u. M\u0113s \u0161aj\u0101 politik\u0101 lietojam terminu s\u012bkfaili, lai nosauktu visus failus, kas apkopo inform\u0101ciju \u0161\u0101d\u0101 veid\u0101.<br \/>S\u012bkdatnes pilda daudzas da\u017e\u0101das funkcijas. Piem\u0113ram, tie pal\u012bdz mums atcer\u0113ties j\u016bsu lietot\u0101jv\u0101rdu vai preferences, analiz\u0113t m\u016bsu viet\u0146u veiktsp\u0113ju vai pat \u013cauj mums ieteikt saturu, kas, m\u016bsupr\u0101t, j\u016bs var\u0113tu interes\u0113t.<br \/>Da\u017eas s\u012bkdatnes satur personisku inform\u0101ciju \u2013 piem\u0113ram, ja, piesakoties sav\u0101 kont\u0101, noklik\u0161\u0137in\u0101j\u0101t uz &#8220;Atcer\u0113ties mani&#8221;, s\u012bkfails atcer\u0113sies j\u016bsu lietot\u0101jv\u0101rdu. Liel\u0101k\u0101 da\u013ca s\u012bkfailu neapkopo inform\u0101ciju, kas var j\u016bs identific\u0113t, bet gan apkopo visp\u0101r\u012bgu inform\u0101ciju par to, k\u0101 lietot\u0101ji piek\u013c\u016bst un izmanto m\u016bsu vietnes vai k\u0101da ir vi\u0146u atra\u0161an\u0101s vieta.<\/p><p>K\u0101da veida s\u012bkdatnes m\u0113s izmantojam?<\/p><p>Vi\u0146i veic da\u017e\u0101das funkcijas:<\/p><p>Svar\u012bgi s\u012bkfaili<br \/>Da\u017eas s\u012bkdatnes ir \u013coti svar\u012bgas m\u016bsu viet\u0146u darb\u012bbai. Tie \u013cauj mums identific\u0113t re\u0123istr\u0113tos lietot\u0101jus.<br \/>S\u012bkdatnes, kas saist\u012btas ar vietnes efektivit\u0101ti<br \/>M\u0113s izmantojam citus s\u012bkfailus, lai analiz\u0113tu, k\u0101 apmekl\u0113t\u0101ji izmanto m\u016bsu vietnes, un uzraudz\u012btu m\u016bsu vietnes veiktsp\u0113ju. Tas \u013cauj mums pied\u0101v\u0101t jums augstas kvalit\u0101tes pieredzi, piel\u0101gojot pied\u0101v\u0101to saturu un \u0101tri identific\u0113jot un atrisinot da\u017e\u0101das probl\u0113mas.<br \/>Funkcion\u0101l\u0101s s\u012bkdatnes<br \/>Funkcion\u0101l\u0101s s\u012bkdatnes \u013cauj mums atcer\u0113ties j\u016bsu preferences, piem\u0113ram, fonta lielumu un citus personiskos iestat\u012bjumus. Piem\u0113ram, s\u012bkfaili ietaupa j\u016bsu laiku un p\u016bles, lai ievad\u012btu lietot\u0101jv\u0101rdu katru reizi, kad apmekl\u0113jat m\u016bsu vietni.<\/p><p>K\u0101 izsl\u0113gt s\u012bkfailus?<\/p><p>Visas m\u016bsdienu p\u0101rl\u016bkprogrammas \u013cauj main\u012bt s\u012bkfailu iestat\u012bjumus. Parasti \u0161os iestat\u012bjumus varat atrast p\u0101rl\u016bkprogrammas izv\u0113ln\u0113 &#8220;Opcijas&#8221; vai &#8220;Preferences&#8221;. Lai uzzin\u0101tu par \u0161iem iestat\u012bjumiem, jums var pal\u012bdz\u0113t t\u0101l\u0101k nor\u0101d\u012bt\u0101s saites, vai ar\u012b varat izmantot pogu Pal\u012bdz\u012bba p\u0101rl\u016bkprogrammas izv\u0113ln\u0113s, lai ieg\u016btu pla\u0161\u0101ku inform\u0101ciju.<br \/>S\u012bkfailu iestat\u012bjumi p\u0101rl\u016bkprogramm\u0101 Internet Explorer<br \/>S\u012bkfailu iestat\u012bjumi p\u0101rl\u016bkprogramm\u0101 Firefox<br \/>S\u012bkfailu iestat\u012bjumi p\u0101rl\u016bk\u0101 Chrome<br \/>S\u012bkfailu iestat\u012bjumi Safari t\u012bmekl\u012b un iOS.<\/p><p>L\u016bdzu, atcerieties, ka, ja nolemjat p\u0101rtraukt s\u012bkfailu izmanto\u0161anu, da\u017eas m\u016bsu vietnes sada\u013cas var nedarboties pareizi.<\/p><p>Vai m\u0113s izmantojam s\u012bkfailus, kas satur j\u016bsu personas datus?<\/p><p>N\u0113, m\u016bsu izmantojam\u0101s s\u012bkdatnes ir anon\u012bmas un nesatur nek\u0101dus personas datus.<\/p><p>Vair\u0101k inform\u0101cijas<\/p><p>Pla\u0161\u0101ka inform\u0101cija par to, k\u0101 uz\u0146\u0113mumi izmanto s\u012bkfailus, ir pieejama: www.allaboutcookies.org.<br \/>Ja jums ir k\u0101di jaut\u0101jumi par \u0161o s\u012bkfailu politiku, l\u016bdzu, sazinieties ar mums pa e-pastu: office@vapepro.bg<\/p>\t\t\t\t\t\t<\/div>\n\t\t\t\t<\/div>\n\t\t\t\t\t<\/div>\n\t\t<\/div>\n\t\t\t\t\t\t\t<\/div>\n\t\t<\/section>\n\t\t\t\t\t\t<\/div>\n\t\t\t\t\t<\/div>\n\t\t","protected":false},"excerpt":{"rendered":"<p>S\u012bkdat\u0146u politika M\u0113s sav\u0101s vietn\u0113s izmantojam s\u012bkfailus vai l\u012bdz\u012bgus r\u012bkus, lai uzlabotu to veiktsp\u0113ju un j\u016bsu pieredzi. \u0160aj\u0101 politik\u0101 ir paskaidrots, k\u0101 m\u0113s to dar\u0101m. Kas ir s\u012bkdatnes? S\u012bkfaili ir nelieli teksta faili, ko vietne var saglab\u0101t j\u016bsu dator\u0101 vai mobilaj\u0101 ier\u012bc\u0113, kad apmekl\u0113jat lapu vai vietni. S\u012bkdatne pal\u012bdz\u0113s vietnei vai cit\u0101m vietn\u0113m atpaz\u012bt j\u016bsu [&hellip;]<\/p>\n","protected":false},"author":1,"featured_media":0,"parent":0,"menu_order":0,"comment_status":"closed","ping_status":"closed","template":"","meta":{"footnotes":""},"class_list":["post-681","page","type-page","status-publish","hentry"],"yoast_head":"<!-- This site is optimized with the Yoast SEO plugin v19.2 - https:\/\/yoast.com\/wordpress\/plugins\/seo\/ -->\n<title>Cookie policy - Vapepro<\/title>\n<meta name=\"description\" content=\"Read more about Cookie policy from Vapepro - disposable vapes\" \/>\n<meta name=\"robots\" content=\"index, follow, max-snippet:-1, max-image-preview:large, max-video-preview:-1\" \/>\n<link rel=\"canonical\" href=\"https:\/\/vapepro.eu\/latvia\/cookie-policy\/\" \/>\n<meta property=\"og:locale\" content=\"en_US\" \/>\n<meta property=\"og:type\" content=\"article\" \/>\n<meta property=\"og:title\" content=\"Cookie policy - Vapepro\" \/>\n<meta property=\"og:description\" content=\"Read more about Cookie policy from Vapepro - disposable vapes\" \/>\n<meta property=\"og:url\" content=\"https:\/\/vapepro.eu\/latvia\/cookie-policy\/\" \/>\n<meta property=\"og:site_name\" content=\"Vapepro\" \/>\n<meta property=\"article:publisher\" content=\"https:\/\/www.facebook.com\/vapeproofficial\" \/>\n<meta property=\"article:modified_time\" content=\"2022-07-28T09:09:25+00:00\" \/>\n<meta property=\"og:image\" content=\"https:\/\/vapepro.eu\/latvia\/wp-content\/uploads\/2021\/02\/VAPEPRO-LOGO-COLORS-SOCIAL-04-removebg-preview-1.png\" \/>\n\t<meta property=\"og:image:width\" content=\"500\" \/>\n\t<meta property=\"og:image:height\" content=\"500\" \/>\n\t<meta property=\"og:image:type\" content=\"image\/png\" \/>\n<meta name=\"author\" content=\"vapepro\" \/>\n<meta name=\"twitter:card\" content=\"summary_large_image\" \/>\n<meta name=\"twitter:label1\" content=\"Est. reading time\" \/>\n\t<meta name=\"twitter:data1\" content=\"2 minutes\" \/>\n<script type=\"application\/ld+json\" class=\"yoast-schema-graph\">{\"@context\":\"https:\/\/schema.org\",\"@graph\":[{\"@type\":\"Organization\",\"@id\":\"https:\/\/vapepro.eu\/latvia\/#organization\",\"name\":\"Vapepro\",\"url\":\"https:\/\/vapepro.eu\/latvia\/\",\"sameAs\":[\"https:\/\/www.instagram.com\/vapeproofficial\/\",\"https:\/\/www.youtube.com\/channel\/UCKJ733xAz3eO6VqQdH_50iA?guided_help_flow=3\",\"https:\/\/www.facebook.com\/vapeproofficial\"],\"logo\":{\"@type\":\"ImageObject\",\"inLanguage\":\"en-US\",\"@id\":\"https:\/\/vapepro.eu\/latvia\/#\/schema\/logo\/image\/\",\"url\":\"https:\/\/vapepro.eu\/latvia\/wp-content\/uploads\/2021\/02\/VAPEPRO-LOGO-COLORS-SOCIAL-04-removebg-preview-1.png\",\"contentUrl\":\"https:\/\/vapepro.eu\/latvia\/wp-content\/uploads\/2021\/02\/VAPEPRO-LOGO-COLORS-SOCIAL-04-removebg-preview-1.png\",\"width\":500,\"height\":500,\"caption\":\"Vapepro\"},\"image\":{\"@id\":\"https:\/\/vapepro.eu\/latvia\/#\/schema\/logo\/image\/\"}},{\"@type\":\"WebSite\",\"@id\":\"https:\/\/vapepro.eu\/latvia\/#website\",\"url\":\"https:\/\/vapepro.eu\/latvia\/\",\"name\":\"Vapepro\",\"description\":\"\u0423\u0431\u0438\u0435\u0446\u044a\u0442 \u043d\u0430 \u0446\u0438\u0433\u0430\u0440\u0438\",\"publisher\":{\"@id\":\"https:\/\/vapepro.eu\/latvia\/#organization\"},\"potentialAction\":[{\"@type\":\"SearchAction\",\"target\":{\"@type\":\"EntryPoint\",\"urlTemplate\":\"https:\/\/vapepro.eu\/latvia\/?s={search_term_string}\"},\"query-input\":\"required name=search_term_string\"}],\"inLanguage\":\"en-US\"},{\"@type\":\"WebPage\",\"@id\":\"https:\/\/vapepro.eu\/latvia\/cookie-policy\/#webpage\",\"url\":\"https:\/\/vapepro.eu\/latvia\/cookie-policy\/\",\"name\":\"Cookie policy - Vapepro\",\"isPartOf\":{\"@id\":\"https:\/\/vapepro.eu\/latvia\/#website\"},\"datePublished\":\"2021-02-04T11:12:51+00:00\",\"dateModified\":\"2022-07-28T09:09:25+00:00\",\"description\":\"Read more about Cookie policy from Vapepro - disposable vapes\",\"breadcrumb\":{\"@id\":\"https:\/\/vapepro.eu\/latvia\/cookie-policy\/#breadcrumb\"},\"inLanguage\":\"en-US\",\"potentialAction\":[{\"@type\":\"ReadAction\",\"target\":[\"https:\/\/vapepro.eu\/latvia\/cookie-policy\/\"]}]},{\"@type\":\"BreadcrumbList\",\"@id\":\"https:\/\/vapepro.eu\/latvia\/cookie-policy\/#breadcrumb\",\"itemListElement\":[{\"@type\":\"ListItem\",\"position\":1,\"name\":\"Home\",\"item\":\"https:\/\/vapepro.eu\/latvia\/\"},{\"@type\":\"ListItem\",\"position\":2,\"name\":\"Cookie policy\"}]}]}<\/script>\n<!-- \/ Yoast SEO plugin. -->","yoast_head_json":{"title":"Cookie policy - Vapepro","description":"Read more about Cookie policy from Vapepro - disposable vapes","robots":{"index":"index","follow":"follow","max-snippet":"max-snippet:-1","max-image-preview":"max-image-preview:large","max-video-preview":"max-video-preview:-1"},"canonical":"https:\/\/vapepro.eu\/latvia\/cookie-policy\/","og_locale":"en_US","og_type":"article","og_title":"Cookie policy - Vapepro","og_description":"Read more about Cookie policy from Vapepro - disposable vapes","og_url":"https:\/\/vapepro.eu\/latvia\/cookie-policy\/","og_site_name":"Vapepro","article_publisher":"https:\/\/www.facebook.com\/vapeproofficial","article_modified_time":"2022-07-28T09:09:25+00:00","og_image":[{"width":500,"height":500,"url":"https:\/\/vapepro.eu\/latvia\/wp-content\/uploads\/2021\/02\/VAPEPRO-LOGO-COLORS-SOCIAL-04-removebg-preview-1.png","type":"image\/png"}],"author":"vapepro","twitter_card":"summary_large_image","twitter_misc":{"Est. reading time":"2 minutes"},"schema":{"@context":"https:\/\/schema.org","@graph":[{"@type":"Organization","@id":"https:\/\/vapepro.eu\/latvia\/#organization","name":"Vapepro","url":"https:\/\/vapepro.eu\/latvia\/","sameAs":["https:\/\/www.instagram.com\/vapeproofficial\/","https:\/\/www.youtube.com\/channel\/UCKJ733xAz3eO6VqQdH_50iA?guided_help_flow=3","https:\/\/www.facebook.com\/vapeproofficial"],"logo":{"@type":"ImageObject","inLanguage":"en-US","@id":"https:\/\/vapepro.eu\/latvia\/#\/schema\/logo\/image\/","url":"https:\/\/vapepro.eu\/latvia\/wp-content\/uploads\/2021\/02\/VAPEPRO-LOGO-COLORS-SOCIAL-04-removebg-preview-1.png","contentUrl":"https:\/\/vapepro.eu\/latvia\/wp-content\/uploads\/2021\/02\/VAPEPRO-LOGO-COLORS-SOCIAL-04-removebg-preview-1.png","width":500,"height":500,"caption":"Vapepro"},"image":{"@id":"https:\/\/vapepro.eu\/latvia\/#\/schema\/logo\/image\/"}},{"@type":"WebSite","@id":"https:\/\/vapepro.eu\/latvia\/#website","url":"https:\/\/vapepro.eu\/latvia\/","name":"Vapepro","description":"\u0423\u0431\u0438\u0435\u0446\u044a\u0442 \u043d\u0430 \u0446\u0438\u0433\u0430\u0440\u0438","publisher":{"@id":"https:\/\/vapepro.eu\/latvia\/#organization"},"potentialAction":[{"@type":"SearchAction","target":{"@type":"EntryPoint","urlTemplate":"https:\/\/vapepro.eu\/latvia\/?s={search_term_string}"},"query-input":"required name=search_term_string"}],"inLanguage":"en-US"},{"@type":"WebPage","@id":"https:\/\/vapepro.eu\/latvia\/cookie-policy\/#webpage","url":"https:\/\/vapepro.eu\/latvia\/cookie-policy\/","name":"Cookie policy - Vapepro","isPartOf":{"@id":"https:\/\/vapepro.eu\/latvia\/#website"},"datePublished":"2021-02-04T11:12:51+00:00","dateModified":"2022-07-28T09:09:25+00:00","description":"Read more about Cookie policy from Vapepro - disposable vapes","breadcrumb":{"@id":"https:\/\/vapepro.eu\/latvia\/cookie-policy\/#breadcrumb"},"inLanguage":"en-US","potentialAction":[{"@type":"ReadAction","target":["https:\/\/vapepro.eu\/latvia\/cookie-policy\/"]}]},{"@type":"BreadcrumbList","@id":"https:\/\/vapepro.eu\/latvia\/cookie-policy\/#breadcrumb","itemListElement":[{"@type":"ListItem","position":1,"name":"Home","item":"https:\/\/vapepro.eu\/latvia\/"},{"@type":"ListItem","position":2,"name":"Cookie policy"}]}]}},"_links":{"self":[{"href":"https:\/\/vapepro.eu\/latvia\/wp-json\/wp\/v2\/pages\/681","targetHints":{"allow":["GET"]}}],"collection":[{"href":"https:\/\/vapepro.eu\/latvia\/wp-json\/wp\/v2\/pages"}],"about":[{"href":"https:\/\/vapepro.eu\/latvia\/wp-json\/wp\/v2\/types\/page"}],"author":[{"embeddable":true,"href":"https:\/\/vapepro.eu\/latvia\/wp-json\/wp\/v2\/users\/1"}],"replies":[{"embeddable":true,"href":"https:\/\/vapepro.eu\/latvia\/wp-json\/wp\/v2\/comments?post=681"}],"version-history":[{"count":13,"href":"https:\/\/vapepro.eu\/latvia\/wp-json\/wp\/v2\/pages\/681\/revisions"}],"predecessor-version":[{"id":6426,"href":"https:\/\/vapepro.eu\/latvia\/wp-json\/wp\/v2\/pages\/681\/revisions\/6426"}],"wp:attachment":[{"href":"https:\/\/vapepro.eu\/latvia\/wp-json\/wp\/v2\/media?parent=681"}],"curies":[{"name":"wp","href":"https:\/\/api.w.org\/{rel}","templated":true}]}}