{"id":689,"date":"2021-02-04T13:30:37","date_gmt":"2021-02-04T11:30:37","guid":{"rendered":"https:\/\/vapepro.eu\/latvia\/frequently-asked-questions\/"},"modified":"2022-07-28T11:08:26","modified_gmt":"2022-07-28T09:08:26","slug":"frequently-asked-questions","status":"publish","type":"page","link":"https:\/\/vapepro.eu\/latvia\/frequently-asked-questions\/","title":{"rendered":"Frequently Asked Questions"},"content":{"rendered":"\t\t<div data-elementor-type=\"wp-page\" data-elementor-id=\"689\" class=\"elementor elementor-689\" data-elementor-settings=\"[]\">\n\t\t\t\t\t\t\t<div class=\"elementor-section-wrap\">\n\t\t\t\t\t\t\t<section class=\"elementor-section elementor-top-section elementor-element elementor-element-333a4cb elementor-section-boxed elementor-section-height-default elementor-section-height-default\" data-id=\"333a4cb\" data-element_type=\"section\" data-settings=\"{&quot;background_background&quot;:&quot;classic&quot;}\">\n\t\t\t\t\t\t<div class=\"elementor-container elementor-column-gap-default\">\n\t\t\t\t\t<div class=\"elementor-column elementor-col-100 elementor-top-column elementor-element elementor-element-df07781\" data-id=\"df07781\" data-element_type=\"column\">\n\t\t\t<div class=\"elementor-widget-wrap elementor-element-populated\">\n\t\t\t\t\t\t\t\t<div class=\"elementor-element elementor-element-9f30f8c elementor-widget elementor-widget-heading\" data-id=\"9f30f8c\" data-element_type=\"widget\" data-widget_type=\"heading.default\">\n\t\t\t\t<div class=\"elementor-widget-container\">\n\t\t\t<h1 class=\"elementor-heading-title elementor-size-default\">Bie\u017ei uzdotie jaut\u0101jumi<\/h1>\t\t<\/div>\n\t\t\t\t<\/div>\n\t\t\t\t<section class=\"elementor-section elementor-inner-section elementor-element elementor-element-cafc269 elementor-section-boxed elementor-section-height-default elementor-section-height-default\" data-id=\"cafc269\" data-element_type=\"section\">\n\t\t\t\t\t\t<div class=\"elementor-container elementor-column-gap-default\">\n\t\t\t\t\t<div class=\"elementor-column elementor-col-50 elementor-inner-column elementor-element elementor-element-4bdb6b3\" data-id=\"4bdb6b3\" data-element_type=\"column\">\n\t\t\t<div class=\"elementor-widget-wrap elementor-element-populated\">\n\t\t\t\t\t\t\t\t<div class=\"elementor-element elementor-element-22a5934 elementor-widget elementor-widget-accordion\" data-id=\"22a5934\" data-element_type=\"widget\" data-widget_type=\"accordion.default\">\n\t\t\t\t<div class=\"elementor-widget-container\">\n\t\t\t\t\t<div class=\"elementor-accordion\" role=\"tablist\">\n\t\t\t\t\t\t\t<div class=\"elementor-accordion-item\">\n\t\t\t\t\t<div id=\"elementor-tab-title-3631\" class=\"elementor-tab-title\" data-tab=\"1\" role=\"tab\" aria-controls=\"elementor-tab-content-3631\" aria-expanded=\"false\">\n\t\t\t\t\t\t\t\t\t\t\t\t\t<span class=\"elementor-accordion-icon elementor-accordion-icon-left\" aria-hidden=\"true\">\n\t\t\t\t\t\t\t\t\t\t\t\t\t\t\t<span class=\"elementor-accordion-icon-closed\"><i class=\"fas fa-plus\"><\/i><\/span>\n\t\t\t\t\t\t\t\t<span class=\"elementor-accordion-icon-opened\"><i class=\"fas fa-minus\"><\/i><\/span>\n\t\t\t\t\t\t\t\t\t\t\t\t\t\t<\/span>\n\t\t\t\t\t\t\t\t\t\t\t\t<a class=\"elementor-accordion-title\" href=\"\">Kas ir Vapepro?<\/a>\n\t\t\t\t\t<\/div>\n\t\t\t\t\t<div id=\"elementor-tab-content-3631\" class=\"elementor-tab-content elementor-clearfix\" data-tab=\"1\" role=\"tabpanel\" aria-labelledby=\"elementor-tab-title-3631\"><p>Vapepro ir elektroniska sm\u0113\u0137\u0113\u0161anas ier\u012bce, ko darbina litija jonu akumulators.<\/p><p>Stil\u012bgs, elegants un viegli lietojams Vapepro ir \u016bdensp\u012bpe (vape pildspalva), kas ir iepriek\u0161 iepild\u012bta ar \u0161\u0137idrumu. To darbina litija jonu akumulators, un tas darbojas, ieelpojot. Bez uzl\u0101des, bez uzpild\u012b\u0161anas un bez stresa. Vapepro vienm\u0113r ir jums blakus un gatavs lieto\u0161anai.<\/p><p>Nomainiet cigare\u0161u pret\u012bgo smaku un kait\u012bgos d\u016bmus un darvu ar apbr\u012bnojamo Vapepro gar\u0161u un smar\u017eu.<\/p><p>Vapepro sniedz jums daudz vair\u0101k nek\u0101 cigaretes \u2014 jaunu greznu dizainu un p\u0101rsteidzo\u0161u gar\u0161u.<\/p><\/div>\n\t\t\t\t<\/div>\n\t\t\t\t\t\t\t<div class=\"elementor-accordion-item\">\n\t\t\t\t\t<div id=\"elementor-tab-title-3632\" class=\"elementor-tab-title\" data-tab=\"2\" role=\"tab\" aria-controls=\"elementor-tab-content-3632\" aria-expanded=\"false\">\n\t\t\t\t\t\t\t\t\t\t\t\t\t<span class=\"elementor-accordion-icon elementor-accordion-icon-left\" aria-hidden=\"true\">\n\t\t\t\t\t\t\t\t\t\t\t\t\t\t\t<span class=\"elementor-accordion-icon-closed\"><i class=\"fas fa-plus\"><\/i><\/span>\n\t\t\t\t\t\t\t\t<span class=\"elementor-accordion-icon-opened\"><i class=\"fas fa-minus\"><\/i><\/span>\n\t\t\t\t\t\t\t\t\t\t\t\t\t\t<\/span>\n\t\t\t\t\t\t\t\t\t\t\t\t<a class=\"elementor-accordion-title\" href=\"\">Vai es varu atmest sm\u0113\u0137\u0113\u0161anu, izmantojot elektronisk\u0101s \u016bdensp\u012bpes ier\u012bces (vape pildspalvas)?<\/a>\n\t\t\t\t\t<\/div>\n\t\t\t\t\t<div id=\"elementor-tab-content-3632\" class=\"elementor-tab-content elementor-clearfix\" data-tab=\"2\" role=\"tabpanel\" aria-labelledby=\"elementor-tab-title-3632\"><p>Daudzi cilv\u0113ki ir piln\u012bb\u0101 p\u0101rg\u0101ju\u0161i no cigare\u0161u sm\u0113\u0137\u0113\u0161anas uz elektronisko \u016bdensp\u012bpes ier\u012b\u010du (vape pildspalvu) izmanto\u0161anu.<\/p><p>M\u0113s nevaram par to run\u0101t regul\u0113jo\u0161u iemeslu d\u0113\u013c. Nav iesp\u0113jams apstiprin\u0101t, vai cilv\u0113ks sp\u0113s atmest sm\u0113\u0137\u0113\u0161anu. M\u0113s varam apgalvot, ka daudzi cilv\u0113ki ir p\u0101rg\u0101ju\u0161i no cigare\u0161u sm\u0113\u0137\u0113\u0161anas uz elektronisko \u016bdensp\u012bpes ier\u012b\u010du, piem\u0113ram, Vapepro, lieto\u0161anu. Tas, vai j\u016bs b\u016bsiet viens no \u0161iem cilv\u0113kiem, ir atkar\u012bgs no vair\u0101kiem faktoriem, piem\u0113ram, cik j\u016bs esat motiv\u0113ts, cik daudz p\u016b\u013cu j\u016bs ieguld\u0101t un vai jums pat\u012bk izmantot elektronisk\u0101s \u016bdensp\u012bpes ier\u012bces (vape pildspalvas). Vien\u012bgais veids, k\u0101 uzzin\u0101t, ir to izm\u0113\u0123in\u0101t.<\/p><\/div>\n\t\t\t\t<\/div>\n\t\t\t\t\t\t\t<div class=\"elementor-accordion-item\">\n\t\t\t\t\t<div id=\"elementor-tab-title-3633\" class=\"elementor-tab-title\" data-tab=\"3\" role=\"tab\" aria-controls=\"elementor-tab-content-3633\" aria-expanded=\"false\">\n\t\t\t\t\t\t\t\t\t\t\t\t\t<span class=\"elementor-accordion-icon elementor-accordion-icon-left\" aria-hidden=\"true\">\n\t\t\t\t\t\t\t\t\t\t\t\t\t\t\t<span class=\"elementor-accordion-icon-closed\"><i class=\"fas fa-plus\"><\/i><\/span>\n\t\t\t\t\t\t\t\t<span class=\"elementor-accordion-icon-opened\"><i class=\"fas fa-minus\"><\/i><\/span>\n\t\t\t\t\t\t\t\t\t\t\t\t\t\t<\/span>\n\t\t\t\t\t\t\t\t\t\t\t\t<a class=\"elementor-accordion-title\" href=\"\">Vai Vapepro ir l\u0113t\u0101ks par cigaret\u0113m? Cik daudz naudas es ietaup\u012b\u0161u, p\u0101rejot uz Vapepro?<\/a>\n\t\t\t\t\t<\/div>\n\t\t\t\t\t<div id=\"elementor-tab-content-3633\" class=\"elementor-tab-content elementor-clearfix\" data-tab=\"3\" role=\"tabpanel\" aria-labelledby=\"elementor-tab-title-3633\"><p>Vapepro ir l\u0113t\u0101ks un maz\u0101k kait\u012bgs nek\u0101 cigaretes.<\/p><p>Vapepro cena ir BGN 12,99 un taj\u0101 ir 800 vilkmes, kas ir vien\u0101das ar 3 cigare\u0161u kast\u0113m. Ja 1 cigare\u0161u paci\u0146a vid\u0113ji maks\u0101 5,50 BGN un parasts sm\u0113\u0137\u0113t\u0101js to izsm\u0113\u0137\u0113 vien\u0101 dien\u0101, tas noz\u012bm\u0113, ka viena Vapepro pietiks 3 dien\u0101m. Ja \u0146emam v\u0113r\u0101 cenu starp\u012bbu m\u0113nes\u012b, past\u0101v\u012bgi sm\u0113\u0137\u0113jot, Vapepro izmaksas ir BGN 129,99, bet cigaretes &#8211; 165 BGN. J\u016bs ietaup\u0101t BGN 35. m\u0113nes\u012b un BGN 420. gad\u0101.<\/p><\/div>\n\t\t\t\t<\/div>\n\t\t\t\t\t\t\t<div class=\"elementor-accordion-item\">\n\t\t\t\t\t<div id=\"elementor-tab-title-3634\" class=\"elementor-tab-title\" data-tab=\"4\" role=\"tab\" aria-controls=\"elementor-tab-content-3634\" aria-expanded=\"false\">\n\t\t\t\t\t\t\t\t\t\t\t\t\t<span class=\"elementor-accordion-icon elementor-accordion-icon-left\" aria-hidden=\"true\">\n\t\t\t\t\t\t\t\t\t\t\t\t\t\t\t<span class=\"elementor-accordion-icon-closed\"><i class=\"fas fa-plus\"><\/i><\/span>\n\t\t\t\t\t\t\t\t<span class=\"elementor-accordion-icon-opened\"><i class=\"fas fa-minus\"><\/i><\/span>\n\t\t\t\t\t\t\t\t\t\t\t\t\t\t<\/span>\n\t\t\t\t\t\t\t\t\t\t\t\t<a class=\"elementor-accordion-title\" href=\"\">Kam ir paredz\u0113ts Vapepro?<\/a>\n\t\t\t\t\t<\/div>\n\t\t\t\t\t<div id=\"elementor-tab-content-3634\" class=\"elementor-tab-content elementor-clearfix\" data-tab=\"4\" role=\"tabpanel\" aria-labelledby=\"elementor-tab-title-3634\"><p>Person\u0101m, kas vec\u0101kas par 18 gadiem<\/p><p>Ikviens, kas ir vec\u0101ks par 18\u00a0gadiem, kam pat\u012bk elektronisko \u016bdensp\u012bpju labs arom\u0101ts un gar\u0161a.<\/p><\/div>\n\t\t\t\t<\/div>\n\t\t\t\t\t\t\t<div class=\"elementor-accordion-item\">\n\t\t\t\t\t<div id=\"elementor-tab-title-3635\" class=\"elementor-tab-title\" data-tab=\"5\" role=\"tab\" aria-controls=\"elementor-tab-content-3635\" aria-expanded=\"false\">\n\t\t\t\t\t\t\t\t\t\t\t\t\t<span class=\"elementor-accordion-icon elementor-accordion-icon-left\" aria-hidden=\"true\">\n\t\t\t\t\t\t\t\t\t\t\t\t\t\t\t<span class=\"elementor-accordion-icon-closed\"><i class=\"fas fa-plus\"><\/i><\/span>\n\t\t\t\t\t\t\t\t<span class=\"elementor-accordion-icon-opened\"><i class=\"fas fa-minus\"><\/i><\/span>\n\t\t\t\t\t\t\t\t\t\t\t\t\t\t<\/span>\n\t\t\t\t\t\t\t\t\t\t\t\t<a class=\"elementor-accordion-title\" href=\"\">Vai Vapepro ir atk\u0101rtoti uzpild\u0101ms?<\/a>\n\t\t\t\t\t<\/div>\n\t\t\t\t\t<div id=\"elementor-tab-content-3635\" class=\"elementor-tab-content elementor-clearfix\" data-tab=\"5\" role=\"tabpanel\" aria-labelledby=\"elementor-tab-title-3635\"><p>Vapepro ir vienreiz lietojama elektroniska \u016bdensp\u012bpes ier\u012bce (vape pildspalva).<\/p><p>Vapepro ir vienreiz lietojama elektroniska \u016bdensp\u012bpes ier\u012bce (vape pildspalva). Bez uzl\u0101des, bez uzpild\u012b\u0161anas un bez stresa. Vapepro vienm\u0113r ir jums blakus un gatavs lieto\u0161anai.<\/p><\/div>\n\t\t\t\t<\/div>\n\t\t\t\t\t\t\t\t<\/div>\n\t\t\t\t<\/div>\n\t\t\t\t<\/div>\n\t\t\t\t\t<\/div>\n\t\t<\/div>\n\t\t\t\t<div class=\"elementor-column elementor-col-50 elementor-inner-column elementor-element elementor-element-9ea61de\" data-id=\"9ea61de\" data-element_type=\"column\">\n\t\t\t<div class=\"elementor-widget-wrap elementor-element-populated\">\n\t\t\t\t\t\t\t\t<div class=\"elementor-element elementor-element-5da87fc elementor-widget elementor-widget-accordion\" data-id=\"5da87fc\" data-element_type=\"widget\" data-widget_type=\"accordion.default\">\n\t\t\t\t<div class=\"elementor-widget-container\">\n\t\t\t\t\t<div class=\"elementor-accordion\" role=\"tablist\">\n\t\t\t\t\t\t\t<div class=\"elementor-accordion-item\">\n\t\t\t\t\t<div id=\"elementor-tab-title-9821\" class=\"elementor-tab-title\" data-tab=\"1\" role=\"tab\" aria-controls=\"elementor-tab-content-9821\" aria-expanded=\"false\">\n\t\t\t\t\t\t\t\t\t\t\t\t\t<span class=\"elementor-accordion-icon elementor-accordion-icon-left\" aria-hidden=\"true\">\n\t\t\t\t\t\t\t\t\t\t\t\t\t\t\t<span class=\"elementor-accordion-icon-closed\"><i class=\"fas fa-plus\"><\/i><\/span>\n\t\t\t\t\t\t\t\t<span class=\"elementor-accordion-icon-opened\"><i class=\"fas fa-minus\"><\/i><\/span>\n\t\t\t\t\t\t\t\t\t\t\t\t\t\t<\/span>\n\t\t\t\t\t\t\t\t\t\t\t\t<a class=\"elementor-accordion-title\" href=\"\">Cik uzp\u016btienu satur Vapepro?<\/a>\n\t\t\t\t\t<\/div>\n\t\t\t\t\t<div id=\"elementor-tab-content-9821\" class=\"elementor-tab-content elementor-clearfix\" data-tab=\"1\" role=\"tabpanel\" aria-labelledby=\"elementor-tab-title-9821\"><p>Vapepro satur 800 malkas, kas atbilst 60 cigaret\u0113m.<\/p><p>Vapepro \u0161\u0137idruma tilpums ir 2 ml, kas dod iesp\u0113ju ar vienu ier\u012bci iztvaic\u0113t pat 800 reizes.<\/p><\/div>\n\t\t\t\t<\/div>\n\t\t\t\t\t\t\t<div class=\"elementor-accordion-item\">\n\t\t\t\t\t<div id=\"elementor-tab-title-9822\" class=\"elementor-tab-title\" data-tab=\"2\" role=\"tab\" aria-controls=\"elementor-tab-content-9822\" aria-expanded=\"false\">\n\t\t\t\t\t\t\t\t\t\t\t\t\t<span class=\"elementor-accordion-icon elementor-accordion-icon-left\" aria-hidden=\"true\">\n\t\t\t\t\t\t\t\t\t\t\t\t\t\t\t<span class=\"elementor-accordion-icon-closed\"><i class=\"fas fa-plus\"><\/i><\/span>\n\t\t\t\t\t\t\t\t<span class=\"elementor-accordion-icon-opened\"><i class=\"fas fa-minus\"><\/i><\/span>\n\t\t\t\t\t\t\t\t\t\t\t\t\t\t<\/span>\n\t\t\t\t\t\t\t\t\t\t\t\t<a class=\"elementor-accordion-title\" href=\"\">Kur es varu dab\u016bt Vapepro?<\/a>\n\t\t\t\t\t<\/div>\n\t\t\t\t\t<div id=\"elementor-tab-content-9822\" class=\"elementor-tab-content elementor-clearfix\" data-tab=\"2\" role=\"tabpanel\" aria-labelledby=\"elementor-tab-title-9822\"><p>Vapepro var ieg\u0101d\u0101ties tie\u0161i m\u016bsu veikalu t\u012bkl\u0101<\/p><p>Vapepro var ieg\u0101d\u0101ties no visiem m\u016bsu veikalu t\u012bkla veikaliem, kurus varat atrast m\u016bsu m\u0101jas lapas sada\u013c\u0101 \u201cVeikali\u201d.<\/p><\/div>\n\t\t\t\t<\/div>\n\t\t\t\t\t\t\t<div class=\"elementor-accordion-item\">\n\t\t\t\t\t<div id=\"elementor-tab-title-9823\" class=\"elementor-tab-title\" data-tab=\"3\" role=\"tab\" aria-controls=\"elementor-tab-content-9823\" aria-expanded=\"false\">\n\t\t\t\t\t\t\t\t\t\t\t\t\t<span class=\"elementor-accordion-icon elementor-accordion-icon-left\" aria-hidden=\"true\">\n\t\t\t\t\t\t\t\t\t\t\t\t\t\t\t<span class=\"elementor-accordion-icon-closed\"><i class=\"fas fa-plus\"><\/i><\/span>\n\t\t\t\t\t\t\t\t<span class=\"elementor-accordion-icon-opened\"><i class=\"fas fa-minus\"><\/i><\/span>\n\t\t\t\t\t\t\t\t\t\t\t\t\t\t<\/span>\n\t\t\t\t\t\t\t\t\t\t\t\t<a class=\"elementor-accordion-title\" href=\"\">Cik daudz nikot\u012bna satur Vapepro?<\/a>\n\t\t\t\t\t<\/div>\n\t\t\t\t\t<div id=\"elementor-tab-content-9823\" class=\"elementor-tab-content elementor-clearfix\" data-tab=\"3\" role=\"tabpanel\" aria-labelledby=\"elementor-tab-title-9823\"><p>Vapepro nikot\u012bna saturs ir 2%<\/p><p>\u00a0<\/p><\/div>\n\t\t\t\t<\/div>\n\t\t\t\t\t\t\t<div class=\"elementor-accordion-item\">\n\t\t\t\t\t<div id=\"elementor-tab-title-9824\" class=\"elementor-tab-title\" data-tab=\"4\" role=\"tab\" aria-controls=\"elementor-tab-content-9824\" aria-expanded=\"false\">\n\t\t\t\t\t\t\t\t\t\t\t\t\t<span class=\"elementor-accordion-icon elementor-accordion-icon-left\" aria-hidden=\"true\">\n\t\t\t\t\t\t\t\t\t\t\t\t\t\t\t<span class=\"elementor-accordion-icon-closed\"><i class=\"fas fa-plus\"><\/i><\/span>\n\t\t\t\t\t\t\t\t<span class=\"elementor-accordion-icon-opened\"><i class=\"fas fa-minus\"><\/i><\/span>\n\t\t\t\t\t\t\t\t\t\t\t\t\t\t<\/span>\n\t\t\t\t\t\t\t\t\t\t\t\t<a class=\"elementor-accordion-title\" href=\"\">K\u0101 es varu k\u013c\u016bt par izplat\u012bt\u0101ju un p\u0101rdot Vapepro?<\/a>\n\t\t\t\t\t<\/div>\n\t\t\t\t\t<div id=\"elementor-tab-content-9824\" class=\"elementor-tab-content elementor-clearfix\" data-tab=\"4\" role=\"tabpanel\" aria-labelledby=\"elementor-tab-title-9824\"><p>Lai k\u013c\u016btu par m\u016bsu tirgot\u0101ju, aizpildiet anketu sada\u013c\u0101 &#8220;Tirgot\u0101ji&#8221;.<\/p><p>Ja jums pat\u012bk m\u016bsu produkts un ir interese to p\u0101rdot, tad esat laipni aicin\u0101ti m\u016bsu partneru komand\u0101. Sada\u013c\u0101 \u201cIzplat\u012bt\u0101ji\u201d aizpildiet nepiecie\u0161amo inform\u0101ciju, un m\u0113s ar jums sazin\u0101simies, cik dr\u012bz vien iesp\u0113jams. Vai ar\u012b varat zvan\u012bt pa t\u0101lruni 0884447023.<\/p><\/div>\n\t\t\t\t<\/div>\n\t\t\t\t\t\t\t<div class=\"elementor-accordion-item\">\n\t\t\t\t\t<div id=\"elementor-tab-title-9825\" class=\"elementor-tab-title\" data-tab=\"5\" role=\"tab\" aria-controls=\"elementor-tab-content-9825\" aria-expanded=\"false\">\n\t\t\t\t\t\t\t\t\t\t\t\t\t<span class=\"elementor-accordion-icon elementor-accordion-icon-left\" aria-hidden=\"true\">\n\t\t\t\t\t\t\t\t\t\t\t\t\t\t\t<span class=\"elementor-accordion-icon-closed\"><i class=\"fas fa-plus\"><\/i><\/span>\n\t\t\t\t\t\t\t\t<span class=\"elementor-accordion-icon-opened\"><i class=\"fas fa-minus\"><\/i><\/span>\n\t\t\t\t\t\t\t\t\t\t\t\t\t\t<\/span>\n\t\t\t\t\t\t\t\t\t\t\t\t<a class=\"elementor-accordion-title\" href=\"\">Kas man j\u0101dara, ja ier\u012bce izr\u0101d\u0101s boj\u0101ta?<\/a>\n\t\t\t\t\t<\/div>\n\t\t\t\t\t<div id=\"elementor-tab-content-9825\" class=\"elementor-tab-content elementor-clearfix\" data-tab=\"5\" role=\"tabpanel\" aria-labelledby=\"elementor-tab-title-9825\"><p>Ja vietne, kur\u0101 ieg\u0101d\u0101j\u0101ties ier\u012bci, boj\u0101jumu gad\u012bjum\u0101 atsak\u0101s nomain\u012bt boj\u0101to ier\u012bci, l\u016bdzu, sazinieties ar mums pa nor\u0101d\u012bto t\u0101lruni.+359 888 118 040<\/p><\/div>\n\t\t\t\t<\/div>\n\t\t\t\t\t\t\t\t<\/div>\n\t\t\t\t<\/div>\n\t\t\t\t<\/div>\n\t\t\t\t\t<\/div>\n\t\t<\/div>\n\t\t\t\t\t\t\t<\/div>\n\t\t<\/section>\n\t\t\t\t\t<\/div>\n\t\t<\/div>\n\t\t\t\t\t\t\t<\/div>\n\t\t<\/section>\n\t\t\t\t\t\t<\/div>\n\t\t\t\t\t<\/div>\n\t\t","protected":false},"excerpt":{"rendered":"<p>Bie\u017ei uzdotie jaut\u0101jumi Kas ir Vapepro? Vapepro ir elektroniska sm\u0113\u0137\u0113\u0161anas ier\u012bce, ko darbina litija jonu akumulators. Stil\u012bgs, elegants un viegli lietojams Vapepro ir \u016bdensp\u012bpe (vape pildspalva), kas ir iepriek\u0161 iepild\u012bta ar \u0161\u0137idrumu. To darbina litija jonu akumulators, un tas darbojas, ieelpojot. Bez uzl\u0101des, bez uzpild\u012b\u0161anas un bez stresa. Vapepro vienm\u0113r ir jums blakus un gatavs [&hellip;]<\/p>\n","protected":false},"author":1,"featured_media":0,"parent":0,"menu_order":0,"comment_status":"closed","ping_status":"closed","template":"","meta":{"footnotes":""},"class_list":["post-689","page","type-page","status-publish","hentry"],"yoast_head":"<!-- This site is optimized with the Yoast SEO plugin v19.2 - https:\/\/yoast.com\/wordpress\/plugins\/seo\/ -->\n<title>Frequently Asked Questions - Vapepro<\/title>\n<meta name=\"description\" content=\"Read more about Frequently Asked Questions from Vapepro - disposable vapes\" \/>\n<meta name=\"robots\" content=\"index, follow, max-snippet:-1, max-image-preview:large, max-video-preview:-1\" \/>\n<link rel=\"canonical\" href=\"https:\/\/vapepro.eu\/latvia\/frequently-asked-questions\/\" \/>\n<meta property=\"og:locale\" content=\"en_US\" \/>\n<meta property=\"og:type\" content=\"article\" \/>\n<meta property=\"og:title\" content=\"Frequently Asked Questions - Vapepro\" \/>\n<meta property=\"og:description\" content=\"Read more about Frequently Asked Questions from Vapepro - disposable vapes\" \/>\n<meta property=\"og:url\" content=\"https:\/\/vapepro.eu\/latvia\/frequently-asked-questions\/\" \/>\n<meta property=\"og:site_name\" content=\"Vapepro\" \/>\n<meta property=\"article:publisher\" content=\"https:\/\/www.facebook.com\/vapeproofficial\" \/>\n<meta property=\"article:modified_time\" content=\"2022-07-28T09:08:26+00:00\" \/>\n<meta property=\"og:image\" content=\"https:\/\/vapepro.eu\/latvia\/wp-content\/uploads\/2021\/02\/VAPEPRO-LOGO-COLORS-SOCIAL-04-removebg-preview-1.png\" \/>\n\t<meta property=\"og:image:width\" content=\"500\" \/>\n\t<meta property=\"og:image:height\" content=\"500\" \/>\n\t<meta property=\"og:image:type\" content=\"image\/png\" \/>\n<meta name=\"author\" content=\"vapepro\" \/>\n<meta name=\"twitter:card\" content=\"summary_large_image\" \/>\n<meta name=\"twitter:label1\" content=\"Est. reading time\" \/>\n\t<meta name=\"twitter:data1\" content=\"3 minutes\" \/>\n<script type=\"application\/ld+json\" class=\"yoast-schema-graph\">{\"@context\":\"https:\/\/schema.org\",\"@graph\":[{\"@type\":\"Organization\",\"@id\":\"https:\/\/vapepro.eu\/latvia\/#organization\",\"name\":\"Vapepro\",\"url\":\"https:\/\/vapepro.eu\/latvia\/\",\"sameAs\":[\"https:\/\/www.instagram.com\/vapeproofficial\/\",\"https:\/\/www.youtube.com\/channel\/UCKJ733xAz3eO6VqQdH_50iA?guided_help_flow=3\",\"https:\/\/www.facebook.com\/vapeproofficial\"],\"logo\":{\"@type\":\"ImageObject\",\"inLanguage\":\"en-US\",\"@id\":\"https:\/\/vapepro.eu\/latvia\/#\/schema\/logo\/image\/\",\"url\":\"https:\/\/vapepro.eu\/latvia\/wp-content\/uploads\/2021\/02\/VAPEPRO-LOGO-COLORS-SOCIAL-04-removebg-preview-1.png\",\"contentUrl\":\"https:\/\/vapepro.eu\/latvia\/wp-content\/uploads\/2021\/02\/VAPEPRO-LOGO-COLORS-SOCIAL-04-removebg-preview-1.png\",\"width\":500,\"height\":500,\"caption\":\"Vapepro\"},\"image\":{\"@id\":\"https:\/\/vapepro.eu\/latvia\/#\/schema\/logo\/image\/\"}},{\"@type\":\"WebSite\",\"@id\":\"https:\/\/vapepro.eu\/latvia\/#website\",\"url\":\"https:\/\/vapepro.eu\/latvia\/\",\"name\":\"Vapepro\",\"description\":\"\u0423\u0431\u0438\u0435\u0446\u044a\u0442 \u043d\u0430 \u0446\u0438\u0433\u0430\u0440\u0438\",\"publisher\":{\"@id\":\"https:\/\/vapepro.eu\/latvia\/#organization\"},\"potentialAction\":[{\"@type\":\"SearchAction\",\"target\":{\"@type\":\"EntryPoint\",\"urlTemplate\":\"https:\/\/vapepro.eu\/latvia\/?s={search_term_string}\"},\"query-input\":\"required name=search_term_string\"}],\"inLanguage\":\"en-US\"},{\"@type\":\"WebPage\",\"@id\":\"https:\/\/vapepro.eu\/latvia\/frequently-asked-questions\/#webpage\",\"url\":\"https:\/\/vapepro.eu\/latvia\/frequently-asked-questions\/\",\"name\":\"Frequently Asked Questions - Vapepro\",\"isPartOf\":{\"@id\":\"https:\/\/vapepro.eu\/latvia\/#website\"},\"datePublished\":\"2021-02-04T11:30:37+00:00\",\"dateModified\":\"2022-07-28T09:08:26+00:00\",\"description\":\"Read more about Frequently Asked Questions from Vapepro - disposable vapes\",\"breadcrumb\":{\"@id\":\"https:\/\/vapepro.eu\/latvia\/frequently-asked-questions\/#breadcrumb\"},\"inLanguage\":\"en-US\",\"potentialAction\":[{\"@type\":\"ReadAction\",\"target\":[\"https:\/\/vapepro.eu\/latvia\/frequently-asked-questions\/\"]}]},{\"@type\":\"BreadcrumbList\",\"@id\":\"https:\/\/vapepro.eu\/latvia\/frequently-asked-questions\/#breadcrumb\",\"itemListElement\":[{\"@type\":\"ListItem\",\"position\":1,\"name\":\"Home\",\"item\":\"https:\/\/vapepro.eu\/latvia\/\"},{\"@type\":\"ListItem\",\"position\":2,\"name\":\"Frequently Asked Questions\"}]}]}<\/script>\n<!-- \/ Yoast SEO plugin. -->","yoast_head_json":{"title":"Frequently Asked Questions - Vapepro","description":"Read more about Frequently Asked Questions from Vapepro - disposable vapes","robots":{"index":"index","follow":"follow","max-snippet":"max-snippet:-1","max-image-preview":"max-image-preview:large","max-video-preview":"max-video-preview:-1"},"canonical":"https:\/\/vapepro.eu\/latvia\/frequently-asked-questions\/","og_locale":"en_US","og_type":"article","og_title":"Frequently Asked Questions - Vapepro","og_description":"Read more about Frequently Asked Questions from Vapepro - disposable vapes","og_url":"https:\/\/vapepro.eu\/latvia\/frequently-asked-questions\/","og_site_name":"Vapepro","article_publisher":"https:\/\/www.facebook.com\/vapeproofficial","article_modified_time":"2022-07-28T09:08:26+00:00","og_image":[{"width":500,"height":500,"url":"https:\/\/vapepro.eu\/latvia\/wp-content\/uploads\/2021\/02\/VAPEPRO-LOGO-COLORS-SOCIAL-04-removebg-preview-1.png","type":"image\/png"}],"author":"vapepro","twitter_card":"summary_large_image","twitter_misc":{"Est. reading time":"3 minutes"},"schema":{"@context":"https:\/\/schema.org","@graph":[{"@type":"Organization","@id":"https:\/\/vapepro.eu\/latvia\/#organization","name":"Vapepro","url":"https:\/\/vapepro.eu\/latvia\/","sameAs":["https:\/\/www.instagram.com\/vapeproofficial\/","https:\/\/www.youtube.com\/channel\/UCKJ733xAz3eO6VqQdH_50iA?guided_help_flow=3","https:\/\/www.facebook.com\/vapeproofficial"],"logo":{"@type":"ImageObject","inLanguage":"en-US","@id":"https:\/\/vapepro.eu\/latvia\/#\/schema\/logo\/image\/","url":"https:\/\/vapepro.eu\/latvia\/wp-content\/uploads\/2021\/02\/VAPEPRO-LOGO-COLORS-SOCIAL-04-removebg-preview-1.png","contentUrl":"https:\/\/vapepro.eu\/latvia\/wp-content\/uploads\/2021\/02\/VAPEPRO-LOGO-COLORS-SOCIAL-04-removebg-preview-1.png","width":500,"height":500,"caption":"Vapepro"},"image":{"@id":"https:\/\/vapepro.eu\/latvia\/#\/schema\/logo\/image\/"}},{"@type":"WebSite","@id":"https:\/\/vapepro.eu\/latvia\/#website","url":"https:\/\/vapepro.eu\/latvia\/","name":"Vapepro","description":"\u0423\u0431\u0438\u0435\u0446\u044a\u0442 \u043d\u0430 \u0446\u0438\u0433\u0430\u0440\u0438","publisher":{"@id":"https:\/\/vapepro.eu\/latvia\/#organization"},"potentialAction":[{"@type":"SearchAction","target":{"@type":"EntryPoint","urlTemplate":"https:\/\/vapepro.eu\/latvia\/?s={search_term_string}"},"query-input":"required name=search_term_string"}],"inLanguage":"en-US"},{"@type":"WebPage","@id":"https:\/\/vapepro.eu\/latvia\/frequently-asked-questions\/#webpage","url":"https:\/\/vapepro.eu\/latvia\/frequently-asked-questions\/","name":"Frequently Asked Questions - Vapepro","isPartOf":{"@id":"https:\/\/vapepro.eu\/latvia\/#website"},"datePublished":"2021-02-04T11:30:37+00:00","dateModified":"2022-07-28T09:08:26+00:00","description":"Read more about Frequently Asked Questions from Vapepro - disposable vapes","breadcrumb":{"@id":"https:\/\/vapepro.eu\/latvia\/frequently-asked-questions\/#breadcrumb"},"inLanguage":"en-US","potentialAction":[{"@type":"ReadAction","target":["https:\/\/vapepro.eu\/latvia\/frequently-asked-questions\/"]}]},{"@type":"BreadcrumbList","@id":"https:\/\/vapepro.eu\/latvia\/frequently-asked-questions\/#breadcrumb","itemListElement":[{"@type":"ListItem","position":1,"name":"Home","item":"https:\/\/vapepro.eu\/latvia\/"},{"@type":"ListItem","position":2,"name":"Frequently Asked Questions"}]}]}},"_links":{"self":[{"href":"https:\/\/vapepro.eu\/latvia\/wp-json\/wp\/v2\/pages\/689","targetHints":{"allow":["GET"]}}],"collection":[{"href":"https:\/\/vapepro.eu\/latvia\/wp-json\/wp\/v2\/pages"}],"about":[{"href":"https:\/\/vapepro.eu\/latvia\/wp-json\/wp\/v2\/types\/page"}],"author":[{"embeddable":true,"href":"https:\/\/vapepro.eu\/latvia\/wp-json\/wp\/v2\/users\/1"}],"replies":[{"embeddable":true,"href":"https:\/\/vapepro.eu\/latvia\/wp-json\/wp\/v2\/comments?post=689"}],"version-history":[{"count":19,"href":"https:\/\/vapepro.eu\/latvia\/wp-json\/wp\/v2\/pages\/689\/revisions"}],"predecessor-version":[{"id":6423,"href":"https:\/\/vapepro.eu\/latvia\/wp-json\/wp\/v2\/pages\/689\/revisions\/6423"}],"wp:attachment":[{"href":"https:\/\/vapepro.eu\/latvia\/wp-json\/wp\/v2\/media?parent=689"}],"curies":[{"name":"wp","href":"https:\/\/api.w.org\/{rel}","templated":true}]}}