{"id":716,"date":"2021-02-04T14:13:42","date_gmt":"2021-02-04T12:13:42","guid":{"rendered":"https:\/\/vapepro.eu\/latvia\/privacy-policy-2\/"},"modified":"2022-07-28T11:11:09","modified_gmt":"2022-07-28T09:11:09","slug":"privacy-policy-2","status":"publish","type":"page","link":"https:\/\/vapepro.eu\/latvia\/privacy-policy-2\/","title":{"rendered":"Privacy policy"},"content":{"rendered":"\t\t<div data-elementor-type=\"wp-page\" data-elementor-id=\"716\" class=\"elementor elementor-716\" data-elementor-settings=\"[]\">\n\t\t\t\t\t\t\t<div class=\"elementor-section-wrap\">\n\t\t\t\t\t\t\t<section class=\"elementor-section elementor-top-section elementor-element elementor-element-3117945 elementor-section-boxed elementor-section-height-default elementor-section-height-default\" data-id=\"3117945\" data-element_type=\"section\" data-settings=\"{&quot;background_background&quot;:&quot;classic&quot;}\">\n\t\t\t\t\t\t<div class=\"elementor-container elementor-column-gap-default\">\n\t\t\t\t\t<div class=\"elementor-column elementor-col-100 elementor-top-column elementor-element elementor-element-b799cc0\" data-id=\"b799cc0\" data-element_type=\"column\">\n\t\t\t<div class=\"elementor-widget-wrap elementor-element-populated\">\n\t\t\t\t\t\t\t\t<div class=\"elementor-element elementor-element-b6f432d elementor-widget elementor-widget-heading\" data-id=\"b6f432d\" data-element_type=\"widget\" data-widget_type=\"heading.default\">\n\t\t\t\t<div class=\"elementor-widget-container\">\n\t\t\t<h2 class=\"elementor-heading-title elementor-size-default\">Priv\u0101tuma politika<\/h2>\t\t<\/div>\n\t\t\t\t<\/div>\n\t\t\t\t\t<\/div>\n\t\t<\/div>\n\t\t\t\t\t\t\t<\/div>\n\t\t<\/section>\n\t\t\t\t<section class=\"elementor-section elementor-top-section elementor-element elementor-element-16bcd971 elementor-section-boxed elementor-section-height-default elementor-section-height-default\" data-id=\"16bcd971\" data-element_type=\"section\" data-settings=\"{&quot;background_background&quot;:&quot;classic&quot;}\">\n\t\t\t\t\t\t<div class=\"elementor-container elementor-column-gap-default\">\n\t\t\t\t\t<div class=\"elementor-column elementor-col-100 elementor-top-column elementor-element elementor-element-c37ca73\" data-id=\"c37ca73\" data-element_type=\"column\">\n\t\t\t<div class=\"elementor-widget-wrap elementor-element-populated\">\n\t\t\t\t\t\t\t\t<div class=\"elementor-element elementor-element-c9a8521 elementor-widget elementor-widget-text-editor\" data-id=\"c9a8521\" data-element_type=\"widget\" data-widget_type=\"text-editor.default\">\n\t\t\t\t<div class=\"elementor-widget-container\">\n\t\t\t\t\t\t\t<p>Vietn\u0113 p\u0101rdot\u0101s preces ir aprakst\u012btas p\u0113c veida, kvalit\u0101tes un daudzuma. Uz\u0146\u0113mums neuz\u0146emas atbild\u012bbu par iesp\u0113jam\u0101m ieg\u0101d\u0101to Pre\u010du kr\u0101su at\u0161\u0137ir\u012bb\u0101m datoru ekr\u0101nu specifikas d\u0113\u013c. Pieteikums Pre\u010du\/Pre\u010du ieg\u0101dei tiek pie\u0146emts k\u0101 Lietot\u0101ja izteikta rakstiska piekri\u0161ana attiec\u012bb\u0101 uz Pre\u010du\/Pre\u010du veidu, kvalit\u0101ti un daudzumu.<\/p><p>Pieg\u0101de<\/p><p>Pieg\u0101des tiek veiktas uz pas\u016bt\u012bjum\u0101 nor\u0101d\u012bto kurjera adresi vai biroju. Preces sa\u0146em\u0161anas br\u012bd\u012b tiek apmaks\u0101ta pieg\u0101des cena, kas tiek samaks\u0101ta kurjeram un nav iek\u013cauta vietnes gala cen\u0101.<\/p><p>Jau veikt\u0101 pas\u016bt\u012bjuma atcel\u0161anu var veikt, izmantojot sazi\u0146as formu, t\u0101lruni vai e-pastu.<\/p><p>Apmaksa par pas\u016bt\u012btaj\u0101m prec\u0113m:<\/p><p>* Apmaksa skaidr\u0101 naud\u0101 &#8211; uz vietas m\u016bsu vietn\u0113<\/p><p>* Apmaksa p\u0113c pieg\u0101des (skaidra naud\u0101 p\u0113c pieg\u0101des)<\/p><p>Sa\u0146emot pas\u016bt\u012bt\u0101s preces, J\u016bs samaks\u0101jat kurjeram pien\u0101ko\u0161os summu. Tas ir nor\u0101d\u012bts pas\u016bt\u012bjuma cen\u0101.<\/p><p>* Bankas maks\u0101jums<\/p><p>S\u016bdz\u012bbas<\/p><p>Pretenzijas ir pak\u013cautas Prec\u0113m, kas neatbilst Vietn\u0113 noteiktaj\u0101m kvalit\u0101tes pras\u012bb\u0101m un\/vai pievienotajiem sertifik\u0101tiem, lieto\u0161anas instrukcij\u0101m un citiem, cikt\u0101l t\u0101das ir izsniegtas precei\/Prec\u0113m, k\u0101 ar\u012b t\u0101m, kuras, nododot Lietot\u0101jam, satur ac\u012bmredzami tr\u016bkumi \/ kr\u0101su to\u0146u at\u0161\u0137ir\u012bba nav uzskat\u0101ma par tr\u016bkumu, un tas nevar b\u016bt par iemeslu preces atgrie\u0161anai !!! \/. \u0160im nol\u016bkam, veicot pieg\u0101di, Lietot\u0101js pavadz\u012bm\u0113 atz\u012bm\u0113 ac\u012bmredzamus defektus un\/vai daudzuma neatbilst\u012bbas, pret\u0113j\u0101 gad\u012bjum\u0101 tiek uzskat\u012bts, ka pre\u010du daudzums atbilst pas\u016bt\u012btajam un l\u012bgums ir prec\u012bzi izpild\u012bts.<\/p><p>Iz\u0146emot daudzuma neatbilst\u012bbas gad\u012bjumus, pretenzijas par ieg\u0101d\u0101taj\u0101m un pieg\u0101d\u0101taj\u0101m Prec\u0113m var iesniegt 14 dienu laik\u0101 no pieg\u0101des dienas.<\/p><p>Saska\u0146\u0101 ar Pat\u0113r\u0113t\u0101ju ties\u012bbu aizsardz\u012bbas likumu (Pat\u0113r\u0113t\u0101ju ties\u012bbu aizsardz\u012bbas likums) preces, ko klients sa\u0146\u0113mis tie\u0161saistes tirdzniec\u012bbas b\u016bt\u012bbas d\u0113\u013c, bez nep\u0101rprotama iemesla var tikt atgrieztas 14 dienu laik\u0101 p\u0113c ieg\u0101des, no pieg\u0101des dienas ar transportu uz kam\u0113r preces st\u0101voklis ir t\u0101ds pats k\u0101 pieg\u0101des br\u012bd\u012b klientam (ieskaitot neskartu iepakojumu).<\/p><p>Ja jums ir pretenzijas, varat sazin\u0101ties ar mums pa t\u0101lruni +359898693087 vai s\u016bt\u012bt mums e-pastu uz office@maskpro.eu.<\/p><p>Ja jums ir probl\u0113mas ar iepirk\u0161anos tie\u0161saist\u0113, varat sazin\u0101ties ar vietni https:\/\/kzp.bg\/<\/p><p>Tie\u0161saistes str\u012bdu iz\u0161\u0137ir\u0161anas platforma https:\/\/ec.europa.eu\/consumers\/odr\/main\/index.cfm?event=main.home.show&amp;lng=EN<\/p><p>Atteikumu politika<\/p><p>M\u0113s garant\u0113jam visu m\u016bsu produktu kvalit\u0101ti. Ja tie tom\u0113r neatbilst J\u016bsu pras\u012bb\u0101m, Jums ir ties\u012bbas 14 dienu laik\u0101 no pas\u016bt\u012bjuma anul\u0113t vienu vai vair\u0101kas preces, sazinoties ar mums pa e-pastu +359898693087 vai rakstot uz biroju @ maskpro. eu.<\/p><p>L\u016bdzu, r\u016bp\u0113jieties par produktiem, kam\u0113r tie atrodas pie jums, k\u0101 ar\u012b atdodot tos, lai izvair\u012btos no boj\u0101jumiem vai zudumiem transport\u0113\u0161anas laik\u0101.<\/p><p>Atgrie\u017eot preces, l\u016bdzu, \u0146emiet v\u0113r\u0101 sekojo\u0161o:<\/p><p>Atteikt\u0101s(-o) preces(-u) summas atmaksa p\u0113c m\u016bsu darbinieka apstiprin\u0101juma, ka atgriezt\u0101s preces atbilst augst\u0101k min\u0113tajiem krit\u0113rijiem, tiek veikta s\u0101kotn\u0113j\u0101 maks\u0101juma veid\u0101, t. ja maks\u0101j\u0101t ar debetkarti, summa tiek atmaks\u0101ta ar kred\u012bta dar\u012bjumu ar to pa\u0161u karti, 14 darba dienu laik\u0101 p\u0113c atgrie\u017eam\u0101s preces sa\u0146em\u0161anas. Veicot maks\u0101jumu skaidr\u0101 naud\u0101 p\u0113c pieg\u0101des vai bankas p\u0101rskait\u012bjumu, summa par atgriezto preci(-\u0113m) tiks atmaks\u0101ta ar p\u0101rskait\u012bjumu uz J\u016bsu nor\u0101d\u012bto bankas kontu.<\/p><p>M\u0113s neatmaks\u0101jam preces, kas atgrieztas p\u0113c 14.\u00a0dienas sa\u0146em\u0161anas, boj\u0101tas, lietotas preces vai preces ar boj\u0101tu iepakojumu. \u0160\u0101dos gad\u012bjumos m\u0113s atgriez\u012bsim preces atpaka\u013c uz j\u016bsu r\u0113\u0137ina.<\/p><p>Pirkuma atteikuma politika nep\u0101rk\u0101pj pirc\u0113ja pat\u0113r\u0113t\u0101ja ties\u012bbas defekt\u012bvu\/boj\u0101tu pre\u010du gad\u012bjumos.<\/p><p>Lietot\u0101ja ties\u012bbas un pien\u0101kumi<\/p><p>Lietot\u0101jam ir ties\u012bbas apskat\u012bt, pas\u016bt\u012bt un sa\u0146emt Preces no Vietnes saska\u0146\u0101 ar taj\u0101 nor\u0101d\u012btajiem noteikumiem un nosac\u012bjumiem.<\/p><p>Lietot\u0101jam ir ties\u012bbas b\u016bt inform\u0113tam par sava Pas\u016bt\u012bjuma statusu.<\/p><p>Lietot\u0101jam ir ties\u012bbas sa\u0146emt pas\u016bt\u012bt\u0101s Preces\/Preces uz nor\u0101d\u012bto pieg\u0101des adresi, p\u0113c apstiprin\u0101\u0161anas pa t\u0101lr.<\/p><p>Lietot\u0101jam ir pien\u0101kums samaks\u0101t pas\u016bt\u012bjuma cenu saska\u0146\u0101 ar Vietn\u0113 nor\u0101d\u012bto k\u0101rt\u012bbu.<\/p><p>Katrs Lietot\u0101js neatkar\u012bgi no t\u0101, vai vi\u0146\u0161 ir veicis Pas\u016bt\u012bjumu vai n\u0113, izmantojot Vietni, ap\u0146emas:<\/p><p>* Nep\u0101rk\u0101pt un cien\u012bt pilso\u0146u ties\u012bbas un br\u012bv\u012bbas saska\u0146\u0101 ar Konstit\u016bciju, Bulg\u0101rijas Republikas likumiem un starptautiskajiem aktiem, kuru puse t\u0101 ir, mor\u0101les, labas manieres un interneta \u0113tikas noteikumus;<\/p><p>* Nep\u0101rk\u0101pt citu cilv\u0113ku mantisk\u0101s vai nemantisk\u0101s, absol\u016bt\u0101s vai relat\u012bv\u0101s ties\u012bbas un intereses, piem\u0113ram, \u012bpa\u0161uma ties\u012bbas, intelektu\u0101l\u0101 \u012bpa\u0161uma ties\u012bbas u.c.;<\/p><p>* Neveiciet \u013caunpr\u0101t\u012bgas darb\u012bbas.* Neizdariet \u013caunpr\u0101t\u012bgas darb\u012bbas.<\/p><p>MaskPro ties\u012bbas un pien\u0101kumi<\/p><p>Ir ties\u012bbas, bet ne pien\u0101kums, glab\u0101t materi\u0101lus un inform\u0101ciju, ko Lietot\u0101js ir izmantojis\/atrodas m\u016bsu server\u012b vai dar\u012bjis pieejamu tre\u0161aj\u0101m person\u0101m, un sniegt tos tre\u0161aj\u0101m person\u0101m un attiec\u012bgaj\u0101m valsts iest\u0101d\u0113m gad\u012bjumos, kad tas ir nepiecie\u0161ams, lai saglab\u0101tu ties\u012bbas un likum\u012bg\u0101s intereses, MaskPro.eu, k\u0101 ar\u012b tre\u0161o personu \u012bpa\u0161ums un dro\u0161\u012bba gad\u012bjumos, kad tiek celtas pras\u012bbas par vi\u0146u ties\u012bbu p\u0101rk\u0101pumiem saist\u012bb\u0101 ar izmantoto vai izplat\u012bto inform\u0101ciju vai materi\u0101liem, k\u0101 ar\u012b gad\u012bjumos, kad materi\u0101li vai inform\u0101cija ir ko pieprasa valsts iest\u0101des, pamatojoties uz nep\u0101rprotamu ties\u012bbu normu.<\/p><p>MaskPro ir ties\u012bbas jebkur\u0101 laik\u0101, nebr\u012bdinot Lietot\u0101ju, kad p\u0113d\u0113jais izmanto vietni, p\u0101rk\u0101pjot \u0161os noteikumus un nosac\u012bjumus, un p\u0113c MaskPro ieskatiem p\u0101rtraukt lietot\u0101ja piek\u013cuvi Vietnei. MaskPro nav atbild\u012bgs Lietot\u0101jiem un tre\u0161aj\u0101m person\u0101m par zaud\u0113jumiem un neg\u016bto pe\u013c\u0146u, kas radusies p\u0101rs\u016bt\u012bto, izmantoto zi\u0146ojumu, materi\u0101lu vai inform\u0101cijas p\u0101rtrauk\u0161anas, aptur\u0113\u0161anas, modific\u0113\u0161anas vai piek\u013cuves ierobe\u017eo\u0161anas, dz\u0113\u0161anas, modifik\u0101cijas, zaud\u0113\u0161anas, neprecizit\u0101tes, neprecizit\u0101tes vai nepiln\u012bbas d\u0113\u013c, , ierakst\u012bts vai dar\u012bts pieejams, izmantojot vietni MaskPro.eu<\/p><p>Lietot\u0101ja pien\u0101kums ir atl\u012bdzin\u0101t MaskPro un vis\u0101m tre\u0161aj\u0101m person\u0101m visus zaud\u0113jumus un neg\u016bto pe\u013c\u0146u, tostarp visas izmaksas un samaks\u0101t\u0101s advok\u0101ta honor\u0101rus, kas radu\u0161\u0101s pras\u012bbu un\/vai izmaks\u0101tas kompens\u0101cijas tre\u0161aj\u0101m person\u0101m saist\u012bb\u0101 ar Vietni, hipersait\u0113m, materi\u0101liem vai inform\u0101ciju. ko Lietot\u0101js ir izmantojis, ievietojis m\u016bsu server\u012b, nos\u016bt\u012bjis, izplat\u012bjis, padar\u012bjis pieejamu tre\u0161aj\u0101m person\u0101m vai dar\u012bjis pieejamu ar MaskPro starpniec\u012bbu, p\u0101rk\u0101pjot likumu, \u0161os noteikumus un nosac\u012bjumus, labas manieres vai interneta \u0113tiku.<\/p><p>MaskPro ir ties\u012bbas vietnes Lietot\u0101jiem nos\u016bt\u012bt ikned\u0113\u013cas bi\u013cetenu, ja vi\u0146i ir apstiprin\u0101ju\u0161i savu v\u0113lmi to dar\u012bt. \u0160aj\u0101 v\u0113stul\u0113 ir ietvertas aktu\u0101l\u0101s akcijas, jauni produkti, jaunumi gaid\u0101majiem sv\u0113tkiem, svaigas d\u0101vanu idejas un daudz kas cits. MaskPro nav ties\u012bbu nos\u016bt\u012bt \u0161o v\u0113stuli Lietot\u0101jiem, kuri ir skaidri nor\u0101d\u012bju\u0161i, ka nev\u0113las to sa\u0146emt.<\/p><p>MaskPro ir ties\u012bbas v\u0101kt un izmantot inform\u0101ciju par saviem Lietot\u0101jiem.<\/p><p>Iepriek\u0161\u0113j\u0101 rakst\u0101 sniegto inform\u0101ciju MaskPro var izmantot, iz\u0146emot nep\u0101rprotamu Lietot\u0101ja domstarp\u012bbu gad\u012bjum\u0101, nos\u016btot uz \u0161o e-pasta adresi office@maskpro.eu. MaskPro apkopo un izmanto inform\u0101ciju, lai uzlabotu Pre\u010du pieg\u0101di un pat\u0113r\u0113t\u0101ju vajadz\u012bbu apmierin\u0101\u0161anu. Visi m\u0113r\u0137i, kuriem MaskPro izmantos inform\u0101ciju, b\u016bs saska\u0146\u0101 ar Bulg\u0101rijas ties\u012bbu aktiem, piem\u0113rojamiem starptautiskajiem aktiem, lab\u0101m manier\u0113m un interneta \u0113tiku.<\/p><p>MaskPro garant\u0113 saviem Lietot\u0101jiem sniegt\u0101s inform\u0101cijas un personas datu konfidencialit\u0101ti. P\u0113d\u0113jie netiks izmantoti, nodro\u0161in\u0101ti vai dar\u012bti zin\u0101mi tre\u0161aj\u0101m person\u0101m, iz\u0146emot gad\u012bjumos un apst\u0101k\u013cos, kas nor\u0101d\u012bti \u0161ajos Visp\u0101r\u0113jos noteikumos un nosac\u012bjumos.<\/p><p>MaskPro ir ties\u012bbas instal\u0113t s\u012bkfailus lietot\u0101ju datoros. Tie ir teksta faili, kurus Vietne saglab\u0101 Lietot\u0101ja cietaj\u0101 disk\u0101 un \u013cauj atg\u016bt inform\u0101ciju par Lietot\u0101ju, identific\u0113jot un \u013caujot izsekot vi\u0146a darb\u012bb\u0101m, vi\u0146a apmekl\u0113taj\u0101m interneta lap\u0101m, hipersait\u0113m, ko vi\u0146\u0161 izmanto, inform\u0101ciju, ko vi\u0146\u0161 izmanto un ieraksta. citi.<\/p><p>Personas datu aizsardz\u012bba. Konfidencialit\u0101te.<\/p><p>Saska\u0146\u0101 ar Fizisko personu datu aizsardz\u012bbas likumu Lietot\u0101jam ir ties\u012bbas piek\u013c\u016bt saviem personas datiem, kurus vi\u0146\u0161 ir ievad\u012bjis vai k\u013cuvu\u0161i pieejami MaskPro, izmantojot to Vietn\u0113, k\u0101 ar\u012b labot \u0161os personas datus.<\/p><p>Lietot\u0101ji, kuri ir aizpild\u012bju\u0161i re\u0123istr\u0101cijas veidlapu un ir piekritu\u0161i \u0161iem visp\u0101r\u012bgajiem noteikumiem un nosac\u012bjumiem, nep\u0101rprotami piekr\u012bt, ka MaskPro vi\u0146u sniegtos personas datus apstr\u0101d\u0101s elektroniski, pieg\u0101d\u0101jot pas\u016bt\u012bt\u0101s preces vai pakalpojumus.<\/p><p>Lietot\u0101ji savus personas datus sniedz br\u012bvpr\u0101t\u012bgi, lai tos identific\u0113tu Vietnes lieto\u0161anas proces\u0101, un MaskPro tos var uzglab\u0101t, apstr\u0101d\u0101t un izmantot pied\u0101v\u0101to pakalpojumu uztur\u0113\u0161anas un mazumtirdzniec\u012bb\u0101 pied\u0101v\u0101to pre\u010du un pakalpojumu reklam\u0113\u0161anas nol\u016bkos. MaskPro veikalu \u0137\u0113des, piem\u0113ram, bi\u013cetenu, SMS un citu zi\u0146u sa\u0146em\u0161ana.<\/p><p>MaskPro pazi\u0146o, ka vietnes Lietot\u0101ju sniegtie personas dati netiek nodoti tre\u0161aj\u0101m person\u0101m rekl\u0101mas, veicin\u0101\u0161anas un\/vai jebk\u0101diem citiem nol\u016bkiem.<\/p><p>MaskPro patur ties\u012bbas izmantot Lietot\u0101ju IP adreses un citus datus, lai atkl\u0101tu vi\u0146u identit\u0101ti gad\u012bjumos, kad tas nepiecie\u0161ams, pamatojoties uz attiec\u012bg\u0101s valsts iest\u0101des r\u012bkojumu, kas izdots noteikt\u0101 laik\u0101 vai lai iev\u0113rotu tiesisk\u0101s proced\u016bras, vai iev\u0113rot e-komercijas vietnes visp\u0101r\u012bgos nosac\u012bjumus.<\/p><p>Pazi\u0146ojumi<\/p><p>Ja vien nav skaidri nor\u0101d\u012bts cit\u0101di, visi pazi\u0146ojumi, kas saist\u012bti ar Pre\u010du pas\u016bt\u012b\u0161anu un pieg\u0101di, izmantojot Vietni, tiek sniegti uz Vietnes labi redzam\u0101 viet\u0101 nor\u0101d\u012btajiem t\u0101lru\u0146u numuriem\/kontaktadres\u0113m un attiec\u012bgi uz nor\u0101d\u012btajiem Lietot\u0101ja t\u0101lru\u0146u numuriem\/kontaktadres\u0113m, t.sk. e-pasta adreses. Lietot\u0101js jebkur\u0101 laik\u0101 var uzzin\u0101t par sava pas\u016bt\u012bjuma statusu sada\u013c\u0101 &#8220;Mani pas\u016bt\u012bjumi&#8221; \u0160\u0101d\u0101 veid\u0101 sniegtie pazi\u0146ojumi tiek uzskat\u012bti par pien\u0101c\u012bgi sa\u0146emtiem, kam\u0113r nav pier\u0101d\u012bts pret\u0113jais.<\/p>\t\t\t\t\t\t<\/div>\n\t\t\t\t<\/div>\n\t\t\t\t\t<\/div>\n\t\t<\/div>\n\t\t\t\t\t\t\t<\/div>\n\t\t<\/section>\n\t\t\t\t\t\t<\/div>\n\t\t\t\t\t<\/div>\n\t\t","protected":false},"excerpt":{"rendered":"<p>Priv\u0101tuma politika Vietn\u0113 p\u0101rdot\u0101s preces ir aprakst\u012btas p\u0113c veida, kvalit\u0101tes un daudzuma. Uz\u0146\u0113mums neuz\u0146emas atbild\u012bbu par iesp\u0113jam\u0101m ieg\u0101d\u0101to Pre\u010du kr\u0101su at\u0161\u0137ir\u012bb\u0101m datoru ekr\u0101nu specifikas d\u0113\u013c. Pieteikums Pre\u010du\/Pre\u010du ieg\u0101dei tiek pie\u0146emts k\u0101 Lietot\u0101ja izteikta rakstiska piekri\u0161ana attiec\u012bb\u0101 uz Pre\u010du\/Pre\u010du veidu, kvalit\u0101ti un daudzumu. Pieg\u0101de Pieg\u0101des tiek veiktas uz pas\u016bt\u012bjum\u0101 nor\u0101d\u012bto kurjera adresi vai biroju. Preces sa\u0146em\u0161anas [&hellip;]<\/p>\n","protected":false},"author":1,"featured_media":0,"parent":0,"menu_order":0,"comment_status":"closed","ping_status":"open","template":"","meta":{"footnotes":""},"class_list":["post-716","page","type-page","status-publish","hentry"],"yoast_head":"<!-- This site is optimized with the Yoast SEO plugin v19.2 - https:\/\/yoast.com\/wordpress\/plugins\/seo\/ -->\n<title>Privacy policy - Vapepro<\/title>\n<meta name=\"description\" content=\"Read more about Privacy policy from Vapepro - disposable vapes\" \/>\n<meta name=\"robots\" content=\"index, follow, max-snippet:-1, max-image-preview:large, max-video-preview:-1\" \/>\n<link rel=\"canonical\" href=\"https:\/\/vapepro.eu\/latvia\/privacy-policy-2\/\" \/>\n<meta property=\"og:locale\" content=\"en_US\" \/>\n<meta property=\"og:type\" content=\"article\" \/>\n<meta property=\"og:title\" content=\"Privacy policy - Vapepro\" \/>\n<meta property=\"og:description\" content=\"Read more about Privacy policy from Vapepro - disposable vapes\" \/>\n<meta property=\"og:url\" content=\"https:\/\/vapepro.eu\/latvia\/privacy-policy-2\/\" \/>\n<meta property=\"og:site_name\" content=\"Vapepro\" \/>\n<meta property=\"article:publisher\" content=\"https:\/\/www.facebook.com\/vapeproofficial\" \/>\n<meta property=\"article:modified_time\" content=\"2022-07-28T09:11:09+00:00\" \/>\n<meta property=\"og:image\" content=\"https:\/\/vapepro.eu\/latvia\/wp-content\/uploads\/2021\/02\/VAPEPRO-LOGO-COLORS-SOCIAL-04-removebg-preview-1.png\" \/>\n\t<meta property=\"og:image:width\" content=\"500\" \/>\n\t<meta property=\"og:image:height\" content=\"500\" \/>\n\t<meta property=\"og:image:type\" content=\"image\/png\" \/>\n<meta name=\"author\" content=\"vapepro\" \/>\n<meta name=\"twitter:card\" content=\"summary_large_image\" \/>\n<meta name=\"twitter:label1\" content=\"Est. reading time\" \/>\n\t<meta name=\"twitter:data1\" content=\"6 minutes\" \/>\n<script type=\"application\/ld+json\" class=\"yoast-schema-graph\">{\"@context\":\"https:\/\/schema.org\",\"@graph\":[{\"@type\":\"Organization\",\"@id\":\"https:\/\/vapepro.eu\/latvia\/#organization\",\"name\":\"Vapepro\",\"url\":\"https:\/\/vapepro.eu\/latvia\/\",\"sameAs\":[\"https:\/\/www.instagram.com\/vapeproofficial\/\",\"https:\/\/www.youtube.com\/channel\/UCKJ733xAz3eO6VqQdH_50iA?guided_help_flow=3\",\"https:\/\/www.facebook.com\/vapeproofficial\"],\"logo\":{\"@type\":\"ImageObject\",\"inLanguage\":\"en-US\",\"@id\":\"https:\/\/vapepro.eu\/latvia\/#\/schema\/logo\/image\/\",\"url\":\"https:\/\/vapepro.eu\/latvia\/wp-content\/uploads\/2021\/02\/VAPEPRO-LOGO-COLORS-SOCIAL-04-removebg-preview-1.png\",\"contentUrl\":\"https:\/\/vapepro.eu\/latvia\/wp-content\/uploads\/2021\/02\/VAPEPRO-LOGO-COLORS-SOCIAL-04-removebg-preview-1.png\",\"width\":500,\"height\":500,\"caption\":\"Vapepro\"},\"image\":{\"@id\":\"https:\/\/vapepro.eu\/latvia\/#\/schema\/logo\/image\/\"}},{\"@type\":\"WebSite\",\"@id\":\"https:\/\/vapepro.eu\/latvia\/#website\",\"url\":\"https:\/\/vapepro.eu\/latvia\/\",\"name\":\"Vapepro\",\"description\":\"\u0423\u0431\u0438\u0435\u0446\u044a\u0442 \u043d\u0430 \u0446\u0438\u0433\u0430\u0440\u0438\",\"publisher\":{\"@id\":\"https:\/\/vapepro.eu\/latvia\/#organization\"},\"potentialAction\":[{\"@type\":\"SearchAction\",\"target\":{\"@type\":\"EntryPoint\",\"urlTemplate\":\"https:\/\/vapepro.eu\/latvia\/?s={search_term_string}\"},\"query-input\":\"required name=search_term_string\"}],\"inLanguage\":\"en-US\"},{\"@type\":\"WebPage\",\"@id\":\"https:\/\/vapepro.eu\/latvia\/privacy-policy-2\/#webpage\",\"url\":\"https:\/\/vapepro.eu\/latvia\/privacy-policy-2\/\",\"name\":\"Privacy policy - Vapepro\",\"isPartOf\":{\"@id\":\"https:\/\/vapepro.eu\/latvia\/#website\"},\"datePublished\":\"2021-02-04T12:13:42+00:00\",\"dateModified\":\"2022-07-28T09:11:09+00:00\",\"description\":\"Read more about Privacy policy from Vapepro - disposable vapes\",\"breadcrumb\":{\"@id\":\"https:\/\/vapepro.eu\/latvia\/privacy-policy-2\/#breadcrumb\"},\"inLanguage\":\"en-US\",\"potentialAction\":[{\"@type\":\"ReadAction\",\"target\":[\"https:\/\/vapepro.eu\/latvia\/privacy-policy-2\/\"]}]},{\"@type\":\"BreadcrumbList\",\"@id\":\"https:\/\/vapepro.eu\/latvia\/privacy-policy-2\/#breadcrumb\",\"itemListElement\":[{\"@type\":\"ListItem\",\"position\":1,\"name\":\"Home\",\"item\":\"https:\/\/vapepro.eu\/latvia\/\"},{\"@type\":\"ListItem\",\"position\":2,\"name\":\"Privacy policy\"}]}]}<\/script>\n<!-- \/ Yoast SEO plugin. -->","yoast_head_json":{"title":"Privacy policy - Vapepro","description":"Read more about Privacy policy from Vapepro - disposable vapes","robots":{"index":"index","follow":"follow","max-snippet":"max-snippet:-1","max-image-preview":"max-image-preview:large","max-video-preview":"max-video-preview:-1"},"canonical":"https:\/\/vapepro.eu\/latvia\/privacy-policy-2\/","og_locale":"en_US","og_type":"article","og_title":"Privacy policy - Vapepro","og_description":"Read more about Privacy policy from Vapepro - disposable vapes","og_url":"https:\/\/vapepro.eu\/latvia\/privacy-policy-2\/","og_site_name":"Vapepro","article_publisher":"https:\/\/www.facebook.com\/vapeproofficial","article_modified_time":"2022-07-28T09:11:09+00:00","og_image":[{"width":500,"height":500,"url":"https:\/\/vapepro.eu\/latvia\/wp-content\/uploads\/2021\/02\/VAPEPRO-LOGO-COLORS-SOCIAL-04-removebg-preview-1.png","type":"image\/png"}],"author":"vapepro","twitter_card":"summary_large_image","twitter_misc":{"Est. reading time":"6 minutes"},"schema":{"@context":"https:\/\/schema.org","@graph":[{"@type":"Organization","@id":"https:\/\/vapepro.eu\/latvia\/#organization","name":"Vapepro","url":"https:\/\/vapepro.eu\/latvia\/","sameAs":["https:\/\/www.instagram.com\/vapeproofficial\/","https:\/\/www.youtube.com\/channel\/UCKJ733xAz3eO6VqQdH_50iA?guided_help_flow=3","https:\/\/www.facebook.com\/vapeproofficial"],"logo":{"@type":"ImageObject","inLanguage":"en-US","@id":"https:\/\/vapepro.eu\/latvia\/#\/schema\/logo\/image\/","url":"https:\/\/vapepro.eu\/latvia\/wp-content\/uploads\/2021\/02\/VAPEPRO-LOGO-COLORS-SOCIAL-04-removebg-preview-1.png","contentUrl":"https:\/\/vapepro.eu\/latvia\/wp-content\/uploads\/2021\/02\/VAPEPRO-LOGO-COLORS-SOCIAL-04-removebg-preview-1.png","width":500,"height":500,"caption":"Vapepro"},"image":{"@id":"https:\/\/vapepro.eu\/latvia\/#\/schema\/logo\/image\/"}},{"@type":"WebSite","@id":"https:\/\/vapepro.eu\/latvia\/#website","url":"https:\/\/vapepro.eu\/latvia\/","name":"Vapepro","description":"\u0423\u0431\u0438\u0435\u0446\u044a\u0442 \u043d\u0430 \u0446\u0438\u0433\u0430\u0440\u0438","publisher":{"@id":"https:\/\/vapepro.eu\/latvia\/#organization"},"potentialAction":[{"@type":"SearchAction","target":{"@type":"EntryPoint","urlTemplate":"https:\/\/vapepro.eu\/latvia\/?s={search_term_string}"},"query-input":"required name=search_term_string"}],"inLanguage":"en-US"},{"@type":"WebPage","@id":"https:\/\/vapepro.eu\/latvia\/privacy-policy-2\/#webpage","url":"https:\/\/vapepro.eu\/latvia\/privacy-policy-2\/","name":"Privacy policy - Vapepro","isPartOf":{"@id":"https:\/\/vapepro.eu\/latvia\/#website"},"datePublished":"2021-02-04T12:13:42+00:00","dateModified":"2022-07-28T09:11:09+00:00","description":"Read more about Privacy policy from Vapepro - disposable vapes","breadcrumb":{"@id":"https:\/\/vapepro.eu\/latvia\/privacy-policy-2\/#breadcrumb"},"inLanguage":"en-US","potentialAction":[{"@type":"ReadAction","target":["https:\/\/vapepro.eu\/latvia\/privacy-policy-2\/"]}]},{"@type":"BreadcrumbList","@id":"https:\/\/vapepro.eu\/latvia\/privacy-policy-2\/#breadcrumb","itemListElement":[{"@type":"ListItem","position":1,"name":"Home","item":"https:\/\/vapepro.eu\/latvia\/"},{"@type":"ListItem","position":2,"name":"Privacy policy"}]}]}},"_links":{"self":[{"href":"https:\/\/vapepro.eu\/latvia\/wp-json\/wp\/v2\/pages\/716","targetHints":{"allow":["GET"]}}],"collection":[{"href":"https:\/\/vapepro.eu\/latvia\/wp-json\/wp\/v2\/pages"}],"about":[{"href":"https:\/\/vapepro.eu\/latvia\/wp-json\/wp\/v2\/types\/page"}],"author":[{"embeddable":true,"href":"https:\/\/vapepro.eu\/latvia\/wp-json\/wp\/v2\/users\/1"}],"replies":[{"embeddable":true,"href":"https:\/\/vapepro.eu\/latvia\/wp-json\/wp\/v2\/comments?post=716"}],"version-history":[{"count":14,"href":"https:\/\/vapepro.eu\/latvia\/wp-json\/wp\/v2\/pages\/716\/revisions"}],"predecessor-version":[{"id":6432,"href":"https:\/\/vapepro.eu\/latvia\/wp-json\/wp\/v2\/pages\/716\/revisions\/6432"}],"wp:attachment":[{"href":"https:\/\/vapepro.eu\/latvia\/wp-json\/wp\/v2\/media?parent=716"}],"curies":[{"name":"wp","href":"https:\/\/api.w.org\/{rel}","templated":true}]}}