{"id":6063,"date":"2021-06-10T07:31:08","date_gmt":"2021-06-15T11:44:30","guid":{"rendered":"https:\/\/vapepro.eu\/latvia\/produkt\/hawaiian-pineapple-7\/"},"modified":"2022-07-28T11:21:34","modified_gmt":"2022-07-28T09:21:34","slug":"hawaiian-pineapple-7-2","status":"publish","type":"product","link":"https:\/\/vapepro.eu\/latvia\/produkt\/hawaiian-pineapple-7-2\/","title":{"rendered":"Hawaiian Pineapple #7"},"content":{"rendered":"","protected":false},"excerpt":{"rendered":"<p>Pieskarieties sav\u0101m l\u016bp\u0101m Aug\u013cu karalim!<br \/>\nAr savu unik\u0101lo saldo smar\u017eu Vapepro Hawaiian Pineapple ir ide\u0101ls papildin\u0101jums karst\u0101m saulain\u0101m dien\u0101m.<br \/>\nT\u0101s gar\u0161a garant\u0113, ka j\u016bs savaldzin\u0101siet jau no pirm\u0101 elpas vilciena.<\/p>\n","protected":false},"featured_media":6283,"comment_status":"open","ping_status":"closed","template":"","meta":[],"product_cat":[61],"product_tag":[],"class_list":["post-6063","product","type-product","status-publish","has-post-thumbnail","hentry","product_cat-nicotine-free-en-2"],"yoast_head":"<!-- This site is optimized with the Yoast SEO plugin v19.2 - https:\/\/yoast.com\/wordpress\/plugins\/seo\/ -->\n<title>Hawaiian Pineapple #7 - Vapepro<\/title>\n<meta name=\"description\" content=\"Choose Hawaiian Pineapple #7 . See other products from\" \/>\n<meta name=\"robots\" content=\"index, follow, max-snippet:-1, max-image-preview:large, max-video-preview:-1\" \/>\n<link rel=\"canonical\" href=\"https:\/\/vapepro.eu\/latvia\/produkt\/hawaiian-pineapple-7-2\/\" \/>\n<meta property=\"og:locale\" content=\"en_US\" \/>\n<meta property=\"og:type\" content=\"article\" \/>\n<meta property=\"og:title\" content=\"Hawaiian Pineapple #7 - Vapepro\" \/>\n<meta property=\"og:description\" content=\"Choose Hawaiian Pineapple #7 . See other products from\" \/>\n<meta property=\"og:url\" content=\"https:\/\/vapepro.eu\/latvia\/produkt\/hawaiian-pineapple-7-2\/\" \/>\n<meta property=\"og:site_name\" content=\"Vapepro\" \/>\n<meta property=\"article:publisher\" content=\"https:\/\/www.facebook.com\/vapeproofficial\" \/>\n<meta property=\"article:modified_time\" content=\"2022-07-28T09:21:34+00:00\" \/>\n<meta property=\"og:image\" content=\"https:\/\/vapepro.eu\/latvia\/wp-content\/uploads\/2022\/03\/07-PINEAPPLE-SEXY-F-TRANS-EN.png\" \/>\n\t<meta property=\"og:image:width\" content=\"894\" \/>\n\t<meta property=\"og:image:height\" content=\"1024\" \/>\n\t<meta property=\"og:image:type\" content=\"image\/png\" \/>\n<meta name=\"author\" content=\"vapepro\" \/>\n<meta name=\"twitter:card\" content=\"summary_large_image\" \/>\n<script type=\"application\/ld+json\" class=\"yoast-schema-graph\">{\"@context\":\"https:\/\/schema.org\",\"@graph\":[{\"@type\":\"Organization\",\"@id\":\"https:\/\/vapepro.eu\/latvia\/#organization\",\"name\":\"Vapepro\",\"url\":\"https:\/\/vapepro.eu\/latvia\/\",\"sameAs\":[\"https:\/\/www.instagram.com\/vapeproofficial\/\",\"https:\/\/www.youtube.com\/channel\/UCKJ733xAz3eO6VqQdH_50iA?guided_help_flow=3\",\"https:\/\/www.facebook.com\/vapeproofficial\"],\"logo\":{\"@type\":\"ImageObject\",\"inLanguage\":\"en-US\",\"@id\":\"https:\/\/vapepro.eu\/latvia\/#\/schema\/logo\/image\/\",\"url\":\"https:\/\/vapepro.eu\/latvia\/wp-content\/uploads\/2021\/02\/VAPEPRO-LOGO-COLORS-SOCIAL-04-removebg-preview-1.png\",\"contentUrl\":\"https:\/\/vapepro.eu\/latvia\/wp-content\/uploads\/2021\/02\/VAPEPRO-LOGO-COLORS-SOCIAL-04-removebg-preview-1.png\",\"width\":500,\"height\":500,\"caption\":\"Vapepro\"},\"image\":{\"@id\":\"https:\/\/vapepro.eu\/latvia\/#\/schema\/logo\/image\/\"}},{\"@type\":\"WebSite\",\"@id\":\"https:\/\/vapepro.eu\/latvia\/#website\",\"url\":\"https:\/\/vapepro.eu\/latvia\/\",\"name\":\"Vapepro\",\"description\":\"\u0423\u0431\u0438\u0435\u0446\u044a\u0442 \u043d\u0430 \u0446\u0438\u0433\u0430\u0440\u0438\",\"publisher\":{\"@id\":\"https:\/\/vapepro.eu\/latvia\/#organization\"},\"potentialAction\":[{\"@type\":\"SearchAction\",\"target\":{\"@type\":\"EntryPoint\",\"urlTemplate\":\"https:\/\/vapepro.eu\/latvia\/?s={search_term_string}\"},\"query-input\":\"required name=search_term_string\"}],\"inLanguage\":\"en-US\"},{\"@type\":\"ImageObject\",\"inLanguage\":\"en-US\",\"@id\":\"https:\/\/vapepro.eu\/latvia\/produkt\/hawaiian-pineapple-7-2\/#primaryimage\",\"url\":\"https:\/\/vapepro.eu\/latvia\/wp-content\/uploads\/2022\/03\/07-PINEAPPLE-SEXY-F-TRANS-EN.png\",\"contentUrl\":\"https:\/\/vapepro.eu\/latvia\/wp-content\/uploads\/2022\/03\/07-PINEAPPLE-SEXY-F-TRANS-EN.png\",\"width\":894,\"height\":1024},{\"@type\":\"WebPage\",\"@id\":\"https:\/\/vapepro.eu\/latvia\/produkt\/hawaiian-pineapple-7-2\/#webpage\",\"url\":\"https:\/\/vapepro.eu\/latvia\/produkt\/hawaiian-pineapple-7-2\/\",\"name\":\"Hawaiian Pineapple #7 - Vapepro\",\"isPartOf\":{\"@id\":\"https:\/\/vapepro.eu\/latvia\/#website\"},\"primaryImageOfPage\":{\"@id\":\"https:\/\/vapepro.eu\/latvia\/produkt\/hawaiian-pineapple-7-2\/#primaryimage\"},\"datePublished\":\"2021-06-15T11:44:30+00:00\",\"dateModified\":\"2022-07-28T09:21:34+00:00\",\"description\":\"Choose Hawaiian Pineapple #7 . See other products from\",\"breadcrumb\":{\"@id\":\"https:\/\/vapepro.eu\/latvia\/produkt\/hawaiian-pineapple-7-2\/#breadcrumb\"},\"inLanguage\":\"en-US\",\"potentialAction\":[{\"@type\":\"ReadAction\",\"target\":[\"https:\/\/vapepro.eu\/latvia\/produkt\/hawaiian-pineapple-7-2\/\"]}]},{\"@type\":\"BreadcrumbList\",\"@id\":\"https:\/\/vapepro.eu\/latvia\/produkt\/hawaiian-pineapple-7-2\/#breadcrumb\",\"itemListElement\":[{\"@type\":\"ListItem\",\"position\":1,\"name\":\"Home\",\"item\":\"https:\/\/vapepro.eu\/latvia\/\"},{\"@type\":\"ListItem\",\"position\":2,\"name\":\"Shop\",\"item\":\"https:\/\/vapepro.eu\/latvia\/shop\/\"},{\"@type\":\"ListItem\",\"position\":3,\"name\":\"Hawaiian Pineapple #7\"}]}]}<\/script>\n<!-- \/ Yoast SEO plugin. -->","yoast_head_json":{"title":"Hawaiian Pineapple #7 - Vapepro","description":"Choose Hawaiian Pineapple #7 . See other products from","robots":{"index":"index","follow":"follow","max-snippet":"max-snippet:-1","max-image-preview":"max-image-preview:large","max-video-preview":"max-video-preview:-1"},"canonical":"https:\/\/vapepro.eu\/latvia\/produkt\/hawaiian-pineapple-7-2\/","og_locale":"en_US","og_type":"article","og_title":"Hawaiian Pineapple #7 - Vapepro","og_description":"Choose Hawaiian Pineapple #7 . See other products from","og_url":"https:\/\/vapepro.eu\/latvia\/produkt\/hawaiian-pineapple-7-2\/","og_site_name":"Vapepro","article_publisher":"https:\/\/www.facebook.com\/vapeproofficial","article_modified_time":"2022-07-28T09:21:34+00:00","og_image":[{"width":894,"height":1024,"url":"https:\/\/vapepro.eu\/latvia\/wp-content\/uploads\/2022\/03\/07-PINEAPPLE-SEXY-F-TRANS-EN.png","type":"image\/png"}],"author":"vapepro","twitter_card":"summary_large_image","schema":{"@context":"https:\/\/schema.org","@graph":[{"@type":"Organization","@id":"https:\/\/vapepro.eu\/latvia\/#organization","name":"Vapepro","url":"https:\/\/vapepro.eu\/latvia\/","sameAs":["https:\/\/www.instagram.com\/vapeproofficial\/","https:\/\/www.youtube.com\/channel\/UCKJ733xAz3eO6VqQdH_50iA?guided_help_flow=3","https:\/\/www.facebook.com\/vapeproofficial"],"logo":{"@type":"ImageObject","inLanguage":"en-US","@id":"https:\/\/vapepro.eu\/latvia\/#\/schema\/logo\/image\/","url":"https:\/\/vapepro.eu\/latvia\/wp-content\/uploads\/2021\/02\/VAPEPRO-LOGO-COLORS-SOCIAL-04-removebg-preview-1.png","contentUrl":"https:\/\/vapepro.eu\/latvia\/wp-content\/uploads\/2021\/02\/VAPEPRO-LOGO-COLORS-SOCIAL-04-removebg-preview-1.png","width":500,"height":500,"caption":"Vapepro"},"image":{"@id":"https:\/\/vapepro.eu\/latvia\/#\/schema\/logo\/image\/"}},{"@type":"WebSite","@id":"https:\/\/vapepro.eu\/latvia\/#website","url":"https:\/\/vapepro.eu\/latvia\/","name":"Vapepro","description":"\u0423\u0431\u0438\u0435\u0446\u044a\u0442 \u043d\u0430 \u0446\u0438\u0433\u0430\u0440\u0438","publisher":{"@id":"https:\/\/vapepro.eu\/latvia\/#organization"},"potentialAction":[{"@type":"SearchAction","target":{"@type":"EntryPoint","urlTemplate":"https:\/\/vapepro.eu\/latvia\/?s={search_term_string}"},"query-input":"required name=search_term_string"}],"inLanguage":"en-US"},{"@type":"ImageObject","inLanguage":"en-US","@id":"https:\/\/vapepro.eu\/latvia\/produkt\/hawaiian-pineapple-7-2\/#primaryimage","url":"https:\/\/vapepro.eu\/latvia\/wp-content\/uploads\/2022\/03\/07-PINEAPPLE-SEXY-F-TRANS-EN.png","contentUrl":"https:\/\/vapepro.eu\/latvia\/wp-content\/uploads\/2022\/03\/07-PINEAPPLE-SEXY-F-TRANS-EN.png","width":894,"height":1024},{"@type":"WebPage","@id":"https:\/\/vapepro.eu\/latvia\/produkt\/hawaiian-pineapple-7-2\/#webpage","url":"https:\/\/vapepro.eu\/latvia\/produkt\/hawaiian-pineapple-7-2\/","name":"Hawaiian Pineapple #7 - Vapepro","isPartOf":{"@id":"https:\/\/vapepro.eu\/latvia\/#website"},"primaryImageOfPage":{"@id":"https:\/\/vapepro.eu\/latvia\/produkt\/hawaiian-pineapple-7-2\/#primaryimage"},"datePublished":"2021-06-15T11:44:30+00:00","dateModified":"2022-07-28T09:21:34+00:00","description":"Choose Hawaiian Pineapple #7 . See other products from","breadcrumb":{"@id":"https:\/\/vapepro.eu\/latvia\/produkt\/hawaiian-pineapple-7-2\/#breadcrumb"},"inLanguage":"en-US","potentialAction":[{"@type":"ReadAction","target":["https:\/\/vapepro.eu\/latvia\/produkt\/hawaiian-pineapple-7-2\/"]}]},{"@type":"BreadcrumbList","@id":"https:\/\/vapepro.eu\/latvia\/produkt\/hawaiian-pineapple-7-2\/#breadcrumb","itemListElement":[{"@type":"ListItem","position":1,"name":"Home","item":"https:\/\/vapepro.eu\/latvia\/"},{"@type":"ListItem","position":2,"name":"Shop","item":"https:\/\/vapepro.eu\/latvia\/shop\/"},{"@type":"ListItem","position":3,"name":"Hawaiian Pineapple #7"}]}]}},"_links":{"self":[{"href":"https:\/\/vapepro.eu\/latvia\/wp-json\/wp\/v2\/product\/6063","targetHints":{"allow":["GET"]}}],"collection":[{"href":"https:\/\/vapepro.eu\/latvia\/wp-json\/wp\/v2\/product"}],"about":[{"href":"https:\/\/vapepro.eu\/latvia\/wp-json\/wp\/v2\/types\/product"}],"replies":[{"embeddable":true,"href":"https:\/\/vapepro.eu\/latvia\/wp-json\/wp\/v2\/comments?post=6063"}],"wp:featuredmedia":[{"embeddable":true,"href":"https:\/\/vapepro.eu\/latvia\/wp-json\/wp\/v2\/media\/6283"}],"wp:attachment":[{"href":"https:\/\/vapepro.eu\/latvia\/wp-json\/wp\/v2\/media?parent=6063"}],"wp:term":[{"taxonomy":"product_cat","embeddable":true,"href":"https:\/\/vapepro.eu\/latvia\/wp-json\/wp\/v2\/product_cat?post=6063"},{"taxonomy":"product_tag","embeddable":true,"href":"https:\/\/vapepro.eu\/latvia\/wp-json\/wp\/v2\/product_tag?post=6063"}],"curies":[{"name":"wp","href":"https:\/\/api.w.org\/{rel}","templated":true}]}}