{"id":754,"date":"2021-02-02T09:14:17","date_gmt":"2021-02-04T13:34:27","guid":{"rendered":"https:\/\/vapepro.eu\/latvia\/produkt\/watermelon-bubble-gum-13\/"},"modified":"2022-07-28T11:21:50","modified_gmt":"2022-07-28T09:21:50","slug":"watermelon-bubble-gum-13","status":"publish","type":"product","link":"https:\/\/vapepro.eu\/latvia\/produkt\/watermelon-bubble-gum-13\/","title":{"rendered":"Watermelon Bubble Gum #13"},"content":{"rendered":"","protected":false},"excerpt":{"rendered":"<p>Kas var b\u016bt lab\u0101ks par kumosu no liela gabala salda un sul\u012bga arb\u016bza? Vapepro Watermelon Bubble Gum ir apet\u012bti rosino\u0161s sul\u012bgas ko\u0161\u013c\u0101jam\u0101s gumijas un \u0101rk\u0101rt\u012bgi atsvaidzino\u0161\u0101 arb\u016bza prieks. P\u0101rcelt sevi uz savu bezr\u016bp\u012bgo b\u0113rn\u012bbu no pirm\u0101 uzp\u016btiena.<\/p>\n","protected":false},"featured_media":6293,"comment_status":"open","ping_status":"closed","template":"","meta":[],"product_cat":[59],"product_tag":[],"class_list":["post-754","product","type-product","status-publish","has-post-thumbnail","hentry","product_cat-nicotine-en"],"yoast_head":"<!-- This site is optimized with the Yoast SEO plugin v19.2 - https:\/\/yoast.com\/wordpress\/plugins\/seo\/ -->\n<title>Watermelon Bubble Gum #13 - Vapepro<\/title>\n<meta name=\"description\" content=\"Choose Watermelon Bubble Gum #13 . See other products from\" \/>\n<meta name=\"robots\" content=\"index, follow, max-snippet:-1, max-image-preview:large, max-video-preview:-1\" \/>\n<link rel=\"canonical\" href=\"https:\/\/vapepro.eu\/latvia\/produkt\/watermelon-bubble-gum-13\/\" \/>\n<meta property=\"og:locale\" content=\"en_US\" \/>\n<meta property=\"og:type\" content=\"article\" \/>\n<meta property=\"og:title\" content=\"Watermelon Bubble Gum #13 - Vapepro\" \/>\n<meta property=\"og:description\" content=\"Choose Watermelon Bubble Gum #13 . See other products from\" \/>\n<meta property=\"og:url\" content=\"https:\/\/vapepro.eu\/latvia\/produkt\/watermelon-bubble-gum-13\/\" \/>\n<meta property=\"og:site_name\" content=\"Vapepro\" \/>\n<meta property=\"article:publisher\" content=\"https:\/\/www.facebook.com\/vapeproofficial\" \/>\n<meta property=\"article:modified_time\" content=\"2022-07-28T09:21:50+00:00\" \/>\n<meta property=\"og:image\" content=\"https:\/\/vapepro.eu\/latvia\/wp-content\/uploads\/2022\/03\/13-WATERMELON-BUBBLEGUM-F-TRANS-EN.png\" \/>\n\t<meta property=\"og:image:width\" content=\"894\" \/>\n\t<meta property=\"og:image:height\" content=\"1024\" \/>\n\t<meta property=\"og:image:type\" content=\"image\/png\" \/>\n<meta name=\"author\" content=\"vapepro\" \/>\n<meta name=\"twitter:card\" content=\"summary_large_image\" \/>\n<script type=\"application\/ld+json\" class=\"yoast-schema-graph\">{\"@context\":\"https:\/\/schema.org\",\"@graph\":[{\"@type\":\"Organization\",\"@id\":\"https:\/\/vapepro.eu\/latvia\/#organization\",\"name\":\"Vapepro\",\"url\":\"https:\/\/vapepro.eu\/latvia\/\",\"sameAs\":[\"https:\/\/www.instagram.com\/vapeproofficial\/\",\"https:\/\/www.youtube.com\/channel\/UCKJ733xAz3eO6VqQdH_50iA?guided_help_flow=3\",\"https:\/\/www.facebook.com\/vapeproofficial\"],\"logo\":{\"@type\":\"ImageObject\",\"inLanguage\":\"en-US\",\"@id\":\"https:\/\/vapepro.eu\/latvia\/#\/schema\/logo\/image\/\",\"url\":\"https:\/\/vapepro.eu\/latvia\/wp-content\/uploads\/2021\/02\/VAPEPRO-LOGO-COLORS-SOCIAL-04-removebg-preview-1.png\",\"contentUrl\":\"https:\/\/vapepro.eu\/latvia\/wp-content\/uploads\/2021\/02\/VAPEPRO-LOGO-COLORS-SOCIAL-04-removebg-preview-1.png\",\"width\":500,\"height\":500,\"caption\":\"Vapepro\"},\"image\":{\"@id\":\"https:\/\/vapepro.eu\/latvia\/#\/schema\/logo\/image\/\"}},{\"@type\":\"WebSite\",\"@id\":\"https:\/\/vapepro.eu\/latvia\/#website\",\"url\":\"https:\/\/vapepro.eu\/latvia\/\",\"name\":\"Vapepro\",\"description\":\"\u0423\u0431\u0438\u0435\u0446\u044a\u0442 \u043d\u0430 \u0446\u0438\u0433\u0430\u0440\u0438\",\"publisher\":{\"@id\":\"https:\/\/vapepro.eu\/latvia\/#organization\"},\"potentialAction\":[{\"@type\":\"SearchAction\",\"target\":{\"@type\":\"EntryPoint\",\"urlTemplate\":\"https:\/\/vapepro.eu\/latvia\/?s={search_term_string}\"},\"query-input\":\"required name=search_term_string\"}],\"inLanguage\":\"en-US\"},{\"@type\":\"ImageObject\",\"inLanguage\":\"en-US\",\"@id\":\"https:\/\/vapepro.eu\/latvia\/produkt\/watermelon-bubble-gum-13\/#primaryimage\",\"url\":\"https:\/\/vapepro.eu\/latvia\/wp-content\/uploads\/2022\/03\/13-WATERMELON-BUBBLEGUM-F-TRANS-EN.png\",\"contentUrl\":\"https:\/\/vapepro.eu\/latvia\/wp-content\/uploads\/2022\/03\/13-WATERMELON-BUBBLEGUM-F-TRANS-EN.png\",\"width\":894,\"height\":1024},{\"@type\":\"WebPage\",\"@id\":\"https:\/\/vapepro.eu\/latvia\/produkt\/watermelon-bubble-gum-13\/#webpage\",\"url\":\"https:\/\/vapepro.eu\/latvia\/produkt\/watermelon-bubble-gum-13\/\",\"name\":\"Watermelon Bubble Gum #13 - Vapepro\",\"isPartOf\":{\"@id\":\"https:\/\/vapepro.eu\/latvia\/#website\"},\"primaryImageOfPage\":{\"@id\":\"https:\/\/vapepro.eu\/latvia\/produkt\/watermelon-bubble-gum-13\/#primaryimage\"},\"datePublished\":\"2021-02-04T13:34:27+00:00\",\"dateModified\":\"2022-07-28T09:21:50+00:00\",\"description\":\"Choose Watermelon Bubble Gum #13 . See other products from\",\"breadcrumb\":{\"@id\":\"https:\/\/vapepro.eu\/latvia\/produkt\/watermelon-bubble-gum-13\/#breadcrumb\"},\"inLanguage\":\"en-US\",\"potentialAction\":[{\"@type\":\"ReadAction\",\"target\":[\"https:\/\/vapepro.eu\/latvia\/produkt\/watermelon-bubble-gum-13\/\"]}]},{\"@type\":\"BreadcrumbList\",\"@id\":\"https:\/\/vapepro.eu\/latvia\/produkt\/watermelon-bubble-gum-13\/#breadcrumb\",\"itemListElement\":[{\"@type\":\"ListItem\",\"position\":1,\"name\":\"Home\",\"item\":\"https:\/\/vapepro.eu\/latvia\/\"},{\"@type\":\"ListItem\",\"position\":2,\"name\":\"Shop\",\"item\":\"https:\/\/vapepro.eu\/latvia\/shop\/\"},{\"@type\":\"ListItem\",\"position\":3,\"name\":\"Watermelon Bubble Gum #13\"}]}]}<\/script>\n<!-- \/ Yoast SEO plugin. -->","yoast_head_json":{"title":"Watermelon Bubble Gum #13 - Vapepro","description":"Choose Watermelon Bubble Gum #13 . See other products from","robots":{"index":"index","follow":"follow","max-snippet":"max-snippet:-1","max-image-preview":"max-image-preview:large","max-video-preview":"max-video-preview:-1"},"canonical":"https:\/\/vapepro.eu\/latvia\/produkt\/watermelon-bubble-gum-13\/","og_locale":"en_US","og_type":"article","og_title":"Watermelon Bubble Gum #13 - Vapepro","og_description":"Choose Watermelon Bubble Gum #13 . See other products from","og_url":"https:\/\/vapepro.eu\/latvia\/produkt\/watermelon-bubble-gum-13\/","og_site_name":"Vapepro","article_publisher":"https:\/\/www.facebook.com\/vapeproofficial","article_modified_time":"2022-07-28T09:21:50+00:00","og_image":[{"width":894,"height":1024,"url":"https:\/\/vapepro.eu\/latvia\/wp-content\/uploads\/2022\/03\/13-WATERMELON-BUBBLEGUM-F-TRANS-EN.png","type":"image\/png"}],"author":"vapepro","twitter_card":"summary_large_image","schema":{"@context":"https:\/\/schema.org","@graph":[{"@type":"Organization","@id":"https:\/\/vapepro.eu\/latvia\/#organization","name":"Vapepro","url":"https:\/\/vapepro.eu\/latvia\/","sameAs":["https:\/\/www.instagram.com\/vapeproofficial\/","https:\/\/www.youtube.com\/channel\/UCKJ733xAz3eO6VqQdH_50iA?guided_help_flow=3","https:\/\/www.facebook.com\/vapeproofficial"],"logo":{"@type":"ImageObject","inLanguage":"en-US","@id":"https:\/\/vapepro.eu\/latvia\/#\/schema\/logo\/image\/","url":"https:\/\/vapepro.eu\/latvia\/wp-content\/uploads\/2021\/02\/VAPEPRO-LOGO-COLORS-SOCIAL-04-removebg-preview-1.png","contentUrl":"https:\/\/vapepro.eu\/latvia\/wp-content\/uploads\/2021\/02\/VAPEPRO-LOGO-COLORS-SOCIAL-04-removebg-preview-1.png","width":500,"height":500,"caption":"Vapepro"},"image":{"@id":"https:\/\/vapepro.eu\/latvia\/#\/schema\/logo\/image\/"}},{"@type":"WebSite","@id":"https:\/\/vapepro.eu\/latvia\/#website","url":"https:\/\/vapepro.eu\/latvia\/","name":"Vapepro","description":"\u0423\u0431\u0438\u0435\u0446\u044a\u0442 \u043d\u0430 \u0446\u0438\u0433\u0430\u0440\u0438","publisher":{"@id":"https:\/\/vapepro.eu\/latvia\/#organization"},"potentialAction":[{"@type":"SearchAction","target":{"@type":"EntryPoint","urlTemplate":"https:\/\/vapepro.eu\/latvia\/?s={search_term_string}"},"query-input":"required name=search_term_string"}],"inLanguage":"en-US"},{"@type":"ImageObject","inLanguage":"en-US","@id":"https:\/\/vapepro.eu\/latvia\/produkt\/watermelon-bubble-gum-13\/#primaryimage","url":"https:\/\/vapepro.eu\/latvia\/wp-content\/uploads\/2022\/03\/13-WATERMELON-BUBBLEGUM-F-TRANS-EN.png","contentUrl":"https:\/\/vapepro.eu\/latvia\/wp-content\/uploads\/2022\/03\/13-WATERMELON-BUBBLEGUM-F-TRANS-EN.png","width":894,"height":1024},{"@type":"WebPage","@id":"https:\/\/vapepro.eu\/latvia\/produkt\/watermelon-bubble-gum-13\/#webpage","url":"https:\/\/vapepro.eu\/latvia\/produkt\/watermelon-bubble-gum-13\/","name":"Watermelon Bubble Gum #13 - Vapepro","isPartOf":{"@id":"https:\/\/vapepro.eu\/latvia\/#website"},"primaryImageOfPage":{"@id":"https:\/\/vapepro.eu\/latvia\/produkt\/watermelon-bubble-gum-13\/#primaryimage"},"datePublished":"2021-02-04T13:34:27+00:00","dateModified":"2022-07-28T09:21:50+00:00","description":"Choose Watermelon Bubble Gum #13 . See other products from","breadcrumb":{"@id":"https:\/\/vapepro.eu\/latvia\/produkt\/watermelon-bubble-gum-13\/#breadcrumb"},"inLanguage":"en-US","potentialAction":[{"@type":"ReadAction","target":["https:\/\/vapepro.eu\/latvia\/produkt\/watermelon-bubble-gum-13\/"]}]},{"@type":"BreadcrumbList","@id":"https:\/\/vapepro.eu\/latvia\/produkt\/watermelon-bubble-gum-13\/#breadcrumb","itemListElement":[{"@type":"ListItem","position":1,"name":"Home","item":"https:\/\/vapepro.eu\/latvia\/"},{"@type":"ListItem","position":2,"name":"Shop","item":"https:\/\/vapepro.eu\/latvia\/shop\/"},{"@type":"ListItem","position":3,"name":"Watermelon Bubble Gum #13"}]}]}},"_links":{"self":[{"href":"https:\/\/vapepro.eu\/latvia\/wp-json\/wp\/v2\/product\/754","targetHints":{"allow":["GET"]}}],"collection":[{"href":"https:\/\/vapepro.eu\/latvia\/wp-json\/wp\/v2\/product"}],"about":[{"href":"https:\/\/vapepro.eu\/latvia\/wp-json\/wp\/v2\/types\/product"}],"replies":[{"embeddable":true,"href":"https:\/\/vapepro.eu\/latvia\/wp-json\/wp\/v2\/comments?post=754"}],"wp:featuredmedia":[{"embeddable":true,"href":"https:\/\/vapepro.eu\/latvia\/wp-json\/wp\/v2\/media\/6293"}],"wp:attachment":[{"href":"https:\/\/vapepro.eu\/latvia\/wp-json\/wp\/v2\/media?parent=754"}],"wp:term":[{"taxonomy":"product_cat","embeddable":true,"href":"https:\/\/vapepro.eu\/latvia\/wp-json\/wp\/v2\/product_cat?post=754"},{"taxonomy":"product_tag","embeddable":true,"href":"https:\/\/vapepro.eu\/latvia\/wp-json\/wp\/v2\/product_tag?post=754"}],"curies":[{"name":"wp","href":"https:\/\/api.w.org\/{rel}","templated":true}]}}