{"id":762,"date":"2021-02-02T09:11:49","date_gmt":"2021-02-04T13:36:02","guid":{"rendered":"https:\/\/vapepro.eu\/latvia\/produkt\/italian-cappuccino-21\/"},"modified":"2022-07-28T11:22:42","modified_gmt":"2022-07-28T09:22:42","slug":"italian-cappuccino-21","status":"publish","type":"product","link":"https:\/\/vapepro.eu\/latvia\/produkt\/italian-cappuccino-21\/","title":{"rendered":"Italian Cappuccino #21"},"content":{"rendered":"","protected":false},"excerpt":{"rendered":"<p>Kur\u0161 gan var pretoties it\u0101\u013cu kapu\u010d\u012bno arom\u0101tam!? Vapepro Italian Cappuccino ir arom\u0101ts, kas rad\u012bs relaks\u0113jo\u0161u saj\u016btu, it k\u0101 j\u016bs st\u0101v\u0113tu it\u0101\u013cu kafejn\u012bc\u0101 un malkotu savu iecien\u012bto dz\u0113rienu. Izbaudiet \u0161o grezno gar\u0161u stund\u0101m ilgi, neuztraucoties par visu kofe\u012bnu.<\/p>\n","protected":false},"featured_media":6301,"comment_status":"open","ping_status":"closed","template":"","meta":[],"product_cat":[59],"product_tag":[],"class_list":["post-762","product","type-product","status-publish","has-post-thumbnail","hentry","product_cat-nicotine-en"],"yoast_head":"<!-- This site is optimized with the Yoast SEO plugin v19.2 - https:\/\/yoast.com\/wordpress\/plugins\/seo\/ -->\n<title>Italian Cappuccino #21 - Vapepro<\/title>\n<meta name=\"description\" content=\"Choose Italian Cappuccino #21 . See other products from\" \/>\n<meta name=\"robots\" content=\"index, follow, max-snippet:-1, max-image-preview:large, max-video-preview:-1\" \/>\n<link rel=\"canonical\" href=\"https:\/\/vapepro.eu\/latvia\/produkt\/italian-cappuccino-21\/\" \/>\n<meta property=\"og:locale\" content=\"en_US\" \/>\n<meta property=\"og:type\" content=\"article\" \/>\n<meta property=\"og:title\" content=\"Italian Cappuccino #21 - Vapepro\" \/>\n<meta property=\"og:description\" content=\"Choose Italian Cappuccino #21 . See other products from\" \/>\n<meta property=\"og:url\" content=\"https:\/\/vapepro.eu\/latvia\/produkt\/italian-cappuccino-21\/\" \/>\n<meta property=\"og:site_name\" content=\"Vapepro\" \/>\n<meta property=\"article:publisher\" content=\"https:\/\/www.facebook.com\/vapeproofficial\" \/>\n<meta property=\"article:modified_time\" content=\"2022-07-28T09:22:42+00:00\" \/>\n<meta property=\"og:image\" content=\"https:\/\/vapepro.eu\/latvia\/wp-content\/uploads\/2022\/03\/21-CAPUCCINO-F-TRANS-EN.png\" \/>\n\t<meta property=\"og:image:width\" content=\"894\" \/>\n\t<meta property=\"og:image:height\" content=\"1024\" \/>\n\t<meta property=\"og:image:type\" content=\"image\/png\" \/>\n<meta name=\"author\" content=\"vapepro\" \/>\n<meta name=\"twitter:card\" content=\"summary_large_image\" \/>\n<script type=\"application\/ld+json\" class=\"yoast-schema-graph\">{\"@context\":\"https:\/\/schema.org\",\"@graph\":[{\"@type\":\"Organization\",\"@id\":\"https:\/\/vapepro.eu\/latvia\/#organization\",\"name\":\"Vapepro\",\"url\":\"https:\/\/vapepro.eu\/latvia\/\",\"sameAs\":[\"https:\/\/www.instagram.com\/vapeproofficial\/\",\"https:\/\/www.youtube.com\/channel\/UCKJ733xAz3eO6VqQdH_50iA?guided_help_flow=3\",\"https:\/\/www.facebook.com\/vapeproofficial\"],\"logo\":{\"@type\":\"ImageObject\",\"inLanguage\":\"en-US\",\"@id\":\"https:\/\/vapepro.eu\/latvia\/#\/schema\/logo\/image\/\",\"url\":\"https:\/\/vapepro.eu\/latvia\/wp-content\/uploads\/2021\/02\/VAPEPRO-LOGO-COLORS-SOCIAL-04-removebg-preview-1.png\",\"contentUrl\":\"https:\/\/vapepro.eu\/latvia\/wp-content\/uploads\/2021\/02\/VAPEPRO-LOGO-COLORS-SOCIAL-04-removebg-preview-1.png\",\"width\":500,\"height\":500,\"caption\":\"Vapepro\"},\"image\":{\"@id\":\"https:\/\/vapepro.eu\/latvia\/#\/schema\/logo\/image\/\"}},{\"@type\":\"WebSite\",\"@id\":\"https:\/\/vapepro.eu\/latvia\/#website\",\"url\":\"https:\/\/vapepro.eu\/latvia\/\",\"name\":\"Vapepro\",\"description\":\"\u0423\u0431\u0438\u0435\u0446\u044a\u0442 \u043d\u0430 \u0446\u0438\u0433\u0430\u0440\u0438\",\"publisher\":{\"@id\":\"https:\/\/vapepro.eu\/latvia\/#organization\"},\"potentialAction\":[{\"@type\":\"SearchAction\",\"target\":{\"@type\":\"EntryPoint\",\"urlTemplate\":\"https:\/\/vapepro.eu\/latvia\/?s={search_term_string}\"},\"query-input\":\"required name=search_term_string\"}],\"inLanguage\":\"en-US\"},{\"@type\":\"ImageObject\",\"inLanguage\":\"en-US\",\"@id\":\"https:\/\/vapepro.eu\/latvia\/produkt\/italian-cappuccino-21\/#primaryimage\",\"url\":\"https:\/\/vapepro.eu\/latvia\/wp-content\/uploads\/2022\/03\/21-CAPUCCINO-F-TRANS-EN.png\",\"contentUrl\":\"https:\/\/vapepro.eu\/latvia\/wp-content\/uploads\/2022\/03\/21-CAPUCCINO-F-TRANS-EN.png\",\"width\":894,\"height\":1024},{\"@type\":\"WebPage\",\"@id\":\"https:\/\/vapepro.eu\/latvia\/produkt\/italian-cappuccino-21\/#webpage\",\"url\":\"https:\/\/vapepro.eu\/latvia\/produkt\/italian-cappuccino-21\/\",\"name\":\"Italian Cappuccino #21 - Vapepro\",\"isPartOf\":{\"@id\":\"https:\/\/vapepro.eu\/latvia\/#website\"},\"primaryImageOfPage\":{\"@id\":\"https:\/\/vapepro.eu\/latvia\/produkt\/italian-cappuccino-21\/#primaryimage\"},\"datePublished\":\"2021-02-04T13:36:02+00:00\",\"dateModified\":\"2022-07-28T09:22:42+00:00\",\"description\":\"Choose Italian Cappuccino #21 . See other products from\",\"breadcrumb\":{\"@id\":\"https:\/\/vapepro.eu\/latvia\/produkt\/italian-cappuccino-21\/#breadcrumb\"},\"inLanguage\":\"en-US\",\"potentialAction\":[{\"@type\":\"ReadAction\",\"target\":[\"https:\/\/vapepro.eu\/latvia\/produkt\/italian-cappuccino-21\/\"]}]},{\"@type\":\"BreadcrumbList\",\"@id\":\"https:\/\/vapepro.eu\/latvia\/produkt\/italian-cappuccino-21\/#breadcrumb\",\"itemListElement\":[{\"@type\":\"ListItem\",\"position\":1,\"name\":\"Home\",\"item\":\"https:\/\/vapepro.eu\/latvia\/\"},{\"@type\":\"ListItem\",\"position\":2,\"name\":\"Shop\",\"item\":\"https:\/\/vapepro.eu\/latvia\/shop\/\"},{\"@type\":\"ListItem\",\"position\":3,\"name\":\"Italian Cappuccino #21\"}]}]}<\/script>\n<!-- \/ Yoast SEO plugin. -->","yoast_head_json":{"title":"Italian Cappuccino #21 - Vapepro","description":"Choose Italian Cappuccino #21 . See other products from","robots":{"index":"index","follow":"follow","max-snippet":"max-snippet:-1","max-image-preview":"max-image-preview:large","max-video-preview":"max-video-preview:-1"},"canonical":"https:\/\/vapepro.eu\/latvia\/produkt\/italian-cappuccino-21\/","og_locale":"en_US","og_type":"article","og_title":"Italian Cappuccino #21 - Vapepro","og_description":"Choose Italian Cappuccino #21 . See other products from","og_url":"https:\/\/vapepro.eu\/latvia\/produkt\/italian-cappuccino-21\/","og_site_name":"Vapepro","article_publisher":"https:\/\/www.facebook.com\/vapeproofficial","article_modified_time":"2022-07-28T09:22:42+00:00","og_image":[{"width":894,"height":1024,"url":"https:\/\/vapepro.eu\/latvia\/wp-content\/uploads\/2022\/03\/21-CAPUCCINO-F-TRANS-EN.png","type":"image\/png"}],"author":"vapepro","twitter_card":"summary_large_image","schema":{"@context":"https:\/\/schema.org","@graph":[{"@type":"Organization","@id":"https:\/\/vapepro.eu\/latvia\/#organization","name":"Vapepro","url":"https:\/\/vapepro.eu\/latvia\/","sameAs":["https:\/\/www.instagram.com\/vapeproofficial\/","https:\/\/www.youtube.com\/channel\/UCKJ733xAz3eO6VqQdH_50iA?guided_help_flow=3","https:\/\/www.facebook.com\/vapeproofficial"],"logo":{"@type":"ImageObject","inLanguage":"en-US","@id":"https:\/\/vapepro.eu\/latvia\/#\/schema\/logo\/image\/","url":"https:\/\/vapepro.eu\/latvia\/wp-content\/uploads\/2021\/02\/VAPEPRO-LOGO-COLORS-SOCIAL-04-removebg-preview-1.png","contentUrl":"https:\/\/vapepro.eu\/latvia\/wp-content\/uploads\/2021\/02\/VAPEPRO-LOGO-COLORS-SOCIAL-04-removebg-preview-1.png","width":500,"height":500,"caption":"Vapepro"},"image":{"@id":"https:\/\/vapepro.eu\/latvia\/#\/schema\/logo\/image\/"}},{"@type":"WebSite","@id":"https:\/\/vapepro.eu\/latvia\/#website","url":"https:\/\/vapepro.eu\/latvia\/","name":"Vapepro","description":"\u0423\u0431\u0438\u0435\u0446\u044a\u0442 \u043d\u0430 \u0446\u0438\u0433\u0430\u0440\u0438","publisher":{"@id":"https:\/\/vapepro.eu\/latvia\/#organization"},"potentialAction":[{"@type":"SearchAction","target":{"@type":"EntryPoint","urlTemplate":"https:\/\/vapepro.eu\/latvia\/?s={search_term_string}"},"query-input":"required name=search_term_string"}],"inLanguage":"en-US"},{"@type":"ImageObject","inLanguage":"en-US","@id":"https:\/\/vapepro.eu\/latvia\/produkt\/italian-cappuccino-21\/#primaryimage","url":"https:\/\/vapepro.eu\/latvia\/wp-content\/uploads\/2022\/03\/21-CAPUCCINO-F-TRANS-EN.png","contentUrl":"https:\/\/vapepro.eu\/latvia\/wp-content\/uploads\/2022\/03\/21-CAPUCCINO-F-TRANS-EN.png","width":894,"height":1024},{"@type":"WebPage","@id":"https:\/\/vapepro.eu\/latvia\/produkt\/italian-cappuccino-21\/#webpage","url":"https:\/\/vapepro.eu\/latvia\/produkt\/italian-cappuccino-21\/","name":"Italian Cappuccino #21 - Vapepro","isPartOf":{"@id":"https:\/\/vapepro.eu\/latvia\/#website"},"primaryImageOfPage":{"@id":"https:\/\/vapepro.eu\/latvia\/produkt\/italian-cappuccino-21\/#primaryimage"},"datePublished":"2021-02-04T13:36:02+00:00","dateModified":"2022-07-28T09:22:42+00:00","description":"Choose Italian Cappuccino #21 . See other products from","breadcrumb":{"@id":"https:\/\/vapepro.eu\/latvia\/produkt\/italian-cappuccino-21\/#breadcrumb"},"inLanguage":"en-US","potentialAction":[{"@type":"ReadAction","target":["https:\/\/vapepro.eu\/latvia\/produkt\/italian-cappuccino-21\/"]}]},{"@type":"BreadcrumbList","@id":"https:\/\/vapepro.eu\/latvia\/produkt\/italian-cappuccino-21\/#breadcrumb","itemListElement":[{"@type":"ListItem","position":1,"name":"Home","item":"https:\/\/vapepro.eu\/latvia\/"},{"@type":"ListItem","position":2,"name":"Shop","item":"https:\/\/vapepro.eu\/latvia\/shop\/"},{"@type":"ListItem","position":3,"name":"Italian Cappuccino #21"}]}]}},"_links":{"self":[{"href":"https:\/\/vapepro.eu\/latvia\/wp-json\/wp\/v2\/product\/762","targetHints":{"allow":["GET"]}}],"collection":[{"href":"https:\/\/vapepro.eu\/latvia\/wp-json\/wp\/v2\/product"}],"about":[{"href":"https:\/\/vapepro.eu\/latvia\/wp-json\/wp\/v2\/types\/product"}],"replies":[{"embeddable":true,"href":"https:\/\/vapepro.eu\/latvia\/wp-json\/wp\/v2\/comments?post=762"}],"wp:featuredmedia":[{"embeddable":true,"href":"https:\/\/vapepro.eu\/latvia\/wp-json\/wp\/v2\/media\/6301"}],"wp:attachment":[{"href":"https:\/\/vapepro.eu\/latvia\/wp-json\/wp\/v2\/media?parent=762"}],"wp:term":[{"taxonomy":"product_cat","embeddable":true,"href":"https:\/\/vapepro.eu\/latvia\/wp-json\/wp\/v2\/product_cat?post=762"},{"taxonomy":"product_tag","embeddable":true,"href":"https:\/\/vapepro.eu\/latvia\/wp-json\/wp\/v2\/product_tag?post=762"}],"curies":[{"name":"wp","href":"https:\/\/api.w.org\/{rel}","templated":true}]}}