{"id":654,"date":"2021-02-04T12:57:03","date_gmt":"2021-02-04T10:57:03","guid":{"rendered":"https:\/\/vapepro.eu\/lithuania\/vapepro\/"},"modified":"2022-07-27T13:30:33","modified_gmt":"2022-07-27T11:30:33","slug":"vapepro","status":"publish","type":"page","link":"https:\/\/vapepro.eu\/lithuania\/vapepro\/","title":{"rendered":"Vapepro"},"content":{"rendered":"\t\t<div data-elementor-type=\"wp-page\" data-elementor-id=\"654\" class=\"elementor elementor-654\" data-elementor-settings=\"[]\">\n\t\t\t\t\t\t\t<div class=\"elementor-section-wrap\">\n\t\t\t\t\t\t\t<section class=\"elementor-section elementor-top-section elementor-element elementor-element-f529b81 elementor-section-full_width elementor-hidden-desktop elementor-hidden-tablet elementor-hidden-phone elementor-section-height-default elementor-section-height-default\" data-id=\"f529b81\" data-element_type=\"section\" data-settings=\"{&quot;background_background&quot;:&quot;classic&quot;}\">\n\t\t\t\t\t\t<div class=\"elementor-container elementor-column-gap-narrow\">\n\t\t\t\t\t<div class=\"elementor-column elementor-col-100 elementor-top-column elementor-element elementor-element-cc6dea4\" data-id=\"cc6dea4\" data-element_type=\"column\">\n\t\t\t<div class=\"elementor-widget-wrap elementor-element-populated\">\n\t\t\t\t\t\t\t\t<div class=\"elementor-element elementor-element-25a1083 elementor-align-center elementor-icon-list--layout-traditional elementor-list-item-link-full_width elementor-widget elementor-widget-icon-list\" data-id=\"25a1083\" data-element_type=\"widget\" data-widget_type=\"icon-list.default\">\n\t\t\t\t<div class=\"elementor-widget-container\">\n\t\t\t\t\t<ul class=\"elementor-icon-list-items\">\n\t\t\t\t\t\t\t<li class=\"elementor-icon-list-item\">\n\t\t\t\t\t\t\t\t\t\t\t<span class=\"elementor-icon-list-icon\">\n\t\t\t\t\t\t\t<i aria-hidden=\"true\" class=\"fas fa-gift\"><\/i>\t\t\t\t\t\t<\/span>\n\t\t\t\t\t\t\t\t\t\t<span class=\"elementor-icon-list-text\">\u0411\u0435\u0437\u043f\u043b\u0430\u0442\u043d\u0430 \u0434\u043e\u0441\u0442\u0430\u0432\u043a\u0430 \u043f\u0440\u0438 \u043f\u043e\u0440\u044a\u0447\u043a\u0430 \u043d\u0430 4 \u0438\u043b\u0438 \u043f\u043e\u0432\u0435\u0447\u0435 \u0443\u0441\u0442\u0440\u043e\u0439\u0441\u0442\u0432\u0430.<\/span>\n\t\t\t\t\t\t\t\t\t<\/li>\n\t\t\t\t\t\t<\/ul>\n\t\t\t\t<\/div>\n\t\t\t\t<\/div>\n\t\t\t\t\t<\/div>\n\t\t<\/div>\n\t\t\t\t\t\t\t<\/div>\n\t\t<\/section>\n\t\t\t\t<section class=\"elementor-section elementor-top-section elementor-element elementor-element-d6fa63f elementor-section-boxed elementor-section-height-default elementor-section-height-default\" data-id=\"d6fa63f\" data-element_type=\"section\" data-settings=\"{&quot;background_background&quot;:&quot;classic&quot;}\">\n\t\t\t\t\t\t<div class=\"elementor-container elementor-column-gap-default\">\n\t\t\t\t\t<div class=\"elementor-column elementor-col-100 elementor-top-column elementor-element elementor-element-a8ff1c8\" data-id=\"a8ff1c8\" data-element_type=\"column\">\n\t\t\t<div class=\"elementor-widget-wrap elementor-element-populated\">\n\t\t\t\t\t\t\t\t<div class=\"elementor-element elementor-element-c377431 elementor-widget elementor-widget-text-editor\" data-id=\"c377431\" data-element_type=\"widget\" data-widget_type=\"text-editor.default\">\n\t\t\t\t<div class=\"elementor-widget-container\">\n\t\t\t\t\t\t\t<p>Stilingas, aptakus ir paprastas naudoti Vapepro yra i\u0161 anksto pakrautas skystas kaljanas, maitinamas li\u010dio jon\u0173 akumuliatoriumi ir valdomas tik oro srautu traukiant. Jokio \u012fkrovimo, jokio papildymo, jokio streso!<\/p><p>Vapepro yra pirmasis j\u016bs\u0173 \u017eingsnis ie\u0161kant puikaus ir nekenksmingo r\u016bkymo pakaitalo. Nemalon\u0173 kvap\u0105, kenksmingus d\u016bmus ir dervas pakeiskite aromatingais garais ir ne\u012ftik\u0117tinu skoniu.<\/p><p>Vapepro suteikia daug geresni\u0173 poj\u016b\u010di\u0173 nei \u012fprastas r\u016bkymas \u2013 naujas prabangus dizainas ir nuostabus skonis.<\/p>\t\t\t\t\t\t<\/div>\n\t\t\t\t<\/div>\n\t\t\t\t<section class=\"elementor-section elementor-inner-section elementor-element elementor-element-46efcd1 elementor-section-boxed elementor-section-height-default elementor-section-height-default\" data-id=\"46efcd1\" data-element_type=\"section\">\n\t\t\t\t\t\t<div class=\"elementor-container elementor-column-gap-default\">\n\t\t\t\t\t<div class=\"elementor-column elementor-col-33 elementor-inner-column elementor-element elementor-element-7e2b54d\" data-id=\"7e2b54d\" data-element_type=\"column\">\n\t\t\t<div class=\"elementor-widget-wrap elementor-element-populated\">\n\t\t\t\t\t\t\t\t<div class=\"elementor-element elementor-element-7e946c8 elementor-position-right animated-slow elementor-vertical-align-top elementor-invisible elementor-widget elementor-widget-image-box\" data-id=\"7e946c8\" data-element_type=\"widget\" data-settings=\"{&quot;_animation&quot;:&quot;fadeInLeft&quot;,&quot;_animation_mobile&quot;:&quot;fadeInUp&quot;}\" data-widget_type=\"image-box.default\">\n\t\t\t\t<div class=\"elementor-widget-container\">\n\t\t\t<div class=\"elementor-image-box-wrapper\"><figure class=\"elementor-image-box-img\"><img decoding=\"async\" width=\"500\" height=\"500\" src=\"https:\/\/vapepro.eu\/lithuania\/wp-content\/uploads\/2021\/02\/VAPEPRO-ICONS-DRUPKI-WHITE.png\" class=\"elementor-animation-grow attachment-full size-full\" alt=\"\u0438\u043a\u043e\u043d\u0430 \u0437\u0430 \u0431\u0440\u043e\u0439 \u0434\u0440\u044a\u043f\u043a\u0438\" \/><\/figure><div class=\"elementor-image-box-content\"><h3 class=\"elementor-image-box-title\">I\u0161p\u016btim\u0173 skai\u010dius<\/h3><p class=\"elementor-image-box-description\">800 \u012fp\u016btim\u0173 su nikotinu\n1400 \u012fp\u016btim\u0173 be nikotino<\/p><\/div><\/div>\t\t<\/div>\n\t\t\t\t<\/div>\n\t\t\t\t<div class=\"elementor-element elementor-element-638d3cc elementor-position-right animated-slow elementor-vertical-align-top elementor-invisible elementor-widget elementor-widget-image-box\" data-id=\"638d3cc\" data-element_type=\"widget\" data-settings=\"{&quot;_animation&quot;:&quot;fadeInLeft&quot;,&quot;_animation_delay&quot;:200,&quot;_animation_mobile&quot;:&quot;fadeInUp&quot;}\" data-widget_type=\"image-box.default\">\n\t\t\t\t<div class=\"elementor-widget-container\">\n\t\t\t<div class=\"elementor-image-box-wrapper\"><figure class=\"elementor-image-box-img\"><img decoding=\"async\" width=\"500\" height=\"500\" src=\"https:\/\/vapepro.eu\/lithuania\/wp-content\/uploads\/2021\/02\/VAPEPRO-ICONS-CIGARA-WHITE.png\" class=\"elementor-animation-grow attachment-full size-full\" alt=\"\u0438\u043a\u043e\u043d\u0430 \u0437\u0430 \u0431\u0440\u043e\u0439 \u0446\u0438\u0433\u0430\u0440\u0438\" \/><\/figure><div class=\"elementor-image-box-content\"><h3 class=\"elementor-image-box-title\">Cigare\u010di\u0173 skai\u010dius<\/h3><p class=\"elementor-image-box-description\">60 cigare\u010di\u0173<\/p><\/div><\/div>\t\t<\/div>\n\t\t\t\t<\/div>\n\t\t\t\t<div class=\"elementor-element elementor-element-9ae5a30 elementor-position-right animated-slow elementor-vertical-align-top elementor-invisible elementor-widget elementor-widget-image-box\" data-id=\"9ae5a30\" data-element_type=\"widget\" data-settings=\"{&quot;_animation&quot;:&quot;fadeInLeft&quot;,&quot;_animation_delay&quot;:400,&quot;_animation_mobile&quot;:&quot;fadeInUp&quot;}\" data-widget_type=\"image-box.default\">\n\t\t\t\t<div class=\"elementor-widget-container\">\n\t\t\t<div class=\"elementor-image-box-wrapper\"><figure class=\"elementor-image-box-img\"><img decoding=\"async\" width=\"500\" height=\"500\" src=\"https:\/\/vapepro.eu\/lithuania\/wp-content\/uploads\/2021\/02\/VAPEPRO-ICONS-NIKOTIN-WHITE.png\" class=\"elementor-animation-grow attachment-full size-full\" alt=\"\u0438\u043a\u043e\u043d\u0430 \u043d\u0438\u043a\u043e\u0442\u0438\u043d\" \/><\/figure><div class=\"elementor-image-box-content\"><h3 class=\"elementor-image-box-title\">Nikotino kiekis<\/h3><p class=\"elementor-image-box-description\">20 mg\/ml\n0 mg\/ml<\/p><\/div><\/div>\t\t<\/div>\n\t\t\t\t<\/div>\n\t\t\t\t\t<\/div>\n\t\t<\/div>\n\t\t\t\t<div class=\"elementor-column elementor-col-33 elementor-inner-column elementor-element elementor-element-88deb8e elementor-invisible\" data-id=\"88deb8e\" data-element_type=\"column\" data-settings=\"{&quot;animation&quot;:&quot;fadeInLeft&quot;}\">\n\t\t\t<div class=\"elementor-widget-wrap elementor-element-populated\">\n\t\t\t\t\t\t\t\t<div class=\"elementor-element elementor-element-a44d976 elementor-invisible elementor-widget elementor-widget-image\" data-id=\"a44d976\" data-element_type=\"widget\" data-settings=\"{&quot;motion_fx_motion_fx_mouse&quot;:&quot;yes&quot;,&quot;motion_fx_mouseTrack_effect&quot;:&quot;yes&quot;,&quot;motion_fx_mouseTrack_speed&quot;:{&quot;unit&quot;:&quot;px&quot;,&quot;size&quot;:1.2,&quot;sizes&quot;:[]},&quot;_animation&quot;:&quot;fadeInUp&quot;,&quot;_animation_mobile&quot;:&quot;fadeInUp&quot;,&quot;motion_fx_mouseTrack_direction&quot;:&quot;negative&quot;}\" data-widget_type=\"image.default\">\n\t\t\t\t<div class=\"elementor-widget-container\">\n\t\t\t\t\t\t\t\t\t\t\t\t\t\t\t<img decoding=\"async\" width=\"167\" height=\"1000\" src=\"https:\/\/vapepro.eu\/lithuania\/wp-content\/uploads\/2021\/06\/VAPE-BLACK-LOGO-VAPEPRO_3color.png\" class=\"attachment-full size-full\" alt=\"vapepro\" srcset=\"https:\/\/vapepro.eu\/lithuania\/wp-content\/uploads\/2021\/06\/VAPE-BLACK-LOGO-VAPEPRO_3color.png 167w, https:\/\/vapepro.eu\/lithuania\/wp-content\/uploads\/2021\/06\/VAPE-BLACK-LOGO-VAPEPRO_3color-50x300.png 50w\" sizes=\"(max-width: 167px) 100vw, 167px\" \/>\t\t\t\t\t\t\t\t\t\t\t\t\t\t\t<\/div>\n\t\t\t\t<\/div>\n\t\t\t\t\t<\/div>\n\t\t<\/div>\n\t\t\t\t<div class=\"elementor-column elementor-col-33 elementor-inner-column elementor-element elementor-element-4fe0aec\" data-id=\"4fe0aec\" data-element_type=\"column\">\n\t\t\t<div class=\"elementor-widget-wrap elementor-element-populated\">\n\t\t\t\t\t\t\t\t<div class=\"elementor-element elementor-element-91f9d0f elementor-position-left animated-slow elementor-vertical-align-top elementor-invisible elementor-widget elementor-widget-image-box\" data-id=\"91f9d0f\" data-element_type=\"widget\" data-settings=\"{&quot;_animation&quot;:&quot;fadeInRight&quot;,&quot;_animation_mobile&quot;:&quot;fadeInUp&quot;}\" data-widget_type=\"image-box.default\">\n\t\t\t\t<div class=\"elementor-widget-container\">\n\t\t\t<div class=\"elementor-image-box-wrapper\"><figure class=\"elementor-image-box-img\"><img decoding=\"async\" width=\"500\" height=\"500\" src=\"https:\/\/vapepro.eu\/lithuania\/wp-content\/uploads\/2021\/02\/VAPEPRO-ICONS-VKUSOVE-WHITE.png\" class=\"elementor-animation-grow attachment-full size-full\" alt=\"\u0438\u043a\u043e\u043d\u0430 \u0437\u0430 \u0432\u0438\u0434 \u043d\u0430 \u0432\u043a\u0443\u0441\u0430\" \/><\/figure><div class=\"elementor-image-box-content\"><h3 class=\"elementor-image-box-title\">Skoni\u0173 skai\u010dius<\/h3><p class=\"elementor-image-box-description\">16 skoni\u0173<\/p><\/div><\/div>\t\t<\/div>\n\t\t\t\t<\/div>\n\t\t\t\t<div class=\"elementor-element elementor-element-d218261 elementor-position-left animated-slow elementor-vertical-align-top elementor-invisible elementor-widget elementor-widget-image-box\" data-id=\"d218261\" data-element_type=\"widget\" data-settings=\"{&quot;_animation&quot;:&quot;fadeInRight&quot;,&quot;_animation_delay&quot;:200,&quot;_animation_mobile&quot;:&quot;fadeInUp&quot;}\" data-widget_type=\"image-box.default\">\n\t\t\t\t<div class=\"elementor-widget-container\">\n\t\t\t<div class=\"elementor-image-box-wrapper\"><figure class=\"elementor-image-box-img\"><img decoding=\"async\" width=\"500\" height=\"500\" src=\"https:\/\/vapepro.eu\/lithuania\/wp-content\/uploads\/2021\/02\/VAPEPRO-ICONS-RECIKLIRANE-WHITE.png\" class=\"elementor-animation-grow attachment-full size-full\" alt=\"\u0438\u043a\u043e\u043d\u0430 \u0432\u043d\u0438\u043c\u0430\u043d\u0438\u0435\" \/><\/figure><div class=\"elementor-image-box-content\"><h3 class=\"elementor-image-box-title\">Vienkartiniai<\/h3><p class=\"elementor-image-box-description\">Jokio \u012fkrovimo, jokio papildymo, jokio streso!<\/p><\/div><\/div>\t\t<\/div>\n\t\t\t\t<\/div>\n\t\t\t\t<div class=\"elementor-element elementor-element-6278324 elementor-position-left animated-slow elementor-vertical-align-top elementor-invisible elementor-widget elementor-widget-image-box\" data-id=\"6278324\" data-element_type=\"widget\" data-settings=\"{&quot;_animation&quot;:&quot;fadeInRight&quot;,&quot;_animation_delay&quot;:400,&quot;_animation_mobile&quot;:&quot;fadeInUp&quot;}\" data-widget_type=\"image-box.default\">\n\t\t\t\t<div class=\"elementor-widget-container\">\n\t\t\t<div class=\"elementor-image-box-wrapper\"><figure class=\"elementor-image-box-img\"><img decoding=\"async\" width=\"500\" height=\"500\" src=\"https:\/\/vapepro.eu\/lithuania\/wp-content\/uploads\/2021\/02\/VAPEPRO-ICONS-EDNOKRATNO-WHITE.png\" class=\"elementor-animation-grow attachment-full size-full\" alt=\"\u0438\u043a\u043e\u043d\u0430 \u0435\u0434\u043d\u043e\u043a\u0440\u0430\u0442\u043d\u0430 \u0443\u043f\u043e\u0440\u0442\u0440\u0435\u0432\" \/><\/figure><div class=\"elementor-image-box-content\"><h3 class=\"elementor-image-box-title\">Perdirbti<\/h3><p class=\"elementor-image-box-description\">Saugoti gamt\u0105<\/p><\/div><\/div>\t\t<\/div>\n\t\t\t\t<\/div>\n\t\t\t\t\t<\/div>\n\t\t<\/div>\n\t\t\t\t\t\t\t<\/div>\n\t\t<\/section>\n\t\t\t\t\t<\/div>\n\t\t<\/div>\n\t\t\t\t\t\t\t<\/div>\n\t\t<\/section>\n\t\t\t\t\t\t<\/div>\n\t\t\t\t\t<\/div>\n\t\t","protected":false},"excerpt":{"rendered":"<p>\u0411\u0435\u0437\u043f\u043b\u0430\u0442\u043d\u0430 \u0434\u043e\u0441\u0442\u0430\u0432\u043a\u0430 \u043f\u0440\u0438 \u043f\u043e\u0440\u044a\u0447\u043a\u0430 \u043d\u0430 4 \u0438\u043b\u0438 \u043f\u043e\u0432\u0435\u0447\u0435 \u0443\u0441\u0442\u0440\u043e\u0439\u0441\u0442\u0432\u0430. Stilingas, aptakus ir paprastas naudoti Vapepro yra i\u0161 anksto pakrautas skystas kaljanas, maitinamas li\u010dio jon\u0173 akumuliatoriumi ir valdomas tik oro srautu traukiant. Jokio \u012fkrovimo, jokio papildymo, jokio streso! Vapepro yra pirmasis j\u016bs\u0173 \u017eingsnis ie\u0161kant puikaus ir nekenksmingo r\u016bkymo pakaitalo. Nemalon\u0173 kvap\u0105, kenksmingus d\u016bmus ir dervas pakeiskite [&hellip;]<\/p>\n","protected":false},"author":1,"featured_media":0,"parent":0,"menu_order":0,"comment_status":"closed","ping_status":"closed","template":"","meta":{"footnotes":""},"class_list":["post-654","page","type-page","status-publish","hentry"],"yoast_head":"<!-- This site is optimized with the Yoast SEO plugin v19.2 - https:\/\/yoast.com\/wordpress\/plugins\/seo\/ -->\n<title>Vapepro - Vapepro<\/title>\n<meta name=\"description\" content=\"Read more about Vapepro from Vapepro - disposable vapes\" \/>\n<meta name=\"robots\" content=\"index, follow, max-snippet:-1, max-image-preview:large, max-video-preview:-1\" \/>\n<link rel=\"canonical\" href=\"https:\/\/vapepro.eu\/lithuania\/vapepro\/\" \/>\n<meta property=\"og:locale\" content=\"en_US\" \/>\n<meta property=\"og:type\" content=\"article\" \/>\n<meta property=\"og:title\" content=\"Vapepro - Vapepro\" \/>\n<meta property=\"og:description\" content=\"Read more about Vapepro from Vapepro - disposable vapes\" \/>\n<meta property=\"og:url\" content=\"https:\/\/vapepro.eu\/lithuania\/vapepro\/\" \/>\n<meta property=\"og:site_name\" content=\"Vapepro\" \/>\n<meta property=\"article:publisher\" content=\"https:\/\/www.facebook.com\/vapeproofficial\" \/>\n<meta property=\"article:modified_time\" content=\"2022-07-27T11:30:33+00:00\" \/>\n<meta property=\"og:image\" content=\"https:\/\/vapepro.eu\/lithuania\/wp-content\/uploads\/2021\/02\/VAPEPRO-ICONS-DRUPKI-WHITE.png\" \/>\n<meta name=\"author\" content=\"vapepro\" \/>\n<meta name=\"twitter:card\" content=\"summary_large_image\" \/>\n<meta name=\"twitter:label1\" content=\"Est. reading time\" \/>\n\t<meta name=\"twitter:data1\" content=\"2 minutes\" \/>\n<script type=\"application\/ld+json\" class=\"yoast-schema-graph\">{\"@context\":\"https:\/\/schema.org\",\"@graph\":[{\"@type\":\"Organization\",\"@id\":\"https:\/\/vapepro.eu\/lithuania\/#organization\",\"name\":\"Vapepro\",\"url\":\"https:\/\/vapepro.eu\/lithuania\/\",\"sameAs\":[\"https:\/\/www.instagram.com\/vapeproofficial\/\",\"https:\/\/www.youtube.com\/channel\/UCKJ733xAz3eO6VqQdH_50iA?guided_help_flow=3\",\"https:\/\/www.facebook.com\/vapeproofficial\"],\"logo\":{\"@type\":\"ImageObject\",\"inLanguage\":\"en-US\",\"@id\":\"https:\/\/vapepro.eu\/lithuania\/#\/schema\/logo\/image\/\",\"url\":\"https:\/\/vapepro.eu\/lithuania\/wp-content\/uploads\/2021\/02\/VAPEPRO-LOGO-COLORS-SOCIAL-04-removebg-preview-1.png\",\"contentUrl\":\"https:\/\/vapepro.eu\/lithuania\/wp-content\/uploads\/2021\/02\/VAPEPRO-LOGO-COLORS-SOCIAL-04-removebg-preview-1.png\",\"width\":500,\"height\":500,\"caption\":\"Vapepro\"},\"image\":{\"@id\":\"https:\/\/vapepro.eu\/lithuania\/#\/schema\/logo\/image\/\"}},{\"@type\":\"WebSite\",\"@id\":\"https:\/\/vapepro.eu\/lithuania\/#website\",\"url\":\"https:\/\/vapepro.eu\/lithuania\/\",\"name\":\"Vapepro\",\"description\":\"\u0423\u0431\u0438\u0435\u0446\u044a\u0442 \u043d\u0430 \u0446\u0438\u0433\u0430\u0440\u0438\",\"publisher\":{\"@id\":\"https:\/\/vapepro.eu\/lithuania\/#organization\"},\"potentialAction\":[{\"@type\":\"SearchAction\",\"target\":{\"@type\":\"EntryPoint\",\"urlTemplate\":\"https:\/\/vapepro.eu\/lithuania\/?s={search_term_string}\"},\"query-input\":\"required name=search_term_string\"}],\"inLanguage\":\"en-US\"},{\"@type\":\"ImageObject\",\"inLanguage\":\"en-US\",\"@id\":\"https:\/\/vapepro.eu\/lithuania\/vapepro\/#primaryimage\",\"url\":\"https:\/\/vapepro.eu\/lithuania\/wp-content\/uploads\/2021\/02\/VAPEPRO-ICONS-DRUPKI-WHITE.png\",\"contentUrl\":\"https:\/\/vapepro.eu\/lithuania\/wp-content\/uploads\/2021\/02\/VAPEPRO-ICONS-DRUPKI-WHITE.png\",\"width\":500,\"height\":500,\"caption\":\"\u0438\u043a\u043e\u043d\u0430 \u0437\u0430 \u0431\u0440\u043e\u0439 \u0434\u0440\u044a\u043f\u043a\u0438\"},{\"@type\":\"WebPage\",\"@id\":\"https:\/\/vapepro.eu\/lithuania\/vapepro\/#webpage\",\"url\":\"https:\/\/vapepro.eu\/lithuania\/vapepro\/\",\"name\":\"Vapepro - Vapepro\",\"isPartOf\":{\"@id\":\"https:\/\/vapepro.eu\/lithuania\/#website\"},\"primaryImageOfPage\":{\"@id\":\"https:\/\/vapepro.eu\/lithuania\/vapepro\/#primaryimage\"},\"datePublished\":\"2021-02-04T10:57:03+00:00\",\"dateModified\":\"2022-07-27T11:30:33+00:00\",\"description\":\"Read more about Vapepro from Vapepro - disposable vapes\",\"breadcrumb\":{\"@id\":\"https:\/\/vapepro.eu\/lithuania\/vapepro\/#breadcrumb\"},\"inLanguage\":\"en-US\",\"potentialAction\":[{\"@type\":\"ReadAction\",\"target\":[\"https:\/\/vapepro.eu\/lithuania\/vapepro\/\"]}]},{\"@type\":\"BreadcrumbList\",\"@id\":\"https:\/\/vapepro.eu\/lithuania\/vapepro\/#breadcrumb\",\"itemListElement\":[{\"@type\":\"ListItem\",\"position\":1,\"name\":\"Home\",\"item\":\"https:\/\/vapepro.eu\/lithuania\/\"},{\"@type\":\"ListItem\",\"position\":2,\"name\":\"Vapepro\"}]}]}<\/script>\n<!-- \/ Yoast SEO plugin. -->","yoast_head_json":{"title":"Vapepro - Vapepro","description":"Read more about Vapepro from Vapepro - disposable vapes","robots":{"index":"index","follow":"follow","max-snippet":"max-snippet:-1","max-image-preview":"max-image-preview:large","max-video-preview":"max-video-preview:-1"},"canonical":"https:\/\/vapepro.eu\/lithuania\/vapepro\/","og_locale":"en_US","og_type":"article","og_title":"Vapepro - Vapepro","og_description":"Read more about Vapepro from Vapepro - disposable vapes","og_url":"https:\/\/vapepro.eu\/lithuania\/vapepro\/","og_site_name":"Vapepro","article_publisher":"https:\/\/www.facebook.com\/vapeproofficial","article_modified_time":"2022-07-27T11:30:33+00:00","og_image":[{"url":"https:\/\/vapepro.eu\/lithuania\/wp-content\/uploads\/2021\/02\/VAPEPRO-ICONS-DRUPKI-WHITE.png"}],"author":"vapepro","twitter_card":"summary_large_image","twitter_misc":{"Est. reading time":"2 minutes"},"schema":{"@context":"https:\/\/schema.org","@graph":[{"@type":"Organization","@id":"https:\/\/vapepro.eu\/lithuania\/#organization","name":"Vapepro","url":"https:\/\/vapepro.eu\/lithuania\/","sameAs":["https:\/\/www.instagram.com\/vapeproofficial\/","https:\/\/www.youtube.com\/channel\/UCKJ733xAz3eO6VqQdH_50iA?guided_help_flow=3","https:\/\/www.facebook.com\/vapeproofficial"],"logo":{"@type":"ImageObject","inLanguage":"en-US","@id":"https:\/\/vapepro.eu\/lithuania\/#\/schema\/logo\/image\/","url":"https:\/\/vapepro.eu\/lithuania\/wp-content\/uploads\/2021\/02\/VAPEPRO-LOGO-COLORS-SOCIAL-04-removebg-preview-1.png","contentUrl":"https:\/\/vapepro.eu\/lithuania\/wp-content\/uploads\/2021\/02\/VAPEPRO-LOGO-COLORS-SOCIAL-04-removebg-preview-1.png","width":500,"height":500,"caption":"Vapepro"},"image":{"@id":"https:\/\/vapepro.eu\/lithuania\/#\/schema\/logo\/image\/"}},{"@type":"WebSite","@id":"https:\/\/vapepro.eu\/lithuania\/#website","url":"https:\/\/vapepro.eu\/lithuania\/","name":"Vapepro","description":"\u0423\u0431\u0438\u0435\u0446\u044a\u0442 \u043d\u0430 \u0446\u0438\u0433\u0430\u0440\u0438","publisher":{"@id":"https:\/\/vapepro.eu\/lithuania\/#organization"},"potentialAction":[{"@type":"SearchAction","target":{"@type":"EntryPoint","urlTemplate":"https:\/\/vapepro.eu\/lithuania\/?s={search_term_string}"},"query-input":"required name=search_term_string"}],"inLanguage":"en-US"},{"@type":"ImageObject","inLanguage":"en-US","@id":"https:\/\/vapepro.eu\/lithuania\/vapepro\/#primaryimage","url":"https:\/\/vapepro.eu\/lithuania\/wp-content\/uploads\/2021\/02\/VAPEPRO-ICONS-DRUPKI-WHITE.png","contentUrl":"https:\/\/vapepro.eu\/lithuania\/wp-content\/uploads\/2021\/02\/VAPEPRO-ICONS-DRUPKI-WHITE.png","width":500,"height":500,"caption":"\u0438\u043a\u043e\u043d\u0430 \u0437\u0430 \u0431\u0440\u043e\u0439 \u0434\u0440\u044a\u043f\u043a\u0438"},{"@type":"WebPage","@id":"https:\/\/vapepro.eu\/lithuania\/vapepro\/#webpage","url":"https:\/\/vapepro.eu\/lithuania\/vapepro\/","name":"Vapepro - Vapepro","isPartOf":{"@id":"https:\/\/vapepro.eu\/lithuania\/#website"},"primaryImageOfPage":{"@id":"https:\/\/vapepro.eu\/lithuania\/vapepro\/#primaryimage"},"datePublished":"2021-02-04T10:57:03+00:00","dateModified":"2022-07-27T11:30:33+00:00","description":"Read more about Vapepro from Vapepro - disposable vapes","breadcrumb":{"@id":"https:\/\/vapepro.eu\/lithuania\/vapepro\/#breadcrumb"},"inLanguage":"en-US","potentialAction":[{"@type":"ReadAction","target":["https:\/\/vapepro.eu\/lithuania\/vapepro\/"]}]},{"@type":"BreadcrumbList","@id":"https:\/\/vapepro.eu\/lithuania\/vapepro\/#breadcrumb","itemListElement":[{"@type":"ListItem","position":1,"name":"Home","item":"https:\/\/vapepro.eu\/lithuania\/"},{"@type":"ListItem","position":2,"name":"Vapepro"}]}]}},"_links":{"self":[{"href":"https:\/\/vapepro.eu\/lithuania\/wp-json\/wp\/v2\/pages\/654","targetHints":{"allow":["GET"]}}],"collection":[{"href":"https:\/\/vapepro.eu\/lithuania\/wp-json\/wp\/v2\/pages"}],"about":[{"href":"https:\/\/vapepro.eu\/lithuania\/wp-json\/wp\/v2\/types\/page"}],"author":[{"embeddable":true,"href":"https:\/\/vapepro.eu\/lithuania\/wp-json\/wp\/v2\/users\/1"}],"replies":[{"embeddable":true,"href":"https:\/\/vapepro.eu\/lithuania\/wp-json\/wp\/v2\/comments?post=654"}],"version-history":[{"count":31,"href":"https:\/\/vapepro.eu\/lithuania\/wp-json\/wp\/v2\/pages\/654\/revisions"}],"predecessor-version":[{"id":6402,"href":"https:\/\/vapepro.eu\/lithuania\/wp-json\/wp\/v2\/pages\/654\/revisions\/6402"}],"wp:attachment":[{"href":"https:\/\/vapepro.eu\/lithuania\/wp-json\/wp\/v2\/media?parent=654"}],"curies":[{"name":"wp","href":"https:\/\/api.w.org\/{rel}","templated":true}]}}