{"id":716,"date":"2021-02-04T14:13:42","date_gmt":"2021-02-04T12:13:42","guid":{"rendered":"https:\/\/vapepro.eu\/lithuania\/privacy-policy-2\/"},"modified":"2022-07-27T13:55:17","modified_gmt":"2022-07-27T11:55:17","slug":"privacy-policy-2","status":"publish","type":"page","link":"https:\/\/vapepro.eu\/lithuania\/privacy-policy-2\/","title":{"rendered":"Privacy policy"},"content":{"rendered":"\t\t<div data-elementor-type=\"wp-page\" data-elementor-id=\"716\" class=\"elementor elementor-716\" data-elementor-settings=\"[]\">\n\t\t\t\t\t\t\t<div class=\"elementor-section-wrap\">\n\t\t\t\t\t\t\t<section class=\"elementor-section elementor-top-section elementor-element elementor-element-3117945 elementor-section-boxed elementor-section-height-default elementor-section-height-default\" data-id=\"3117945\" data-element_type=\"section\" data-settings=\"{&quot;background_background&quot;:&quot;classic&quot;}\">\n\t\t\t\t\t\t<div class=\"elementor-container elementor-column-gap-default\">\n\t\t\t\t\t<div class=\"elementor-column elementor-col-100 elementor-top-column elementor-element elementor-element-b799cc0\" data-id=\"b799cc0\" data-element_type=\"column\">\n\t\t\t<div class=\"elementor-widget-wrap elementor-element-populated\">\n\t\t\t\t\t\t\t\t<div class=\"elementor-element elementor-element-6ecdc34 elementor-widget elementor-widget-heading\" data-id=\"6ecdc34\" data-element_type=\"widget\" data-widget_type=\"heading.default\">\n\t\t\t\t<div class=\"elementor-widget-container\">\n\t\t\t<h2 class=\"elementor-heading-title elementor-size-default\">Privatumo politika<\/h2>\t\t<\/div>\n\t\t\t\t<\/div>\n\t\t\t\t\t<\/div>\n\t\t<\/div>\n\t\t\t\t\t\t\t<\/div>\n\t\t<\/section>\n\t\t\t\t<section class=\"elementor-section elementor-top-section elementor-element elementor-element-16bcd971 elementor-section-boxed elementor-section-height-default elementor-section-height-default\" data-id=\"16bcd971\" data-element_type=\"section\" data-settings=\"{&quot;background_background&quot;:&quot;classic&quot;}\">\n\t\t\t\t\t\t<div class=\"elementor-container elementor-column-gap-default\">\n\t\t\t\t\t<div class=\"elementor-column elementor-col-100 elementor-top-column elementor-element elementor-element-c37ca73\" data-id=\"c37ca73\" data-element_type=\"column\">\n\t\t\t<div class=\"elementor-widget-wrap elementor-element-populated\">\n\t\t\t\t\t\t\t\t<div class=\"elementor-element elementor-element-c9a8521 elementor-widget elementor-widget-text-editor\" data-id=\"c9a8521\" data-element_type=\"widget\" data-widget_type=\"text-editor.default\">\n\t\t\t\t<div class=\"elementor-widget-container\">\n\t\t\t\t\t\t\t<p>Svetain\u0117je parduodamos prek\u0117s apra\u0161omos pagal tip\u0105, kokyb\u0119 ir kiek\u012f. Bendrov\u0117 neatsako u\u017e galimus perkam\u0173 Preki\u0173 spalv\u0173 skirtumus d\u0117l kompiuteri\u0173 ekran\u0173 specifikos. Pra\u0161ymas pirkti Prekes \/ Prekes priimamas kaip Vartotojo i\u0161reik\u0161tas ra\u0161ytinis sutikimas d\u0117l Preki\u0173 \/ Preki\u0173 r\u016b\u0161ies, kokyb\u0117s ir kiekio.<\/p><p>Pristatymas<\/p><p>Pristatymas vykdomas u\u017esakyme nurodytu kurjerio adresu arba biuru. Gavus prek\u0119, sumokama pristatymo kaina, kuri sumokama kurjeriui ir n\u0117ra \u012ftraukta \u012f galutin\u0119 svetain\u0117s kain\u0105.<\/p><p>At\u0161aukti jau pateikt\u0105 u\u017esakym\u0105 galima per kontaktin\u0119 form\u0105, telefonu arba el.<\/p><p>Apmok\u0117jimas u\u017e u\u017esakytas prekes:<\/p><p>* Atsiskaitymas grynaisiais \u2013 vietoje m\u016bs\u0173 svetain\u0117je<\/p><p>* Apmok\u0117jimas pristatymo metu (grynaisiais pristatymo metu)<\/p><p>Gav\u0119s u\u017esakytas prekes, sumokate kurjeriui priklausan\u010di\u0105 sum\u0105. Tai nurodyta u\u017esakymo kainoje.<\/p><p>* Banko apmok\u0117jimas<\/p><p>Skundai<\/p><p>Skundai galioja Prek\u0117ms, kurios neatitinka Svetain\u0117je nurodyt\u0173 kokyb\u0117s reikalavim\u0173 ir (arba) pridedamuose sertifikatuose, naudojimo instrukcijose ir kt., jeigu tokios yra i\u0161duotos prekei \/ Prek\u0117ms, taip pat toms, kurios pateikiant Vartotojui yra akivaizd\u016bs tr\u016bkumai\/spalv\u0173 atspalvi\u0173 skirtumas nelaikomas tr\u016bkumu ir tai negali b\u016bti prie\u017eastimi gr\u0105\u017einti prekes !!! \/. Tuo tikslu Naudotojas pristatymo metu va\u017etara\u0161tyje pa\u017eymi, kad yra akivaizd\u017ei\u0173 defekt\u0173 ir\/ar kiekio neatitikim\u0173, kitu atveju laikoma, kad preki\u0173 kiekis atitinka u\u017esakyt\u0105 ir sutartis \u012fvykdyta tiksliai.<\/p><p>Skundai d\u0117l \u012fsigyt\u0173 ir pristatyt\u0173 Preki\u0173 gali b\u016bti pateikti per 14 dien\u0173 nuo pristatymo dienos, i\u0161skyrus atvejus.<\/p><p>Pagal Vartotoj\u0173 teisi\u0173 gynimo \u012fstatym\u0105 (VTA\u012e), pirk\u0117jo gautos prek\u0117s d\u0117l internetin\u0117s prekybos pob\u016bd\u017eio gali b\u016bti gr\u0105\u017eintos per 14 dien\u0173 nuo \u012fsigijimo, nuo pristatymo dienos, be ai\u0161kaus pagrindo, transportu u\u017e 2000 m. tol, kol prek\u0117s b\u016bkl\u0117 yra tokia pati kaip pristatymo klientui metu (\u012fskaitant nepa\u017eeist\u0105 pakuot\u0119).<\/p><p>Jei turite nusiskundim\u0173, galite susisiekti su mumis telefonu +359898693087 arba el. pa\u0161tu office@maskpro.eu.<\/p><p>Jei kyla problem\u0173 d\u0117l apsipirkimo internetu, galite susisiekti su https:\/\/kzp.bg\/<\/p><p>Internetin\u0117 gin\u010d\u0173 sprendimo platforma https:\/\/ec.europa.eu\/consumers\/odr\/main\/index.cfm?event=main.home.show&amp;lng=EN<\/p><p>Atsisakymo politika<\/p><p>Garantuojame vis\u0173 m\u016bs\u0173 gamini\u0173 kokyb\u0119. Ta\u010diau jei jos neatitinka J\u016bs\u0173 reikalavim\u0173, J\u016bs turite teis\u0119 per 14 dien\u0173 nuo jo gavimo at\u0161aukti vien\u0105 ar kelias prekes i\u0161 u\u017esakymo, susisiek\u0119 su mumis telefonu +359898693087 arba el. pa\u0161tu office @ maskpro. eu.<\/p><p>R\u016bpinkit\u0117s gaminiais, kol jie yra su savimi, taip pat juos gr\u0105\u017eindami, kad i\u0161vengtum\u0117te \u017ealos ar praradimo transportavimo metu.<\/p><p>Gr\u0105\u017eindami prekes atkreipkite d\u0117mes\u012f \u012f \u0161iuos dalykus:<\/p><p>Atmestos (-i\u0173) prek\u0117s (-i\u0173) sumos gr\u0105\u017einimas m\u016bs\u0173 darbuotojui patvirtinus, kad gr\u0105\u017eintos prek\u0117s atitinka auk\u0161\u010diau nurodytus kriterijus, vykdomas pirminiu mok\u0117jimo b\u016bdu, t. jei mok\u0117jote debeto kortele, suma gr\u0105\u017einama kreditine operacija ta pa\u010dia kortele, per 14 darbo dien\u0173 nuo gr\u0105\u017einamos prek\u0117s gavimo. Atsiskaitant grynais pristatymo metu arba pavedimu, suma u\u017e gr\u0105\u017eint\u0105 prek\u0119 (-es) bus gr\u0105\u017einta banko pavedimu \u012f J\u016bs\u0173 nurodyt\u0105 banko s\u0105skait\u0105.<\/p><p>Preki\u0173, gr\u0105\u017eint\u0173 po 14 gavimo dienos, sugadint\u0173, naudot\u0173 ar su pa\u017eeista pakuote, pinig\u0173 negr\u0105\u017einame. Tokiais atvejais mes gr\u0105\u017einsime prekes j\u016bs\u0173 s\u0105skaita.<\/p><p>Atsisakymo pirkti politika nepa\u017eeid\u017eia pirk\u0117jo vartotoj\u0173 teisi\u0173, kai prek\u0117s yra nekokybi\u0161kos \/ sugadintos.<\/p><p>Vartotojo teis\u0117s ir pareigos<\/p><p>Vartotojas turi teis\u0119 per\u017ei\u016br\u0117ti, u\u017esisakyti ir gauti Prekes i\u0161 Svetain\u0117s joje nurodytomis s\u0105lygomis.<\/p><p>Vartotojas turi teis\u0119 b\u016bti informuotas apie savo U\u017esakymo b\u016bsen\u0105.<\/p><p>Vartotojas turi teis\u0119, patvirtinus telefonu, u\u017esakytas Prekes \/ Prekes pristatyti nurodytu pristatymo adresu.<\/p><p>Vartotojas privalo sumok\u0117ti savo U\u017esakymo kain\u0105 Svetain\u0117je paskelbtu b\u016bdu.<\/p><p>Kiekvienas Vartotojas, neatsi\u017evelgiant \u012f tai, ar jis pateik\u0117 u\u017esakym\u0105, ar ne, naudodamasis Svetaine \u012fsipareigoja:<\/p><p>* Nepa\u017eeisti ir negerbti pilie\u010di\u0173 teisi\u0173 ir laisvi\u0173 pagal Konstitucij\u0105, Bulgarijos Respublikos \u012fstatymus ir tarptautinius aktus, kuri\u0173 \u0161alis ji yra, moral\u0117s, ger\u0173 manier\u0173 ir interneto etikos taisykli\u0173;<\/p><p>* Nepa\u017eeisti kit\u0173 asmen\u0173 turtini\u0173 ar neturtini\u0173, absoliu\u010di\u0173 ar santykini\u0173 teisi\u0173 ir interes\u0173, toki\u0173 kaip turtin\u0117s teis\u0117s, intelektin\u0117s nuosavyb\u0117s teis\u0117s ir kt.;<\/p><p>* Nedarykite piktavali\u0161k\u0173 veiksm\u0173.* Nedarykite pikt\u0173 veiksm\u0173.<\/p><p>MaskPro teis\u0117s ir pareigos<\/p><p>Turi teis\u0119, bet ne \u012fsipareigojim\u0105, saugoti m\u016bs\u0173 serveryje naudojam\u0105 \/ esan\u010di\u0105 med\u017eiag\u0105 ir informacij\u0105, kuri\u0105 Naudotojas suteik\u0117 tre\u010diosioms \u0161alims, ir pateikti jas tre\u010diosioms \u0161alims ir atitinkamoms vyriausybin\u0117ms institucijoms tais atvejais, kai tai b\u016btina siekiant i\u0161saugoti MaskPro.eu, taip pat tre\u010di\u0173j\u0173 \u0161ali\u0173 teises ir teis\u0117tus interesus, nuosavyb\u0119 ir saugum\u0105, ie\u0161kini\u0173 d\u0117l j\u0173 teisi\u0173, susijusi\u0173 su naudojama ar skleid\u017eiama informacija ar med\u017eiaga, pa\u017eeidimo, taip pat tais atvejais, kai med\u017eiaga ar informacija yra pagal ai\u0161ki\u0105 teisin\u0119 nuostat\u0105 reikalauja valstyb\u0117s institucijos.<\/p><p>MaskPro turi teis\u0119 bet kuriuo metu, neprane\u0161\u0119s Vartotojui, kai pastarasis naudojasi svetaine pa\u017eeisdamas \u0161ias s\u0105lygas ir MaskPro nuo\u017ei\u016bra, nutraukti vartotojo prieig\u0105 prie Svetain\u0117s. MaskPro neatsako Vartotojams ir tre\u010diosioms \u0161alims u\u017e \u017eal\u0105 ir negaut\u0105 peln\u0105, atsiradus\u012f nutraukus, sustabd\u017eius, pakeitus arba apribojus prieig\u0105, i\u0161trynus, pakeitus, praradus, netikslumus, netikslumus ar nei\u0161samius prane\u0161imus, med\u017eiag\u0105 ar informacij\u0105, perduodam\u0105, naudojam\u0105, , \u012fra\u0161ytas arba prieinamas MaskPro.eu svetain\u0117je<\/p><p>Vartotojas privalo atlyginti MaskPro ir visoms tre\u010diosioms \u0161alims visus nuostolius ir negaut\u0105 peln\u0105, \u012fskaitant visas i\u0161laidas ir sumok\u0117tus advokato honorarus, patirtus d\u0117l pretenzij\u0173 ir (arba) sumok\u0117tos kompensacijos tre\u010diosioms \u0161alims, susijusioms su Svetaine, hipersaitais, med\u017eiaga ar informacija. kuriuos Vartotojas panaudojo, paskelb\u0117 m\u016bs\u0173 serveryje, siunt\u0117, platino, padar\u0117 prieinam\u0105 tre\u010diosioms \u0161alims arba padar\u0117 prieinam\u0105 per MaskPro pa\u017eeisdamas \u012fstatymus, \u0161ias S\u0105lygas, geras manieras ar interneto etik\u0105.<\/p><p>MaskPro turi teis\u0119 Svetain\u0117s Vartotojams si\u0173sti savaitin\u012f naujienlai\u0161k\u012f, jeigu jie patvirtino savo nor\u0105 tai daryti. \u0160iame lai\u0161ke pateikiamos dabartin\u0117s akcijos, nauji produktai, art\u0117jan\u010di\u0173 \u0161ven\u010di\u0173 naujienos, \u0161vie\u017eios dovan\u0173 id\u0117jos ir kt. MaskPro neturi teis\u0117s si\u0173sti \u0161io lai\u0161ko Vartotojams, kurie ai\u0161kiai nurod\u0117, kad nenori jo gauti.<\/p><p>MaskPro turi teis\u0119 rinkti ir naudoti informacij\u0105 apie savo Vartotojus.<\/p><p>Ankstesniame straipsnyje pateikta informacija MaskPro gali b\u016bti naudojama, i\u0161skyrus ai\u0161k\u0173 Vartotojo nesutikim\u0105, i\u0161si\u0173st\u0105 \u0161iuo el. pa\u0161to adresu office@maskpro.eu. MaskPro renka ir naudoja informacij\u0105 siekdama pagerinti Preki\u0173 tiekim\u0105 ir vartotoj\u0173 poreiki\u0173 tenkinim\u0105. Visi tikslai, kuriems \u201eMaskPro\u201c naudos informacij\u0105, bus suderinti su Bulgarijos teis\u0117s aktais, galiojan\u010diais tarptautiniais aktais, geromis manieromis ir interneto etika.<\/p><p>MaskPro garantuoja savo Vartotojams pateiktos informacijos ir asmens duomen\u0173 konfidencialum\u0105. Pastarieji nebus naudojami, teikiami ar informuojami tre\u010diosioms \u0161alims, i\u0161skyrus \u0161iose Bendrosiose s\u0105lygose nurodytais atvejais ir s\u0105lygomis.<\/p><p>MaskPro turi teis\u0119 \u012fdiegti slapukus vartotoj\u0173 kompiuteriuose. Tai tekstiniai failai, kuriuos Svetain\u0117 i\u0161saugo \u012f Vartotojo kiet\u0105j\u012f disk\u0105 ir leid\u017eia atkurti informacij\u0105 apie Vartotoj\u0105, identifikuoti ir sekti jo veiksmus, jo lankomus interneto puslapius, jo naudojamas hipersaitus, informacij\u0105, kuri\u0105 naudoja ir \u012fra\u0161o. kiti.<\/p><p>Asmens duomen\u0173 apsauga. Konfidencialumas.<\/p><p>Pagal Asmens duomen\u0173 apsaugos \u012fstatym\u0105 Vartotojas turi teis\u0119 susipa\u017einti su savo asmens duomenimis, kuriuos jis \u012fved\u0117 arba tapo prieinamais MaskPro naudodamasis Svetain\u0117je, taip pat pataisyti \u0161iuos asmens duomenis.<\/p><p>Vartotojai, u\u017epild\u0119 registracijos form\u0105 ir sutik\u0119 su \u0161iomis bendromis s\u0105lygomis, ai\u0161kiai sutinka, kad j\u0173 pateiktus asmens duomenis MaskPro tvarkyt\u0173 elektroniniu b\u016bdu prista\u010dius u\u017esakytas prekes ar paslaugas.<\/p><p>Vartotojai savo asmens duomenis teikia savanori\u0161kai, kad b\u016bt\u0173 galima juos identifikuoti naudojimosi Svetaine procese ir juos MaskPro gali saugoti, tvarkyti ir naudoti teikiam\u0173 paslaug\u0173 prie\u017ei\u016bros bei ma\u017emenin\u0117je prekyboje si\u016blom\u0173 preki\u0173 ir paslaug\u0173 reklamos tikslais. MaskPro parduotuvi\u0173 tinklo, pavyzd\u017eiui, naujienlai\u0161ki\u0173, SMS \u017einu\u010di\u0173 ir kit\u0173 naujien\u0173 gavimas.<\/p><p>MaskPro parei\u0161kia, kad svetain\u0117s Vartotoj\u0173 pateikti asmens duomenys n\u0117ra perduodami tre\u010diosioms \u0161alims reklamos, reklamos ir\/ar kitais tikslais.<\/p><p>MaskPro pasilieka teis\u0119 naudoti IP adresus ir kitus Vartotoj\u0173 duomenis, kad atskleist\u0173 j\u0173 tapatyb\u0119 tais atvejais, kai to reikia pagal atitinkamos valstyb\u0117s institucijos \u012fsakym\u0105, i\u0161duot\u0105 tinkamu laiku, arba siekiant laikytis teisini\u0173 proced\u016br\u0173. arba laikytis bendr\u0173j\u0173 elektronin\u0117s prekybos svetain\u0117s s\u0105lyg\u0173.<\/p><p>Prane\u0161imai<\/p><p>Jei ai\u0161kiai nenurodyta kitaip, visi prane\u0161imai, susij\u0119 su Preki\u0173 u\u017esakymu ir pristatymu per Svetain\u0119, teikiami telefono numeriais \/ kontaktiniais adresais, paskelbtais matomoje Svetain\u0117s vietoje ir atitinkamai nurodytais Vartotojo telefono numeriais \/ kontaktiniu adresu, \u012fskaitant elektroninio pa\u0161to adresus. Apie savo u\u017esakymo b\u016bsen\u0105 vartotojas gali bet kada su\u017einoti skiltyje \u201eMano u\u017esakymai\u201c Tokiu b\u016bdu pateikti prane\u0161imai laikomi tinkamai gautais, kol ne\u012frodoma prie\u0161ingai.<\/p>\t\t\t\t\t\t<\/div>\n\t\t\t\t<\/div>\n\t\t\t\t\t<\/div>\n\t\t<\/div>\n\t\t\t\t\t\t\t<\/div>\n\t\t<\/section>\n\t\t\t\t\t\t<\/div>\n\t\t\t\t\t<\/div>\n\t\t","protected":false},"excerpt":{"rendered":"<p>Privatumo politika Svetain\u0117je parduodamos prek\u0117s apra\u0161omos pagal tip\u0105, kokyb\u0119 ir kiek\u012f. Bendrov\u0117 neatsako u\u017e galimus perkam\u0173 Preki\u0173 spalv\u0173 skirtumus d\u0117l kompiuteri\u0173 ekran\u0173 specifikos. Pra\u0161ymas pirkti Prekes \/ Prekes priimamas kaip Vartotojo i\u0161reik\u0161tas ra\u0161ytinis sutikimas d\u0117l Preki\u0173 \/ Preki\u0173 r\u016b\u0161ies, kokyb\u0117s ir kiekio. Pristatymas Pristatymas vykdomas u\u017esakyme nurodytu kurjerio adresu arba biuru. Gavus prek\u0119, sumokama pristatymo [&hellip;]<\/p>\n","protected":false},"author":1,"featured_media":0,"parent":0,"menu_order":0,"comment_status":"closed","ping_status":"open","template":"","meta":{"footnotes":""},"class_list":["post-716","page","type-page","status-publish","hentry"],"yoast_head":"<!-- This site is optimized with the Yoast SEO plugin v19.2 - https:\/\/yoast.com\/wordpress\/plugins\/seo\/ -->\n<title>Privacy policy - Vapepro<\/title>\n<meta name=\"description\" content=\"Read more about Privacy policy from Vapepro - disposable vapes\" \/>\n<meta name=\"robots\" content=\"index, follow, max-snippet:-1, max-image-preview:large, max-video-preview:-1\" \/>\n<link rel=\"canonical\" href=\"https:\/\/vapepro.eu\/lithuania\/privacy-policy-2\/\" \/>\n<meta property=\"og:locale\" content=\"en_US\" \/>\n<meta property=\"og:type\" content=\"article\" \/>\n<meta property=\"og:title\" content=\"Privacy policy - Vapepro\" \/>\n<meta property=\"og:description\" content=\"Read more about Privacy policy from Vapepro - disposable vapes\" \/>\n<meta property=\"og:url\" content=\"https:\/\/vapepro.eu\/lithuania\/privacy-policy-2\/\" \/>\n<meta property=\"og:site_name\" content=\"Vapepro\" \/>\n<meta property=\"article:publisher\" content=\"https:\/\/www.facebook.com\/vapeproofficial\" \/>\n<meta property=\"article:modified_time\" content=\"2022-07-27T11:55:17+00:00\" \/>\n<meta property=\"og:image\" content=\"https:\/\/vapepro.eu\/lithuania\/wp-content\/uploads\/2021\/02\/VAPEPRO-LOGO-COLORS-SOCIAL-04-removebg-preview-1.png\" \/>\n\t<meta property=\"og:image:width\" content=\"500\" \/>\n\t<meta property=\"og:image:height\" content=\"500\" \/>\n\t<meta property=\"og:image:type\" content=\"image\/png\" \/>\n<meta name=\"author\" content=\"vapepro\" \/>\n<meta name=\"twitter:card\" content=\"summary_large_image\" \/>\n<meta name=\"twitter:label1\" content=\"Est. reading time\" \/>\n\t<meta name=\"twitter:data1\" content=\"5 minutes\" \/>\n<script type=\"application\/ld+json\" class=\"yoast-schema-graph\">{\"@context\":\"https:\/\/schema.org\",\"@graph\":[{\"@type\":\"Organization\",\"@id\":\"https:\/\/vapepro.eu\/lithuania\/#organization\",\"name\":\"Vapepro\",\"url\":\"https:\/\/vapepro.eu\/lithuania\/\",\"sameAs\":[\"https:\/\/www.instagram.com\/vapeproofficial\/\",\"https:\/\/www.youtube.com\/channel\/UCKJ733xAz3eO6VqQdH_50iA?guided_help_flow=3\",\"https:\/\/www.facebook.com\/vapeproofficial\"],\"logo\":{\"@type\":\"ImageObject\",\"inLanguage\":\"en-US\",\"@id\":\"https:\/\/vapepro.eu\/lithuania\/#\/schema\/logo\/image\/\",\"url\":\"https:\/\/vapepro.eu\/lithuania\/wp-content\/uploads\/2021\/02\/VAPEPRO-LOGO-COLORS-SOCIAL-04-removebg-preview-1.png\",\"contentUrl\":\"https:\/\/vapepro.eu\/lithuania\/wp-content\/uploads\/2021\/02\/VAPEPRO-LOGO-COLORS-SOCIAL-04-removebg-preview-1.png\",\"width\":500,\"height\":500,\"caption\":\"Vapepro\"},\"image\":{\"@id\":\"https:\/\/vapepro.eu\/lithuania\/#\/schema\/logo\/image\/\"}},{\"@type\":\"WebSite\",\"@id\":\"https:\/\/vapepro.eu\/lithuania\/#website\",\"url\":\"https:\/\/vapepro.eu\/lithuania\/\",\"name\":\"Vapepro\",\"description\":\"\u0423\u0431\u0438\u0435\u0446\u044a\u0442 \u043d\u0430 \u0446\u0438\u0433\u0430\u0440\u0438\",\"publisher\":{\"@id\":\"https:\/\/vapepro.eu\/lithuania\/#organization\"},\"potentialAction\":[{\"@type\":\"SearchAction\",\"target\":{\"@type\":\"EntryPoint\",\"urlTemplate\":\"https:\/\/vapepro.eu\/lithuania\/?s={search_term_string}\"},\"query-input\":\"required name=search_term_string\"}],\"inLanguage\":\"en-US\"},{\"@type\":\"WebPage\",\"@id\":\"https:\/\/vapepro.eu\/lithuania\/privacy-policy-2\/#webpage\",\"url\":\"https:\/\/vapepro.eu\/lithuania\/privacy-policy-2\/\",\"name\":\"Privacy policy - Vapepro\",\"isPartOf\":{\"@id\":\"https:\/\/vapepro.eu\/lithuania\/#website\"},\"datePublished\":\"2021-02-04T12:13:42+00:00\",\"dateModified\":\"2022-07-27T11:55:17+00:00\",\"description\":\"Read more about Privacy policy from Vapepro - disposable vapes\",\"breadcrumb\":{\"@id\":\"https:\/\/vapepro.eu\/lithuania\/privacy-policy-2\/#breadcrumb\"},\"inLanguage\":\"en-US\",\"potentialAction\":[{\"@type\":\"ReadAction\",\"target\":[\"https:\/\/vapepro.eu\/lithuania\/privacy-policy-2\/\"]}]},{\"@type\":\"BreadcrumbList\",\"@id\":\"https:\/\/vapepro.eu\/lithuania\/privacy-policy-2\/#breadcrumb\",\"itemListElement\":[{\"@type\":\"ListItem\",\"position\":1,\"name\":\"Home\",\"item\":\"https:\/\/vapepro.eu\/lithuania\/\"},{\"@type\":\"ListItem\",\"position\":2,\"name\":\"Privacy policy\"}]}]}<\/script>\n<!-- \/ Yoast SEO plugin. -->","yoast_head_json":{"title":"Privacy policy - Vapepro","description":"Read more about Privacy policy from Vapepro - disposable vapes","robots":{"index":"index","follow":"follow","max-snippet":"max-snippet:-1","max-image-preview":"max-image-preview:large","max-video-preview":"max-video-preview:-1"},"canonical":"https:\/\/vapepro.eu\/lithuania\/privacy-policy-2\/","og_locale":"en_US","og_type":"article","og_title":"Privacy policy - Vapepro","og_description":"Read more about Privacy policy from Vapepro - disposable vapes","og_url":"https:\/\/vapepro.eu\/lithuania\/privacy-policy-2\/","og_site_name":"Vapepro","article_publisher":"https:\/\/www.facebook.com\/vapeproofficial","article_modified_time":"2022-07-27T11:55:17+00:00","og_image":[{"width":500,"height":500,"url":"https:\/\/vapepro.eu\/lithuania\/wp-content\/uploads\/2021\/02\/VAPEPRO-LOGO-COLORS-SOCIAL-04-removebg-preview-1.png","type":"image\/png"}],"author":"vapepro","twitter_card":"summary_large_image","twitter_misc":{"Est. reading time":"5 minutes"},"schema":{"@context":"https:\/\/schema.org","@graph":[{"@type":"Organization","@id":"https:\/\/vapepro.eu\/lithuania\/#organization","name":"Vapepro","url":"https:\/\/vapepro.eu\/lithuania\/","sameAs":["https:\/\/www.instagram.com\/vapeproofficial\/","https:\/\/www.youtube.com\/channel\/UCKJ733xAz3eO6VqQdH_50iA?guided_help_flow=3","https:\/\/www.facebook.com\/vapeproofficial"],"logo":{"@type":"ImageObject","inLanguage":"en-US","@id":"https:\/\/vapepro.eu\/lithuania\/#\/schema\/logo\/image\/","url":"https:\/\/vapepro.eu\/lithuania\/wp-content\/uploads\/2021\/02\/VAPEPRO-LOGO-COLORS-SOCIAL-04-removebg-preview-1.png","contentUrl":"https:\/\/vapepro.eu\/lithuania\/wp-content\/uploads\/2021\/02\/VAPEPRO-LOGO-COLORS-SOCIAL-04-removebg-preview-1.png","width":500,"height":500,"caption":"Vapepro"},"image":{"@id":"https:\/\/vapepro.eu\/lithuania\/#\/schema\/logo\/image\/"}},{"@type":"WebSite","@id":"https:\/\/vapepro.eu\/lithuania\/#website","url":"https:\/\/vapepro.eu\/lithuania\/","name":"Vapepro","description":"\u0423\u0431\u0438\u0435\u0446\u044a\u0442 \u043d\u0430 \u0446\u0438\u0433\u0430\u0440\u0438","publisher":{"@id":"https:\/\/vapepro.eu\/lithuania\/#organization"},"potentialAction":[{"@type":"SearchAction","target":{"@type":"EntryPoint","urlTemplate":"https:\/\/vapepro.eu\/lithuania\/?s={search_term_string}"},"query-input":"required name=search_term_string"}],"inLanguage":"en-US"},{"@type":"WebPage","@id":"https:\/\/vapepro.eu\/lithuania\/privacy-policy-2\/#webpage","url":"https:\/\/vapepro.eu\/lithuania\/privacy-policy-2\/","name":"Privacy policy - Vapepro","isPartOf":{"@id":"https:\/\/vapepro.eu\/lithuania\/#website"},"datePublished":"2021-02-04T12:13:42+00:00","dateModified":"2022-07-27T11:55:17+00:00","description":"Read more about Privacy policy from Vapepro - disposable vapes","breadcrumb":{"@id":"https:\/\/vapepro.eu\/lithuania\/privacy-policy-2\/#breadcrumb"},"inLanguage":"en-US","potentialAction":[{"@type":"ReadAction","target":["https:\/\/vapepro.eu\/lithuania\/privacy-policy-2\/"]}]},{"@type":"BreadcrumbList","@id":"https:\/\/vapepro.eu\/lithuania\/privacy-policy-2\/#breadcrumb","itemListElement":[{"@type":"ListItem","position":1,"name":"Home","item":"https:\/\/vapepro.eu\/lithuania\/"},{"@type":"ListItem","position":2,"name":"Privacy policy"}]}]}},"_links":{"self":[{"href":"https:\/\/vapepro.eu\/lithuania\/wp-json\/wp\/v2\/pages\/716","targetHints":{"allow":["GET"]}}],"collection":[{"href":"https:\/\/vapepro.eu\/lithuania\/wp-json\/wp\/v2\/pages"}],"about":[{"href":"https:\/\/vapepro.eu\/lithuania\/wp-json\/wp\/v2\/types\/page"}],"author":[{"embeddable":true,"href":"https:\/\/vapepro.eu\/lithuania\/wp-json\/wp\/v2\/users\/1"}],"replies":[{"embeddable":true,"href":"https:\/\/vapepro.eu\/lithuania\/wp-json\/wp\/v2\/comments?post=716"}],"version-history":[{"count":14,"href":"https:\/\/vapepro.eu\/lithuania\/wp-json\/wp\/v2\/pages\/716\/revisions"}],"predecessor-version":[{"id":6429,"href":"https:\/\/vapepro.eu\/lithuania\/wp-json\/wp\/v2\/pages\/716\/revisions\/6429"}],"wp:attachment":[{"href":"https:\/\/vapepro.eu\/lithuania\/wp-json\/wp\/v2\/media?parent=716"}],"curies":[{"name":"wp","href":"https:\/\/api.w.org\/{rel}","templated":true}]}}