{"id":654,"date":"2021-02-04T12:57:03","date_gmt":"2021-02-04T10:57:03","guid":{"rendered":"https:\/\/vapepro.eu\/portugal\/vapepro\/"},"modified":"2022-06-28T02:38:20","modified_gmt":"2022-06-28T00:38:20","slug":"vapepro","status":"publish","type":"page","link":"https:\/\/vapepro.eu\/portugal\/vapepro\/","title":{"rendered":"Vapepro"},"content":{"rendered":"\t\t<div data-elementor-type=\"wp-page\" data-elementor-id=\"654\" class=\"elementor elementor-654\" data-elementor-settings=\"[]\">\n\t\t\t\t\t\t\t<div class=\"elementor-section-wrap\">\n\t\t\t\t\t\t\t<section class=\"elementor-section elementor-top-section elementor-element elementor-element-d6fa63f elementor-section-boxed elementor-section-height-default elementor-section-height-default\" data-id=\"d6fa63f\" data-element_type=\"section\" data-settings=\"{&quot;background_background&quot;:&quot;classic&quot;}\">\n\t\t\t\t\t\t<div class=\"elementor-container elementor-column-gap-default\">\n\t\t\t\t\t<div class=\"elementor-column elementor-col-100 elementor-top-column elementor-element elementor-element-a8ff1c8\" data-id=\"a8ff1c8\" data-element_type=\"column\">\n\t\t\t<div class=\"elementor-widget-wrap elementor-element-populated\">\n\t\t\t\t\t\t\t\t<div class=\"elementor-element elementor-element-c377431 elementor-widget elementor-widget-text-editor\" data-id=\"c377431\" data-element_type=\"widget\" data-widget_type=\"text-editor.default\">\n\t\t\t\t<div class=\"elementor-widget-container\">\n\t\t\t\t\t\t\t<p>Elegante, elegante e f\u00e1cil de usar, o Vapepro \u00e9 um narguil\u00e9 l\u00edquido pr\u00e9-carregado alimentado por uma bateria de \u00edons de l\u00edtio e controlado apenas pelo fluxo de ar ao puxar. Sem carregamento, sem recargas, sem estresse!<\/p><p>Vapepro \u00e9 o seu primeiro passo para encontrar um substituto \u00f3timo e inofensivo para fumar. Substitua odores desagrad\u00e1veis, fuma\u00e7a nociva e alcatr\u00e3o por vapor arom\u00e1tico e sabor incr\u00edvel.<\/p><p>Vapepro oferece uma sensa\u00e7\u00e3o muito melhor do que fumar padr\u00e3o &#8211; com um novo design de luxo acompanhado de um sabor incr\u00edvel.<\/p>\t\t\t\t\t\t<\/div>\n\t\t\t\t<\/div>\n\t\t\t\t<section class=\"elementor-section elementor-inner-section elementor-element elementor-element-2affe68 elementor-section-boxed elementor-section-height-default elementor-section-height-default\" data-id=\"2affe68\" data-element_type=\"section\">\n\t\t\t\t\t\t<div class=\"elementor-container elementor-column-gap-default\">\n\t\t\t\t\t<div class=\"elementor-column elementor-col-33 elementor-inner-column elementor-element elementor-element-42695b9\" data-id=\"42695b9\" data-element_type=\"column\">\n\t\t\t<div class=\"elementor-widget-wrap elementor-element-populated\">\n\t\t\t\t\t\t\t\t<div class=\"elementor-element elementor-element-7d89ca2 elementor-position-right animated-slow elementor-vertical-align-top elementor-invisible elementor-widget elementor-widget-image-box\" data-id=\"7d89ca2\" data-element_type=\"widget\" data-settings=\"{&quot;_animation&quot;:&quot;fadeInLeft&quot;,&quot;_animation_mobile&quot;:&quot;fadeInUp&quot;}\" data-widget_type=\"image-box.default\">\n\t\t\t\t<div class=\"elementor-widget-container\">\n\t\t\t<div class=\"elementor-image-box-wrapper\"><figure class=\"elementor-image-box-img\"><img decoding=\"async\" width=\"500\" height=\"500\" src=\"https:\/\/vapepro.eu\/portugal\/wp-content\/uploads\/2021\/02\/VAPEPRO-ICONS-DRUPKI-WHITE.png\" class=\"elementor-animation-grow attachment-full size-full\" alt=\"\u0438\u043a\u043e\u043d\u0430 \u0437\u0430 \u0431\u0440\u043e\u0439 \u0434\u0440\u044a\u043f\u043a\u0438\" \/><\/figure><div class=\"elementor-image-box-content\"><h3 class=\"elementor-image-box-title\">N\u00famero de sopros<\/h3><p class=\"elementor-image-box-description\">800\/1400 baforadas<\/p><\/div><\/div>\t\t<\/div>\n\t\t\t\t<\/div>\n\t\t\t\t<div class=\"elementor-element elementor-element-e4d28db elementor-position-right animated-slow elementor-vertical-align-top elementor-invisible elementor-widget elementor-widget-image-box\" data-id=\"e4d28db\" data-element_type=\"widget\" data-settings=\"{&quot;_animation&quot;:&quot;fadeInLeft&quot;,&quot;_animation_delay&quot;:200,&quot;_animation_mobile&quot;:&quot;fadeInUp&quot;}\" data-widget_type=\"image-box.default\">\n\t\t\t\t<div class=\"elementor-widget-container\">\n\t\t\t<div class=\"elementor-image-box-wrapper\"><figure class=\"elementor-image-box-img\"><img decoding=\"async\" width=\"500\" height=\"500\" src=\"https:\/\/vapepro.eu\/portugal\/wp-content\/uploads\/2021\/02\/VAPEPRO-ICONS-CIGARA-WHITE.png\" class=\"elementor-animation-grow attachment-full size-full\" alt=\"\u0438\u043a\u043e\u043d\u0430 \u0437\u0430 \u0431\u0440\u043e\u0439 \u0446\u0438\u0433\u0430\u0440\u0438\" \/><\/figure><div class=\"elementor-image-box-content\"><h3 class=\"elementor-image-box-title\">N\u00famero de cigarros<\/h3><p class=\"elementor-image-box-description\">60 cigarros<\/p><\/div><\/div>\t\t<\/div>\n\t\t\t\t<\/div>\n\t\t\t\t<div class=\"elementor-element elementor-element-981d580 elementor-position-right animated-slow elementor-vertical-align-top elementor-invisible elementor-widget elementor-widget-image-box\" data-id=\"981d580\" data-element_type=\"widget\" data-settings=\"{&quot;_animation&quot;:&quot;fadeInLeft&quot;,&quot;_animation_delay&quot;:400,&quot;_animation_mobile&quot;:&quot;fadeInUp&quot;}\" data-widget_type=\"image-box.default\">\n\t\t\t\t<div class=\"elementor-widget-container\">\n\t\t\t<div class=\"elementor-image-box-wrapper\"><figure class=\"elementor-image-box-img\"><img decoding=\"async\" width=\"500\" height=\"500\" src=\"https:\/\/vapepro.eu\/portugal\/wp-content\/uploads\/2021\/02\/VAPEPRO-ICONS-NIKOTIN-WHITE.png\" class=\"elementor-animation-grow attachment-full size-full\" alt=\"\u0438\u043a\u043e\u043d\u0430 \u043d\u0438\u043a\u043e\u0442\u0438\u043d\" \/><\/figure><div class=\"elementor-image-box-content\"><h3 class=\"elementor-image-box-title\">Conte\u00fado de nicotina<\/h3><p class=\"elementor-image-box-description\">20\/0 mg\/ml<\/p><\/div><\/div>\t\t<\/div>\n\t\t\t\t<\/div>\n\t\t\t\t\t<\/div>\n\t\t<\/div>\n\t\t\t\t<div class=\"elementor-column elementor-col-33 elementor-inner-column elementor-element elementor-element-d435ad5 elementor-invisible\" data-id=\"d435ad5\" data-element_type=\"column\" data-settings=\"{&quot;animation&quot;:&quot;fadeInLeft&quot;}\">\n\t\t\t<div class=\"elementor-widget-wrap elementor-element-populated\">\n\t\t\t\t\t\t\t\t<div class=\"elementor-element elementor-element-b4e22ff elementor-invisible elementor-widget elementor-widget-image\" data-id=\"b4e22ff\" data-element_type=\"widget\" data-settings=\"{&quot;motion_fx_motion_fx_mouse&quot;:&quot;yes&quot;,&quot;motion_fx_mouseTrack_effect&quot;:&quot;yes&quot;,&quot;motion_fx_mouseTrack_speed&quot;:{&quot;unit&quot;:&quot;px&quot;,&quot;size&quot;:1.2,&quot;sizes&quot;:[]},&quot;_animation&quot;:&quot;fadeInUp&quot;,&quot;_animation_mobile&quot;:&quot;fadeInUp&quot;,&quot;motion_fx_mouseTrack_direction&quot;:&quot;negative&quot;}\" data-widget_type=\"image.default\">\n\t\t\t\t<div class=\"elementor-widget-container\">\n\t\t\t\t\t\t\t\t\t\t\t\t\t\t\t<img decoding=\"async\" width=\"167\" height=\"1000\" src=\"https:\/\/vapepro.eu\/portugal\/wp-content\/uploads\/2021\/06\/VAPE-BLACK-LOGO-VAPEPRO_3color.png\" class=\"attachment-full size-full\" alt=\"vapepro\" srcset=\"https:\/\/vapepro.eu\/portugal\/wp-content\/uploads\/2021\/06\/VAPE-BLACK-LOGO-VAPEPRO_3color.png 167w, https:\/\/vapepro.eu\/portugal\/wp-content\/uploads\/2021\/06\/VAPE-BLACK-LOGO-VAPEPRO_3color-50x300.png 50w\" sizes=\"(max-width: 167px) 100vw, 167px\" \/>\t\t\t\t\t\t\t\t\t\t\t\t\t\t\t<\/div>\n\t\t\t\t<\/div>\n\t\t\t\t\t<\/div>\n\t\t<\/div>\n\t\t\t\t<div class=\"elementor-column elementor-col-33 elementor-inner-column elementor-element elementor-element-2f2cf49\" data-id=\"2f2cf49\" data-element_type=\"column\">\n\t\t\t<div class=\"elementor-widget-wrap elementor-element-populated\">\n\t\t\t\t\t\t\t\t<div class=\"elementor-element elementor-element-b25ed25 elementor-position-left animated-slow elementor-vertical-align-top elementor-invisible elementor-widget elementor-widget-image-box\" data-id=\"b25ed25\" data-element_type=\"widget\" data-settings=\"{&quot;_animation&quot;:&quot;fadeInRight&quot;,&quot;_animation_mobile&quot;:&quot;fadeInUp&quot;}\" data-widget_type=\"image-box.default\">\n\t\t\t\t<div class=\"elementor-widget-container\">\n\t\t\t<div class=\"elementor-image-box-wrapper\"><figure class=\"elementor-image-box-img\"><img decoding=\"async\" width=\"500\" height=\"500\" src=\"https:\/\/vapepro.eu\/portugal\/wp-content\/uploads\/2021\/02\/VAPEPRO-ICONS-VKUSOVE-WHITE.png\" class=\"elementor-animation-grow attachment-full size-full\" alt=\"\u0438\u043a\u043e\u043d\u0430 \u0437\u0430 \u0432\u0438\u0434 \u043d\u0430 \u0432\u043a\u0443\u0441\u0430\" \/><\/figure><div class=\"elementor-image-box-content\"><h3 class=\"elementor-image-box-title\">N\u00famero de sabores<\/h3><p class=\"elementor-image-box-description\">16 sabores<\/p><\/div><\/div>\t\t<\/div>\n\t\t\t\t<\/div>\n\t\t\t\t<div class=\"elementor-element elementor-element-ee13e6e elementor-position-left animated-slow elementor-vertical-align-top elementor-invisible elementor-widget elementor-widget-image-box\" data-id=\"ee13e6e\" data-element_type=\"widget\" data-settings=\"{&quot;_animation&quot;:&quot;fadeInRight&quot;,&quot;_animation_delay&quot;:200,&quot;_animation_mobile&quot;:&quot;fadeInUp&quot;}\" data-widget_type=\"image-box.default\">\n\t\t\t\t<div class=\"elementor-widget-container\">\n\t\t\t<div class=\"elementor-image-box-wrapper\"><figure class=\"elementor-image-box-img\"><img decoding=\"async\" width=\"500\" height=\"500\" src=\"https:\/\/vapepro.eu\/portugal\/wp-content\/uploads\/2021\/02\/VAPEPRO-ICONS-RECIKLIRANE-WHITE.png\" class=\"elementor-animation-grow attachment-full size-full\" alt=\"\u0438\u043a\u043e\u043d\u0430 \u0432\u043d\u0438\u043c\u0430\u043d\u0438\u0435\" \/><\/figure><div class=\"elementor-image-box-content\"><h3 class=\"elementor-image-box-title\">Descart\u00e1vel<\/h3><p class=\"elementor-image-box-description\">Sem carregamento, sem recargas, sem estresse!<\/p><\/div><\/div>\t\t<\/div>\n\t\t\t\t<\/div>\n\t\t\t\t<div class=\"elementor-element elementor-element-4c29862 elementor-position-left animated-slow elementor-vertical-align-top elementor-invisible elementor-widget elementor-widget-image-box\" data-id=\"4c29862\" data-element_type=\"widget\" data-settings=\"{&quot;_animation&quot;:&quot;fadeInRight&quot;,&quot;_animation_delay&quot;:400,&quot;_animation_mobile&quot;:&quot;fadeInUp&quot;}\" data-widget_type=\"image-box.default\">\n\t\t\t\t<div class=\"elementor-widget-container\">\n\t\t\t<div class=\"elementor-image-box-wrapper\"><figure class=\"elementor-image-box-img\"><img decoding=\"async\" width=\"500\" height=\"500\" src=\"https:\/\/vapepro.eu\/portugal\/wp-content\/uploads\/2021\/02\/VAPEPRO-ICONS-EDNOKRATNO-WHITE.png\" class=\"elementor-animation-grow attachment-full size-full\" alt=\"\u0438\u043a\u043e\u043d\u0430 \u0435\u0434\u043d\u043e\u043a\u0440\u0430\u0442\u043d\u0430 \u0443\u043f\u043e\u0440\u0442\u0440\u0435\u0432\" \/><\/figure><div class=\"elementor-image-box-content\"><h3 class=\"elementor-image-box-title\">Reciclar<\/h3><p class=\"elementor-image-box-description\">Proteger a natureza<\/p><\/div><\/div>\t\t<\/div>\n\t\t\t\t<\/div>\n\t\t\t\t\t<\/div>\n\t\t<\/div>\n\t\t\t\t\t\t\t<\/div>\n\t\t<\/section>\n\t\t\t\t\t<\/div>\n\t\t<\/div>\n\t\t\t\t\t\t\t<\/div>\n\t\t<\/section>\n\t\t\t\t\t\t<\/div>\n\t\t\t\t\t<\/div>\n\t\t","protected":false},"excerpt":{"rendered":"<p>Elegante, elegante e f\u00e1cil de usar, o Vapepro \u00e9 um narguil\u00e9 l\u00edquido pr\u00e9-carregado alimentado por uma bateria de \u00edons de l\u00edtio e controlado apenas pelo fluxo de ar ao puxar. Sem carregamento, sem recargas, sem estresse! Vapepro \u00e9 o seu primeiro passo para encontrar um substituto \u00f3timo e inofensivo para fumar. Substitua odores desagrad\u00e1veis, fuma\u00e7a [&hellip;]<\/p>\n","protected":false},"author":1,"featured_media":0,"parent":0,"menu_order":0,"comment_status":"closed","ping_status":"closed","template":"","meta":{"footnotes":""},"class_list":["post-654","page","type-page","status-publish","hentry"],"yoast_head":"<!-- This site is optimized with the Yoast SEO plugin v17.0 - https:\/\/yoast.com\/wordpress\/plugins\/seo\/ -->\n<title>Vapepro - Vapepro<\/title>\n<meta name=\"description\" content=\"\u041f\u0440\u043e\u0447\u0435\u0442\u0435\u0442\u0435 \u043f\u043e\u0432\u0435\u0447\u0435 \u0437\u0430 Vapepro \u043e\u0442 Vapepro - \u0435\u043b\u0435\u043a\u0442\u0440\u043e\u043d\u043d\u0438 \u043d\u0430\u0440\u0433\u0438\u043b\u0435\u0442\u0430\" \/>\n<meta name=\"robots\" content=\"index, follow, max-snippet:-1, max-image-preview:large, max-video-preview:-1\" \/>\n<link rel=\"canonical\" href=\"https:\/\/vapepro.eu\/portugal\/vapepro\/\" \/>\n<meta property=\"og:locale\" content=\"en_US\" \/>\n<meta property=\"og:type\" content=\"article\" \/>\n<meta property=\"og:title\" content=\"Vapepro - Vapepro\" \/>\n<meta property=\"og:description\" content=\"\u041f\u0440\u043e\u0447\u0435\u0442\u0435\u0442\u0435 \u043f\u043e\u0432\u0435\u0447\u0435 \u0437\u0430 Vapepro \u043e\u0442 Vapepro - \u0435\u043b\u0435\u043a\u0442\u0440\u043e\u043d\u043d\u0438 \u043d\u0430\u0440\u0433\u0438\u043b\u0435\u0442\u0430\" \/>\n<meta property=\"og:url\" content=\"https:\/\/vapepro.eu\/portugal\/vapepro\/\" \/>\n<meta property=\"og:site_name\" content=\"Vapepro\" \/>\n<meta property=\"article:publisher\" content=\"https:\/\/www.facebook.com\/vapeproofficial\" \/>\n<meta property=\"article:modified_time\" content=\"2022-06-28T00:38:20+00:00\" \/>\n<meta property=\"og:image\" content=\"https:\/\/vapepro.eu\/portugal\/wp-content\/uploads\/2021\/02\/VAPEPRO-ICONS-DRUPKI-WHITE.png\" \/>\n<meta name=\"twitter:card\" content=\"summary_large_image\" \/>\n<meta name=\"twitter:label1\" content=\"Est. reading time\" \/>\n\t<meta name=\"twitter:data1\" content=\"2 minutes\" \/>\n<script type=\"application\/ld+json\" class=\"yoast-schema-graph\">{\"@context\":\"https:\/\/schema.org\",\"@graph\":[{\"@type\":\"Organization\",\"@id\":\"https:\/\/vapepro.eu\/portugal\/#organization\",\"name\":\"Vapepro\",\"url\":\"https:\/\/vapepro.eu\/portugal\/\",\"sameAs\":[\"https:\/\/www.facebook.com\/vapeproofficial\",\"https:\/\/www.instagram.com\/vapeproofficial\/\",\"https:\/\/www.youtube.com\/channel\/UCKJ733xAz3eO6VqQdH_50iA?guided_help_flow=3\"],\"logo\":{\"@type\":\"ImageObject\",\"@id\":\"https:\/\/vapepro.eu\/portugal\/#logo\",\"inLanguage\":\"en-US\",\"url\":\"https:\/\/vapepro.eu\/portugal\/wp-content\/uploads\/2021\/02\/VAPEPRO-LOGO-COLORS-SOCIAL-04-removebg-preview-1.png\",\"contentUrl\":\"https:\/\/vapepro.eu\/portugal\/wp-content\/uploads\/2021\/02\/VAPEPRO-LOGO-COLORS-SOCIAL-04-removebg-preview-1.png\",\"width\":500,\"height\":500,\"caption\":\"Vapepro\"},\"image\":{\"@id\":\"https:\/\/vapepro.eu\/portugal\/#logo\"}},{\"@type\":\"WebSite\",\"@id\":\"https:\/\/vapepro.eu\/portugal\/#website\",\"url\":\"https:\/\/vapepro.eu\/portugal\/\",\"name\":\"Vapepro\",\"description\":\"\\u0423\\u0431\\u0438\\u0435\\u0446\\u044a\\u0442 \\u043d\\u0430 \\u0446\\u0438\\u0433\\u0430\\u0440\\u0438\",\"publisher\":{\"@id\":\"https:\/\/vapepro.eu\/portugal\/#organization\"},\"potentialAction\":[{\"@type\":\"SearchAction\",\"target\":{\"@type\":\"EntryPoint\",\"urlTemplate\":\"https:\/\/vapepro.eu\/portugal\/?s={search_term_string}\"},\"query-input\":\"required name=search_term_string\"}],\"inLanguage\":\"en-US\"},{\"@type\":\"ImageObject\",\"@id\":\"https:\/\/vapepro.eu\/portugal\/vapepro\/#primaryimage\",\"inLanguage\":\"en-US\",\"url\":\"https:\/\/vapepro.eu\/portugal\/wp-content\/uploads\/2021\/02\/VAPEPRO-ICONS-DRUPKI-WHITE.png\",\"contentUrl\":\"https:\/\/vapepro.eu\/portugal\/wp-content\/uploads\/2021\/02\/VAPEPRO-ICONS-DRUPKI-WHITE.png\",\"width\":500,\"height\":500,\"caption\":\"\\u0438\\u043a\\u043e\\u043d\\u0430 \\u0437\\u0430 \\u0431\\u0440\\u043e\\u0439 \\u0434\\u0440\\u044a\\u043f\\u043a\\u0438\"},{\"@type\":\"WebPage\",\"@id\":\"https:\/\/vapepro.eu\/portugal\/vapepro\/#webpage\",\"url\":\"https:\/\/vapepro.eu\/portugal\/vapepro\/\",\"name\":\"Vapepro - Vapepro\",\"isPartOf\":{\"@id\":\"https:\/\/vapepro.eu\/portugal\/#website\"},\"primaryImageOfPage\":{\"@id\":\"https:\/\/vapepro.eu\/portugal\/vapepro\/#primaryimage\"},\"datePublished\":\"2021-02-04T10:57:03+00:00\",\"dateModified\":\"2022-06-28T00:38:20+00:00\",\"description\":\"\\u041f\\u0440\\u043e\\u0447\\u0435\\u0442\\u0435\\u0442\\u0435 \\u043f\\u043e\\u0432\\u0435\\u0447\\u0435 \\u0437\\u0430 Vapepro \\u043e\\u0442 Vapepro - \\u0435\\u043b\\u0435\\u043a\\u0442\\u0440\\u043e\\u043d\\u043d\\u0438 \\u043d\\u0430\\u0440\\u0433\\u0438\\u043b\\u0435\\u0442\\u0430\",\"breadcrumb\":{\"@id\":\"https:\/\/vapepro.eu\/portugal\/vapepro\/#breadcrumb\"},\"inLanguage\":\"en-US\",\"potentialAction\":[{\"@type\":\"ReadAction\",\"target\":[\"https:\/\/vapepro.eu\/portugal\/vapepro\/\"]}]},{\"@type\":\"BreadcrumbList\",\"@id\":\"https:\/\/vapepro.eu\/portugal\/vapepro\/#breadcrumb\",\"itemListElement\":[{\"@type\":\"ListItem\",\"position\":1,\"name\":\"\\u041d\\u0430\\u0447\\u0430\\u043b\\u043e\",\"item\":\"https:\/\/vapepro.eu\/portugal\/\"},{\"@type\":\"ListItem\",\"position\":2,\"name\":\"Vapepro\"}]}]}<\/script>\n<!-- \/ Yoast SEO plugin. -->","yoast_head_json":{"title":"Vapepro - Vapepro","description":"\u041f\u0440\u043e\u0447\u0435\u0442\u0435\u0442\u0435 \u043f\u043e\u0432\u0435\u0447\u0435 \u0437\u0430 Vapepro \u043e\u0442 Vapepro - \u0435\u043b\u0435\u043a\u0442\u0440\u043e\u043d\u043d\u0438 \u043d\u0430\u0440\u0433\u0438\u043b\u0435\u0442\u0430","robots":{"index":"index","follow":"follow","max-snippet":"max-snippet:-1","max-image-preview":"max-image-preview:large","max-video-preview":"max-video-preview:-1"},"canonical":"https:\/\/vapepro.eu\/portugal\/vapepro\/","og_locale":"en_US","og_type":"article","og_title":"Vapepro - Vapepro","og_description":"\u041f\u0440\u043e\u0447\u0435\u0442\u0435\u0442\u0435 \u043f\u043e\u0432\u0435\u0447\u0435 \u0437\u0430 Vapepro \u043e\u0442 Vapepro - \u0435\u043b\u0435\u043a\u0442\u0440\u043e\u043d\u043d\u0438 \u043d\u0430\u0440\u0433\u0438\u043b\u0435\u0442\u0430","og_url":"https:\/\/vapepro.eu\/portugal\/vapepro\/","og_site_name":"Vapepro","article_publisher":"https:\/\/www.facebook.com\/vapeproofficial","article_modified_time":"2022-06-28T00:38:20+00:00","og_image":[{"url":"https:\/\/vapepro.eu\/portugal\/wp-content\/uploads\/2021\/02\/VAPEPRO-ICONS-DRUPKI-WHITE.png"}],"twitter_card":"summary_large_image","twitter_misc":{"Est. reading time":"2 minutes"},"schema":{"@context":"https:\/\/schema.org","@graph":[{"@type":"Organization","@id":"https:\/\/vapepro.eu\/portugal\/#organization","name":"Vapepro","url":"https:\/\/vapepro.eu\/portugal\/","sameAs":["https:\/\/www.facebook.com\/vapeproofficial","https:\/\/www.instagram.com\/vapeproofficial\/","https:\/\/www.youtube.com\/channel\/UCKJ733xAz3eO6VqQdH_50iA?guided_help_flow=3"],"logo":{"@type":"ImageObject","@id":"https:\/\/vapepro.eu\/portugal\/#logo","inLanguage":"en-US","url":"https:\/\/vapepro.eu\/portugal\/wp-content\/uploads\/2021\/02\/VAPEPRO-LOGO-COLORS-SOCIAL-04-removebg-preview-1.png","contentUrl":"https:\/\/vapepro.eu\/portugal\/wp-content\/uploads\/2021\/02\/VAPEPRO-LOGO-COLORS-SOCIAL-04-removebg-preview-1.png","width":500,"height":500,"caption":"Vapepro"},"image":{"@id":"https:\/\/vapepro.eu\/portugal\/#logo"}},{"@type":"WebSite","@id":"https:\/\/vapepro.eu\/portugal\/#website","url":"https:\/\/vapepro.eu\/portugal\/","name":"Vapepro","description":"\u0423\u0431\u0438\u0435\u0446\u044a\u0442 \u043d\u0430 \u0446\u0438\u0433\u0430\u0440\u0438","publisher":{"@id":"https:\/\/vapepro.eu\/portugal\/#organization"},"potentialAction":[{"@type":"SearchAction","target":{"@type":"EntryPoint","urlTemplate":"https:\/\/vapepro.eu\/portugal\/?s={search_term_string}"},"query-input":"required name=search_term_string"}],"inLanguage":"en-US"},{"@type":"ImageObject","@id":"https:\/\/vapepro.eu\/portugal\/vapepro\/#primaryimage","inLanguage":"en-US","url":"https:\/\/vapepro.eu\/portugal\/wp-content\/uploads\/2021\/02\/VAPEPRO-ICONS-DRUPKI-WHITE.png","contentUrl":"https:\/\/vapepro.eu\/portugal\/wp-content\/uploads\/2021\/02\/VAPEPRO-ICONS-DRUPKI-WHITE.png","width":500,"height":500,"caption":"\u0438\u043a\u043e\u043d\u0430 \u0437\u0430 \u0431\u0440\u043e\u0439 \u0434\u0440\u044a\u043f\u043a\u0438"},{"@type":"WebPage","@id":"https:\/\/vapepro.eu\/portugal\/vapepro\/#webpage","url":"https:\/\/vapepro.eu\/portugal\/vapepro\/","name":"Vapepro - Vapepro","isPartOf":{"@id":"https:\/\/vapepro.eu\/portugal\/#website"},"primaryImageOfPage":{"@id":"https:\/\/vapepro.eu\/portugal\/vapepro\/#primaryimage"},"datePublished":"2021-02-04T10:57:03+00:00","dateModified":"2022-06-28T00:38:20+00:00","description":"\u041f\u0440\u043e\u0447\u0435\u0442\u0435\u0442\u0435 \u043f\u043e\u0432\u0435\u0447\u0435 \u0437\u0430 Vapepro \u043e\u0442 Vapepro - \u0435\u043b\u0435\u043a\u0442\u0440\u043e\u043d\u043d\u0438 \u043d\u0430\u0440\u0433\u0438\u043b\u0435\u0442\u0430","breadcrumb":{"@id":"https:\/\/vapepro.eu\/portugal\/vapepro\/#breadcrumb"},"inLanguage":"en-US","potentialAction":[{"@type":"ReadAction","target":["https:\/\/vapepro.eu\/portugal\/vapepro\/"]}]},{"@type":"BreadcrumbList","@id":"https:\/\/vapepro.eu\/portugal\/vapepro\/#breadcrumb","itemListElement":[{"@type":"ListItem","position":1,"name":"\u041d\u0430\u0447\u0430\u043b\u043e","item":"https:\/\/vapepro.eu\/portugal\/"},{"@type":"ListItem","position":2,"name":"Vapepro"}]}]}},"_links":{"self":[{"href":"https:\/\/vapepro.eu\/portugal\/wp-json\/wp\/v2\/pages\/654","targetHints":{"allow":["GET"]}}],"collection":[{"href":"https:\/\/vapepro.eu\/portugal\/wp-json\/wp\/v2\/pages"}],"about":[{"href":"https:\/\/vapepro.eu\/portugal\/wp-json\/wp\/v2\/types\/page"}],"author":[{"embeddable":true,"href":"https:\/\/vapepro.eu\/portugal\/wp-json\/wp\/v2\/users\/1"}],"replies":[{"embeddable":true,"href":"https:\/\/vapepro.eu\/portugal\/wp-json\/wp\/v2\/comments?post=654"}],"version-history":[{"count":46,"href":"https:\/\/vapepro.eu\/portugal\/wp-json\/wp\/v2\/pages\/654\/revisions"}],"predecessor-version":[{"id":6428,"href":"https:\/\/vapepro.eu\/portugal\/wp-json\/wp\/v2\/pages\/654\/revisions\/6428"}],"wp:attachment":[{"href":"https:\/\/vapepro.eu\/portugal\/wp-json\/wp\/v2\/media?parent=654"}],"curies":[{"name":"wp","href":"https:\/\/api.w.org\/{rel}","templated":true}]}}