{"id":654,"date":"2021-02-04T12:57:03","date_gmt":"2021-02-04T10:57:03","guid":{"rendered":"https:\/\/vapepro.eu\/srb\/vapepro\/"},"modified":"2022-10-13T16:27:25","modified_gmt":"2022-10-13T14:27:25","slug":"vapepro","status":"publish","type":"page","link":"https:\/\/vapepro.eu\/srb\/vapepro\/","title":{"rendered":"Vapepro"},"content":{"rendered":"\t\t<div data-elementor-type=\"wp-page\" data-elementor-id=\"654\" class=\"elementor elementor-654\" data-elementor-settings=\"[]\">\n\t\t\t\t\t\t\t<div class=\"elementor-section-wrap\">\n\t\t\t\t\t\t\t<section class=\"elementor-section elementor-top-section elementor-element elementor-element-f529b81 elementor-section-full_width elementor-hidden-desktop elementor-hidden-tablet elementor-hidden-phone elementor-section-height-default elementor-section-height-default\" data-id=\"f529b81\" data-element_type=\"section\" data-settings=\"{&quot;background_background&quot;:&quot;classic&quot;}\">\n\t\t\t\t\t\t<div class=\"elementor-container elementor-column-gap-narrow\">\n\t\t\t\t\t<div class=\"elementor-column elementor-col-100 elementor-top-column elementor-element elementor-element-cc6dea4\" data-id=\"cc6dea4\" data-element_type=\"column\">\n\t\t\t<div class=\"elementor-widget-wrap elementor-element-populated\">\n\t\t\t\t\t\t\t\t<div class=\"elementor-element elementor-element-25a1083 elementor-align-center elementor-icon-list--layout-traditional elementor-list-item-link-full_width elementor-widget elementor-widget-icon-list\" data-id=\"25a1083\" data-element_type=\"widget\" data-widget_type=\"icon-list.default\">\n\t\t\t\t<div class=\"elementor-widget-container\">\n\t\t\t\t\t<ul class=\"elementor-icon-list-items\">\n\t\t\t\t\t\t\t<li class=\"elementor-icon-list-item\">\n\t\t\t\t\t\t\t\t\t\t\t<span class=\"elementor-icon-list-icon\">\n\t\t\t\t\t\t\t<i aria-hidden=\"true\" class=\"fas fa-gift\"><\/i>\t\t\t\t\t\t<\/span>\n\t\t\t\t\t\t\t\t\t\t<span class=\"elementor-icon-list-text\">\u0411\u0435\u0437\u043f\u043b\u0430\u0442\u043d\u0430 \u0434\u043e\u0441\u0442\u0430\u0432\u043a\u0430 \u043f\u0440\u0438 \u043f\u043e\u0440\u044a\u0447\u043a\u0430 \u043d\u0430 4 \u0438\u043b\u0438 \u043f\u043e\u0432\u0435\u0447\u0435 \u0443\u0441\u0442\u0440\u043e\u0439\u0441\u0442\u0432\u0430.<\/span>\n\t\t\t\t\t\t\t\t\t<\/li>\n\t\t\t\t\t\t<\/ul>\n\t\t\t\t<\/div>\n\t\t\t\t<\/div>\n\t\t\t\t\t<\/div>\n\t\t<\/div>\n\t\t\t\t\t\t\t<\/div>\n\t\t<\/section>\n\t\t\t\t<section class=\"elementor-section elementor-top-section elementor-element elementor-element-d6fa63f elementor-section-boxed elementor-section-height-default elementor-section-height-default\" data-id=\"d6fa63f\" data-element_type=\"section\" data-settings=\"{&quot;background_background&quot;:&quot;classic&quot;}\">\n\t\t\t\t\t\t<div class=\"elementor-container elementor-column-gap-default\">\n\t\t\t\t\t<div class=\"elementor-column elementor-col-100 elementor-top-column elementor-element elementor-element-a8ff1c8\" data-id=\"a8ff1c8\" data-element_type=\"column\">\n\t\t\t<div class=\"elementor-widget-wrap elementor-element-populated\">\n\t\t\t\t\t\t\t\t<div class=\"elementor-element elementor-element-c377431 elementor-widget elementor-widget-text-editor\" data-id=\"c377431\" data-element_type=\"widget\" data-widget_type=\"text-editor.default\">\n\t\t\t\t<div class=\"elementor-widget-container\">\n\t\t\t\t\t\t\t<p>Stilizovan, elegantan i jednostavan za uptrebu, Vapepro je pen za pu\u0161enje koji je unapred napunjen te\u010dno\u0161\u0107u. Napaja se litijum-jonskom baterijom i uklju\u010duje se pri povla\u010denju (udahu). Nema punjenja, nema menjanja patrona, nema stresa. Vapepro je uvek uz tebe i spreman za upotrebu.<\/p><p>Zameni ru\u017ean miris i \u0161tetan dim cigarete i katran fantasti\u010dnim ukusom i miriom koji ti nudi Vapepro.<\/p><p>Vapepro ti nudi mnogo vi\u0161e od cigareta \u2013 novi luksuzni dizajn i fantasti\u010dan ukus.<\/p>\t\t\t\t\t\t<\/div>\n\t\t\t\t<\/div>\n\t\t\t\t<section class=\"elementor-section elementor-inner-section elementor-element elementor-element-3a3e286 elementor-section-boxed elementor-section-height-default elementor-section-height-default\" data-id=\"3a3e286\" data-element_type=\"section\">\n\t\t\t\t\t\t<div class=\"elementor-container elementor-column-gap-default\">\n\t\t\t\t\t<div class=\"elementor-column elementor-col-33 elementor-inner-column elementor-element elementor-element-fafe79c\" data-id=\"fafe79c\" data-element_type=\"column\">\n\t\t\t<div class=\"elementor-widget-wrap elementor-element-populated\">\n\t\t\t\t\t\t\t\t<div class=\"elementor-element elementor-element-750ec56 elementor-position-right animated-slow elementor-vertical-align-top elementor-invisible elementor-widget elementor-widget-image-box\" data-id=\"750ec56\" data-element_type=\"widget\" data-settings=\"{&quot;_animation&quot;:&quot;fadeInLeft&quot;,&quot;_animation_mobile&quot;:&quot;fadeInUp&quot;}\" data-widget_type=\"image-box.default\">\n\t\t\t\t<div class=\"elementor-widget-container\">\n\t\t\t<div class=\"elementor-image-box-wrapper\"><figure class=\"elementor-image-box-img\"><img decoding=\"async\" width=\"500\" height=\"500\" src=\"https:\/\/vapepro.eu\/srb\/wp-content\/uploads\/2021\/02\/VAPEPRO-ICONS-DRUPKI-WHITE.png\" class=\"elementor-animation-grow attachment-full size-full\" alt=\"\u0438\u043a\u043e\u043d\u0430 \u0437\u0430 \u0431\u0440\u043e\u0439 \u0434\u0440\u044a\u043f\u043a\u0438\" \/><\/figure><div class=\"elementor-image-box-content\"><h3 class=\"elementor-image-box-title\">Broj povla\u010denja<\/h3><p class=\"elementor-image-box-description\">800 povla\u010denja<\/p><\/div><\/div>\t\t<\/div>\n\t\t\t\t<\/div>\n\t\t\t\t<div class=\"elementor-element elementor-element-661861d elementor-position-right animated-slow elementor-vertical-align-top elementor-invisible elementor-widget elementor-widget-image-box\" data-id=\"661861d\" data-element_type=\"widget\" data-settings=\"{&quot;_animation&quot;:&quot;fadeInLeft&quot;,&quot;_animation_delay&quot;:200,&quot;_animation_mobile&quot;:&quot;fadeInUp&quot;}\" data-widget_type=\"image-box.default\">\n\t\t\t\t<div class=\"elementor-widget-container\">\n\t\t\t<div class=\"elementor-image-box-wrapper\"><figure class=\"elementor-image-box-img\"><img decoding=\"async\" width=\"500\" height=\"500\" src=\"https:\/\/vapepro.eu\/srb\/wp-content\/uploads\/2021\/02\/VAPEPRO-ICONS-CIGARA-WHITE.png\" class=\"elementor-animation-grow attachment-full size-full\" alt=\"\u0438\u043a\u043e\u043d\u0430 \u0437\u0430 \u0431\u0440\u043e\u0439 \u0446\u0438\u0433\u0430\u0440\u0438\" \/><\/figure><div class=\"elementor-image-box-content\"><h3 class=\"elementor-image-box-title\">Broj cigareta<\/h3><p class=\"elementor-image-box-description\">60 cigareta<\/p><\/div><\/div>\t\t<\/div>\n\t\t\t\t<\/div>\n\t\t\t\t<div class=\"elementor-element elementor-element-cad745b elementor-position-right animated-slow elementor-vertical-align-top elementor-invisible elementor-widget elementor-widget-image-box\" data-id=\"cad745b\" data-element_type=\"widget\" data-settings=\"{&quot;_animation&quot;:&quot;fadeInLeft&quot;,&quot;_animation_delay&quot;:400,&quot;_animation_mobile&quot;:&quot;fadeInUp&quot;}\" data-widget_type=\"image-box.default\">\n\t\t\t\t<div class=\"elementor-widget-container\">\n\t\t\t<div class=\"elementor-image-box-wrapper\"><figure class=\"elementor-image-box-img\"><img decoding=\"async\" width=\"500\" height=\"500\" src=\"https:\/\/vapepro.eu\/srb\/wp-content\/uploads\/2021\/02\/VAPEPRO-ICONS-EDNOKRATNO-WHITE.png\" class=\"elementor-animation-grow attachment-full size-full\" alt=\"\u0438\u043a\u043e\u043d\u0430 \u0435\u0434\u043d\u043e\u043a\u0440\u0430\u0442\u043d\u0430 \u0443\u043f\u043e\u0440\u0442\u0440\u0435\u0432\" \/><\/figure><div class=\"elementor-image-box-content\"><h3 class=\"elementor-image-box-title\">Sadr\u017eaj nikotina<\/h3><p class=\"elementor-image-box-description\">20 mg\/ml<\/p><\/div><\/div>\t\t<\/div>\n\t\t\t\t<\/div>\n\t\t\t\t\t<\/div>\n\t\t<\/div>\n\t\t\t\t<div class=\"elementor-column elementor-col-33 elementor-inner-column elementor-element elementor-element-44be25d elementor-invisible\" data-id=\"44be25d\" data-element_type=\"column\" data-settings=\"{&quot;animation&quot;:&quot;fadeInLeft&quot;}\">\n\t\t\t<div class=\"elementor-widget-wrap elementor-element-populated\">\n\t\t\t\t\t\t\t\t<div class=\"elementor-element elementor-element-15f28d3 elementor-invisible elementor-widget elementor-widget-image\" data-id=\"15f28d3\" data-element_type=\"widget\" data-settings=\"{&quot;motion_fx_motion_fx_mouse&quot;:&quot;yes&quot;,&quot;motion_fx_mouseTrack_effect&quot;:&quot;yes&quot;,&quot;motion_fx_mouseTrack_speed&quot;:{&quot;unit&quot;:&quot;px&quot;,&quot;size&quot;:1.2,&quot;sizes&quot;:[]},&quot;_animation&quot;:&quot;fadeInUp&quot;,&quot;_animation_mobile&quot;:&quot;fadeInUp&quot;}\" data-widget_type=\"image.default\">\n\t\t\t\t<div class=\"elementor-widget-container\">\n\t\t\t\t\t\t\t\t\t\t\t\t\t\t\t<img decoding=\"async\" width=\"167\" height=\"1000\" src=\"https:\/\/vapepro.eu\/srb\/wp-content\/uploads\/2021\/02\/VAPE-BLACK-LOGO-VAPEPRO.png\" class=\"attachment-full size-full\" alt=\"vapepro - \u0435\u043b\u0435\u043a\u0442\u0440\u043e\u043d\u043d\u0430 \u0446\u0438\u0433\u0430\u0440\u0430\" \/>\t\t\t\t\t\t\t\t\t\t\t\t\t\t\t<\/div>\n\t\t\t\t<\/div>\n\t\t\t\t\t<\/div>\n\t\t<\/div>\n\t\t\t\t<div class=\"elementor-column elementor-col-33 elementor-inner-column elementor-element elementor-element-f74f7d4\" data-id=\"f74f7d4\" data-element_type=\"column\">\n\t\t\t<div class=\"elementor-widget-wrap elementor-element-populated\">\n\t\t\t\t\t\t\t\t<div class=\"elementor-element elementor-element-0291ffc elementor-position-left animated-slow elementor-vertical-align-top elementor-invisible elementor-widget elementor-widget-image-box\" data-id=\"0291ffc\" data-element_type=\"widget\" data-settings=\"{&quot;_animation&quot;:&quot;fadeInRight&quot;,&quot;_animation_mobile&quot;:&quot;fadeInUp&quot;}\" data-widget_type=\"image-box.default\">\n\t\t\t\t<div class=\"elementor-widget-container\">\n\t\t\t<div class=\"elementor-image-box-wrapper\"><figure class=\"elementor-image-box-img\"><img decoding=\"async\" width=\"500\" height=\"500\" src=\"https:\/\/vapepro.eu\/srb\/wp-content\/uploads\/2021\/02\/VAPEPRO-ICONS-VKUSOVE-WHITE.png\" class=\"elementor-animation-grow attachment-full size-full\" alt=\"\u0438\u043a\u043e\u043d\u0430 \u0437\u0430 \u0432\u0438\u0434 \u043d\u0430 \u0432\u043a\u0443\u0441\u0430\" \/><\/figure><div class=\"elementor-image-box-content\"><h3 class=\"elementor-image-box-title\">Broj ukusa<\/h3><p class=\"elementor-image-box-description\">13 ukusa<\/p><\/div><\/div>\t\t<\/div>\n\t\t\t\t<\/div>\n\t\t\t\t<div class=\"elementor-element elementor-element-a0bb1ca elementor-position-left animated-slow elementor-vertical-align-top elementor-invisible elementor-widget elementor-widget-image-box\" data-id=\"a0bb1ca\" data-element_type=\"widget\" data-settings=\"{&quot;_animation&quot;:&quot;fadeInRight&quot;,&quot;_animation_delay&quot;:200,&quot;_animation_mobile&quot;:&quot;fadeInUp&quot;}\" data-widget_type=\"image-box.default\">\n\t\t\t\t<div class=\"elementor-widget-container\">\n\t\t\t<div class=\"elementor-image-box-wrapper\"><figure class=\"elementor-image-box-img\"><img decoding=\"async\" width=\"500\" height=\"500\" src=\"https:\/\/vapepro.eu\/srb\/wp-content\/uploads\/2021\/02\/VAPEPRO-ICONS-RECIKLIRANE-WHITE.png\" class=\"elementor-animation-grow attachment-full size-full\" alt=\"\u0438\u043a\u043e\u043d\u0430 \u0432\u043d\u0438\u043c\u0430\u043d\u0438\u0435\" \/><\/figure><div class=\"elementor-image-box-content\"><h3 class=\"elementor-image-box-title\"> Za jednokratnu upotrebu<\/h3><p class=\"elementor-image-box-description\">Nema punjenja, nema menjanja patrona, nema stresa!<\/p><\/div><\/div>\t\t<\/div>\n\t\t\t\t<\/div>\n\t\t\t\t<div class=\"elementor-element elementor-element-b7749e2 elementor-position-left animated-slow elementor-vertical-align-top elementor-invisible elementor-widget elementor-widget-image-box\" data-id=\"b7749e2\" data-element_type=\"widget\" data-settings=\"{&quot;_animation&quot;:&quot;fadeInRight&quot;,&quot;_animation_delay&quot;:400,&quot;_animation_mobile&quot;:&quot;fadeInUp&quot;}\" data-widget_type=\"image-box.default\">\n\t\t\t\t<div class=\"elementor-widget-container\">\n\t\t\t<div class=\"elementor-image-box-wrapper\"><figure class=\"elementor-image-box-img\"><img decoding=\"async\" width=\"500\" height=\"500\" src=\"https:\/\/vapepro.eu\/srb\/wp-content\/uploads\/2021\/02\/VAPEPRO-ICONS-NIKOTIN-WHITE.png\" class=\"elementor-animation-grow attachment-full size-full\" alt=\"\u0438\u043a\u043e\u043d\u0430 \u043d\u0438\u043a\u043e\u0442\u0438\u043d\" \/><\/figure><div class=\"elementor-image-box-content\"><h3 class=\"elementor-image-box-title\">Recikliraj<\/h3><p class=\"elementor-image-box-description\">\u010cuvaj prirodu<\/p><\/div><\/div>\t\t<\/div>\n\t\t\t\t<\/div>\n\t\t\t\t\t<\/div>\n\t\t<\/div>\n\t\t\t\t\t\t\t<\/div>\n\t\t<\/section>\n\t\t\t\t\t<\/div>\n\t\t<\/div>\n\t\t\t\t\t\t\t<\/div>\n\t\t<\/section>\n\t\t\t\t\t\t<\/div>\n\t\t\t\t\t<\/div>\n\t\t","protected":false},"excerpt":{"rendered":"<p>\u0411\u0435\u0437\u043f\u043b\u0430\u0442\u043d\u0430 \u0434\u043e\u0441\u0442\u0430\u0432\u043a\u0430 \u043f\u0440\u0438 \u043f\u043e\u0440\u044a\u0447\u043a\u0430 \u043d\u0430 4 \u0438\u043b\u0438 \u043f\u043e\u0432\u0435\u0447\u0435 \u0443\u0441\u0442\u0440\u043e\u0439\u0441\u0442\u0432\u0430. Stilizovan, elegantan i jednostavan za uptrebu, Vapepro je pen za pu\u0161enje koji je unapred napunjen te\u010dno\u0161\u0107u. Napaja se litijum-jonskom baterijom i uklju\u010duje se pri povla\u010denju (udahu). Nema punjenja, nema menjanja patrona, nema stresa. Vapepro je uvek uz tebe i spreman za upotrebu. Zameni ru\u017ean miris i [&hellip;]<\/p>\n","protected":false},"author":1,"featured_media":0,"parent":0,"menu_order":0,"comment_status":"closed","ping_status":"closed","template":"","meta":{"footnotes":""},"class_list":["post-654","page","type-page","status-publish","hentry"],"yoast_head":"<!-- This site is optimized with the Yoast SEO plugin v18.3 - https:\/\/yoast.com\/wordpress\/plugins\/seo\/ -->\n<title>Vapepro - Vapepro<\/title>\n<meta name=\"description\" content=\"\u041f\u0440\u043e\u0447\u0435\u0442\u0435\u0442\u0435 \u043f\u043e\u0432\u0435\u0447\u0435 \u0437\u0430 Vapepro \u043e\u0442 Vapepro - \u0435\u043b\u0435\u043a\u0442\u0440\u043e\u043d\u043d\u0438 \u043d\u0430\u0440\u0433\u0438\u043b\u0435\u0442\u0430\" \/>\n<meta name=\"robots\" content=\"index, follow, max-snippet:-1, max-image-preview:large, max-video-preview:-1\" \/>\n<link rel=\"canonical\" href=\"https:\/\/vapepro.eu\/srb\/vapepro\/\" \/>\n<meta property=\"og:locale\" content=\"bg_BG\" \/>\n<meta property=\"og:type\" content=\"article\" \/>\n<meta property=\"og:title\" content=\"Vapepro - Vapepro\" \/>\n<meta property=\"og:description\" content=\"\u041f\u0440\u043e\u0447\u0435\u0442\u0435\u0442\u0435 \u043f\u043e\u0432\u0435\u0447\u0435 \u0437\u0430 Vapepro \u043e\u0442 Vapepro - \u0435\u043b\u0435\u043a\u0442\u0440\u043e\u043d\u043d\u0438 \u043d\u0430\u0440\u0433\u0438\u043b\u0435\u0442\u0430\" \/>\n<meta property=\"og:url\" content=\"https:\/\/vapepro.eu\/srb\/vapepro\/\" \/>\n<meta property=\"og:site_name\" content=\"Vapepro\" \/>\n<meta property=\"article:publisher\" content=\"https:\/\/www.facebook.com\/vapeproofficial\" \/>\n<meta property=\"article:modified_time\" content=\"2022-10-13T14:27:25+00:00\" \/>\n<meta property=\"og:image\" content=\"https:\/\/vapepro.eu\/srb\/wp-content\/uploads\/2021\/02\/VAPEPRO-ICONS-DRUPKI-WHITE.png\" \/>\n<meta name=\"twitter:card\" content=\"summary_large_image\" \/>\n<meta name=\"twitter:label1\" content=\"Est. reading time\" \/>\n\t<meta name=\"twitter:data1\" content=\"3 \u043c\u0438\u043d\u0443\u0442\u0438\" \/>\n<script type=\"application\/ld+json\" class=\"yoast-schema-graph\">{\"@context\":\"https:\/\/schema.org\",\"@graph\":[{\"@type\":\"Organization\",\"@id\":\"https:\/\/vapepro.eu\/srb\/#organization\",\"name\":\"Vapepro\",\"url\":\"https:\/\/vapepro.eu\/srb\/\",\"sameAs\":[\"https:\/\/www.facebook.com\/vapeproofficial\",\"https:\/\/www.instagram.com\/vapeproofficial\/\",\"https:\/\/www.youtube.com\/channel\/UCKJ733xAz3eO6VqQdH_50iA?guided_help_flow=3\"],\"logo\":{\"@type\":\"ImageObject\",\"@id\":\"https:\/\/vapepro.eu\/srb\/#logo\",\"inLanguage\":\"bg-BG\",\"url\":\"https:\/\/vapepro.eu\/srb\/wp-content\/uploads\/2021\/02\/VAPEPRO-LOGO-COLORS-SOCIAL-04-removebg-preview-1.png\",\"contentUrl\":\"https:\/\/vapepro.eu\/srb\/wp-content\/uploads\/2021\/02\/VAPEPRO-LOGO-COLORS-SOCIAL-04-removebg-preview-1.png\",\"width\":500,\"height\":500,\"caption\":\"Vapepro\"},\"image\":{\"@id\":\"https:\/\/vapepro.eu\/srb\/#logo\"}},{\"@type\":\"WebSite\",\"@id\":\"https:\/\/vapepro.eu\/srb\/#website\",\"url\":\"https:\/\/vapepro.eu\/srb\/\",\"name\":\"Vapepro\",\"description\":\"\u0423\u0431\u0438\u0435\u0446\u044a\u0442 \u043d\u0430 \u0446\u0438\u0433\u0430\u0440\u0438\",\"publisher\":{\"@id\":\"https:\/\/vapepro.eu\/srb\/#organization\"},\"potentialAction\":[{\"@type\":\"SearchAction\",\"target\":{\"@type\":\"EntryPoint\",\"urlTemplate\":\"https:\/\/vapepro.eu\/srb\/?s={search_term_string}\"},\"query-input\":\"required name=search_term_string\"}],\"inLanguage\":\"bg-BG\"},{\"@type\":\"ImageObject\",\"@id\":\"https:\/\/vapepro.eu\/srb\/vapepro\/#primaryimage\",\"inLanguage\":\"bg-BG\",\"url\":\"https:\/\/vapepro.eu\/srb\/wp-content\/uploads\/2021\/02\/VAPEPRO-ICONS-DRUPKI-WHITE.png\",\"contentUrl\":\"https:\/\/vapepro.eu\/srb\/wp-content\/uploads\/2021\/02\/VAPEPRO-ICONS-DRUPKI-WHITE.png\",\"width\":500,\"height\":500,\"caption\":\"\u0438\u043a\u043e\u043d\u0430 \u0437\u0430 \u0431\u0440\u043e\u0439 \u0434\u0440\u044a\u043f\u043a\u0438\"},{\"@type\":\"WebPage\",\"@id\":\"https:\/\/vapepro.eu\/srb\/vapepro\/#webpage\",\"url\":\"https:\/\/vapepro.eu\/srb\/vapepro\/\",\"name\":\"Vapepro - Vapepro\",\"isPartOf\":{\"@id\":\"https:\/\/vapepro.eu\/srb\/#website\"},\"primaryImageOfPage\":{\"@id\":\"https:\/\/vapepro.eu\/srb\/vapepro\/#primaryimage\"},\"datePublished\":\"2021-02-04T10:57:03+00:00\",\"dateModified\":\"2022-10-13T14:27:25+00:00\",\"description\":\"\u041f\u0440\u043e\u0447\u0435\u0442\u0435\u0442\u0435 \u043f\u043e\u0432\u0435\u0447\u0435 \u0437\u0430 Vapepro \u043e\u0442 Vapepro - \u0435\u043b\u0435\u043a\u0442\u0440\u043e\u043d\u043d\u0438 \u043d\u0430\u0440\u0433\u0438\u043b\u0435\u0442\u0430\",\"breadcrumb\":{\"@id\":\"https:\/\/vapepro.eu\/srb\/vapepro\/#breadcrumb\"},\"inLanguage\":\"bg-BG\",\"potentialAction\":[{\"@type\":\"ReadAction\",\"target\":[\"https:\/\/vapepro.eu\/srb\/vapepro\/\"]}]},{\"@type\":\"BreadcrumbList\",\"@id\":\"https:\/\/vapepro.eu\/srb\/vapepro\/#breadcrumb\",\"itemListElement\":[{\"@type\":\"ListItem\",\"position\":1,\"name\":\"\u041d\u0430\u0447\u0430\u043b\u043e\",\"item\":\"https:\/\/vapepro.eu\/srb\/\"},{\"@type\":\"ListItem\",\"position\":2,\"name\":\"Vapepro\"}]}]}<\/script>\n<!-- \/ Yoast SEO plugin. -->","yoast_head_json":{"title":"Vapepro - Vapepro","description":"\u041f\u0440\u043e\u0447\u0435\u0442\u0435\u0442\u0435 \u043f\u043e\u0432\u0435\u0447\u0435 \u0437\u0430 Vapepro \u043e\u0442 Vapepro - \u0435\u043b\u0435\u043a\u0442\u0440\u043e\u043d\u043d\u0438 \u043d\u0430\u0440\u0433\u0438\u043b\u0435\u0442\u0430","robots":{"index":"index","follow":"follow","max-snippet":"max-snippet:-1","max-image-preview":"max-image-preview:large","max-video-preview":"max-video-preview:-1"},"canonical":"https:\/\/vapepro.eu\/srb\/vapepro\/","og_locale":"bg_BG","og_type":"article","og_title":"Vapepro - Vapepro","og_description":"\u041f\u0440\u043e\u0447\u0435\u0442\u0435\u0442\u0435 \u043f\u043e\u0432\u0435\u0447\u0435 \u0437\u0430 Vapepro \u043e\u0442 Vapepro - \u0435\u043b\u0435\u043a\u0442\u0440\u043e\u043d\u043d\u0438 \u043d\u0430\u0440\u0433\u0438\u043b\u0435\u0442\u0430","og_url":"https:\/\/vapepro.eu\/srb\/vapepro\/","og_site_name":"Vapepro","article_publisher":"https:\/\/www.facebook.com\/vapeproofficial","article_modified_time":"2022-10-13T14:27:25+00:00","og_image":[{"url":"https:\/\/vapepro.eu\/srb\/wp-content\/uploads\/2021\/02\/VAPEPRO-ICONS-DRUPKI-WHITE.png"}],"twitter_card":"summary_large_image","twitter_misc":{"Est. reading time":"3 \u043c\u0438\u043d\u0443\u0442\u0438"},"schema":{"@context":"https:\/\/schema.org","@graph":[{"@type":"Organization","@id":"https:\/\/vapepro.eu\/srb\/#organization","name":"Vapepro","url":"https:\/\/vapepro.eu\/srb\/","sameAs":["https:\/\/www.facebook.com\/vapeproofficial","https:\/\/www.instagram.com\/vapeproofficial\/","https:\/\/www.youtube.com\/channel\/UCKJ733xAz3eO6VqQdH_50iA?guided_help_flow=3"],"logo":{"@type":"ImageObject","@id":"https:\/\/vapepro.eu\/srb\/#logo","inLanguage":"bg-BG","url":"https:\/\/vapepro.eu\/srb\/wp-content\/uploads\/2021\/02\/VAPEPRO-LOGO-COLORS-SOCIAL-04-removebg-preview-1.png","contentUrl":"https:\/\/vapepro.eu\/srb\/wp-content\/uploads\/2021\/02\/VAPEPRO-LOGO-COLORS-SOCIAL-04-removebg-preview-1.png","width":500,"height":500,"caption":"Vapepro"},"image":{"@id":"https:\/\/vapepro.eu\/srb\/#logo"}},{"@type":"WebSite","@id":"https:\/\/vapepro.eu\/srb\/#website","url":"https:\/\/vapepro.eu\/srb\/","name":"Vapepro","description":"\u0423\u0431\u0438\u0435\u0446\u044a\u0442 \u043d\u0430 \u0446\u0438\u0433\u0430\u0440\u0438","publisher":{"@id":"https:\/\/vapepro.eu\/srb\/#organization"},"potentialAction":[{"@type":"SearchAction","target":{"@type":"EntryPoint","urlTemplate":"https:\/\/vapepro.eu\/srb\/?s={search_term_string}"},"query-input":"required name=search_term_string"}],"inLanguage":"bg-BG"},{"@type":"ImageObject","@id":"https:\/\/vapepro.eu\/srb\/vapepro\/#primaryimage","inLanguage":"bg-BG","url":"https:\/\/vapepro.eu\/srb\/wp-content\/uploads\/2021\/02\/VAPEPRO-ICONS-DRUPKI-WHITE.png","contentUrl":"https:\/\/vapepro.eu\/srb\/wp-content\/uploads\/2021\/02\/VAPEPRO-ICONS-DRUPKI-WHITE.png","width":500,"height":500,"caption":"\u0438\u043a\u043e\u043d\u0430 \u0437\u0430 \u0431\u0440\u043e\u0439 \u0434\u0440\u044a\u043f\u043a\u0438"},{"@type":"WebPage","@id":"https:\/\/vapepro.eu\/srb\/vapepro\/#webpage","url":"https:\/\/vapepro.eu\/srb\/vapepro\/","name":"Vapepro - Vapepro","isPartOf":{"@id":"https:\/\/vapepro.eu\/srb\/#website"},"primaryImageOfPage":{"@id":"https:\/\/vapepro.eu\/srb\/vapepro\/#primaryimage"},"datePublished":"2021-02-04T10:57:03+00:00","dateModified":"2022-10-13T14:27:25+00:00","description":"\u041f\u0440\u043e\u0447\u0435\u0442\u0435\u0442\u0435 \u043f\u043e\u0432\u0435\u0447\u0435 \u0437\u0430 Vapepro \u043e\u0442 Vapepro - \u0435\u043b\u0435\u043a\u0442\u0440\u043e\u043d\u043d\u0438 \u043d\u0430\u0440\u0433\u0438\u043b\u0435\u0442\u0430","breadcrumb":{"@id":"https:\/\/vapepro.eu\/srb\/vapepro\/#breadcrumb"},"inLanguage":"bg-BG","potentialAction":[{"@type":"ReadAction","target":["https:\/\/vapepro.eu\/srb\/vapepro\/"]}]},{"@type":"BreadcrumbList","@id":"https:\/\/vapepro.eu\/srb\/vapepro\/#breadcrumb","itemListElement":[{"@type":"ListItem","position":1,"name":"\u041d\u0430\u0447\u0430\u043b\u043e","item":"https:\/\/vapepro.eu\/srb\/"},{"@type":"ListItem","position":2,"name":"Vapepro"}]}]}},"_links":{"self":[{"href":"https:\/\/vapepro.eu\/srb\/wp-json\/wp\/v2\/pages\/654","targetHints":{"allow":["GET"]}}],"collection":[{"href":"https:\/\/vapepro.eu\/srb\/wp-json\/wp\/v2\/pages"}],"about":[{"href":"https:\/\/vapepro.eu\/srb\/wp-json\/wp\/v2\/types\/page"}],"author":[{"embeddable":true,"href":"https:\/\/vapepro.eu\/srb\/wp-json\/wp\/v2\/users\/1"}],"replies":[{"embeddable":true,"href":"https:\/\/vapepro.eu\/srb\/wp-json\/wp\/v2\/comments?post=654"}],"version-history":[{"count":34,"href":"https:\/\/vapepro.eu\/srb\/wp-json\/wp\/v2\/pages\/654\/revisions"}],"predecessor-version":[{"id":6490,"href":"https:\/\/vapepro.eu\/srb\/wp-json\/wp\/v2\/pages\/654\/revisions\/6490"}],"wp:attachment":[{"href":"https:\/\/vapepro.eu\/srb\/wp-json\/wp\/v2\/media?parent=654"}],"curies":[{"name":"wp","href":"https:\/\/api.w.org\/{rel}","templated":true}]}}