{"id":9,"date":"2021-02-01T13:35:04","date_gmt":"2021-02-01T13:35:04","guid":{"rendered":"https:\/\/vapepro.co.uk\/?page_id=9"},"modified":"2022-06-29T16:19:10","modified_gmt":"2022-06-29T14:19:10","slug":"vapepro-2","status":"publish","type":"page","link":"https:\/\/vapepro.eu\/switzerland\/vapepro-2\/","title":{"rendered":"Vapepro"},"content":{"rendered":"\t\t<div data-elementor-type=\"wp-page\" data-elementor-id=\"9\" class=\"elementor elementor-9\">\n\t\t\t\t\t\t\t\t\t<section class=\"elementor-section elementor-top-section elementor-element elementor-element-f529b81 elementor-section-full_width elementor-hidden-desktop elementor-hidden-tablet elementor-hidden-phone elementor-section-height-default elementor-section-height-default\" data-id=\"f529b81\" data-element_type=\"section\" data-settings=\"{&quot;background_background&quot;:&quot;classic&quot;}\">\n\t\t\t\t\t\t<div class=\"elementor-container elementor-column-gap-narrow\">\n\t\t\t\t\t<div class=\"elementor-column elementor-col-100 elementor-top-column elementor-element elementor-element-cc6dea4\" data-id=\"cc6dea4\" data-element_type=\"column\">\n\t\t\t<div class=\"elementor-widget-wrap elementor-element-populated\">\n\t\t\t\t\t\t\t\t<div class=\"elementor-element elementor-element-25a1083 elementor-align-center elementor-icon-list--layout-traditional elementor-list-item-link-full_width elementor-widget elementor-widget-icon-list\" data-id=\"25a1083\" data-element_type=\"widget\" data-widget_type=\"icon-list.default\">\n\t\t\t\t<div class=\"elementor-widget-container\">\n\t\t\t\t\t<ul class=\"elementor-icon-list-items\">\n\t\t\t\t\t\t\t<li class=\"elementor-icon-list-item\">\n\t\t\t\t\t\t\t\t\t\t\t<span class=\"elementor-icon-list-icon\">\n\t\t\t\t\t\t\t<i aria-hidden=\"true\" class=\"fas fa-gift\"><\/i>\t\t\t\t\t\t<\/span>\n\t\t\t\t\t\t\t\t\t\t<span class=\"elementor-icon-list-text\">\u0411\u0435\u0437\u043f\u043b\u0430\u0442\u043d\u0430 \u0434\u043e\u0441\u0442\u0430\u0432\u043a\u0430 \u043f\u0440\u0438 \u043f\u043e\u0440\u044a\u0447\u043a\u0430 \u043d\u0430 4 \u0438\u043b\u0438 \u043f\u043e\u0432\u0435\u0447\u0435 \u0443\u0441\u0442\u0440\u043e\u0439\u0441\u0442\u0432\u0430.<\/span>\n\t\t\t\t\t\t\t\t\t<\/li>\n\t\t\t\t\t\t<\/ul>\n\t\t\t\t<\/div>\n\t\t\t\t<\/div>\n\t\t\t\t\t<\/div>\n\t\t<\/div>\n\t\t\t\t\t\t\t<\/div>\n\t\t<\/section>\n\t\t\t\t<section class=\"elementor-section elementor-top-section elementor-element elementor-element-d6fa63f elementor-section-boxed elementor-section-height-default elementor-section-height-default\" data-id=\"d6fa63f\" data-element_type=\"section\" data-settings=\"{&quot;background_background&quot;:&quot;classic&quot;}\">\n\t\t\t\t\t\t<div class=\"elementor-container elementor-column-gap-default\">\n\t\t\t\t\t<div class=\"elementor-column elementor-col-100 elementor-top-column elementor-element elementor-element-a8ff1c8\" data-id=\"a8ff1c8\" data-element_type=\"column\">\n\t\t\t<div class=\"elementor-widget-wrap elementor-element-populated\">\n\t\t\t\t\t\t\t\t<div class=\"elementor-element elementor-element-c377431 elementor-widget elementor-widget-text-editor\" data-id=\"c377431\" data-element_type=\"widget\" data-widget_type=\"text-editor.default\">\n\t\t\t\t<div class=\"elementor-widget-container\">\n\t\t\t\t\t\t\t<p>Stilvoll, elegant und einfach zu bedienen, ist der Vapepro eine vorgeladene fl\u00fcssige Wasserpfeife, die von einem Lithium-Ionen-Akku angetrieben wird und nur durch den Luftstrom beim Ziehen gesteuert wird. Kein Aufladen, kein Nachf\u00fcllen, kein Stress!<\/p><p>Vapepro ist Ihr erster Schritt, um einen gro\u00dfartigen und harmlosen Ersatz f\u00fcr das Rauchen zu finden. Ersetzen Sie unangenehme Ger\u00fcche, sch\u00e4dlichen Rauch und Teere durch aromatischen Dampf und unglaublichen Geschmack.<\/p><p>Vapepro gibt Ihnen ein viel besseres Gef\u00fchl als herk\u00f6mmliches Rauchen \u2013 mit einem neuen Luxusdesign, begleitet von erstaunlichem Geschmack.<\/p>\t\t\t\t\t\t<\/div>\n\t\t\t\t<\/div>\n\t\t\t\t<section class=\"elementor-section elementor-inner-section elementor-element elementor-element-3a3e286 elementor-section-boxed elementor-section-height-default elementor-section-height-default\" data-id=\"3a3e286\" data-element_type=\"section\">\n\t\t\t\t\t\t<div class=\"elementor-container elementor-column-gap-default\">\n\t\t\t\t\t<div class=\"elementor-column elementor-col-33 elementor-inner-column elementor-element elementor-element-c4376af\" data-id=\"c4376af\" data-element_type=\"column\">\n\t\t\t<div class=\"elementor-widget-wrap elementor-element-populated\">\n\t\t\t\t\t\t\t\t<div class=\"elementor-element elementor-element-49410c1 elementor-position-right animated-slow elementor-vertical-align-top elementor-invisible elementor-widget elementor-widget-image-box\" data-id=\"49410c1\" data-element_type=\"widget\" data-settings=\"{&quot;_animation&quot;:&quot;fadeInLeft&quot;,&quot;_animation_mobile&quot;:&quot;fadeInUp&quot;}\" data-widget_type=\"image-box.default\">\n\t\t\t\t<div class=\"elementor-widget-container\">\n\t\t\t<div class=\"elementor-image-box-wrapper\"><figure class=\"elementor-image-box-img\"><img decoding=\"async\" width=\"500\" height=\"500\" src=\"https:\/\/vapepro.eu\/switzerland\/wp-content\/uploads\/2021\/02\/VAPEPRO-ICONS-DRUPKI-WHITE.png\" class=\"elementor-animation-grow attachment-full size-full\" alt=\"\u0438\u043a\u043e\u043d\u0430 \u0437\u0430 \u0431\u0440\u043e\u0439 \u0434\u0440\u044a\u043f\u043a\u0438\" \/><\/figure><div class=\"elementor-image-box-content\"><h3 class=\"elementor-image-box-title\">Anzahl der Z\u00fcge<\/h3><p class=\"elementor-image-box-description\">800 Z\u00fcge mit Nikotin<br>\n1400 Z\u00fcge ohne Nikotin<\/p><\/div><\/div>\t\t<\/div>\n\t\t\t\t<\/div>\n\t\t\t\t<div class=\"elementor-element elementor-element-14f1313 elementor-position-right animated-slow elementor-vertical-align-top elementor-invisible elementor-widget elementor-widget-image-box\" data-id=\"14f1313\" data-element_type=\"widget\" data-settings=\"{&quot;_animation&quot;:&quot;fadeInLeft&quot;,&quot;_animation_delay&quot;:200,&quot;_animation_mobile&quot;:&quot;fadeInUp&quot;}\" data-widget_type=\"image-box.default\">\n\t\t\t\t<div class=\"elementor-widget-container\">\n\t\t\t<div class=\"elementor-image-box-wrapper\"><figure class=\"elementor-image-box-img\"><img decoding=\"async\" width=\"500\" height=\"500\" src=\"https:\/\/vapepro.eu\/switzerland\/wp-content\/uploads\/2021\/02\/VAPEPRO-ICONS-CIGARA-WHITE.png\" class=\"elementor-animation-grow attachment-full size-full\" alt=\"\u0438\u043a\u043e\u043d\u0430 \u0437\u0430 \u0431\u0440\u043e\u0439 \u0446\u0438\u0433\u0430\u0440\u0438\" \/><\/figure><div class=\"elementor-image-box-content\"><h3 class=\"elementor-image-box-title\">Anzahl Zigaretten<\/h3><p class=\"elementor-image-box-description\">60 Zigaretten<\/p><\/div><\/div>\t\t<\/div>\n\t\t\t\t<\/div>\n\t\t\t\t<div class=\"elementor-element elementor-element-29796ee elementor-position-right animated-slow elementor-vertical-align-top elementor-invisible elementor-widget elementor-widget-image-box\" data-id=\"29796ee\" data-element_type=\"widget\" data-settings=\"{&quot;_animation&quot;:&quot;fadeInLeft&quot;,&quot;_animation_delay&quot;:400,&quot;_animation_mobile&quot;:&quot;fadeInUp&quot;}\" data-widget_type=\"image-box.default\">\n\t\t\t\t<div class=\"elementor-widget-container\">\n\t\t\t<div class=\"elementor-image-box-wrapper\"><figure class=\"elementor-image-box-img\"><img decoding=\"async\" width=\"500\" height=\"500\" src=\"https:\/\/vapepro.eu\/switzerland\/wp-content\/uploads\/2021\/02\/VAPEPRO-ICONS-NIKOTIN-WHITE.png\" class=\"elementor-animation-grow attachment-full size-full\" alt=\"\u0438\u043a\u043e\u043d\u0430 \u0437\u0430 \u0441\u044a\u0434\u044a\u0440\u0436\u0430\u043d\u0438\u0435 \u043d\u0430 \u043d\u0438\u043a\u043e\u0442\u0438\u043d\" \/><\/figure><div class=\"elementor-image-box-content\"><h3 class=\"elementor-image-box-title\">Nicotine content<\/h3><p class=\"elementor-image-box-description\">20 mg\/ml\n<\/p><\/div><\/div>\t\t<\/div>\n\t\t\t\t<\/div>\n\t\t\t\t\t<\/div>\n\t\t<\/div>\n\t\t\t\t<div class=\"elementor-column elementor-col-33 elementor-inner-column elementor-element elementor-element-44be25d elementor-invisible\" data-id=\"44be25d\" data-element_type=\"column\" data-settings=\"{&quot;animation&quot;:&quot;fadeInLeft&quot;}\">\n\t\t\t<div class=\"elementor-widget-wrap elementor-element-populated\">\n\t\t\t\t\t\t\t\t<div class=\"elementor-element elementor-element-15f28d3 elementor-invisible elementor-widget elementor-widget-image\" data-id=\"15f28d3\" data-element_type=\"widget\" data-settings=\"{&quot;motion_fx_motion_fx_mouse&quot;:&quot;yes&quot;,&quot;motion_fx_mouseTrack_effect&quot;:&quot;yes&quot;,&quot;motion_fx_mouseTrack_speed&quot;:{&quot;unit&quot;:&quot;px&quot;,&quot;size&quot;:1.2,&quot;sizes&quot;:[]},&quot;_animation&quot;:&quot;fadeInUp&quot;,&quot;_animation_mobile&quot;:&quot;fadeInUp&quot;}\" data-widget_type=\"image.default\">\n\t\t\t\t<div class=\"elementor-widget-container\">\n\t\t\t\t\t\t\t\t\t\t\t\t\t\t\t<img decoding=\"async\" width=\"224\" height=\"1181\" src=\"https:\/\/vapepro.eu\/switzerland\/wp-content\/uploads\/2022\/04\/VAPE-AIRFLOW-FRONT-01.png\" class=\"attachment-full size-full\" alt=\"\" srcset=\"https:\/\/vapepro.eu\/switzerland\/wp-content\/uploads\/2022\/04\/VAPE-AIRFLOW-FRONT-01.png 224w, https:\/\/vapepro.eu\/switzerland\/wp-content\/uploads\/2022\/04\/VAPE-AIRFLOW-FRONT-01-57x300.png 57w, https:\/\/vapepro.eu\/switzerland\/wp-content\/uploads\/2022\/04\/VAPE-AIRFLOW-FRONT-01-194x1024.png 194w\" sizes=\"(max-width: 224px) 100vw, 224px\" \/>\t\t\t\t\t\t\t\t\t\t\t\t\t\t\t<\/div>\n\t\t\t\t<\/div>\n\t\t\t\t\t<\/div>\n\t\t<\/div>\n\t\t\t\t<div class=\"elementor-column elementor-col-33 elementor-inner-column elementor-element elementor-element-c2a39c3\" data-id=\"c2a39c3\" data-element_type=\"column\">\n\t\t\t<div class=\"elementor-widget-wrap elementor-element-populated\">\n\t\t\t\t\t\t\t\t<div class=\"elementor-element elementor-element-9391b14 elementor-position-left animated-slow elementor-vertical-align-top elementor-invisible elementor-widget elementor-widget-image-box\" data-id=\"9391b14\" data-element_type=\"widget\" data-settings=\"{&quot;_animation&quot;:&quot;fadeInRight&quot;,&quot;_animation_mobile&quot;:&quot;fadeInUp&quot;}\" data-widget_type=\"image-box.default\">\n\t\t\t\t<div class=\"elementor-widget-container\">\n\t\t\t<div class=\"elementor-image-box-wrapper\"><figure class=\"elementor-image-box-img\"><img decoding=\"async\" width=\"500\" height=\"500\" src=\"https:\/\/vapepro.eu\/switzerland\/wp-content\/uploads\/2021\/02\/VAPEPRO-ICONS-VKUSOVE-WHITE.png\" class=\"elementor-animation-grow attachment-full size-full\" alt=\"\u0438\u043a\u043e\u043d\u0430 \u0437\u0430 \u0432\u0438\u0434 \u043d\u0430 \u0432\u043a\u0443\u0441\u0430\" \/><\/figure><div class=\"elementor-image-box-content\"><h3 class=\"elementor-image-box-title\">Anzahl Geschmacksrichtungen<\/h3><p class=\"elementor-image-box-description\">17 Geschmacksrichtungen<\/p><\/div><\/div>\t\t<\/div>\n\t\t\t\t<\/div>\n\t\t\t\t<div class=\"elementor-element elementor-element-878b6ba elementor-position-left animated-slow elementor-vertical-align-top elementor-invisible elementor-widget elementor-widget-image-box\" data-id=\"878b6ba\" data-element_type=\"widget\" data-settings=\"{&quot;_animation&quot;:&quot;fadeInRight&quot;,&quot;_animation_delay&quot;:200,&quot;_animation_mobile&quot;:&quot;fadeInUp&quot;}\" data-widget_type=\"image-box.default\">\n\t\t\t\t<div class=\"elementor-widget-container\">\n\t\t\t<div class=\"elementor-image-box-wrapper\"><figure class=\"elementor-image-box-img\"><img decoding=\"async\" width=\"500\" height=\"500\" src=\"https:\/\/vapepro.eu\/switzerland\/wp-content\/uploads\/2021\/02\/VAPEPRO-ICONS-RECIKLIRANE-WHITE.png\" class=\"elementor-animation-grow attachment-full size-full\" alt=\"\u0438\u043a\u043e\u043d\u0430 \u0437\u0430 \u0440\u0435\u0446\u0438\u043a\u043b\u0438\u0440\u0430\u043d\u0435\" \/><\/figure><div class=\"elementor-image-box-content\"><h3 class=\"elementor-image-box-title\">Verf\u00fcgbar<\/h3><p class=\"elementor-image-box-description\">Kein Aufladen, kein Nachf\u00fcllen, kein Stress!<\/p><\/div><\/div>\t\t<\/div>\n\t\t\t\t<\/div>\n\t\t\t\t<div class=\"elementor-element elementor-element-49f5d2b elementor-position-left animated-slow elementor-vertical-align-top elementor-invisible elementor-widget elementor-widget-image-box\" data-id=\"49f5d2b\" data-element_type=\"widget\" data-settings=\"{&quot;_animation&quot;:&quot;fadeInRight&quot;,&quot;_animation_delay&quot;:400,&quot;_animation_mobile&quot;:&quot;fadeInUp&quot;}\" data-widget_type=\"image-box.default\">\n\t\t\t\t<div class=\"elementor-widget-container\">\n\t\t\t<div class=\"elementor-image-box-wrapper\"><figure class=\"elementor-image-box-img\"><img decoding=\"async\" width=\"500\" height=\"500\" src=\"https:\/\/vapepro.eu\/switzerland\/wp-content\/uploads\/2021\/02\/VAPEPRO-ICONS-EDNOKRATNO-WHITE.png\" class=\"elementor-animation-grow attachment-full size-full\" alt=\"\u0438\u043a\u043e\u043d\u0430 \u0437\u0430 \u0435\u0434\u043d\u043e\u043a\u0440\u0430\u0442\u043d\u0430 \u0443\u043f\u043e\u0440\u0442\u0440\u0435\u0431\u0430\" \/><\/figure><div class=\"elementor-image-box-content\"><h3 class=\"elementor-image-box-title\">Recyceln<\/h3><p class=\"elementor-image-box-description\">Besch\u00fctze die Natur<\/p><\/div><\/div>\t\t<\/div>\n\t\t\t\t<\/div>\n\t\t\t\t\t<\/div>\n\t\t<\/div>\n\t\t\t\t\t\t\t<\/div>\n\t\t<\/section>\n\t\t\t\t<div class=\"elementor-element elementor-element-8740d1b elementor-align-center elementor-widget elementor-widget-button\" data-id=\"8740d1b\" data-element_type=\"widget\" data-settings=\"{&quot;_animation&quot;:&quot;none&quot;,&quot;_animation_delay&quot;:1900}\" data-widget_type=\"button.default\">\n\t\t\t\t<div class=\"elementor-widget-container\">\n\t\t\t\t\t<div class=\"elementor-button-wrapper\">\n\t\t\t<a href=\"http:\/\/vapepro.eu\/switzerland\/contacts-2\" class=\"elementor-button-link elementor-button elementor-size-md elementor-animation-grow\" role=\"button\">\n\t\t\t\t\t\t<span class=\"elementor-button-content-wrapper\">\n\t\t\t\t\t\t<span class=\"elementor-button-text\">KONTAKTIERE UNS<\/span>\n\t\t<\/span>\n\t\t\t\t\t<\/a>\n\t\t<\/div>\n\t\t\t\t<\/div>\n\t\t\t\t<\/div>\n\t\t\t\t\t<\/div>\n\t\t<\/div>\n\t\t\t\t\t\t\t<\/div>\n\t\t<\/section>\n\t\t\t\t\t\t\t<\/div>\n\t\t","protected":false},"excerpt":{"rendered":"<p>\u0411\u0435\u0437\u043f\u043b\u0430\u0442\u043d\u0430 \u0434\u043e\u0441\u0442\u0430\u0432\u043a\u0430 \u043f\u0440\u0438 \u043f\u043e\u0440\u044a\u0447\u043a\u0430 \u043d\u0430 4 \u0438\u043b\u0438 \u043f\u043e\u0432\u0435\u0447\u0435 \u0443\u0441\u0442\u0440\u043e\u0439\u0441\u0442\u0432\u0430. Stilvoll, elegant und einfach zu bedienen, ist der Vapepro eine vorgeladene fl\u00fcssige Wasserpfeife, die von einem Lithium-Ionen-Akku angetrieben wird und nur durch den Luftstrom beim Ziehen gesteuert wird. Kein Aufladen, kein Nachf\u00fcllen, kein Stress! Vapepro ist Ihr erster Schritt, um einen gro\u00dfartigen und harmlosen Ersatz f\u00fcr [&hellip;]<\/p>\n","protected":false},"author":1,"featured_media":0,"parent":0,"menu_order":0,"comment_status":"closed","ping_status":"closed","template":"","meta":{"footnotes":""},"class_list":["post-9","page","type-page","status-publish","hentry"],"yoast_head":"<!-- This site is optimized with the Yoast SEO plugin v18.9 - https:\/\/yoast.com\/wordpress\/plugins\/seo\/ -->\n<title>Vapepro - Vapepro<\/title>\n<meta name=\"description\" content=\"Read more about Vapepro from Vapepro - disposable vapes\" \/>\n<meta name=\"robots\" content=\"index, follow, max-snippet:-1, max-image-preview:large, max-video-preview:-1\" \/>\n<link rel=\"canonical\" href=\"https:\/\/vapepro.eu\/switzerland\/vapepro-2\/\" \/>\n<meta property=\"og:locale\" content=\"en_US\" \/>\n<meta property=\"og:type\" content=\"article\" \/>\n<meta property=\"og:title\" content=\"Vapepro - Vapepro\" \/>\n<meta property=\"og:description\" content=\"Read more about Vapepro from Vapepro - disposable vapes\" \/>\n<meta property=\"og:url\" content=\"https:\/\/vapepro.eu\/switzerland\/vapepro-2\/\" \/>\n<meta property=\"og:site_name\" content=\"Vapepro\" \/>\n<meta property=\"article:publisher\" content=\"https:\/\/www.facebook.com\/vapeproofficial\" \/>\n<meta property=\"article:modified_time\" content=\"2022-06-29T14:19:10+00:00\" \/>\n<meta property=\"og:image\" content=\"http:\/\/vapepro.eu\/switzerland\/wp-content\/uploads\/2021\/02\/VAPEPRO-ICONS-DRUPKI-WHITE.png\" \/>\n<meta name=\"twitter:card\" content=\"summary_large_image\" \/>\n<meta name=\"twitter:label1\" content=\"Est. reading time\" \/>\n\t<meta name=\"twitter:data1\" content=\"2 minutes\" \/>\n<script type=\"application\/ld+json\" class=\"yoast-schema-graph\">{\"@context\":\"https:\/\/schema.org\",\"@graph\":[{\"@type\":\"Organization\",\"@id\":\"https:\/\/vapepro.eu\/switzerland\/#organization\",\"name\":\"Vapepro\",\"url\":\"https:\/\/vapepro.eu\/switzerland\/\",\"sameAs\":[\"https:\/\/www.instagram.com\/vapeproofficial\/\",\"https:\/\/www.youtube.com\/channel\/UCKJ733xAz3eO6VqQdH_50iA?guided_help_flow=3\",\"https:\/\/www.facebook.com\/vapeproofficial\"],\"logo\":{\"@type\":\"ImageObject\",\"inLanguage\":\"en-US\",\"@id\":\"https:\/\/vapepro.eu\/switzerland\/#\/schema\/logo\/image\/\",\"url\":\"http:\/\/vapepro.eu\/switzerland\/wp-content\/uploads\/2021\/02\/VAPEPRO-LOGO-COLORS-SOCIAL-04-removebg-preview-1.png\",\"contentUrl\":\"http:\/\/vapepro.eu\/switzerland\/wp-content\/uploads\/2021\/02\/VAPEPRO-LOGO-COLORS-SOCIAL-04-removebg-preview-1.png\",\"width\":500,\"height\":500,\"caption\":\"Vapepro\"},\"image\":{\"@id\":\"https:\/\/vapepro.eu\/switzerland\/#\/schema\/logo\/image\/\"}},{\"@type\":\"WebSite\",\"@id\":\"https:\/\/vapepro.eu\/switzerland\/#website\",\"url\":\"https:\/\/vapepro.eu\/switzerland\/\",\"name\":\"Vapepro\",\"description\":\"\u0423\u0431\u0438\u0435\u0446\u044a\u0442 \u043d\u0430 \u0446\u0438\u0433\u0430\u0440\u0438\",\"publisher\":{\"@id\":\"https:\/\/vapepro.eu\/switzerland\/#organization\"},\"potentialAction\":[{\"@type\":\"SearchAction\",\"target\":{\"@type\":\"EntryPoint\",\"urlTemplate\":\"https:\/\/vapepro.eu\/switzerland\/?s={search_term_string}\"},\"query-input\":\"required name=search_term_string\"}],\"inLanguage\":\"en-US\"},{\"@type\":\"ImageObject\",\"inLanguage\":\"en-US\",\"@id\":\"https:\/\/vapepro.eu\/switzerland\/vapepro-2\/#primaryimage\",\"url\":\"https:\/\/vapepro.eu\/switzerland\/wp-content\/uploads\/2021\/02\/VAPEPRO-ICONS-DRUPKI-WHITE.png\",\"contentUrl\":\"https:\/\/vapepro.eu\/switzerland\/wp-content\/uploads\/2021\/02\/VAPEPRO-ICONS-DRUPKI-WHITE.png\",\"width\":500,\"height\":500,\"caption\":\"\u0438\u043a\u043e\u043d\u0430 \u0437\u0430 \u0431\u0440\u043e\u0439 \u0434\u0440\u044a\u043f\u043a\u0438\"},{\"@type\":\"WebPage\",\"@id\":\"https:\/\/vapepro.eu\/switzerland\/vapepro-2\/#webpage\",\"url\":\"https:\/\/vapepro.eu\/switzerland\/vapepro-2\/\",\"name\":\"Vapepro - Vapepro\",\"isPartOf\":{\"@id\":\"https:\/\/vapepro.eu\/switzerland\/#website\"},\"primaryImageOfPage\":{\"@id\":\"https:\/\/vapepro.eu\/switzerland\/vapepro-2\/#primaryimage\"},\"datePublished\":\"2021-02-01T13:35:04+00:00\",\"dateModified\":\"2022-06-29T14:19:10+00:00\",\"description\":\"Read more about Vapepro from Vapepro - disposable vapes\",\"breadcrumb\":{\"@id\":\"https:\/\/vapepro.eu\/switzerland\/vapepro-2\/#breadcrumb\"},\"inLanguage\":\"en-US\",\"potentialAction\":[{\"@type\":\"ReadAction\",\"target\":[\"https:\/\/vapepro.eu\/switzerland\/vapepro-2\/\"]}]},{\"@type\":\"BreadcrumbList\",\"@id\":\"https:\/\/vapepro.eu\/switzerland\/vapepro-2\/#breadcrumb\",\"itemListElement\":[{\"@type\":\"ListItem\",\"position\":1,\"name\":\"Home\",\"item\":\"https:\/\/vapepro.eu\/switzerland\/\"},{\"@type\":\"ListItem\",\"position\":2,\"name\":\"Vapepro\"}]}]}<\/script>\n<!-- \/ Yoast SEO plugin. -->","yoast_head_json":{"title":"Vapepro - Vapepro","description":"Read more about Vapepro from Vapepro - disposable vapes","robots":{"index":"index","follow":"follow","max-snippet":"max-snippet:-1","max-image-preview":"max-image-preview:large","max-video-preview":"max-video-preview:-1"},"canonical":"https:\/\/vapepro.eu\/switzerland\/vapepro-2\/","og_locale":"en_US","og_type":"article","og_title":"Vapepro - Vapepro","og_description":"Read more about Vapepro from Vapepro - disposable vapes","og_url":"https:\/\/vapepro.eu\/switzerland\/vapepro-2\/","og_site_name":"Vapepro","article_publisher":"https:\/\/www.facebook.com\/vapeproofficial","article_modified_time":"2022-06-29T14:19:10+00:00","og_image":[{"url":"http:\/\/vapepro.eu\/switzerland\/wp-content\/uploads\/2021\/02\/VAPEPRO-ICONS-DRUPKI-WHITE.png"}],"twitter_card":"summary_large_image","twitter_misc":{"Est. reading time":"2 minutes"},"schema":{"@context":"https:\/\/schema.org","@graph":[{"@type":"Organization","@id":"https:\/\/vapepro.eu\/switzerland\/#organization","name":"Vapepro","url":"https:\/\/vapepro.eu\/switzerland\/","sameAs":["https:\/\/www.instagram.com\/vapeproofficial\/","https:\/\/www.youtube.com\/channel\/UCKJ733xAz3eO6VqQdH_50iA?guided_help_flow=3","https:\/\/www.facebook.com\/vapeproofficial"],"logo":{"@type":"ImageObject","inLanguage":"en-US","@id":"https:\/\/vapepro.eu\/switzerland\/#\/schema\/logo\/image\/","url":"http:\/\/vapepro.eu\/switzerland\/wp-content\/uploads\/2021\/02\/VAPEPRO-LOGO-COLORS-SOCIAL-04-removebg-preview-1.png","contentUrl":"http:\/\/vapepro.eu\/switzerland\/wp-content\/uploads\/2021\/02\/VAPEPRO-LOGO-COLORS-SOCIAL-04-removebg-preview-1.png","width":500,"height":500,"caption":"Vapepro"},"image":{"@id":"https:\/\/vapepro.eu\/switzerland\/#\/schema\/logo\/image\/"}},{"@type":"WebSite","@id":"https:\/\/vapepro.eu\/switzerland\/#website","url":"https:\/\/vapepro.eu\/switzerland\/","name":"Vapepro","description":"\u0423\u0431\u0438\u0435\u0446\u044a\u0442 \u043d\u0430 \u0446\u0438\u0433\u0430\u0440\u0438","publisher":{"@id":"https:\/\/vapepro.eu\/switzerland\/#organization"},"potentialAction":[{"@type":"SearchAction","target":{"@type":"EntryPoint","urlTemplate":"https:\/\/vapepro.eu\/switzerland\/?s={search_term_string}"},"query-input":"required name=search_term_string"}],"inLanguage":"en-US"},{"@type":"ImageObject","inLanguage":"en-US","@id":"https:\/\/vapepro.eu\/switzerland\/vapepro-2\/#primaryimage","url":"https:\/\/vapepro.eu\/switzerland\/wp-content\/uploads\/2021\/02\/VAPEPRO-ICONS-DRUPKI-WHITE.png","contentUrl":"https:\/\/vapepro.eu\/switzerland\/wp-content\/uploads\/2021\/02\/VAPEPRO-ICONS-DRUPKI-WHITE.png","width":500,"height":500,"caption":"\u0438\u043a\u043e\u043d\u0430 \u0437\u0430 \u0431\u0440\u043e\u0439 \u0434\u0440\u044a\u043f\u043a\u0438"},{"@type":"WebPage","@id":"https:\/\/vapepro.eu\/switzerland\/vapepro-2\/#webpage","url":"https:\/\/vapepro.eu\/switzerland\/vapepro-2\/","name":"Vapepro - Vapepro","isPartOf":{"@id":"https:\/\/vapepro.eu\/switzerland\/#website"},"primaryImageOfPage":{"@id":"https:\/\/vapepro.eu\/switzerland\/vapepro-2\/#primaryimage"},"datePublished":"2021-02-01T13:35:04+00:00","dateModified":"2022-06-29T14:19:10+00:00","description":"Read more about Vapepro from Vapepro - disposable vapes","breadcrumb":{"@id":"https:\/\/vapepro.eu\/switzerland\/vapepro-2\/#breadcrumb"},"inLanguage":"en-US","potentialAction":[{"@type":"ReadAction","target":["https:\/\/vapepro.eu\/switzerland\/vapepro-2\/"]}]},{"@type":"BreadcrumbList","@id":"https:\/\/vapepro.eu\/switzerland\/vapepro-2\/#breadcrumb","itemListElement":[{"@type":"ListItem","position":1,"name":"Home","item":"https:\/\/vapepro.eu\/switzerland\/"},{"@type":"ListItem","position":2,"name":"Vapepro"}]}]}},"_links":{"self":[{"href":"https:\/\/vapepro.eu\/switzerland\/wp-json\/wp\/v2\/pages\/9","targetHints":{"allow":["GET"]}}],"collection":[{"href":"https:\/\/vapepro.eu\/switzerland\/wp-json\/wp\/v2\/pages"}],"about":[{"href":"https:\/\/vapepro.eu\/switzerland\/wp-json\/wp\/v2\/types\/page"}],"author":[{"embeddable":true,"href":"https:\/\/vapepro.eu\/switzerland\/wp-json\/wp\/v2\/users\/1"}],"replies":[{"embeddable":true,"href":"https:\/\/vapepro.eu\/switzerland\/wp-json\/wp\/v2\/comments?post=9"}],"version-history":[{"count":91,"href":"https:\/\/vapepro.eu\/switzerland\/wp-json\/wp\/v2\/pages\/9\/revisions"}],"predecessor-version":[{"id":6876,"href":"https:\/\/vapepro.eu\/switzerland\/wp-json\/wp\/v2\/pages\/9\/revisions\/6876"}],"wp:attachment":[{"href":"https:\/\/vapepro.eu\/switzerland\/wp-json\/wp\/v2\/media?parent=9"}],"curies":[{"name":"wp","href":"https:\/\/api.w.org\/{rel}","templated":true}]}}