{"id":756,"date":"2021-02-02T09:13:45","date_gmt":"2021-02-04T13:34:52","guid":{"rendered":"https:\/\/vapepro.co.uk\/produkt\/sweet-melon-12\/"},"modified":"2022-06-29T16:37:16","modified_gmt":"2022-06-29T14:37:16","slug":"sweet-melon-12","status":"publish","type":"product","link":"https:\/\/vapepro.eu\/switzerland\/produkt\/sweet-melon-12\/","title":{"rendered":"Sweet Melon #12"},"content":{"rendered":"<p>Stylish, sleek and easy to use, the Vapepro is a pre-loaded liquid hookah powered by a lithium-ion battery and controlled only by the airflow when pulling. Without recharging, without refills and without stress, it is always at your disposal and ready to use.<\/p>\n<p>Vapepro is your first step towards finding a great and harmless substitute for smoking. Replace odors, harmful smoke and tars with aromatic steam and incredible taste.<\/p>\n<p>Vapepro gives you a much better feeling than standard smoking \u2013 with a new luxury design accompanied by amazing taste.<\/p>\n","protected":false},"excerpt":{"rendered":"<p>Der Geschmack von s\u00fc\u00dfer Melone bringt nicht nur Ihre Sinne zum Schmelzen, sondern auch die der Menschen um Sie herum. Vapepro Sweet Melon ist der bekannte Geschmack s\u00fc\u00dfer Melonen aus der Kindheit kombiniert mit verf\u00fchrerischer Honigs\u00fc\u00dfe.<\/p>\n","protected":false},"featured_media":6731,"template":"","meta":[],"product_cat":[59],"product_tag":[],"class_list":["post-756","product","type-product","status-publish","has-post-thumbnail","hentry","product_cat-nicotine-en"],"yoast_head":"<!-- This site is optimized with the Yoast SEO plugin v18.9 - https:\/\/yoast.com\/wordpress\/plugins\/seo\/ -->\n<title>Sweet Melon #12 - Vapepro<\/title>\n<meta name=\"description\" content=\"Choose Sweet Melon #12 . Check out the other products from\" \/>\n<meta name=\"robots\" content=\"index, follow, max-snippet:-1, max-image-preview:large, max-video-preview:-1\" \/>\n<link rel=\"canonical\" href=\"https:\/\/vapepro.eu\/switzerland\/produkt\/sweet-melon-12\/\" \/>\n<meta property=\"og:locale\" content=\"en_US\" \/>\n<meta property=\"og:type\" content=\"article\" \/>\n<meta property=\"og:title\" content=\"Sweet Melon #12 - Vapepro\" \/>\n<meta property=\"og:description\" content=\"Choose Sweet Melon #12 . Check out the other products from\" \/>\n<meta property=\"og:url\" content=\"https:\/\/vapepro.eu\/switzerland\/produkt\/sweet-melon-12\/\" \/>\n<meta property=\"og:site_name\" content=\"Vapepro\" \/>\n<meta property=\"article:publisher\" content=\"https:\/\/www.facebook.com\/vapeproofficial\" \/>\n<meta property=\"article:modified_time\" content=\"2022-06-29T14:37:16+00:00\" \/>\n<meta property=\"og:image\" content=\"https:\/\/vapepro.eu\/switzerland\/wp-content\/uploads\/2022\/04\/12-SWEET-MELON-F-TRANS-UK.png\" \/>\n\t<meta property=\"og:image:width\" content=\"768\" \/>\n\t<meta property=\"og:image:height\" content=\"880\" \/>\n\t<meta property=\"og:image:type\" content=\"image\/png\" \/>\n<meta name=\"twitter:card\" content=\"summary_large_image\" \/>\n<script type=\"application\/ld+json\" class=\"yoast-schema-graph\">{\"@context\":\"https:\/\/schema.org\",\"@graph\":[{\"@type\":\"Organization\",\"@id\":\"https:\/\/vapepro.eu\/switzerland\/#organization\",\"name\":\"Vapepro\",\"url\":\"https:\/\/vapepro.eu\/switzerland\/\",\"sameAs\":[\"https:\/\/www.instagram.com\/vapeproofficial\/\",\"https:\/\/www.youtube.com\/channel\/UCKJ733xAz3eO6VqQdH_50iA?guided_help_flow=3\",\"https:\/\/www.facebook.com\/vapeproofficial\"],\"logo\":{\"@type\":\"ImageObject\",\"inLanguage\":\"en-US\",\"@id\":\"https:\/\/vapepro.eu\/switzerland\/#\/schema\/logo\/image\/\",\"url\":\"http:\/\/vapepro.eu\/switzerland\/wp-content\/uploads\/2021\/02\/VAPEPRO-LOGO-COLORS-SOCIAL-04-removebg-preview-1.png\",\"contentUrl\":\"http:\/\/vapepro.eu\/switzerland\/wp-content\/uploads\/2021\/02\/VAPEPRO-LOGO-COLORS-SOCIAL-04-removebg-preview-1.png\",\"width\":500,\"height\":500,\"caption\":\"Vapepro\"},\"image\":{\"@id\":\"https:\/\/vapepro.eu\/switzerland\/#\/schema\/logo\/image\/\"}},{\"@type\":\"WebSite\",\"@id\":\"https:\/\/vapepro.eu\/switzerland\/#website\",\"url\":\"https:\/\/vapepro.eu\/switzerland\/\",\"name\":\"Vapepro\",\"description\":\"\u0423\u0431\u0438\u0435\u0446\u044a\u0442 \u043d\u0430 \u0446\u0438\u0433\u0430\u0440\u0438\",\"publisher\":{\"@id\":\"https:\/\/vapepro.eu\/switzerland\/#organization\"},\"potentialAction\":[{\"@type\":\"SearchAction\",\"target\":{\"@type\":\"EntryPoint\",\"urlTemplate\":\"https:\/\/vapepro.eu\/switzerland\/?s={search_term_string}\"},\"query-input\":\"required name=search_term_string\"}],\"inLanguage\":\"en-US\"},{\"@type\":\"ImageObject\",\"inLanguage\":\"en-US\",\"@id\":\"https:\/\/vapepro.eu\/switzerland\/produkt\/sweet-melon-12\/#primaryimage\",\"url\":\"https:\/\/vapepro.eu\/switzerland\/wp-content\/uploads\/2022\/04\/12-SWEET-MELON-F-TRANS-UK.png\",\"contentUrl\":\"https:\/\/vapepro.eu\/switzerland\/wp-content\/uploads\/2022\/04\/12-SWEET-MELON-F-TRANS-UK.png\",\"width\":768,\"height\":880},{\"@type\":\"WebPage\",\"@id\":\"https:\/\/vapepro.eu\/switzerland\/produkt\/sweet-melon-12\/#webpage\",\"url\":\"https:\/\/vapepro.eu\/switzerland\/produkt\/sweet-melon-12\/\",\"name\":\"Sweet Melon #12 - Vapepro\",\"isPartOf\":{\"@id\":\"https:\/\/vapepro.eu\/switzerland\/#website\"},\"primaryImageOfPage\":{\"@id\":\"https:\/\/vapepro.eu\/switzerland\/produkt\/sweet-melon-12\/#primaryimage\"},\"datePublished\":\"2021-02-04T13:34:52+00:00\",\"dateModified\":\"2022-06-29T14:37:16+00:00\",\"description\":\"Choose Sweet Melon #12 . Check out the other products from\",\"breadcrumb\":{\"@id\":\"https:\/\/vapepro.eu\/switzerland\/produkt\/sweet-melon-12\/#breadcrumb\"},\"inLanguage\":\"en-US\",\"potentialAction\":[{\"@type\":\"ReadAction\",\"target\":[\"https:\/\/vapepro.eu\/switzerland\/produkt\/sweet-melon-12\/\"]}]},{\"@type\":\"BreadcrumbList\",\"@id\":\"https:\/\/vapepro.eu\/switzerland\/produkt\/sweet-melon-12\/#breadcrumb\",\"itemListElement\":[{\"@type\":\"ListItem\",\"position\":1,\"name\":\"Home\",\"item\":\"https:\/\/vapepro.eu\/switzerland\/\"},{\"@type\":\"ListItem\",\"position\":2,\"name\":\"Shop\",\"item\":\"https:\/\/vapepro.eu\/switzerland\/shop\/\"},{\"@type\":\"ListItem\",\"position\":3,\"name\":\"Sweet Melon #12\"}]}]}<\/script>\n<!-- \/ Yoast SEO plugin. -->","yoast_head_json":{"title":"Sweet Melon #12 - Vapepro","description":"Choose Sweet Melon #12 . Check out the other products from","robots":{"index":"index","follow":"follow","max-snippet":"max-snippet:-1","max-image-preview":"max-image-preview:large","max-video-preview":"max-video-preview:-1"},"canonical":"https:\/\/vapepro.eu\/switzerland\/produkt\/sweet-melon-12\/","og_locale":"en_US","og_type":"article","og_title":"Sweet Melon #12 - Vapepro","og_description":"Choose Sweet Melon #12 . Check out the other products from","og_url":"https:\/\/vapepro.eu\/switzerland\/produkt\/sweet-melon-12\/","og_site_name":"Vapepro","article_publisher":"https:\/\/www.facebook.com\/vapeproofficial","article_modified_time":"2022-06-29T14:37:16+00:00","og_image":[{"width":768,"height":880,"url":"https:\/\/vapepro.eu\/switzerland\/wp-content\/uploads\/2022\/04\/12-SWEET-MELON-F-TRANS-UK.png","type":"image\/png"}],"twitter_card":"summary_large_image","schema":{"@context":"https:\/\/schema.org","@graph":[{"@type":"Organization","@id":"https:\/\/vapepro.eu\/switzerland\/#organization","name":"Vapepro","url":"https:\/\/vapepro.eu\/switzerland\/","sameAs":["https:\/\/www.instagram.com\/vapeproofficial\/","https:\/\/www.youtube.com\/channel\/UCKJ733xAz3eO6VqQdH_50iA?guided_help_flow=3","https:\/\/www.facebook.com\/vapeproofficial"],"logo":{"@type":"ImageObject","inLanguage":"en-US","@id":"https:\/\/vapepro.eu\/switzerland\/#\/schema\/logo\/image\/","url":"http:\/\/vapepro.eu\/switzerland\/wp-content\/uploads\/2021\/02\/VAPEPRO-LOGO-COLORS-SOCIAL-04-removebg-preview-1.png","contentUrl":"http:\/\/vapepro.eu\/switzerland\/wp-content\/uploads\/2021\/02\/VAPEPRO-LOGO-COLORS-SOCIAL-04-removebg-preview-1.png","width":500,"height":500,"caption":"Vapepro"},"image":{"@id":"https:\/\/vapepro.eu\/switzerland\/#\/schema\/logo\/image\/"}},{"@type":"WebSite","@id":"https:\/\/vapepro.eu\/switzerland\/#website","url":"https:\/\/vapepro.eu\/switzerland\/","name":"Vapepro","description":"\u0423\u0431\u0438\u0435\u0446\u044a\u0442 \u043d\u0430 \u0446\u0438\u0433\u0430\u0440\u0438","publisher":{"@id":"https:\/\/vapepro.eu\/switzerland\/#organization"},"potentialAction":[{"@type":"SearchAction","target":{"@type":"EntryPoint","urlTemplate":"https:\/\/vapepro.eu\/switzerland\/?s={search_term_string}"},"query-input":"required name=search_term_string"}],"inLanguage":"en-US"},{"@type":"ImageObject","inLanguage":"en-US","@id":"https:\/\/vapepro.eu\/switzerland\/produkt\/sweet-melon-12\/#primaryimage","url":"https:\/\/vapepro.eu\/switzerland\/wp-content\/uploads\/2022\/04\/12-SWEET-MELON-F-TRANS-UK.png","contentUrl":"https:\/\/vapepro.eu\/switzerland\/wp-content\/uploads\/2022\/04\/12-SWEET-MELON-F-TRANS-UK.png","width":768,"height":880},{"@type":"WebPage","@id":"https:\/\/vapepro.eu\/switzerland\/produkt\/sweet-melon-12\/#webpage","url":"https:\/\/vapepro.eu\/switzerland\/produkt\/sweet-melon-12\/","name":"Sweet Melon #12 - Vapepro","isPartOf":{"@id":"https:\/\/vapepro.eu\/switzerland\/#website"},"primaryImageOfPage":{"@id":"https:\/\/vapepro.eu\/switzerland\/produkt\/sweet-melon-12\/#primaryimage"},"datePublished":"2021-02-04T13:34:52+00:00","dateModified":"2022-06-29T14:37:16+00:00","description":"Choose Sweet Melon #12 . Check out the other products from","breadcrumb":{"@id":"https:\/\/vapepro.eu\/switzerland\/produkt\/sweet-melon-12\/#breadcrumb"},"inLanguage":"en-US","potentialAction":[{"@type":"ReadAction","target":["https:\/\/vapepro.eu\/switzerland\/produkt\/sweet-melon-12\/"]}]},{"@type":"BreadcrumbList","@id":"https:\/\/vapepro.eu\/switzerland\/produkt\/sweet-melon-12\/#breadcrumb","itemListElement":[{"@type":"ListItem","position":1,"name":"Home","item":"https:\/\/vapepro.eu\/switzerland\/"},{"@type":"ListItem","position":2,"name":"Shop","item":"https:\/\/vapepro.eu\/switzerland\/shop\/"},{"@type":"ListItem","position":3,"name":"Sweet Melon #12"}]}]}},"_links":{"self":[{"href":"https:\/\/vapepro.eu\/switzerland\/wp-json\/wp\/v2\/product\/756","targetHints":{"allow":["GET"]}}],"collection":[{"href":"https:\/\/vapepro.eu\/switzerland\/wp-json\/wp\/v2\/product"}],"about":[{"href":"https:\/\/vapepro.eu\/switzerland\/wp-json\/wp\/v2\/types\/product"}],"wp:featuredmedia":[{"embeddable":true,"href":"https:\/\/vapepro.eu\/switzerland\/wp-json\/wp\/v2\/media\/6731"}],"wp:attachment":[{"href":"https:\/\/vapepro.eu\/switzerland\/wp-json\/wp\/v2\/media?parent=756"}],"wp:term":[{"taxonomy":"product_cat","embeddable":true,"href":"https:\/\/vapepro.eu\/switzerland\/wp-json\/wp\/v2\/product_cat?post=756"},{"taxonomy":"product_tag","embeddable":true,"href":"https:\/\/vapepro.eu\/switzerland\/wp-json\/wp\/v2\/product_tag?post=756"}],"curies":[{"name":"wp","href":"https:\/\/api.w.org\/{rel}","templated":true}]}}