{"id":716,"date":"2021-02-04T14:13:42","date_gmt":"2021-02-04T12:13:42","guid":{"rendered":"https:\/\/vapepro.eu\/turkey\/privacy-policy-2\/"},"modified":"2022-07-28T13:12:33","modified_gmt":"2022-07-28T11:12:33","slug":"privacy-policy-2","status":"publish","type":"page","link":"https:\/\/vapepro.eu\/turkey\/privacy-policy-2\/","title":{"rendered":"Privacy policy"},"content":{"rendered":"\t\t<div data-elementor-type=\"wp-page\" data-elementor-id=\"716\" class=\"elementor elementor-716\" data-elementor-settings=\"[]\">\n\t\t\t\t\t\t\t<div class=\"elementor-section-wrap\">\n\t\t\t\t\t\t\t<section class=\"elementor-section elementor-top-section elementor-element elementor-element-3117945 elementor-section-boxed elementor-section-height-default elementor-section-height-default\" data-id=\"3117945\" data-element_type=\"section\" data-settings=\"{&quot;background_background&quot;:&quot;classic&quot;}\">\n\t\t\t\t\t\t<div class=\"elementor-container elementor-column-gap-default\">\n\t\t\t\t\t<div class=\"elementor-column elementor-col-100 elementor-top-column elementor-element elementor-element-b799cc0\" data-id=\"b799cc0\" data-element_type=\"column\">\n\t\t\t<div class=\"elementor-widget-wrap elementor-element-populated\">\n\t\t\t\t\t\t\t\t<div class=\"elementor-element elementor-element-81ffe67 elementor-widget elementor-widget-heading\" data-id=\"81ffe67\" data-element_type=\"widget\" data-widget_type=\"heading.default\">\n\t\t\t\t<div class=\"elementor-widget-container\">\n\t\t\t<h1 class=\"elementor-heading-title elementor-size-default\">Gizlilik Politikas\u0131<\/h1>\t\t<\/div>\n\t\t\t\t<\/div>\n\t\t\t\t\t<\/div>\n\t\t<\/div>\n\t\t\t\t\t\t\t<\/div>\n\t\t<\/section>\n\t\t\t\t<section class=\"elementor-section elementor-top-section elementor-element elementor-element-16bcd971 elementor-section-boxed elementor-section-height-default elementor-section-height-default\" data-id=\"16bcd971\" data-element_type=\"section\" data-settings=\"{&quot;background_background&quot;:&quot;classic&quot;}\">\n\t\t\t\t\t\t<div class=\"elementor-container elementor-column-gap-default\">\n\t\t\t\t\t<div class=\"elementor-column elementor-col-100 elementor-top-column elementor-element elementor-element-c37ca73\" data-id=\"c37ca73\" data-element_type=\"column\">\n\t\t\t<div class=\"elementor-widget-wrap elementor-element-populated\">\n\t\t\t\t\t\t\t\t<div class=\"elementor-element elementor-element-c9a8521 elementor-widget elementor-widget-text-editor\" data-id=\"c9a8521\" data-element_type=\"widget\" data-widget_type=\"text-editor.default\">\n\t\t\t\t<div class=\"elementor-widget-container\">\n\t\t\t\t\t\t\t<p>Site arac\u0131l\u0131\u011f\u0131yla sat\u0131lan mallar, burada t\u00fcr, kalite ve miktar olarak tan\u0131mlanmaktad\u0131r. Bilgisayar ekranlar\u0131n\u0131n \u00f6zelliklerinden dolay\u0131 sat\u0131n al\u0131nan Mallar\u0131n renklerinde olas\u0131 farkl\u0131l\u0131klardan \u015eirket sorumlu de\u011fildir. Mallar\u0131n\/Mallar\u0131n sat\u0131n al\u0131nmas\u0131na ili\u015fkin ba\u015fvuru, Kullan\u0131c\u0131 taraf\u0131ndan Mallar\u0131n\/Mallar\u0131n t\u00fcr\u00fc, kalitesi ve miktar\u0131na ili\u015fkin olarak a\u00e7\u0131klanm\u0131\u015f yaz\u0131l\u0131 bir onay olarak kabul edilir.<\/p><p>Teslimat<\/p><p>Teslimatlar, sipari\u015fte belirtilen bir kuryenin adresine veya ofisine yap\u0131l\u0131r. Mallar\u0131n teslim al\u0131nmas\u0131ndan sonra kargo \u00fccreti \u00f6denir ve kargoya \u00f6denir ve sitenin nihai fiyat\u0131na dahil de\u011fildir.<\/p><p>Halihaz\u0131rda verilmi\u015f bir sipari\u015fin iptali, ileti\u015fim formu, telefon veya e-posta yoluyla yap\u0131labilir.<\/p><p>Sipari\u015f edilen mallar i\u00e7in \u00f6deme:<\/p><p>* Nakit \u00f6deme &#8211; sitemizde yerinde<\/p><p>* Teslimatta \u00f6deme (teslimatta nakit)<\/p><p>Sipari\u015f edilen mallar\u0131 ald\u0131ktan sonra, kuryeye \u00f6denmesi gereken tutar\u0131 \u00f6dersiniz. Sipari\u015f fiyat\u0131nda belirtilir.<\/p><p>* Banka \u00f6demesi<\/p><p>\u015fikayetler<\/p><p>\u015eikayetler, Sitede belirtilen kalite gereksinimlerini kar\u015f\u0131lamayan Mallara ve \/ veya beraberindeki sertifikalara, kullan\u0131m talimatlar\u0131na ve di\u011ferlerine, \u00fcr\u00fcn \/ Mallar i\u00e7in d\u00fczenlendi\u011fi s\u00fcrece ve ayr\u0131ca Kullan\u0131c\u0131ya teslim edildi\u011finde a\u015fa\u011f\u0131dakileri i\u00e7erenlere tabidir. bariz eksiklikler \/ renklerin g\u00f6lgesindeki farkl\u0131l\u0131k bir eksiklik olarak kabul edilmez ve bu, mallar\u0131 iade etmek i\u00e7in bir neden olamaz !!! \/. Bu ama\u00e7la, teslimat s\u0131ras\u0131nda Kullan\u0131c\u0131 kon\u015fimentoya, bariz ay\u0131plar\u0131n ve\/veya miktar farkl\u0131l\u0131klar\u0131n\u0131n mevcudiyetini not eder, aksi takdirde mal miktar\u0131n\u0131n sipari\u015f edilen miktara tekab\u00fcl etti\u011fi ve s\u00f6zle\u015fmenin aynen yerine getirildi\u011fi kabul edilir.<\/p><p>Sat\u0131n al\u0131nan ve teslim edilen mallarla ilgili olarak adette tutars\u0131zl\u0131k olmad\u0131k\u00e7a \u015fikayetler, teslim tarihinden itibaren 14 g\u00fcn i\u00e7inde yap\u0131labilir.<\/p><p>T\u00fcketicinin Korunmas\u0131 Hakk\u0131nda Kanun&#8217;a (CPA) g\u00f6re, \u00e7evrimi\u00e7i ticaretin do\u011fas\u0131 gere\u011fi m\u00fc\u015fteri taraf\u0131ndan teslim al\u0131nan mallar, sat\u0131n alma tarihinden itibaren 14 g\u00fcn i\u00e7inde, a\u00e7\u0131k bir gerek\u00e7e olmaks\u0131z\u0131n, masraflar\u0131 kendisine ait olmak \u00fczere nakliye yoluyla iade edilebilir. Mallar\u0131n durumu, m\u00fc\u015fteriye teslim edildi\u011fi zamanki ile ayn\u0131 oldu\u011fu s\u00fcrece (paketlenmemi\u015f ambalaj dahil).<\/p><p>Bir \u015fikayetiniz varsa +359898693087 numaral\u0131 telefondan bizimle ileti\u015fime ge\u00e7ebilir veya office@maskpro.eu adresinden bize e-posta g\u00f6nderebilirsiniz.<\/p><p>Online al\u0131\u015fveri\u015fte sorun ya\u015f\u0131yorsan\u0131z https:\/\/kzp.bg\/ ile ileti\u015fime ge\u00e7ebilirsiniz.<\/p><p>\u00c7evrimi\u00e7i anla\u015fmazl\u0131k \u00e7\u00f6z\u00fcm platformu https:\/\/ec.europa.eu\/consumers\/odr\/main\/index.cfm?event=main.home.show&amp;lng=TR<\/p><p>reddetme politikas\u0131<\/p><p>T\u00fcm \u00fcr\u00fcnlerimizin kalitesini garanti ediyoruz. Bununla birlikte, gereksinimlerinizi kar\u015f\u0131lamazlarsa, +359898693087 numaral\u0131 telefondan veya e-posta ofisi @ maskpro arac\u0131l\u0131\u011f\u0131yla bizimle ileti\u015fime ge\u00e7erek 14 g\u00fcn i\u00e7inde sipari\u015ften bir veya daha fazla \u00fcr\u00fcn\u00fc iptal etme hakk\u0131n\u0131z vard\u0131r. AB.<\/p><p>L\u00fctfen \u00fcr\u00fcnleri yan\u0131n\u0131zdayken ve iade ederken nakliye s\u0131ras\u0131nda zarar g\u00f6rmemesi ve kaybolmamas\u0131 i\u00e7in \u00f6zen g\u00f6steriniz.<\/p><p>Mallar\u0131 iade ederken l\u00fctfen a\u015fa\u011f\u0131dakileri akl\u0131n\u0131zda bulundurun:<\/p><p>\u0130ade edilen \u00fcr\u00fcnlerin yukar\u0131daki kriterleri kar\u015f\u0131lad\u0131\u011f\u0131 \u00e7al\u0131\u015fan\u0131m\u0131z taraf\u0131ndan onayland\u0131ktan sonra reddedilen \u00fcr\u00fcn(ler)in tutar\u0131n\u0131n iadesi, orijinal \u00f6deme y\u00f6ntemi, yani. Banka kart\u0131 ile \u00f6deme yapt\u0131ysan\u0131z, iade edilen \u00fcr\u00fcn\u00fcn size ula\u015fmas\u0131n\u0131 takip eden 14 i\u015f g\u00fcn\u00fc i\u00e7erisinde ayn\u0131 kart \u00fczerinden kredi i\u015flemi ile tutar iade edilir. Teslimatta nakit veya banka havalesi ile \u00f6deme yap\u0131lmas\u0131 durumunda, iade edilen \u00fcr\u00fcn(ler)in tutar\u0131 belirtti\u011finiz banka hesab\u0131na banka havalesi ile iade edilecektir.<\/p><p>Teslim alma tarihinden itibaren 14. g\u00fcnden sonra iade edilen, hasarl\u0131, kullan\u0131lm\u0131\u015f veya ambalaj\u0131 hasarl\u0131 olan \u00fcr\u00fcnleri iade etmiyoruz. Bu durumlarda, masraflar\u0131 size ait olmak \u00fczere \u00fcr\u00fcnleri iade edece\u011fiz.<\/p><p>Sat\u0131n almay\u0131 reddetme politikas\u0131, ay\u0131pl\u0131\/hasarl\u0131 mal durumlar\u0131nda m\u00fc\u015fterinin t\u00fcketici haklar\u0131n\u0131 ihlal etmez.<\/p><p>Kullan\u0131c\u0131n\u0131n Hak ve Y\u00fck\u00fcml\u00fcl\u00fckleri<\/p><p>Kullan\u0131c\u0131, Sitede belirtilen h\u00fck\u00fcm ve ko\u015fullar \u00e7er\u00e7evesinde Site&#8217;den Mallar\u0131 g\u00f6r\u00fcnt\u00fcleme, sipari\u015f etme ve alma hakk\u0131na sahiptir.<\/p><p>Kullan\u0131c\u0131, Sipari\u015finin durumu hakk\u0131nda bilgilendirilme hakk\u0131na sahiptir.<\/p><p>Kullan\u0131c\u0131, sipari\u015f verdi\u011fi Mal\/Mal&#8217;\u0131 telefon ile teyit ettirdikten sonra belirtilen teslimat adresine teslim etme hakk\u0131na sahiptir.<\/p><p>Kullan\u0131c\u0131, Sipari\u015finin bedelini Site&#8217;de ilan edilen usule g\u00f6re \u00f6demekle y\u00fck\u00fcml\u00fcd\u00fcr.<\/p><p>Her Kullan\u0131c\u0131, Sipari\u015f vermi\u015f olsun veya olmas\u0131n, Siteyi kullan\u0131rken:<\/p><p>* Anayasa, Bulgaristan Cumhuriyeti kanunlar\u0131 ve taraf oldu\u011fu uluslararas\u0131 s\u00f6zle\u015fmeler, ahlak, g\u00f6rg\u00fc ve internet eti\u011fi kurallar\u0131na g\u00f6re vatanda\u015flar\u0131n hak ve \u00f6zg\u00fcrl\u00fcklerini ihlal etmemek ve bunlara sayg\u0131 g\u00f6stermemek;<\/p><p>* M\u00fclkiyet haklar\u0131, fikri m\u00fclkiyet haklar\u0131 vb. gibi di\u011fer ki\u015filerin m\u00fclkiyet veya m\u00fclkiyet d\u0131\u015f\u0131, mutlak veya nispi hak ve menfaatlerini ihlal etmemek;<\/p><p>* K\u00f6t\u00fc niyetli davran\u0131\u015flarda bulunmay\u0131n.* K\u00f6t\u00fc niyetli davran\u0131\u015flarda bulunmay\u0131n.<\/p><p>MaskPro&#8217;nun hak ve y\u00fck\u00fcml\u00fcl\u00fckleri<\/p><p>Kullan\u0131c\u0131 taraf\u0131ndan sunucumuzda kullan\u0131lan \/ bulunan veya \u00fc\u00e7\u00fcnc\u00fc \u015fah\u0131slar\u0131n kullan\u0131m\u0131na sunulan materyalleri ve bilgileri saklama ve bunlar\u0131 korumak i\u00e7in gerekli oldu\u011fu durumlarda \u00fc\u00e7\u00fcnc\u00fc \u015fah\u0131slara ve ilgili devlet kurumlar\u0131na sa\u011flama hakk\u0131na sahiptir, ancak y\u00fck\u00fcml\u00fcl\u00fc\u011f\u00fc yoktur. MaskPro.eu&#8217;nun yan\u0131 s\u0131ra \u00fc\u00e7\u00fcnc\u00fc \u015fah\u0131slar\u0131n haklar\u0131 ve me\u015fru menfaatleri, m\u00fclkiyeti ve g\u00fcvenli\u011fi, kullan\u0131lan veya yay\u0131lan bilgi veya materyallerle ilgili haklar\u0131n\u0131n ihlal edildi\u011fi iddialar\u0131 ve ayr\u0131ca materyallerin veya bilgilerin a\u00e7\u0131k bir yasal h\u00fck\u00fcm nedeniyle devlet organlar\u0131 taraf\u0131ndan zorunlu k\u0131l\u0131nm\u0131\u015ft\u0131r.<\/p><p>MaskPro, Kullan\u0131c\u0131&#8217;n\u0131n siteyi bu h\u00fck\u00fcm ve ko\u015fullara ayk\u0131r\u0131 olarak kullanmas\u0131 durumunda ve MaskPro&#8217;nun takdirine ba\u011fl\u0131 olarak, Kullan\u0131c\u0131&#8217;ya herhangi bir bildirimde bulunmaks\u0131z\u0131n, herhangi bir zamanda, kullan\u0131c\u0131n\u0131n Siteye eri\u015fimini sonland\u0131rma hakk\u0131na sahiptir. MaskPro, iletilen, kullan\u0131lan, kullan\u0131lan, iletilen, kullan\u0131lan materyallerin veya bilgilerin eri\u015fimin durdurulmas\u0131, ask\u0131ya al\u0131nmas\u0131, de\u011fi\u015ftirilmesi veya k\u0131s\u0131tlanmas\u0131, silinmesi, de\u011fi\u015ftirilmesi, kaybolmas\u0131, yanl\u0131\u015fl\u0131\u011f\u0131, yanl\u0131\u015fl\u0131\u011f\u0131 veya eksikli\u011finden kaynaklanan zararlardan ve k\u00e2r kay\u0131plar\u0131ndan Kullan\u0131c\u0131lara ve \u00fc\u00e7\u00fcnc\u00fc ki\u015filere kar\u015f\u0131 sorumlu olmayacakt\u0131r. MaskPro.eu Sitesi arac\u0131l\u0131\u011f\u0131yla kaydedilen veya kullan\u0131ma sunulan<\/p><p>Kullan\u0131c\u0131, Web Sitesi, hiperlinkler, materyaller veya bilgilerle ba\u011flant\u0131l\u0131 olarak \u00fc\u00e7\u00fcnc\u00fc \u015fah\u0131slara yap\u0131lan talepler ve\/veya \u00f6denen tazminatlar sonucunda ortaya \u00e7\u0131kan her t\u00fcrl\u00fc masraf ve \u00f6denen avukatl\u0131k \u00fccretleri de dahil olmak \u00fczere, MaskPro&#8217;yu ve t\u00fcm \u00fc\u00e7\u00fcnc\u00fc \u015fah\u0131slar\u0131 t\u00fcm zarar ve kay\u0131plar\u0131n\u0131 tazmin etmekle y\u00fck\u00fcml\u00fcd\u00fcr. Kullan\u0131c\u0131&#8217;n\u0131n yasalara, bu H\u00fck\u00fcm ve Ko\u015fullara, g\u00f6rg\u00fc kurallar\u0131na veya \u0130nternet eti\u011fine ayk\u0131r\u0131 olarak kulland\u0131\u011f\u0131, sunucumuzda yay\u0131nlad\u0131\u011f\u0131, g\u00f6nderdi\u011fi, da\u011f\u0131tt\u0131\u011f\u0131, \u00fc\u00e7\u00fcnc\u00fc \u015fah\u0131slar\u0131n kullan\u0131m\u0131na sundu\u011fu veya MaskPro arac\u0131l\u0131\u011f\u0131yla kullan\u0131ma sundu\u011fu.<\/p><p>MaskPro, isteklerini onaylam\u0131\u015flarsa, sitenin Kullan\u0131c\u0131lar\u0131na haftal\u0131k bir b\u00fclten g\u00f6nderme hakk\u0131na sahiptir. Bu mektup g\u00fcncel promosyonlar, yeni \u00fcr\u00fcnler, yakla\u015fan tatiller i\u00e7in haberler, yeni hediye fikirleri ve daha fazlas\u0131n\u0131 i\u00e7erir. MaskPro&#8217;nun bu mektubu almak istemedi\u011fini a\u00e7\u0131k\u00e7a belirten Kullan\u0131c\u0131lara g\u00f6nderme hakk\u0131 yoktur.<\/p><p>MaskPro, Kullan\u0131c\u0131lar\u0131 hakk\u0131nda bilgi toplama ve kullanma hakk\u0131na sahiptir.<\/p><p>Bir \u00f6nceki maddede yer alan bilgiler, Kullan\u0131c\u0131&#8217;n\u0131n a\u00e7\u0131k bir \u015fekilde uyu\u015fmad\u0131\u011f\u0131 durumlar haricinde, a\u015fa\u011f\u0131daki e-posta office@maskpro.eu adresine g\u00f6nderilerek MaskPro taraf\u0131ndan kullan\u0131labilir. MaskPro, Mallar\u0131n tedarikini ve t\u00fcketici ihtiya\u00e7lar\u0131n\u0131n tatminini iyile\u015ftirmek i\u00e7in bilgileri toplar ve kullan\u0131r. MaskPro&#8217;nun bilgileri kullanaca\u011f\u0131 t\u00fcm ama\u00e7lar, Bulgar mevzuat\u0131na, ge\u00e7erli uluslararas\u0131 yasalara, g\u00f6rg\u00fc kurallar\u0131na ve \u0130nternet eti\u011fine uygun olacakt\u0131r.<\/p><p>MaskPro, Kullan\u0131c\u0131lar\u0131na sa\u011flanan bilgilerin ve ki\u015fisel verilerin gizlili\u011fini garanti eder. \u0130kincisi, bu Genel H\u00fck\u00fcm ve Ko\u015fullarda belirtilen durumlar ve ko\u015fullar d\u0131\u015f\u0131nda kullan\u0131lmayacak, sa\u011flanmayacak veya \u00fc\u00e7\u00fcnc\u00fc \u015fah\u0131slar\u0131n dikkatine sunulmayacakt\u0131r.<\/p><p>MaskPro, kullan\u0131c\u0131lar\u0131n bilgisayarlar\u0131na \u00e7erez y\u00fckleme hakk\u0131na sahiptir. Web Sitesi taraf\u0131ndan Kullan\u0131c\u0131n\u0131n sabit diskine kaydedilen ve Kullan\u0131c\u0131 hakk\u0131ndaki bilgilerin kurtar\u0131lmas\u0131na, eylemlerinin, ziyaret etti\u011fi internet sayfalar\u0131n\u0131n, kulland\u0131\u011f\u0131 hiperlinklerin, kulland\u0131\u011f\u0131 ve kaydetti\u011fi bilgilerin tan\u0131mlanmas\u0131na ve izlenmesine izin veren metin dosyalar\u0131d\u0131r. di\u011ferleri.<\/p><p>Ki\u015fisel verilerin korunmas\u0131. Gizlilik.<\/p><p>Ki\u015fisel Verilerin Korunmas\u0131 Kanunu&#8217;na g\u00f6re Kullan\u0131c\u0131, Site&#8217;yi kullan\u0131rken MaskPro&#8217;ya girdi\u011fi veya MaskPro&#8217;nun kullan\u0131m\u0131na a\u00e7t\u0131\u011f\u0131 ki\u015fisel verilerine eri\u015fme ve bu ki\u015fisel verileri d\u00fczeltme hakk\u0131na sahiptir.<\/p><p>Kay\u0131t formunu dolduran ve bu genel \u015fartlar\u0131 kabul eden kullan\u0131c\u0131lar, sipari\u015f ettikleri mal veya hizmetlerin teslimi ile birlikte kendilerine sa\u011flanan ki\u015fisel verilerin MaskPro taraf\u0131ndan elektronik ortamda i\u015flenece\u011fini a\u00e7\u0131k\u00e7a kabul ederler.<\/p><p>Kullan\u0131c\u0131lar, ki\u015fisel verilerini Siteyi kullanma s\u00fcrecinde kendilerinin belirlenmesi amac\u0131yla g\u00f6n\u00fcll\u00fc olarak vermekte olup, sunulan hizmetlerin s\u00fcrd\u00fcr\u00fclmesi ve perakendede sunulan mal ve hizmetlerin reklam\u0131 amac\u0131yla MaskPro taraf\u0131ndan saklanabilir, i\u015flenebilir ve kullan\u0131labilir. Haber b\u00fcltenleri, SMS mesajlar\u0131 ve di\u011fer haberler almak gibi MaskPro&#8217;nun zincir ma\u011fazalar\u0131.<\/p><p>MaskPro, sitenin Kullan\u0131c\u0131lar\u0131 taraf\u0131ndan sa\u011flanan ki\u015fisel verilerin reklam, tan\u0131t\u0131m ve\/veya ba\u015fka herhangi bir ama\u00e7la \u00fc\u00e7\u00fcnc\u00fc ki\u015filere aktar\u0131lmad\u0131\u011f\u0131n\u0131 beyan eder.<\/p><p>MaskPro, Kullan\u0131c\u0131lar\u0131n IP adreslerini ve di\u011fer verilerini, ilgili bir devlet kurumunun emriyle gerekli g\u00f6r\u00fclen durumlarda veya yasal prosed\u00fcrlere uymak i\u00e7in kimliklerini ortaya \u00e7\u0131karmak i\u00e7in kullanma hakk\u0131n\u0131 sakl\u0131 tutar. veya e-ticaret sitesinin genel ko\u015fullar\u0131na uymak.<\/p><p>Bildirimler<\/p><p>Aksi a\u00e7\u0131k\u00e7a belirtilmedik\u00e7e, Site \u00fczerinden Mallar\u0131n sipari\u015fi ve teslimat\u0131 ile ilgili t\u00fcm bildirimler, Sitede belirgin bir yerde ilan edilen telefon numaralar\u0131\/ileti\u015fim adresleri ve s\u0131ras\u0131yla Kullan\u0131c\u0131n\u0131n belirtilen telefon numaralar\u0131\/ileti\u015fim adresi &#8211; dahil olmak \u00fczere, yap\u0131l\u0131r. e-mail adresleri. Kullan\u0131c\u0131, sipari\u015finin durumunu istedi\u011fi zaman &#8220;Sipari\u015flerim&#8221; b\u00f6l\u00fcm\u00fcnden \u00f6\u011frenebilir. Bu \u015fekilde yap\u0131lan bildirimler, aksi ispat edilene kadar usul\u00fcne uygun olarak al\u0131nm\u0131\u015f kabul edilir.<\/p>\t\t\t\t\t\t<\/div>\n\t\t\t\t<\/div>\n\t\t\t\t\t<\/div>\n\t\t<\/div>\n\t\t\t\t\t\t\t<\/div>\n\t\t<\/section>\n\t\t\t\t\t\t<\/div>\n\t\t\t\t\t<\/div>\n\t\t","protected":false},"excerpt":{"rendered":"<p>Gizlilik Politikas\u0131 Site arac\u0131l\u0131\u011f\u0131yla sat\u0131lan mallar, burada t\u00fcr, kalite ve miktar olarak tan\u0131mlanmaktad\u0131r. Bilgisayar ekranlar\u0131n\u0131n \u00f6zelliklerinden dolay\u0131 sat\u0131n al\u0131nan Mallar\u0131n renklerinde olas\u0131 farkl\u0131l\u0131klardan \u015eirket sorumlu de\u011fildir. Mallar\u0131n\/Mallar\u0131n sat\u0131n al\u0131nmas\u0131na ili\u015fkin ba\u015fvuru, Kullan\u0131c\u0131 taraf\u0131ndan Mallar\u0131n\/Mallar\u0131n t\u00fcr\u00fc, kalitesi ve miktar\u0131na ili\u015fkin olarak a\u00e7\u0131klanm\u0131\u015f yaz\u0131l\u0131 bir onay olarak kabul edilir. Teslimat Teslimatlar, sipari\u015fte belirtilen bir kuryenin adresine veya [&hellip;]<\/p>\n","protected":false},"author":1,"featured_media":0,"parent":0,"menu_order":0,"comment_status":"closed","ping_status":"open","template":"","meta":{"footnotes":""},"class_list":["post-716","page","type-page","status-publish","hentry"],"yoast_head":"<!-- This site is optimized with the Yoast SEO plugin v19.2 - https:\/\/yoast.com\/wordpress\/plugins\/seo\/ -->\n<title>Privacy policy - Vapepro<\/title>\n<meta name=\"description\" content=\"Read more about Privacy policy from Vapepro - disposable vapes\" \/>\n<meta name=\"robots\" content=\"index, follow, max-snippet:-1, max-image-preview:large, max-video-preview:-1\" \/>\n<link rel=\"canonical\" href=\"https:\/\/vapepro.eu\/turkey\/privacy-policy-2\/\" \/>\n<meta property=\"og:locale\" content=\"en_US\" \/>\n<meta property=\"og:type\" content=\"article\" \/>\n<meta property=\"og:title\" content=\"Privacy policy - Vapepro\" \/>\n<meta property=\"og:description\" content=\"Read more about Privacy policy from Vapepro - disposable vapes\" \/>\n<meta property=\"og:url\" content=\"https:\/\/vapepro.eu\/turkey\/privacy-policy-2\/\" \/>\n<meta property=\"og:site_name\" content=\"Vapepro\" \/>\n<meta property=\"article:publisher\" content=\"https:\/\/www.facebook.com\/vapeproofficial\" \/>\n<meta property=\"article:modified_time\" content=\"2022-07-28T11:12:33+00:00\" \/>\n<meta property=\"og:image\" content=\"https:\/\/vapepro.eu\/turkey\/wp-content\/uploads\/2021\/02\/VAPEPRO-LOGO-COLORS-SOCIAL-04-removebg-preview-1.png\" \/>\n\t<meta property=\"og:image:width\" content=\"500\" \/>\n\t<meta property=\"og:image:height\" content=\"500\" \/>\n\t<meta property=\"og:image:type\" content=\"image\/png\" \/>\n<meta name=\"author\" content=\"vapepro\" \/>\n<meta name=\"twitter:card\" content=\"summary_large_image\" \/>\n<meta name=\"twitter:label1\" content=\"Est. reading time\" \/>\n\t<meta name=\"twitter:data1\" content=\"6 minutes\" \/>\n<script type=\"application\/ld+json\" class=\"yoast-schema-graph\">{\"@context\":\"https:\/\/schema.org\",\"@graph\":[{\"@type\":\"Organization\",\"@id\":\"https:\/\/vapepro.eu\/turkey\/#organization\",\"name\":\"Vapepro\",\"url\":\"https:\/\/vapepro.eu\/turkey\/\",\"sameAs\":[\"https:\/\/www.instagram.com\/vapeproofficial\/\",\"https:\/\/www.youtube.com\/channel\/UCKJ733xAz3eO6VqQdH_50iA?guided_help_flow=3\",\"https:\/\/www.facebook.com\/vapeproofficial\"],\"logo\":{\"@type\":\"ImageObject\",\"inLanguage\":\"en-US\",\"@id\":\"https:\/\/vapepro.eu\/turkey\/#\/schema\/logo\/image\/\",\"url\":\"https:\/\/vapepro.eu\/turkey\/wp-content\/uploads\/2021\/02\/VAPEPRO-LOGO-COLORS-SOCIAL-04-removebg-preview-1.png\",\"contentUrl\":\"https:\/\/vapepro.eu\/turkey\/wp-content\/uploads\/2021\/02\/VAPEPRO-LOGO-COLORS-SOCIAL-04-removebg-preview-1.png\",\"width\":500,\"height\":500,\"caption\":\"Vapepro\"},\"image\":{\"@id\":\"https:\/\/vapepro.eu\/turkey\/#\/schema\/logo\/image\/\"}},{\"@type\":\"WebSite\",\"@id\":\"https:\/\/vapepro.eu\/turkey\/#website\",\"url\":\"https:\/\/vapepro.eu\/turkey\/\",\"name\":\"Vapepro\",\"description\":\"\u0423\u0431\u0438\u0435\u0446\u044a\u0442 \u043d\u0430 \u0446\u0438\u0433\u0430\u0440\u0438\",\"publisher\":{\"@id\":\"https:\/\/vapepro.eu\/turkey\/#organization\"},\"potentialAction\":[{\"@type\":\"SearchAction\",\"target\":{\"@type\":\"EntryPoint\",\"urlTemplate\":\"https:\/\/vapepro.eu\/turkey\/?s={search_term_string}\"},\"query-input\":\"required name=search_term_string\"}],\"inLanguage\":\"en-US\"},{\"@type\":\"WebPage\",\"@id\":\"https:\/\/vapepro.eu\/turkey\/privacy-policy-2\/#webpage\",\"url\":\"https:\/\/vapepro.eu\/turkey\/privacy-policy-2\/\",\"name\":\"Privacy policy - Vapepro\",\"isPartOf\":{\"@id\":\"https:\/\/vapepro.eu\/turkey\/#website\"},\"datePublished\":\"2021-02-04T12:13:42+00:00\",\"dateModified\":\"2022-07-28T11:12:33+00:00\",\"description\":\"Read more about Privacy policy from Vapepro - disposable vapes\",\"breadcrumb\":{\"@id\":\"https:\/\/vapepro.eu\/turkey\/privacy-policy-2\/#breadcrumb\"},\"inLanguage\":\"en-US\",\"potentialAction\":[{\"@type\":\"ReadAction\",\"target\":[\"https:\/\/vapepro.eu\/turkey\/privacy-policy-2\/\"]}]},{\"@type\":\"BreadcrumbList\",\"@id\":\"https:\/\/vapepro.eu\/turkey\/privacy-policy-2\/#breadcrumb\",\"itemListElement\":[{\"@type\":\"ListItem\",\"position\":1,\"name\":\"Home\",\"item\":\"https:\/\/vapepro.eu\/turkey\/\"},{\"@type\":\"ListItem\",\"position\":2,\"name\":\"Privacy policy\"}]}]}<\/script>\n<!-- \/ Yoast SEO plugin. -->","yoast_head_json":{"title":"Privacy policy - Vapepro","description":"Read more about Privacy policy from Vapepro - disposable vapes","robots":{"index":"index","follow":"follow","max-snippet":"max-snippet:-1","max-image-preview":"max-image-preview:large","max-video-preview":"max-video-preview:-1"},"canonical":"https:\/\/vapepro.eu\/turkey\/privacy-policy-2\/","og_locale":"en_US","og_type":"article","og_title":"Privacy policy - Vapepro","og_description":"Read more about Privacy policy from Vapepro - disposable vapes","og_url":"https:\/\/vapepro.eu\/turkey\/privacy-policy-2\/","og_site_name":"Vapepro","article_publisher":"https:\/\/www.facebook.com\/vapeproofficial","article_modified_time":"2022-07-28T11:12:33+00:00","og_image":[{"width":500,"height":500,"url":"https:\/\/vapepro.eu\/turkey\/wp-content\/uploads\/2021\/02\/VAPEPRO-LOGO-COLORS-SOCIAL-04-removebg-preview-1.png","type":"image\/png"}],"author":"vapepro","twitter_card":"summary_large_image","twitter_misc":{"Est. reading time":"6 minutes"},"schema":{"@context":"https:\/\/schema.org","@graph":[{"@type":"Organization","@id":"https:\/\/vapepro.eu\/turkey\/#organization","name":"Vapepro","url":"https:\/\/vapepro.eu\/turkey\/","sameAs":["https:\/\/www.instagram.com\/vapeproofficial\/","https:\/\/www.youtube.com\/channel\/UCKJ733xAz3eO6VqQdH_50iA?guided_help_flow=3","https:\/\/www.facebook.com\/vapeproofficial"],"logo":{"@type":"ImageObject","inLanguage":"en-US","@id":"https:\/\/vapepro.eu\/turkey\/#\/schema\/logo\/image\/","url":"https:\/\/vapepro.eu\/turkey\/wp-content\/uploads\/2021\/02\/VAPEPRO-LOGO-COLORS-SOCIAL-04-removebg-preview-1.png","contentUrl":"https:\/\/vapepro.eu\/turkey\/wp-content\/uploads\/2021\/02\/VAPEPRO-LOGO-COLORS-SOCIAL-04-removebg-preview-1.png","width":500,"height":500,"caption":"Vapepro"},"image":{"@id":"https:\/\/vapepro.eu\/turkey\/#\/schema\/logo\/image\/"}},{"@type":"WebSite","@id":"https:\/\/vapepro.eu\/turkey\/#website","url":"https:\/\/vapepro.eu\/turkey\/","name":"Vapepro","description":"\u0423\u0431\u0438\u0435\u0446\u044a\u0442 \u043d\u0430 \u0446\u0438\u0433\u0430\u0440\u0438","publisher":{"@id":"https:\/\/vapepro.eu\/turkey\/#organization"},"potentialAction":[{"@type":"SearchAction","target":{"@type":"EntryPoint","urlTemplate":"https:\/\/vapepro.eu\/turkey\/?s={search_term_string}"},"query-input":"required name=search_term_string"}],"inLanguage":"en-US"},{"@type":"WebPage","@id":"https:\/\/vapepro.eu\/turkey\/privacy-policy-2\/#webpage","url":"https:\/\/vapepro.eu\/turkey\/privacy-policy-2\/","name":"Privacy policy - Vapepro","isPartOf":{"@id":"https:\/\/vapepro.eu\/turkey\/#website"},"datePublished":"2021-02-04T12:13:42+00:00","dateModified":"2022-07-28T11:12:33+00:00","description":"Read more about Privacy policy from Vapepro - disposable vapes","breadcrumb":{"@id":"https:\/\/vapepro.eu\/turkey\/privacy-policy-2\/#breadcrumb"},"inLanguage":"en-US","potentialAction":[{"@type":"ReadAction","target":["https:\/\/vapepro.eu\/turkey\/privacy-policy-2\/"]}]},{"@type":"BreadcrumbList","@id":"https:\/\/vapepro.eu\/turkey\/privacy-policy-2\/#breadcrumb","itemListElement":[{"@type":"ListItem","position":1,"name":"Home","item":"https:\/\/vapepro.eu\/turkey\/"},{"@type":"ListItem","position":2,"name":"Privacy policy"}]}]}},"_links":{"self":[{"href":"https:\/\/vapepro.eu\/turkey\/wp-json\/wp\/v2\/pages\/716","targetHints":{"allow":["GET"]}}],"collection":[{"href":"https:\/\/vapepro.eu\/turkey\/wp-json\/wp\/v2\/pages"}],"about":[{"href":"https:\/\/vapepro.eu\/turkey\/wp-json\/wp\/v2\/types\/page"}],"author":[{"embeddable":true,"href":"https:\/\/vapepro.eu\/turkey\/wp-json\/wp\/v2\/users\/1"}],"replies":[{"embeddable":true,"href":"https:\/\/vapepro.eu\/turkey\/wp-json\/wp\/v2\/comments?post=716"}],"version-history":[{"count":14,"href":"https:\/\/vapepro.eu\/turkey\/wp-json\/wp\/v2\/pages\/716\/revisions"}],"predecessor-version":[{"id":6429,"href":"https:\/\/vapepro.eu\/turkey\/wp-json\/wp\/v2\/pages\/716\/revisions\/6429"}],"wp:attachment":[{"href":"https:\/\/vapepro.eu\/turkey\/wp-json\/wp\/v2\/media?parent=716"}],"curies":[{"name":"wp","href":"https:\/\/api.w.org\/{rel}","templated":true}]}}