{"id":6311,"date":"2022-03-08T11:43:35","date_gmt":"2022-03-08T09:43:35","guid":{"rendered":"https:\/\/vapepro.eu\/turkey\/?post_type=product&#038;p=6311"},"modified":"2022-07-28T15:30:47","modified_gmt":"2022-07-28T13:30:47","slug":"green-apple-15","status":"publish","type":"product","link":"https:\/\/vapepro.eu\/turkey\/produkt\/green-apple-15\/","title":{"rendered":"Green Apple #15"},"content":{"rendered":"","protected":false},"excerpt":{"rendered":"<p>Tatl\u0131 ve ek\u015fi tad\u0131, al\u0131c\u0131lar\u0131n\u0131z\u0131 uyand\u0131racakt\u0131r. Yeni Vapepro Ye\u015fil Elma aromas\u0131n\u0131 deneyin ve Havva&#8217;n\u0131n Adem&#8217;i ba\u015ftan \u00e7\u0131karmas\u0131na yard\u0131mc\u0131 olan meyvenin tad\u0131na bak\u0131n.<\/p>\n","protected":false},"featured_media":6297,"comment_status":"open","ping_status":"closed","template":"","meta":[],"product_cat":[61],"product_tag":[],"class_list":["post-6311","product","type-product","status-publish","has-post-thumbnail","hentry","product_cat-nicotine-free-en-2"],"yoast_head":"<!-- This site is optimized with the Yoast SEO plugin v19.2 - https:\/\/yoast.com\/wordpress\/plugins\/seo\/ -->\n<title>Green Apple #15 - Vapepro<\/title>\n<meta name=\"description\" content=\"Choose Green Apple #15 . See other products from\" \/>\n<meta name=\"robots\" content=\"index, follow, max-snippet:-1, max-image-preview:large, max-video-preview:-1\" \/>\n<link rel=\"canonical\" href=\"https:\/\/vapepro.eu\/turkey\/produkt\/green-apple-15\/\" \/>\n<meta property=\"og:locale\" content=\"en_US\" \/>\n<meta property=\"og:type\" content=\"article\" \/>\n<meta property=\"og:title\" content=\"Green Apple #15 - Vapepro\" \/>\n<meta property=\"og:description\" content=\"Choose Green Apple #15 . See other products from\" \/>\n<meta property=\"og:url\" content=\"https:\/\/vapepro.eu\/turkey\/produkt\/green-apple-15\/\" \/>\n<meta property=\"og:site_name\" content=\"Vapepro\" \/>\n<meta property=\"article:publisher\" content=\"https:\/\/www.facebook.com\/vapeproofficial\" \/>\n<meta property=\"article:modified_time\" content=\"2022-07-28T13:30:47+00:00\" \/>\n<meta property=\"og:image\" content=\"https:\/\/vapepro.eu\/turkey\/wp-content\/uploads\/2022\/03\/15-GREEN-APPLE-SEXY-TRANS-EN.png\" \/>\n\t<meta property=\"og:image:width\" content=\"894\" \/>\n\t<meta property=\"og:image:height\" content=\"1024\" \/>\n\t<meta property=\"og:image:type\" content=\"image\/png\" \/>\n<meta name=\"author\" content=\"vapepro\" \/>\n<meta name=\"twitter:card\" content=\"summary_large_image\" \/>\n<script type=\"application\/ld+json\" class=\"yoast-schema-graph\">{\"@context\":\"https:\/\/schema.org\",\"@graph\":[{\"@type\":\"Organization\",\"@id\":\"https:\/\/vapepro.eu\/turkey\/#organization\",\"name\":\"Vapepro\",\"url\":\"https:\/\/vapepro.eu\/turkey\/\",\"sameAs\":[\"https:\/\/www.instagram.com\/vapeproofficial\/\",\"https:\/\/www.youtube.com\/channel\/UCKJ733xAz3eO6VqQdH_50iA?guided_help_flow=3\",\"https:\/\/www.facebook.com\/vapeproofficial\"],\"logo\":{\"@type\":\"ImageObject\",\"inLanguage\":\"en-US\",\"@id\":\"https:\/\/vapepro.eu\/turkey\/#\/schema\/logo\/image\/\",\"url\":\"https:\/\/vapepro.eu\/turkey\/wp-content\/uploads\/2021\/02\/VAPEPRO-LOGO-COLORS-SOCIAL-04-removebg-preview-1.png\",\"contentUrl\":\"https:\/\/vapepro.eu\/turkey\/wp-content\/uploads\/2021\/02\/VAPEPRO-LOGO-COLORS-SOCIAL-04-removebg-preview-1.png\",\"width\":500,\"height\":500,\"caption\":\"Vapepro\"},\"image\":{\"@id\":\"https:\/\/vapepro.eu\/turkey\/#\/schema\/logo\/image\/\"}},{\"@type\":\"WebSite\",\"@id\":\"https:\/\/vapepro.eu\/turkey\/#website\",\"url\":\"https:\/\/vapepro.eu\/turkey\/\",\"name\":\"Vapepro\",\"description\":\"\u0423\u0431\u0438\u0435\u0446\u044a\u0442 \u043d\u0430 \u0446\u0438\u0433\u0430\u0440\u0438\",\"publisher\":{\"@id\":\"https:\/\/vapepro.eu\/turkey\/#organization\"},\"potentialAction\":[{\"@type\":\"SearchAction\",\"target\":{\"@type\":\"EntryPoint\",\"urlTemplate\":\"https:\/\/vapepro.eu\/turkey\/?s={search_term_string}\"},\"query-input\":\"required name=search_term_string\"}],\"inLanguage\":\"en-US\"},{\"@type\":\"ImageObject\",\"inLanguage\":\"en-US\",\"@id\":\"https:\/\/vapepro.eu\/turkey\/produkt\/green-apple-15\/#primaryimage\",\"url\":\"https:\/\/vapepro.eu\/turkey\/wp-content\/uploads\/2022\/03\/15-GREEN-APPLE-SEXY-TRANS-EN.png\",\"contentUrl\":\"https:\/\/vapepro.eu\/turkey\/wp-content\/uploads\/2022\/03\/15-GREEN-APPLE-SEXY-TRANS-EN.png\",\"width\":894,\"height\":1024},{\"@type\":\"WebPage\",\"@id\":\"https:\/\/vapepro.eu\/turkey\/produkt\/green-apple-15\/#webpage\",\"url\":\"https:\/\/vapepro.eu\/turkey\/produkt\/green-apple-15\/\",\"name\":\"Green Apple #15 - Vapepro\",\"isPartOf\":{\"@id\":\"https:\/\/vapepro.eu\/turkey\/#website\"},\"primaryImageOfPage\":{\"@id\":\"https:\/\/vapepro.eu\/turkey\/produkt\/green-apple-15\/#primaryimage\"},\"datePublished\":\"2022-03-08T09:43:35+00:00\",\"dateModified\":\"2022-07-28T13:30:47+00:00\",\"description\":\"Choose Green Apple #15 . See other products from\",\"breadcrumb\":{\"@id\":\"https:\/\/vapepro.eu\/turkey\/produkt\/green-apple-15\/#breadcrumb\"},\"inLanguage\":\"en-US\",\"potentialAction\":[{\"@type\":\"ReadAction\",\"target\":[\"https:\/\/vapepro.eu\/turkey\/produkt\/green-apple-15\/\"]}]},{\"@type\":\"BreadcrumbList\",\"@id\":\"https:\/\/vapepro.eu\/turkey\/produkt\/green-apple-15\/#breadcrumb\",\"itemListElement\":[{\"@type\":\"ListItem\",\"position\":1,\"name\":\"Home\",\"item\":\"https:\/\/vapepro.eu\/turkey\/\"},{\"@type\":\"ListItem\",\"position\":2,\"name\":\"Shop\",\"item\":\"https:\/\/vapepro.eu\/turkey\/shop\/\"},{\"@type\":\"ListItem\",\"position\":3,\"name\":\"Green Apple #15\"}]}]}<\/script>\n<!-- \/ Yoast SEO plugin. -->","yoast_head_json":{"title":"Green Apple #15 - Vapepro","description":"Choose Green Apple #15 . See other products from","robots":{"index":"index","follow":"follow","max-snippet":"max-snippet:-1","max-image-preview":"max-image-preview:large","max-video-preview":"max-video-preview:-1"},"canonical":"https:\/\/vapepro.eu\/turkey\/produkt\/green-apple-15\/","og_locale":"en_US","og_type":"article","og_title":"Green Apple #15 - Vapepro","og_description":"Choose Green Apple #15 . See other products from","og_url":"https:\/\/vapepro.eu\/turkey\/produkt\/green-apple-15\/","og_site_name":"Vapepro","article_publisher":"https:\/\/www.facebook.com\/vapeproofficial","article_modified_time":"2022-07-28T13:30:47+00:00","og_image":[{"width":894,"height":1024,"url":"https:\/\/vapepro.eu\/turkey\/wp-content\/uploads\/2022\/03\/15-GREEN-APPLE-SEXY-TRANS-EN.png","type":"image\/png"}],"author":"vapepro","twitter_card":"summary_large_image","schema":{"@context":"https:\/\/schema.org","@graph":[{"@type":"Organization","@id":"https:\/\/vapepro.eu\/turkey\/#organization","name":"Vapepro","url":"https:\/\/vapepro.eu\/turkey\/","sameAs":["https:\/\/www.instagram.com\/vapeproofficial\/","https:\/\/www.youtube.com\/channel\/UCKJ733xAz3eO6VqQdH_50iA?guided_help_flow=3","https:\/\/www.facebook.com\/vapeproofficial"],"logo":{"@type":"ImageObject","inLanguage":"en-US","@id":"https:\/\/vapepro.eu\/turkey\/#\/schema\/logo\/image\/","url":"https:\/\/vapepro.eu\/turkey\/wp-content\/uploads\/2021\/02\/VAPEPRO-LOGO-COLORS-SOCIAL-04-removebg-preview-1.png","contentUrl":"https:\/\/vapepro.eu\/turkey\/wp-content\/uploads\/2021\/02\/VAPEPRO-LOGO-COLORS-SOCIAL-04-removebg-preview-1.png","width":500,"height":500,"caption":"Vapepro"},"image":{"@id":"https:\/\/vapepro.eu\/turkey\/#\/schema\/logo\/image\/"}},{"@type":"WebSite","@id":"https:\/\/vapepro.eu\/turkey\/#website","url":"https:\/\/vapepro.eu\/turkey\/","name":"Vapepro","description":"\u0423\u0431\u0438\u0435\u0446\u044a\u0442 \u043d\u0430 \u0446\u0438\u0433\u0430\u0440\u0438","publisher":{"@id":"https:\/\/vapepro.eu\/turkey\/#organization"},"potentialAction":[{"@type":"SearchAction","target":{"@type":"EntryPoint","urlTemplate":"https:\/\/vapepro.eu\/turkey\/?s={search_term_string}"},"query-input":"required name=search_term_string"}],"inLanguage":"en-US"},{"@type":"ImageObject","inLanguage":"en-US","@id":"https:\/\/vapepro.eu\/turkey\/produkt\/green-apple-15\/#primaryimage","url":"https:\/\/vapepro.eu\/turkey\/wp-content\/uploads\/2022\/03\/15-GREEN-APPLE-SEXY-TRANS-EN.png","contentUrl":"https:\/\/vapepro.eu\/turkey\/wp-content\/uploads\/2022\/03\/15-GREEN-APPLE-SEXY-TRANS-EN.png","width":894,"height":1024},{"@type":"WebPage","@id":"https:\/\/vapepro.eu\/turkey\/produkt\/green-apple-15\/#webpage","url":"https:\/\/vapepro.eu\/turkey\/produkt\/green-apple-15\/","name":"Green Apple #15 - Vapepro","isPartOf":{"@id":"https:\/\/vapepro.eu\/turkey\/#website"},"primaryImageOfPage":{"@id":"https:\/\/vapepro.eu\/turkey\/produkt\/green-apple-15\/#primaryimage"},"datePublished":"2022-03-08T09:43:35+00:00","dateModified":"2022-07-28T13:30:47+00:00","description":"Choose Green Apple #15 . See other products from","breadcrumb":{"@id":"https:\/\/vapepro.eu\/turkey\/produkt\/green-apple-15\/#breadcrumb"},"inLanguage":"en-US","potentialAction":[{"@type":"ReadAction","target":["https:\/\/vapepro.eu\/turkey\/produkt\/green-apple-15\/"]}]},{"@type":"BreadcrumbList","@id":"https:\/\/vapepro.eu\/turkey\/produkt\/green-apple-15\/#breadcrumb","itemListElement":[{"@type":"ListItem","position":1,"name":"Home","item":"https:\/\/vapepro.eu\/turkey\/"},{"@type":"ListItem","position":2,"name":"Shop","item":"https:\/\/vapepro.eu\/turkey\/shop\/"},{"@type":"ListItem","position":3,"name":"Green Apple #15"}]}]}},"_links":{"self":[{"href":"https:\/\/vapepro.eu\/turkey\/wp-json\/wp\/v2\/product\/6311","targetHints":{"allow":["GET"]}}],"collection":[{"href":"https:\/\/vapepro.eu\/turkey\/wp-json\/wp\/v2\/product"}],"about":[{"href":"https:\/\/vapepro.eu\/turkey\/wp-json\/wp\/v2\/types\/product"}],"replies":[{"embeddable":true,"href":"https:\/\/vapepro.eu\/turkey\/wp-json\/wp\/v2\/comments?post=6311"}],"wp:featuredmedia":[{"embeddable":true,"href":"https:\/\/vapepro.eu\/turkey\/wp-json\/wp\/v2\/media\/6297"}],"wp:attachment":[{"href":"https:\/\/vapepro.eu\/turkey\/wp-json\/wp\/v2\/media?parent=6311"}],"wp:term":[{"taxonomy":"product_cat","embeddable":true,"href":"https:\/\/vapepro.eu\/turkey\/wp-json\/wp\/v2\/product_cat?post=6311"},{"taxonomy":"product_tag","embeddable":true,"href":"https:\/\/vapepro.eu\/turkey\/wp-json\/wp\/v2\/product_tag?post=6311"}],"curies":[{"name":"wp","href":"https:\/\/api.w.org\/{rel}","templated":true}]}}